{"id":4017,"date":"2025-10-15T07:06:50","date_gmt":"2025-10-15T07:06:50","guid":{"rendered":"https:\/\/galaxybicycle.com\/?post_type=product&#038;p=4017"},"modified":"2026-01-09T10:03:03","modified_gmt":"2026-01-09T10:03:03","slug":"pixar-cruiser-electric-bike","status":"publish","type":"product","link":"https:\/\/galaxybicycle.com\/pt\/product\/pixar-cruiser-electric-bike\/","title":{"rendered":"Pixar Cruiser Electric Bike - Bicicleta el\u00e9ctrica citadina com estilo e autonomia de 120 km"},"content":{"rendered":"<p>A bicicleta el\u00e9ctrica Pixar Cruiser foi concebida para os exploradores da cidade que desejam conforto, eleg\u00e2ncia e pot\u00eancia num s\u00f3 pacote. O seu quadro elegante e de baixo degrau facilita a subida - mesmo com vestidos ou roupa casual. Quer esteja a deslocar-se para o trabalho, a fazer compras ou apenas a divertir-se, esta bicicleta el\u00e9ctrica traz alegria a cada viagem.<\/p>\n<h3>Carater\u00edsticas principais<\/h3>\n<ul>\n<li><strong>Potente motor de 250 W:<\/strong> O motor BLDC de rotor exterior da BAFANG proporciona uma condu\u00e7\u00e3o suave e eficiente, com 5 n\u00edveis de assist\u00eancia aos pedais (PAS) para se adaptar \u00e0 sua disposi\u00e7\u00e3o e ao terreno.<\/li>\n<li><strong>Bateria Samsung de 460Wh:<\/strong> Uma bateria Samsung 21700 de 36 V e 12,8 Ah proporciona-lhe uma excelente autonomia e densidade de energia. O seu design de liberta\u00e7\u00e3o r\u00e1pida facilita a remo\u00e7\u00e3o e o carregamento. \u00c9 resistente \u00e0 \u00e1gua IP65 para um desempenho fi\u00e1vel em condi\u00e7\u00f5es meteorol\u00f3gicas variadas.<\/li>\n<li><strong>Desempenho de longo alcance:<\/strong> Em condi\u00e7\u00f5es ideais, pode atingir at\u00e9 120 km com n\u00edveis baixos de PAS. Mesmo com n\u00edveis de assist\u00eancia mais elevados, a dist\u00e2ncia percorrida \u00e9 razo\u00e1vel. (Nota: a autonomia efectiva depende do peso do condutor, do terreno, da temperatura, etc.)<\/li>\n<li><strong>Trav\u00f5es de disco mec\u00e2nicos:<\/strong> O poder de travagem fi\u00e1vel dos trav\u00f5es de disco mec\u00e2nicos dianteiros e traseiros mant\u00e9m-no seguro em todas as condi\u00e7\u00f5es.<\/li>\n<li><strong>Mudan\u00e7as Shimano de 7 velocidades:<\/strong> Enfrenta colinas e plan\u00edcies com facilidade utilizando o sistema de 7 velocidades.<\/li>\n<li><strong>Conforto e design:<\/strong> Com um quadro de liga met\u00e1lica robusto (fundi\u00e7\u00e3o sob press\u00e3o de 1000 MPa), \u00e0 prova de ferrugem atrav\u00e9s de tratamento electrofor\u00e9tico, design de quadro baixo e suspens\u00e3o dianteira, a Cruiser \u00e9 est\u00e1vel, dur\u00e1vel e f\u00e1cil de conduzir.<\/li>\n<li><strong>Informa\u00e7\u00f5es do cavaleiro num relance:<\/strong> O ecr\u00e3 LCD incorporado (\u00e0 prova de \u00e1gua IPX6) mostra a velocidade, a bateria, a pot\u00eancia, a quilometragem e muito mais.<\/li>\n<li><strong>Carater\u00edsticas de seguran\u00e7a:<\/strong> Reflectores, pneus robustos, farolim traseiro e constru\u00e7\u00e3o resistente a furos ajudam-no a manter-se seguro e confiante na estrada.<\/li>\n<\/ul>\n<h3>Gama por n\u00edvel PAS<\/h3>\n<p>Eis um guia para a autonomia aproximada e a velocidade m\u00e9dia em cada n\u00edvel PAS (com base num ciclista de 80 kg em estradas planas a 33 \u00b0C):<\/p>\n<ul>\n<li>PAS-1: ~10 km\/h, alcance at\u00e9 120 km<\/li>\n<li>PAS-2: ~14 km\/h, alcance ~98 km<\/li>\n<li>PAS-3: ~18 km\/h, alcance ~74 km<\/li>\n<li>PAS-4: ~22 km\/h, alcance ~62 km<\/li>\n<li>PAS-5: ~25 km\/h, alcance ~56 km<\/li>\n<\/ul>\n<h3>Especifica\u00e7\u00f5es<\/h3>\n<table border=\"1\" cellspacing=\"0\" cellpadding=\"6\">\n<thead>\n<tr>\n<th>Especifica\u00e7\u00e3o<\/th>\n<th>Detalhes<\/th>\n<\/tr>\n<\/thead>\n<tbody>\n<tr>\n<td>Gama de assist\u00eancia ao pedal<\/td>\n<td>At\u00e9 120+ km<\/td>\n<\/tr>\n<tr>\n<td>Gama el\u00e9ctrica<\/td>\n<td>~58 km<\/td>\n<\/tr>\n<tr>\n<td>Velocidade m\u00e1xima<\/td>\n<td>25 km\/h<\/td>\n<\/tr>\n<tr>\n<td>Dimens\u00f5es (C \u00d7 L \u00d7 A)<\/td>\n<td>183 \u00d7 66 \u00d7 122 cm<\/td>\n<\/tr>\n<tr>\n<td>Carga m\u00e1xima<\/td>\n<td>250 kg<\/td>\n<\/tr>\n<tr>\n<td>Peso l\u00edquido (bicicleta)<\/td>\n<td>29 kg<\/td>\n<\/tr>\n<tr>\n<td>Bin\u00e1rio<\/td>\n<td>45 N-m<\/td>\n<\/tr>\n<tr>\n<td>Bateria<\/td>\n<td>Samsung 36 V 12.8 Ah, IP65, certificado CE<\/td>\n<\/tr>\n<tr>\n<td>Tempo de carregamento da bateria<\/td>\n<td>4-5 horas<\/td>\n<\/tr>\n<tr>\n<td>Peso da bateria<\/td>\n<td>3,5 kg<\/td>\n<\/tr>\n<tr>\n<td>Moldura<\/td>\n<td>Liga de alum\u00ednio, de baixo passo, anti-ferrugem electrofor\u00e9tica<\/td>\n<\/tr>\n<tr>\n<td>Suspens\u00e3o dianteira<\/td>\n<td>Amortecedores regul\u00e1veis, curso de 100 mm<\/td>\n<\/tr>\n<tr>\n<td>Guiador<\/td>\n<td>Guiador de eleva\u00e7\u00e3o, comprimento do punho 104 mm, total 66 cm<\/td>\n<\/tr>\n<tr>\n<td>Pedais<\/td>\n<td>9\/16\u2033 com reflectores<\/td>\n<\/tr>\n<tr>\n<td>Corrente e pedaleira<\/td>\n<td>Corrente 1\/2\u2033 \u00d7 3\/32\u2033 \u00d7 118L, bra\u00e7os da manivela de 170 mm, coroa 48T<\/td>\n<\/tr>\n<tr>\n<td>Sa\u00edda do motor<\/td>\n<td>Motor sem escovas para cubo traseiro com 250 W de pico<\/td>\n<\/tr>\n<tr>\n<td>N\u00edveis de Pas<\/td>\n<td>0 a 5<\/td>\n<\/tr>\n<tr>\n<td>Acelerador<\/td>\n<td>Meia-volta (acelerador de polegar opcional)<\/td>\n<\/tr>\n<tr>\n<td>Roda livre e engrenagens<\/td>\n<td>Shimano 7 velocidades, 14-28T<\/td>\n<\/tr>\n<tr>\n<td>Carregador<\/td>\n<td>Carregador inteligente 2A, certificado pela UL<\/td>\n<\/tr>\n<tr>\n<td>Jantes e pneus<\/td>\n<td>Jantes de liga leve de 27,5\u2033, 36H, pneus CST 27,5\u2033 \u00d7 2\u2033<\/td>\n<\/tr>\n<tr>\n<td>Trav\u00f5es e rotores<\/td>\n<td>Trav\u00f5es de disco mec\u00e2nicos dianteiros e traseiros, rotores de 180 mm<\/td>\n<\/tr>\n<tr>\n<td>Suporte<\/td>\n<td>Suporte de alum\u00ednio resistente<\/td>\n<\/tr>\n<tr>\n<td>Geometria (v\u00e1rios)<\/td>\n<td>Gama de altura do assento: 73 cm m\u00e1x., 51 cm m\u00edn.<br \/>\nTubo superior: 61 cm<br \/>\nAltura do guiador: 122 cm no total<br \/>\nDist\u00e2ncia entre eixos: 110 cm<br \/>\nEscora da corrente: 46 cm<br \/>\nGrade traseira: 36\u2033 de comprimento<\/td>\n<\/tr>\n<\/tbody>\n<\/table>\n<h3>Porqu\u00ea escolher o Pixar Cruiser?<\/h3>\n<p>A Pixar Cruiser \u00e9 a sua companheira de cidade perfeita. Equilibra for\u00e7a, conforto, estilo e desempenho. O seu quadro de baixo degrau adapta-se a ciclistas de todas as alturas e n\u00edveis de mobilidade. O motor BAFANG e a bateria Samsung d\u00e3o-lhe confian\u00e7a para andar longe. As carater\u00edsticas de seguran\u00e7a, como os trav\u00f5es de disco e os reflectores, d\u00e3o-lhe paz de esp\u00edrito. Al\u00e9m disso, o design elegante significa que n\u00e3o tem de escolher entre moda e funcionalidade.<\/p>\n<h3>Sugest\u00f5es para uma melhor utiliza\u00e7\u00e3o<\/h3>\n<ul>\n<li>Comece com n\u00edveis mais baixos de PAS em terreno plano para maximizar a autonomia.<\/li>\n<li>Utilize um PAS ou assist\u00eancia ao acelerador mais elevado nas subidas ou quando transportar cargas mais pesadas.<\/li>\n<li>Mantenha a bateria carregada e evite o seu esgotamento total para prolongar a sua vida \u00fatil.<\/li>\n<li>Verificar regularmente a press\u00e3o dos pneus (por exemplo, 45 psi) e manter os trav\u00f5es de disco alinhados para uma paragem segura.<\/li>\n<li>Se andar \u00e0 chuva ligeira, a classifica\u00e7\u00e3o IP65 protege a sua bateria, mas evite aguaceiros fortes.<\/li>\n<\/ul>\n<p>Pronto para percorrer a cidade com estilo? A bicicleta el\u00e9ctrica Pixar Cruiser oferece-lhe pot\u00eancia, eleg\u00e2ncia e divers\u00e3o - ande ao sabor do vento todos os dias!<\/p>","protected":false},"excerpt":{"rendered":"<p>Conhe\u00e7a a sua nova companheira urbana: a bicicleta el\u00e9ctrica Pixar Cruiser. Com um motor BAFANG de 250 W, uma bateria Samsung de 460Wh e at\u00e9 120 km de autonomia de pedalada assistida, esta e-bike combina estilo, conforto e desempenho para os seus passeios di\u00e1rios na cidade.<\/p>","protected":false},"featured_media":4018,"comment_status":"open","ping_status":"closed","template":"","meta":[],"product_brand":[36],"product_cat":[41,40],"product_tag":[],"class_list":{"0":"post-4017","1":"product","2":"type-product","3":"status-publish","4":"has-post-thumbnail","6":"product_brand-pixar","7":"product_cat-pixar-electric-bikes","8":"product_cat-eu-warehourse","10":"first","11":"instock","12":"shipping-taxable","13":"product-type-simple"},"_links":{"self":[{"href":"https:\/\/galaxybicycle.com\/pt\/wp-json\/wp\/v2\/product\/4017","targetHints":{"allow":["GET"]}}],"collection":[{"href":"https:\/\/galaxybicycle.com\/pt\/wp-json\/wp\/v2\/product"}],"about":[{"href":"https:\/\/galaxybicycle.com\/pt\/wp-json\/wp\/v2\/types\/product"}],"replies":[{"embeddable":true,"href":"https:\/\/galaxybicycle.com\/pt\/wp-json\/wp\/v2\/comments?post=4017"}],"wp:featuredmedia":[{"embeddable":true,"href":"https:\/\/galaxybicycle.com\/pt\/wp-json\/wp\/v2\/media\/4018"}],"wp:attachment":[{"href":"https:\/\/galaxybicycle.com\/pt\/wp-json\/wp\/v2\/media?parent=4017"}],"wp:term":[{"taxonomy":"product_brand","embeddable":true,"href":"https:\/\/galaxybicycle.com\/pt\/wp-json\/wp\/v2\/product_brand?post=4017"},{"taxonomy":"product_cat","embeddable":true,"href":"https:\/\/galaxybicycle.com\/pt\/wp-json\/wp\/v2\/product_cat?post=4017"},{"taxonomy":"product_tag","embeddable":true,"href":"https:\/\/galaxybicycle.com\/pt\/wp-json\/wp\/v2\/product_tag?post=4017"}],"curies":[{"name":"wp","href":"https:\/\/api.w.org\/{rel}","templated":true}]}}