{"id":3991,"date":"2025-09-22T06:40:49","date_gmt":"2025-09-22T06:40:49","guid":{"rendered":"https:\/\/galaxybicycle.com\/?post_type=product&#038;p=3991"},"modified":"2026-03-22T00:24:29","modified_gmt":"2026-03-22T00:24:29","slug":"galaxy-amano-s900-electric-bike","status":"publish","type":"product","link":"https:\/\/galaxybicycle.com\/pt\/product\/galaxy-amano-s900-electric-bike\/","title":{"rendered":"Bicicleta el\u00e9ctrica Galaxy Amano S900: bicicleta el\u00e9ctrica urbana com estilo e longo alcance"},"content":{"rendered":"<p><iframe loading=\"lazy\" title=\"Bicicleta Galaxy Amano S900\" src=\"https:\/\/www.youtube.com\/embed\/D4x5gaEtbgE\" width=\"1840\" height=\"1035\" frameborder=\"0\" allowfullscreen=\"allowfullscreen\"><\/iframe><\/p>\n<p><img loading=\"lazy\" decoding=\"async\" class=\"alignnone size-full wp-image-3999 aligncenter\" src=\"https:\/\/galaxybicycle.com\/wp-content\/uploads\/2025\/09\/amano\u8be6\u60c5_01.jpg\" alt=\"\" width=\"1000\" height=\"1429\" title=\"\" srcset=\"https:\/\/galaxybicycle.com\/wp-content\/uploads\/2025\/09\/amano\u8be6\u60c5_01.jpg 1000w, https:\/\/galaxybicycle.com\/wp-content\/uploads\/2025\/09\/amano\u8be6\u60c5_01-210x300.jpg 210w, https:\/\/galaxybicycle.com\/wp-content\/uploads\/2025\/09\/amano\u8be6\u60c5_01-717x1024.jpg 717w, https:\/\/galaxybicycle.com\/wp-content\/uploads\/2025\/09\/amano\u8be6\u60c5_01-768x1097.jpg 768w, https:\/\/galaxybicycle.com\/wp-content\/uploads\/2025\/09\/amano\u8be6\u60c5_01-8x12.jpg 8w\" sizes=\"auto, (max-width: 1000px) 100vw, 1000px\" \/> <img loading=\"lazy\" decoding=\"async\" class=\"alignnone size-full wp-image-4000 aligncenter\" src=\"https:\/\/galaxybicycle.com\/wp-content\/uploads\/2025\/09\/amano\u8be6\u60c5_02.jpg\" alt=\"\" width=\"1000\" height=\"1469\" title=\"\" srcset=\"https:\/\/galaxybicycle.com\/wp-content\/uploads\/2025\/09\/amano\u8be6\u60c5_02.jpg 1000w, https:\/\/galaxybicycle.com\/wp-content\/uploads\/2025\/09\/amano\u8be6\u60c5_02-204x300.jpg 204w, https:\/\/galaxybicycle.com\/wp-content\/uploads\/2025\/09\/amano\u8be6\u60c5_02-697x1024.jpg 697w, https:\/\/galaxybicycle.com\/wp-content\/uploads\/2025\/09\/amano\u8be6\u60c5_02-768x1128.jpg 768w, https:\/\/galaxybicycle.com\/wp-content\/uploads\/2025\/09\/amano\u8be6\u60c5_02-8x12.jpg 8w\" sizes=\"auto, (max-width: 1000px) 100vw, 1000px\" \/> <img loading=\"lazy\" decoding=\"async\" class=\"alignnone size-full wp-image-4001 aligncenter\" src=\"https:\/\/galaxybicycle.com\/wp-content\/uploads\/2025\/09\/amano\u8be6\u60c5_03.jpg\" alt=\"\" width=\"1000\" height=\"1603\" title=\"\" srcset=\"https:\/\/galaxybicycle.com\/wp-content\/uploads\/2025\/09\/amano\u8be6\u60c5_03.jpg 1000w, https:\/\/galaxybicycle.com\/wp-content\/uploads\/2025\/09\/amano\u8be6\u60c5_03-187x300.jpg 187w, https:\/\/galaxybicycle.com\/wp-content\/uploads\/2025\/09\/amano\u8be6\u60c5_03-639x1024.jpg 639w, https:\/\/galaxybicycle.com\/wp-content\/uploads\/2025\/09\/amano\u8be6\u60c5_03-768x1231.jpg 768w, https:\/\/galaxybicycle.com\/wp-content\/uploads\/2025\/09\/amano\u8be6\u60c5_03-958x1536.jpg 958w, https:\/\/galaxybicycle.com\/wp-content\/uploads\/2025\/09\/amano\u8be6\u60c5_03-7x12.jpg 7w\" sizes=\"auto, (max-width: 1000px) 100vw, 1000px\" \/> <img loading=\"lazy\" decoding=\"async\" class=\"alignnone size-full wp-image-4002 aligncenter\" src=\"https:\/\/galaxybicycle.com\/wp-content\/uploads\/2025\/09\/amano\u8be6\u60c5_04.jpg\" alt=\"\" width=\"1000\" height=\"1584\" title=\"\" srcset=\"https:\/\/galaxybicycle.com\/wp-content\/uploads\/2025\/09\/amano\u8be6\u60c5_04.jpg 1000w, https:\/\/galaxybicycle.com\/wp-content\/uploads\/2025\/09\/amano\u8be6\u60c5_04-189x300.jpg 189w, https:\/\/galaxybicycle.com\/wp-content\/uploads\/2025\/09\/amano\u8be6\u60c5_04-646x1024.jpg 646w, https:\/\/galaxybicycle.com\/wp-content\/uploads\/2025\/09\/amano\u8be6\u60c5_04-768x1217.jpg 768w, https:\/\/galaxybicycle.com\/wp-content\/uploads\/2025\/09\/amano\u8be6\u60c5_04-970x1536.jpg 970w, https:\/\/galaxybicycle.com\/wp-content\/uploads\/2025\/09\/amano\u8be6\u60c5_04-8x12.jpg 8w\" sizes=\"auto, (max-width: 1000px) 100vw, 1000px\" \/> <img loading=\"lazy\" decoding=\"async\" class=\"alignnone size-full wp-image-4003 aligncenter\" src=\"https:\/\/galaxybicycle.com\/wp-content\/uploads\/2025\/09\/amano\u8be6\u60c5_05.jpg\" alt=\"\" width=\"1000\" height=\"1514\" title=\"\" srcset=\"https:\/\/galaxybicycle.com\/wp-content\/uploads\/2025\/09\/amano\u8be6\u60c5_05.jpg 1000w, https:\/\/galaxybicycle.com\/wp-content\/uploads\/2025\/09\/amano\u8be6\u60c5_05-198x300.jpg 198w, https:\/\/galaxybicycle.com\/wp-content\/uploads\/2025\/09\/amano\u8be6\u60c5_05-676x1024.jpg 676w, https:\/\/galaxybicycle.com\/wp-content\/uploads\/2025\/09\/amano\u8be6\u60c5_05-768x1163.jpg 768w, https:\/\/galaxybicycle.com\/wp-content\/uploads\/2025\/09\/amano\u8be6\u60c5_05-8x12.jpg 8w\" sizes=\"auto, (max-width: 1000px) 100vw, 1000px\" \/> <img loading=\"lazy\" decoding=\"async\" class=\"alignnone size-full wp-image-4004 aligncenter\" src=\"https:\/\/galaxybicycle.com\/wp-content\/uploads\/2025\/09\/amano\u8be6\u60c5_06.jpg\" alt=\"\" width=\"1000\" height=\"1418\" title=\"\" srcset=\"https:\/\/galaxybicycle.com\/wp-content\/uploads\/2025\/09\/amano\u8be6\u60c5_06.jpg 1000w, https:\/\/galaxybicycle.com\/wp-content\/uploads\/2025\/09\/amano\u8be6\u60c5_06-212x300.jpg 212w, https:\/\/galaxybicycle.com\/wp-content\/uploads\/2025\/09\/amano\u8be6\u60c5_06-722x1024.jpg 722w, https:\/\/galaxybicycle.com\/wp-content\/uploads\/2025\/09\/amano\u8be6\u60c5_06-768x1089.jpg 768w, https:\/\/galaxybicycle.com\/wp-content\/uploads\/2025\/09\/amano\u8be6\u60c5_06-8x12.jpg 8w\" sizes=\"auto, (max-width: 1000px) 100vw, 1000px\" \/> <img loading=\"lazy\" decoding=\"async\" class=\"alignnone size-full wp-image-4005 aligncenter\" src=\"https:\/\/galaxybicycle.com\/wp-content\/uploads\/2025\/09\/amano\u8be6\u60c5_07.jpg\" alt=\"\" width=\"1000\" height=\"1780\" title=\"\" srcset=\"https:\/\/galaxybicycle.com\/wp-content\/uploads\/2025\/09\/amano\u8be6\u60c5_07.jpg 1000w, https:\/\/galaxybicycle.com\/wp-content\/uploads\/2025\/09\/amano\u8be6\u60c5_07-169x300.jpg 169w, https:\/\/galaxybicycle.com\/wp-content\/uploads\/2025\/09\/amano\u8be6\u60c5_07-575x1024.jpg 575w, https:\/\/galaxybicycle.com\/wp-content\/uploads\/2025\/09\/amano\u8be6\u60c5_07-768x1367.jpg 768w, https:\/\/galaxybicycle.com\/wp-content\/uploads\/2025\/09\/amano\u8be6\u60c5_07-863x1536.jpg 863w, https:\/\/galaxybicycle.com\/wp-content\/uploads\/2025\/09\/amano\u8be6\u60c5_07-7x12.jpg 7w\" sizes=\"auto, (max-width: 1000px) 100vw, 1000px\" \/> <img loading=\"lazy\" decoding=\"async\" class=\"alignnone size-full wp-image-4006 aligncenter\" src=\"https:\/\/galaxybicycle.com\/wp-content\/uploads\/2025\/09\/amano\u8be6\u60c5_08.jpg\" alt=\"\" width=\"1000\" height=\"1480\" title=\"\" srcset=\"https:\/\/galaxybicycle.com\/wp-content\/uploads\/2025\/09\/amano\u8be6\u60c5_08.jpg 1000w, https:\/\/galaxybicycle.com\/wp-content\/uploads\/2025\/09\/amano\u8be6\u60c5_08-203x300.jpg 203w, https:\/\/galaxybicycle.com\/wp-content\/uploads\/2025\/09\/amano\u8be6\u60c5_08-692x1024.jpg 692w, https:\/\/galaxybicycle.com\/wp-content\/uploads\/2025\/09\/amano\u8be6\u60c5_08-768x1137.jpg 768w, https:\/\/galaxybicycle.com\/wp-content\/uploads\/2025\/09\/amano\u8be6\u60c5_08-8x12.jpg 8w\" sizes=\"auto, (max-width: 1000px) 100vw, 1000px\" \/> <img loading=\"lazy\" decoding=\"async\" class=\"alignnone size-full wp-image-4007 aligncenter\" src=\"https:\/\/galaxybicycle.com\/wp-content\/uploads\/2025\/09\/amano\u8be6\u60c5_09-2.jpg\" alt=\"\" width=\"1000\" height=\"1439\" title=\"\" srcset=\"https:\/\/galaxybicycle.com\/wp-content\/uploads\/2025\/09\/amano\u8be6\u60c5_09-2.jpg 1000w, https:\/\/galaxybicycle.com\/wp-content\/uploads\/2025\/09\/amano\u8be6\u60c5_09-2-208x300.jpg 208w, https:\/\/galaxybicycle.com\/wp-content\/uploads\/2025\/09\/amano\u8be6\u60c5_09-2-712x1024.jpg 712w, https:\/\/galaxybicycle.com\/wp-content\/uploads\/2025\/09\/amano\u8be6\u60c5_09-2-768x1105.jpg 768w, https:\/\/galaxybicycle.com\/wp-content\/uploads\/2025\/09\/amano\u8be6\u60c5_09-2-8x12.jpg 8w\" sizes=\"auto, (max-width: 1000px) 100vw, 1000px\" \/> <img loading=\"lazy\" decoding=\"async\" class=\"alignnone size-full wp-image-4008 aligncenter\" src=\"https:\/\/galaxybicycle.com\/wp-content\/uploads\/2025\/09\/amano\u8be6\u60c5_10-2.jpg\" alt=\"\" width=\"1000\" height=\"1519\" title=\"\" srcset=\"https:\/\/galaxybicycle.com\/wp-content\/uploads\/2025\/09\/amano\u8be6\u60c5_10-2.jpg 1000w, https:\/\/galaxybicycle.com\/wp-content\/uploads\/2025\/09\/amano\u8be6\u60c5_10-2-197x300.jpg 197w, https:\/\/galaxybicycle.com\/wp-content\/uploads\/2025\/09\/amano\u8be6\u60c5_10-2-674x1024.jpg 674w, https:\/\/galaxybicycle.com\/wp-content\/uploads\/2025\/09\/amano\u8be6\u60c5_10-2-768x1167.jpg 768w, https:\/\/galaxybicycle.com\/wp-content\/uploads\/2025\/09\/amano\u8be6\u60c5_10-2-8x12.jpg 8w\" sizes=\"auto, (max-width: 1000px) 100vw, 1000px\" \/><\/p>\n<p><img loading=\"lazy\" decoding=\"async\" class=\"alignnone size-full wp-image-4009 aligncenter\" src=\"https:\/\/galaxybicycle.com\/wp-content\/uploads\/2025\/09\/amano\u8be6\u60c5_11.jpg\" alt=\"\" width=\"881\" height=\"2560\" title=\"\" srcset=\"https:\/\/galaxybicycle.com\/wp-content\/uploads\/2025\/09\/amano\u8be6\u60c5_11.jpg 881w, https:\/\/galaxybicycle.com\/wp-content\/uploads\/2025\/09\/amano\u8be6\u60c5_11-103x300.jpg 103w, https:\/\/galaxybicycle.com\/wp-content\/uploads\/2025\/09\/amano\u8be6\u60c5_11-352x1024.jpg 352w, https:\/\/galaxybicycle.com\/wp-content\/uploads\/2025\/09\/amano\u8be6\u60c5_11-768x2232.jpg 768w, https:\/\/galaxybicycle.com\/wp-content\/uploads\/2025\/09\/amano\u8be6\u60c5_11-529x1536.jpg 529w, https:\/\/galaxybicycle.com\/wp-content\/uploads\/2025\/09\/amano\u8be6\u60c5_11-705x2048.jpg 705w, https:\/\/galaxybicycle.com\/wp-content\/uploads\/2025\/09\/amano\u8be6\u60c5_11-4x12.jpg 4w\" sizes=\"auto, (max-width: 881px) 100vw, 881px\" \/><\/p>\n<h2>Bicicleta el\u00e9ctrica Amano S900: elegante bicicleta urbana com um alcance de 100 km e um potente motor de 250 W<\/h2>\n<p>Passeie pelas ruas da cidade na bicicleta el\u00e9ctrica Amano S900, a sua parceira divertida e elegante para aventuras urbanas! Esta leve bicicleta el\u00e9ctrica tem um motor de 250 W que faz com que as colinas pare\u00e7am estradas planas e uma bateria Samsung amov\u00edvel que lhe permite percorrer at\u00e9 100 km com um \u00fanico carregamento. Diga adeus \u00e0s desloca\u00e7\u00f5es suadas e ol\u00e1 \u00e0s pedaladas sem esfor\u00e7o com cinco n\u00edveis de assist\u00eancia. Os pneus resistentes a furos e os trav\u00f5es hidr\u00e1ulicos mant\u00eam-no seguro, enquanto o ecr\u00e3 TFT integrado mostra rapidamente a velocidade, a dura\u00e7\u00e3o da bateria e muito mais. Dispon\u00edvel em sete cores modernas, a Amano S900 transforma cada passeio numa declara\u00e7\u00e3o de moda. Perfeita para principiantes e habitantes da cidade que procuram uma bicicleta el\u00e9ctrica acess\u00edvel e de baixa manuten\u00e7\u00e3o!<\/p>\n<h2>Descubra a alegria de andar na bicicleta el\u00e9ctrica Amano S900<\/h2>\n<p>Imagine deslizar pelas ruas movimentadas da cidade sem suar - essa \u00e9 a magia da bicicleta el\u00e9ctrica Amano S900! Esta fant\u00e1stica e-bike urbana foi concebida para pessoas que querem divers\u00e3o, estilo e facilidade nas suas desloca\u00e7\u00f5es di\u00e1rias. Quer esteja a ir para o trabalho, a fazer recados ou apenas a explorar o bairro, a S900 torna cada viagem excitante e sem esfor\u00e7o.<\/p>\n<p>No cora\u00e7\u00e3o desta e-bike est\u00e1 um potente motor de cubo traseiro de 250 W que proporciona uma acelera\u00e7\u00e3o suave e enfrenta facilmente colinas at\u00e9 35 graus. Em conjunto com um sensor de bin\u00e1rio inteligente, parece que a bicicleta l\u00ea a sua mente, dando-lhe o impulso certo quando precisa. A bateria Samsung de 36V 10Ah amov\u00edvel oferece uma impressionante autonomia de 100 km, para que possa esquecer a ansiedade da autonomia e concentrar-se na divers\u00e3o. Al\u00e9m disso, \u00e9 muito f\u00e1cil de carregar - basta retir\u00e1-la e lig\u00e1-la \u00e0 corrente!<\/p>\n<p>O que faz com que a Amano S900 se destaque? A sua elegante estrutura de alum\u00ednio \u00e9 leve, com apenas 19,5 kg, o que a torna f\u00e1cil de transportar pelas escadas acima ou de guardar em espa\u00e7os pequenos. A transmiss\u00e3o por correia de carbono significa que n\u00e3o h\u00e1 correntes gordurosas e que a manuten\u00e7\u00e3o \u00e9 zero at\u00e9 30.000 km - isto \u00e9 que \u00e9 ser descomplicado! A seguran\u00e7a tamb\u00e9m \u00e9 fundamental, com trav\u00f5es de disco hidr\u00e1ulicos que o param em apenas 0,8 metros a 25km\/h, pneus 700x45C resistentes a furos para uma condu\u00e7\u00e3o aderente em qualquer superf\u00edcie da cidade e um farol integrado de alto brilho que ilumina 15 metros \u00e0 frente para aventuras nocturnas.<\/p>\n<p>A bicicleta \u00e9 ideal para principiantes com cinco n\u00edveis de assist\u00eancia - desde o modo de poupan\u00e7a de energia para estradas planas at\u00e9 ao modo extremo para declives acentuados. O ecr\u00e3 TFT a cores de 3 polegadas mant\u00e9m as coisas simples, mostrando claramente a velocidade, o n\u00edvel da bateria, a quilometragem e a posi\u00e7\u00e3o da mudan\u00e7a. E com um selim ajust\u00e1vel a 30 graus que \u00e9 extra confort\u00e1vel e largo, ir\u00e1 conduzir com conforto independentemente da sua altura (adapta-se a ciclistas de 160-200 cm). Escolha entre sete cores vibrantes, como Mist Purple ou Midnight Black, para combinar com seu estilo - \u00e9 como ter uma passarela pessoal sobre rodas!<\/p>\n<p>Profissional mas divertida, a bicicleta el\u00e9ctrica Amano S900 combina carater\u00edsticas de topo como a impermeabiliza\u00e7\u00e3o IPX6, cablagem interna para um aspeto limpo e uma garantia de 2 anos para maior tranquilidade. N\u00e3o se trata apenas de uma bicicleta el\u00e9ctrica; \u00e9 o seu bilhete para uma mobilidade urbana mais livre, mais ecol\u00f3gica e mais alegre. Pronto para pedalar em dire\u00e7\u00e3o ao futuro?<\/p>\n<h3>Especifica\u00e7\u00f5es Amano S900<\/h3>\n<table border=\"1\" cellspacing=\"0\" cellpadding=\"10\">\n<thead>\n<tr>\n<th>Categoria<\/th>\n<th>Item<\/th>\n<th>Especifica\u00e7\u00e3o<\/th>\n<\/tr>\n<\/thead>\n<tbody>\n<tr>\n<td>Sistema de energia<\/td>\n<td>Motor<\/td>\n<td>Motor de velocidade autom\u00e1tica AMANO, pot\u00eancia 250W, bin\u00e1rio m\u00e1ximo 45Nm<\/td>\n<\/tr>\n<tr>\n<td>Sistema de energia<\/td>\n<td>Controlador<\/td>\n<td>Controlador de onda sinusoidal vetorial<\/td>\n<\/tr>\n<tr>\n<td>Controlo e visualiza\u00e7\u00e3o<\/td>\n<td>Ecr\u00e3<\/td>\n<td>Ecr\u00e3 a cores AMANO TFT, 3,0 polegadas integrado<\/td>\n<\/tr>\n<tr>\n<td>Sistema de energia<\/td>\n<td>Bateria<\/td>\n<td>36Wh (36V\/10Ah) de i\u00f5es de l\u00edtio, utiliza c\u00e9lulas SAMSUNG<\/td>\n<\/tr>\n<tr>\n<td>Ilumina\u00e7\u00e3o<\/td>\n<td>Farol<\/td>\n<td>Certifica\u00e7\u00e3o CE, alto brilho incorporado, feixe de 15 m<\/td>\n<\/tr>\n<tr>\n<td>Desempenho<\/td>\n<td>Velocidade m\u00e1xima<\/td>\n<td>25 km\/h (limite de assist\u00eancia do motor; pode ser excedido manualmente)<\/td>\n<\/tr>\n<tr>\n<td>Desempenho<\/td>\n<td>Gama<\/td>\n<td>At\u00e9 100 km (varia consoante o terreno, a carga e a temperatura)<\/td>\n<\/tr>\n<tr>\n<td>Desempenho<\/td>\n<td>Capacidade de escalada<\/td>\n<td>Lida com inclina\u00e7\u00f5es de at\u00e9 35\u00b0, dependendo da a\u00e7\u00e3o do condutor<\/td>\n<\/tr>\n<tr>\n<td>Estrutura e componentes<\/td>\n<td>Moldura<\/td>\n<td>Estrutura em liga de alum\u00ednio ultra-leve<\/td>\n<\/tr>\n<tr>\n<td>Estrutura e componentes<\/td>\n<td>Pedaleira<\/td>\n<td>Pedaleira em liga de alum\u00ednio<\/td>\n<\/tr>\n<tr>\n<td>Estrutura e componentes<\/td>\n<td>Sistema de tra\u00e7\u00e3o<\/td>\n<td>Correia de transmiss\u00e3o de carbono JDX de velocidade \u00fanica<\/td>\n<\/tr>\n<tr>\n<td>Estrutura e componentes<\/td>\n<td>Forquilha dianteira<\/td>\n<td>Forquilha em liga de alum\u00ednio ultra-leve<\/td>\n<\/tr>\n<tr>\n<td>Estrutura e componentes<\/td>\n<td>Pneus<\/td>\n<td>Pneus CST 700x45C resistentes a furos, 80% mais aderentes<\/td>\n<\/tr>\n<tr>\n<td>Estrutura e componentes<\/td>\n<td>Trav\u00f5es<\/td>\n<td>Trav\u00f5es de disco hidr\u00e1ulicos ZOOM<\/td>\n<\/tr>\n<tr>\n<td>Estrutura e componentes<\/td>\n<td>Sela<\/td>\n<td>Selim AMANO personalizado de alta resist\u00eancia, 30\u00b0 ajust\u00e1vel<\/td>\n<\/tr>\n<tr>\n<td>Estrutura e componentes<\/td>\n<td>Barra traseira<\/td>\n<td>Porta-bagagens traseiro personaliz\u00e1vel<\/td>\n<\/tr>\n<tr>\n<td>Peso<\/td>\n<td>Peso l\u00edquido<\/td>\n<td>19,5 kg<\/td>\n<\/tr>\n<tr>\n<td>Peso<\/td>\n<td>Peso bruto<\/td>\n<td>29,5 kg<\/td>\n<\/tr>\n<tr>\n<td>Peso<\/td>\n<td>Carga m\u00e1xima<\/td>\n<td>150 kg<\/td>\n<\/tr>\n<tr>\n<td>Geometria<\/td>\n<td>A: Moldura<\/td>\n<td>520 mm<\/td>\n<\/tr>\n<tr>\n<td>Geometria<\/td>\n<td>B: Pedaleira<\/td>\n<td>460 mm<\/td>\n<\/tr>\n<tr>\n<td>Geometria<\/td>\n<td>C: Sistema de tra\u00e7\u00e3o<\/td>\n<td>600 mm<\/td>\n<\/tr>\n<tr>\n<td>Geometria<\/td>\n<td>D: Forquilha dianteira<\/td>\n<td>160 mm<\/td>\n<\/tr>\n<tr>\n<td>Geometria<\/td>\n<td>E: Pneus<\/td>\n<td>1000 mm<\/td>\n<\/tr>\n<tr>\n<td>Geometria<\/td>\n<td>F: Trav\u00f5es<\/td>\n<td>730 mm<\/td>\n<\/tr>\n<tr>\n<td>Geometria<\/td>\n<td>G: Suporte inferior<\/td>\n<td>900-1040 mm<\/td>\n<\/tr>\n<tr>\n<td>Geometria<\/td>\n<td>H: Sela<\/td>\n<td>1120 mm<\/td>\n<\/tr>\n<tr>\n<td>Geometria<\/td>\n<td>I: Grade traseira<\/td>\n<td>1860 mm<\/td>\n<\/tr>\n<tr>\n<td>Outros<\/td>\n<td>N\u00edveis de assist\u00eancia<\/td>\n<td>5 n\u00edveis: Poupan\u00e7a de energia, Lazer, Equilibrado, Desporto, Extremo<\/td>\n<\/tr>\n<tr>\n<td>Outros<\/td>\n<td>Classifica\u00e7\u00e3o de impermeabilidade<\/td>\n<td>IPX6<\/td>\n<\/tr>\n<tr>\n<td>Outros<\/td>\n<td>Garantia<\/td>\n<td>18 meses (bateria), 2 anos (total)<\/td>\n<\/tr>\n<tr>\n<td>Outros<\/td>\n<td>Altura recomendada<\/td>\n<td>160-200 cm<\/td>\n<\/tr>\n<\/tbody>\n<\/table>","protected":false},"excerpt":{"rendered":"<p>Bicicleta el\u00e9ctrica Amano S900 elegante e leve com motor de 250 W, autonomia de 100 km, bateria Samsung e transmiss\u00e3o por correia de carbono - perfeita para desloca\u00e7\u00f5es urbanas.<\/p>","protected":false},"featured_media":3992,"comment_status":"open","ping_status":"closed","template":"","meta":[],"product_brand":[],"product_cat":[15],"product_tag":[61,55,59,57,56,60,62,58],"class_list":{"0":"post-3991","1":"product","2":"type-product","3":"status-publish","4":"has-post-thumbnail","6":"product_cat-galaxybicycle","7":"product_tag-250w-motor-bike","8":"product_tag-amano-s900","9":"product_tag-city-electric-bicycle","10":"product_tag-e-bike","11":"product_tag-electric-bike","12":"product_tag-long-range-e-bike","13":"product_tag-stylish-commuter-e-bike","14":"product_tag-urban-commuter-bike","16":"first","17":"instock","18":"shipping-taxable","19":"product-type-simple"},"_links":{"self":[{"href":"https:\/\/galaxybicycle.com\/pt\/wp-json\/wp\/v2\/product\/3991","targetHints":{"allow":["GET"]}}],"collection":[{"href":"https:\/\/galaxybicycle.com\/pt\/wp-json\/wp\/v2\/product"}],"about":[{"href":"https:\/\/galaxybicycle.com\/pt\/wp-json\/wp\/v2\/types\/product"}],"replies":[{"embeddable":true,"href":"https:\/\/galaxybicycle.com\/pt\/wp-json\/wp\/v2\/comments?post=3991"}],"wp:featuredmedia":[{"embeddable":true,"href":"https:\/\/galaxybicycle.com\/pt\/wp-json\/wp\/v2\/media\/3992"}],"wp:attachment":[{"href":"https:\/\/galaxybicycle.com\/pt\/wp-json\/wp\/v2\/media?parent=3991"}],"wp:term":[{"taxonomy":"product_brand","embeddable":true,"href":"https:\/\/galaxybicycle.com\/pt\/wp-json\/wp\/v2\/product_brand?post=3991"},{"taxonomy":"product_cat","embeddable":true,"href":"https:\/\/galaxybicycle.com\/pt\/wp-json\/wp\/v2\/product_cat?post=3991"},{"taxonomy":"product_tag","embeddable":true,"href":"https:\/\/galaxybicycle.com\/pt\/wp-json\/wp\/v2\/product_tag?post=3991"}],"curies":[{"name":"wp","href":"https:\/\/api.w.org\/{rel}","templated":true}]}}