{"id":3226,"date":"2025-09-02T05:50:26","date_gmt":"2025-09-02T05:50:26","guid":{"rendered":"https:\/\/galaxybicycle.com\/?post_type=product&#038;p=3226"},"modified":"2025-11-12T05:18:45","modified_gmt":"2025-11-12T05:18:45","slug":"galaxy-m850e-ebike","status":"publish","type":"product","link":"https:\/\/galaxybicycle.com\/pt\/product\/galaxy-m850e-ebike\/","title":{"rendered":"Bicicleta el\u00e9ctrica Velopro M850E | 36V 250W Mid-Drive | Bicicleta el\u00e9ctrica de longo alcance"},"content":{"rendered":"<p>Experimente um ciclismo suave e amigo do ambiente com o <strong>Bicicleta el\u00e9ctrica Velopro M850E<\/strong>. Concebida com um quadro leve em liga de alum\u00ednio, trav\u00f5es de disco hidr\u00e1ulicos e um sistema de mudan\u00e7as Shimano de 9 velocidades, garante total controlo e estabilidade em estradas urbanas e trilhos rurais.<\/p>\n<p>A bateria de 36V*16Ah emparelhada com um motor ANANDA 250W de tra\u00e7\u00e3o interm\u00e9dia fornece energia constante para at\u00e9 <strong>60-80KM<\/strong> com um \u00fanico carregamento, enquanto o ecr\u00e3 LCD o mant\u00e9m informado sobre a velocidade, a dist\u00e2ncia e o n\u00edvel da bateria. Com 5 modos de assist\u00eancia aos pedais, suspens\u00e3o dianteira e pneus CST confort\u00e1veis, esta bicicleta el\u00e9ctrica oferece uma experi\u00eancia de condu\u00e7\u00e3o perfeita tanto para quem se desloca para o trabalho como para quem se desloca em lazer.<\/p>\n<p>A Velopro M850E tamb\u00e9m vem equipada com luzes dianteiras e traseiras, guarda-lamas e um suporte traseiro, tornando-a pr\u00e1tica para utiliza\u00e7\u00e3o di\u00e1ria em todas as condi\u00e7\u00f5es climat\u00e9ricas. Concebida para suportar motociclistas de <strong>155cm a 190cm<\/strong> de altura, \u00e9 uma escolha fi\u00e1vel para os utilizadores urbanos e entusiastas do ar livre preocupados com o ambiente.<\/p>\n<h2>Especifica\u00e7\u00f5es<\/h2>\n<table border=\"1\" cellspacing=\"0\" cellpadding=\"6\">\n<tbody>\n<tr>\n<th>Categoria<\/th>\n<th>Especifica\u00e7\u00e3o<\/th>\n<th>Detalhes<\/th>\n<\/tr>\n<tr>\n<td>Bateria<\/td>\n<td>36V*16AH<\/td>\n<td>Design amov\u00edvel e de longa dura\u00e7\u00e3o<\/td>\n<\/tr>\n<tr>\n<td>Motor<\/td>\n<td>Unidade interm\u00e9dia ANANDA 36V*250W<\/td>\n<td>Sistema de tra\u00e7\u00e3o interm\u00e9dia potente e eficiente<\/td>\n<\/tr>\n<tr>\n<td>Velocidade m\u00e1xima<\/td>\n<td>25KM\/H<\/td>\n<td>Limite de velocidade compat\u00edvel com a UE<\/td>\n<\/tr>\n<tr>\n<td>Gama<\/td>\n<td>60-80KM<\/td>\n<td>Ideal para desloca\u00e7\u00f5es di\u00e1rias e passeios de lazer<\/td>\n<\/tr>\n<tr>\n<td>Modos de condu\u00e7\u00e3o<\/td>\n<td>5 Modos PAS<\/td>\n<td>Assist\u00eancia ao pedal ajust\u00e1vel<\/td>\n<\/tr>\n<tr>\n<td>Carregamento<\/td>\n<td>42V 2A | 8H<\/td>\n<td>Sistema de carregamento eficiente<\/td>\n<\/tr>\n<tr>\n<td>Trav\u00f5es<\/td>\n<td>Disco hidr\u00e1ulico TEKTRO<\/td>\n<td>Forte poder de travagem<\/td>\n<\/tr>\n<tr>\n<td>Deslocador<\/td>\n<td>Shimano 9 Velocidades<\/td>\n<td>Transi\u00e7\u00f5es de velocidade suaves<\/td>\n<\/tr>\n<tr>\n<td>Rodas<\/td>\n<td>Pneus 27,5\u2033 x 2,25\u2033 CST<\/td>\n<td>Condu\u00e7\u00e3o dur\u00e1vel e confort\u00e1vel<\/td>\n<\/tr>\n<tr>\n<td>Moldura<\/td>\n<td>Liga de alum\u00ednio 6061<\/td>\n<td>Leve e dur\u00e1vel<\/td>\n<\/tr>\n<tr>\n<td>Peso<\/td>\n<td>L\u00edquido: 28KG | Bruto: 35KG<\/td>\n<td>Constru\u00e7\u00e3o forte mas manej\u00e1vel<\/td>\n<\/tr>\n<tr>\n<td>Capacidade de carga \u00fatil<\/td>\n<td>150KG<\/td>\n<td>Suporta cargas mais pesadas<\/td>\n<\/tr>\n<tr>\n<td>Carater\u00edsticas adicionais<\/td>\n<td>Bagageiro traseiro, para-lamas, sino<\/td>\n<td>Pronto para desloca\u00e7\u00f5es di\u00e1rias e recados<\/td>\n<\/tr>\n<tr>\n<td>N\u00edvel de impermeabilidade<\/td>\n<td>IP54<\/td>\n<td>Resistente a salpicos e chuva ligeira<\/td>\n<\/tr>\n<\/tbody>\n<\/table>\n<h2>Porqu\u00ea escolher o Velopro M850E?<\/h2>\n<ul>\n<li>Potente e eficiente <strong>Motor de tra\u00e7\u00e3o interm\u00e9dia ANANDA<\/strong> para viagens suaves<\/li>\n<li>Longa dura\u00e7\u00e3o <strong>Bateria de 36V 16Ah<\/strong> com um alcance at\u00e9 80 km<\/li>\n<li><strong>Trav\u00f5es de disco hidr\u00e1ulicos TEKTRO<\/strong> para uma paragem segura e precisa<\/li>\n<li><strong>Shimano 9 velocidades<\/strong> sistema de engrenagens para maior versatilidade<\/li>\n<li>Equipado com <strong>Ecr\u00e3 LCD, luzes dianteiras e traseiras e porta-bagagens traseiro<\/strong><\/li>\n<li>Confort\u00e1vel <strong>Pneus CST de 27,5<\/strong> com suspens\u00e3o dianteira para utiliza\u00e7\u00e3o em cidade e em trilhos<\/li>\n<li>Estrutura em liga de alum\u00ednio dur\u00e1vel com capacidade de carga de 150 kg<\/li>\n<li>Cores personaliz\u00e1veis para combinar com o seu estilo pessoal<\/li>\n<\/ul>\n<p><em>A Velopro M850E foi concebida para os condutores que pretendem uma bicicleta el\u00e9ctrica fi\u00e1vel, ecol\u00f3gica e elegante para as desloca\u00e7\u00f5es di\u00e1rias e a explora\u00e7\u00e3o ao fim de semana.<\/em><\/p>","protected":false},"excerpt":{"rendered":"<p>A Velopro M850E \u00e9 uma bicicleta el\u00e9ctrica elegante e potente, concebida para ciclistas que exigem conforto, desempenho e fiabilidade. Com um motor ANANDA 250W de tra\u00e7\u00e3o m\u00e9dia, uma bateria de 36V 16Ah e uma autonomia de at\u00e9 80KM, esta bicicleta el\u00e9ctrica \u00e9 perfeita para desloca\u00e7\u00f5es di\u00e1rias, passeios de fim de semana e aventuras de longa dist\u00e2ncia.<\/p>","protected":false},"featured_media":4126,"comment_status":"open","ping_status":"closed","template":"","meta":[],"product_brand":[],"product_cat":[15,38],"product_tag":[],"class_list":{"0":"post-3226","1":"product","2":"type-product","3":"status-publish","4":"has-post-thumbnail","6":"product_cat-galaxybicycle","7":"product_cat-velopro-electric-bikes","9":"first","10":"instock","11":"shipping-taxable","12":"purchasable","13":"product-type-simple"},"_links":{"self":[{"href":"https:\/\/galaxybicycle.com\/pt\/wp-json\/wp\/v2\/product\/3226","targetHints":{"allow":["GET"]}}],"collection":[{"href":"https:\/\/galaxybicycle.com\/pt\/wp-json\/wp\/v2\/product"}],"about":[{"href":"https:\/\/galaxybicycle.com\/pt\/wp-json\/wp\/v2\/types\/product"}],"replies":[{"embeddable":true,"href":"https:\/\/galaxybicycle.com\/pt\/wp-json\/wp\/v2\/comments?post=3226"}],"wp:featuredmedia":[{"embeddable":true,"href":"https:\/\/galaxybicycle.com\/pt\/wp-json\/wp\/v2\/media\/4126"}],"wp:attachment":[{"href":"https:\/\/galaxybicycle.com\/pt\/wp-json\/wp\/v2\/media?parent=3226"}],"wp:term":[{"taxonomy":"product_brand","embeddable":true,"href":"https:\/\/galaxybicycle.com\/pt\/wp-json\/wp\/v2\/product_brand?post=3226"},{"taxonomy":"product_cat","embeddable":true,"href":"https:\/\/galaxybicycle.com\/pt\/wp-json\/wp\/v2\/product_cat?post=3226"},{"taxonomy":"product_tag","embeddable":true,"href":"https:\/\/galaxybicycle.com\/pt\/wp-json\/wp\/v2\/product_tag?post=3226"}],"curies":[{"name":"wp","href":"https:\/\/api.w.org\/{rel}","templated":true}]}}