{"id":3222,"date":"2025-09-02T05:48:42","date_gmt":"2025-09-02T05:48:42","guid":{"rendered":"https:\/\/galaxybicycle.com\/?post_type=product&#038;p=3222"},"modified":"2025-09-03T09:20:53","modified_gmt":"2025-09-03T09:20:53","slug":"galayx-c030e-ebike","status":"publish","type":"product","link":"https:\/\/galaxybicycle.com\/pt\/product\/galayx-c030e-ebike\/","title":{"rendered":"Velopro C030E Bicicleta El\u00e9ctrica 36V 350W Bicicleta El\u00e9ctrica Urbana e de Passageiros com Shimano 7-Speed"},"content":{"rendered":"<p><strong>Bicicleta el\u00e9ctrica Velopro C030E<\/strong> \u00e9 perfeita para os ciclistas que procuram conforto, desempenho e viagens ecol\u00f3gicas. Quer se desloque para o trabalho, ande pela cidade ou explore rotas c\u00e9nicas, esta bicicleta el\u00e9ctrica est\u00e1 equipada para tudo. O seu motor de alta velocidade de 36V proporciona uma acelera\u00e7\u00e3o suave, enquanto a bateria DMEGC de 36V10,4AH proporciona uma autonomia de at\u00e9 40-50 km com um \u00fanico carregamento.<\/p>\n<p>Com <strong>Mudan\u00e7as Shimano de 7 velocidades<\/strong>Com uma suspens\u00e3o dianteira, um sistema de suspens\u00e3o dianteira e trav\u00f5es de disco mec\u00e2nicos, a Velopro C030E garante um controlo fi\u00e1vel e uma experi\u00eancia de condu\u00e7\u00e3o segura. O ecr\u00e3 LCD mant\u00e9m-no informado sobre a velocidade, o n\u00edvel da bateria e o modo de condu\u00e7\u00e3o, enquanto as luzes dianteiras e traseiras incorporadas melhoram a visibilidade durante os passeios noturnos. Concebida com um quadro resistente em liga de alum\u00ednio 6061, esta bicicleta pode suportar at\u00e9 150 kg de capacidade de carga, o que a torna dur\u00e1vel para uma utiliza\u00e7\u00e3o a longo prazo.<\/p>\n<p>Quer se trate de um utilizador di\u00e1rio ou de um motociclista de lazer, o Velopro C030E combina <em>design pr\u00e1tico, tecnologia moderna e conforto<\/em>-Tudo numa embalagem elegante.<\/p>\n<h3>Porqu\u00ea escolher o Velopro C030E?<\/h3>\n<ul>\n<li>Transporte ecol\u00f3gico com at\u00e9 <strong>Alcance de 50 km<\/strong> por taxa<\/li>\n<li>Poderoso <strong>Motor de 350W<\/strong> para uma condu\u00e7\u00e3o suave e est\u00e1vel<\/li>\n<li><strong>Sistema de mudan\u00e7as Shimano de 7 velocidades<\/strong> para flexibilidade em diferentes terrenos<\/li>\n<li>Suspens\u00e3o dianteira e <strong>trav\u00f5es de disco mec\u00e2nicos<\/strong> para seguran\u00e7a e conforto<\/li>\n<li>Ecr\u00e3 LCD com dados de condu\u00e7\u00e3o em tempo real<\/li>\n<li>Duradouro <strong>Estrutura em liga de alum\u00ednio 6061<\/strong> com capacidade de carga de 150 kg<\/li>\n<li>Equipado com <strong>luzes dianteiras e traseiras, guarda-lamas e porta-bagagens traseiro<\/strong><\/li>\n<li>Adequado para alturas de ciclistas entre <strong>125-195 cm<\/strong><\/li>\n<\/ul>\n<h3>Especifica\u00e7\u00f5es<\/h3>\n<table border=\"1\" cellspacing=\"0\" cellpadding=\"6\">\n<tbody>\n<tr>\n<th>Categoria<\/th>\n<th>Especifica\u00e7\u00f5es<\/th>\n<\/tr>\n<tr>\n<td>Bateria<\/td>\n<td>36V 10.4AH (C\u00e9lulas DMEGC)<\/td>\n<\/tr>\n<tr>\n<td>Motor<\/td>\n<td>Motor de alta velocidade 36V 350W<\/td>\n<\/tr>\n<tr>\n<td>Velocidade m\u00e1xima<\/td>\n<td>25 KM\/H<\/td>\n<\/tr>\n<tr>\n<td>Gama<\/td>\n<td>40-50 KM<\/td>\n<\/tr>\n<tr>\n<td>PAS<\/td>\n<td>3 modos de condu\u00e7\u00e3o<\/td>\n<\/tr>\n<tr>\n<td>Carregador<\/td>\n<td>42V 2A<\/td>\n<\/tr>\n<tr>\n<td>Tempo de carregamento<\/td>\n<td>5.2 Horas<\/td>\n<\/tr>\n<tr>\n<td>Ecr\u00e3<\/td>\n<td>Ecr\u00e3 LCD<\/td>\n<\/tr>\n<tr>\n<td>Luzes<\/td>\n<td>Luzes dianteiras e traseiras<\/td>\n<\/tr>\n<tr>\n<td>Moldura<\/td>\n<td>Liga de alum\u00ednio 6061<\/td>\n<\/tr>\n<tr>\n<td>Tamanho da roda<\/td>\n<td>26\u2033 x 1.75\u2033<\/td>\n<\/tr>\n<tr>\n<td>Marca de pneus<\/td>\n<td>CST<\/td>\n<\/tr>\n<tr>\n<td>Peso l\u00edquido\/bruto<\/td>\n<td>27 KG \/ 33 KG<\/td>\n<\/tr>\n<tr>\n<td>Capacidade de carga \u00fatil<\/td>\n<td>150 KG<\/td>\n<\/tr>\n<tr>\n<td>Capacidade de subida<\/td>\n<td>15\u00b0<\/td>\n<\/tr>\n<tr>\n<td>Sistema de engrenagens<\/td>\n<td>Shimano 7 velocidades (volante 14-28T)<\/td>\n<\/tr>\n<tr>\n<td>Cadeia<\/td>\n<td>1\/2\u2033 x 3\/8\u2033 x 116L<\/td>\n<\/tr>\n<tr>\n<td>Pedaleira<\/td>\n<td>38T x 170L<\/td>\n<\/tr>\n<tr>\n<td>Trav\u00f5es<\/td>\n<td>Trav\u00f5es de disco mec\u00e2nicos (\u00e0 frente e atr\u00e1s)<\/td>\n<\/tr>\n<tr>\n<td>Forquilha dianteira<\/td>\n<td>Forquilha de suspens\u00e3o<\/td>\n<\/tr>\n<tr>\n<td>Pedais<\/td>\n<td>Pedais de pl\u00e1stico<\/td>\n<\/tr>\n<tr>\n<td>Para-lamas<\/td>\n<td>Frente e traseira<\/td>\n<\/tr>\n<tr>\n<td>Campainha\/Corneta<\/td>\n<td>Campainha mec\u00e2nica<\/td>\n<\/tr>\n<tr>\n<td>Barra traseira<\/td>\n<td>Sim<\/td>\n<\/tr>\n<tr>\n<td>N\u00edvel de impermeabilidade<\/td>\n<td>IP54<\/td>\n<\/tr>\n<tr>\n<td>Temperatura de funcionamento<\/td>\n<td>-10\u00b0C ~ 45\u00b0C<\/td>\n<\/tr>\n<tr>\n<td>Altura do cavaleiro<\/td>\n<td>125-195 cm<\/td>\n<\/tr>\n<tr>\n<td>Tamanho da embalagem<\/td>\n<td>146 x 21 x 77 cm<\/td>\n<\/tr>\n<tr>\n<td>Capacidade do contentor<\/td>\n<td>240 conjuntos \/ 40'HQ, 96 conjuntos \/ 20'FT<\/td>\n<\/tr>\n<\/tbody>\n<\/table>","protected":false},"excerpt":{"rendered":"<p>A Velopro C030E \u00e9 uma bicicleta el\u00e9ctrica fi\u00e1vel, elegante e ideal para principiantes, concebida para desloca\u00e7\u00f5es di\u00e1rias na cidade e passeios de fim de semana. Com o seu motor de 36V350W, bateria DMEGC de 36V10.4AH de longa dura\u00e7\u00e3o, sistema de mudan\u00e7as Shimano de 7 velocidades e quadro de liga de alum\u00ednio dur\u00e1vel, esta bicicleta el\u00e9ctrica foi concebida para tornar o seu passeio mais suave, mais r\u00e1pido e mais divertido.<\/p>","protected":false},"featured_media":3223,"comment_status":"open","ping_status":"closed","template":"","meta":[],"product_brand":[],"product_cat":[15],"product_tag":[],"class_list":{"0":"post-3222","1":"product","2":"type-product","3":"status-publish","4":"has-post-thumbnail","6":"product_cat-galaxybicycle","8":"first","9":"instock","10":"shipping-taxable","11":"product-type-simple"},"_links":{"self":[{"href":"https:\/\/galaxybicycle.com\/pt\/wp-json\/wp\/v2\/product\/3222","targetHints":{"allow":["GET"]}}],"collection":[{"href":"https:\/\/galaxybicycle.com\/pt\/wp-json\/wp\/v2\/product"}],"about":[{"href":"https:\/\/galaxybicycle.com\/pt\/wp-json\/wp\/v2\/types\/product"}],"replies":[{"embeddable":true,"href":"https:\/\/galaxybicycle.com\/pt\/wp-json\/wp\/v2\/comments?post=3222"}],"wp:featuredmedia":[{"embeddable":true,"href":"https:\/\/galaxybicycle.com\/pt\/wp-json\/wp\/v2\/media\/3223"}],"wp:attachment":[{"href":"https:\/\/galaxybicycle.com\/pt\/wp-json\/wp\/v2\/media?parent=3222"}],"wp:term":[{"taxonomy":"product_brand","embeddable":true,"href":"https:\/\/galaxybicycle.com\/pt\/wp-json\/wp\/v2\/product_brand?post=3222"},{"taxonomy":"product_cat","embeddable":true,"href":"https:\/\/galaxybicycle.com\/pt\/wp-json\/wp\/v2\/product_cat?post=3222"},{"taxonomy":"product_tag","embeddable":true,"href":"https:\/\/galaxybicycle.com\/pt\/wp-json\/wp\/v2\/product_tag?post=3222"}],"curies":[{"name":"wp","href":"https:\/\/api.w.org\/{rel}","templated":true}]}}