{"id":3218,"date":"2025-09-02T05:40:07","date_gmt":"2025-09-02T05:40:07","guid":{"rendered":"https:\/\/galaxybicycle.com\/?post_type=product&#038;p=3218"},"modified":"2025-11-12T05:10:03","modified_gmt":"2025-11-12T05:10:03","slug":"r700e-2","status":"publish","type":"product","link":"https:\/\/galaxybicycle.com\/pt\/product\/r700e-2\/","title":{"rendered":"Velopro R700E Bicicleta El\u00e9ctrica 36V 250W Bicicleta El\u00e9ctrica de Cidade Leve com Ecr\u00e3 LCD"},"content":{"rendered":"<p><strong>Bicicleta el\u00e9ctrica Velopro R700E<\/strong> combina um design moderno, um desempenho fi\u00e1vel e carater\u00edsticas f\u00e1ceis de utilizar para tornar as desloca\u00e7\u00f5es urbanas e de lazer sem esfor\u00e7o. Constru\u00edda com um quadro leve em liga de alum\u00ednio 6061, esta bicicleta el\u00e9ctrica \u00e9 forte mas f\u00e1cil de manusear. O seu motor de cubo traseiro de 36V 250W fornece uma pot\u00eancia consistente, enquanto a bateria do tubo do selim de 36V 10.4Ah garante uma autonomia de at\u00e9 40-50KM com uma \u00fanica carga.<\/p>\n<p>Equipado com <strong>C\u00e2mbios Shimano de 7 velocidades<\/strong>Com a mudan\u00e7a de velocidade, os ciclistas podem fazer uma transi\u00e7\u00e3o suave entre as mudan\u00e7as para subidas ou cruzeiro em estrada plana. As <strong>Trav\u00f5es de disco hidr\u00e1ulicos ZOOM<\/strong> proporcionam uma pot\u00eancia de travagem superior, mantendo-o seguro em todas as condi\u00e7\u00f5es. A bicicleta tamb\u00e9m inclui luzes dianteiras e traseiras, um ecr\u00e3 LCD e uma campainha mec\u00e2nica para maior seguran\u00e7a e comodidade. Com montagem sem ferramentas e compatibilidade para ciclistas entre 155-190 cm, a R700E foi concebida para ser acess\u00edvel e pr\u00e1tica.<\/p>\n<p>Quer esteja a deslocar-se para o trabalho, a fazer exerc\u00edcio f\u00edsico ou a desfrutar de passeios pela cidade ao fim de semana, a <strong>Velopro R700E<\/strong> \u00e9 uma mistura perfeita de efici\u00eancia, conforto e estilo. O seu design ergon\u00f3mico, as op\u00e7\u00f5es de cores personaliz\u00e1veis e os dur\u00e1veis pneus Chaoyang fazem dela uma escolha de confian\u00e7a para ciclistas de todos os n\u00edveis.<\/p>\n<h2>Especifica\u00e7\u00f5es:<\/h2>\n<table border=\"1\" cellspacing=\"0\" cellpadding=\"6\">\n<tbody>\n<tr>\n<th>Classifica\u00e7\u00e3o<\/th>\n<th>Especifica\u00e7\u00f5es<\/th>\n<th>Par\u00e2metros<\/th>\n<\/tr>\n<tr>\n<td rowspan=\"10\">Eletr\u00f3nica<\/td>\n<td>Bateria<\/td>\n<td>Bateria do tubo do selim 36V 10.4Ah<\/td>\n<\/tr>\n<tr>\n<td>Motor<\/td>\n<td>Motor traseiro de alta velocidade 36V 250W<\/td>\n<\/tr>\n<tr>\n<td>Velocidade m\u00e1xima<\/td>\n<td>25KM\/H<\/td>\n<\/tr>\n<tr>\n<td>Gama<\/td>\n<td>40-50KM<\/td>\n<\/tr>\n<tr>\n<td>PAS<\/td>\n<td>5 modos de condu\u00e7\u00e3o<\/td>\n<\/tr>\n<tr>\n<td>Carregador<\/td>\n<td>42V 2A<\/td>\n<\/tr>\n<tr>\n<td>Tempo de carregamento<\/td>\n<td>5.2 Horas<\/td>\n<\/tr>\n<tr>\n<td>Acelerador<\/td>\n<td>Sem acelerador<\/td>\n<\/tr>\n<tr>\n<td>Ecr\u00e3<\/td>\n<td>Ecr\u00e3 LCD<\/td>\n<\/tr>\n<tr>\n<td>Luzes<\/td>\n<td>Luzes dianteiras e traseiras<\/td>\n<\/tr>\n<tr>\n<td rowspan=\"14\">Normas<\/td>\n<td>Material da estrutura<\/td>\n<td>Liga de alum\u00ednio 6061<\/td>\n<\/tr>\n<tr>\n<td>Tamanho da roda<\/td>\n<td>700*40C<\/td>\n<\/tr>\n<tr>\n<td>Marca de pneus<\/td>\n<td>Chaoyang<\/td>\n<\/tr>\n<tr>\n<td>Peso l\u00edquido<\/td>\n<td>20KGS<\/td>\n<\/tr>\n<tr>\n<td>Peso bruto<\/td>\n<td>27KGS<\/td>\n<\/tr>\n<tr>\n<td>Capacidade de carga \u00fatil<\/td>\n<td>150KGS<\/td>\n<\/tr>\n<tr>\n<td>Capacidade de subida<\/td>\n<td>15\u00b0<\/td>\n<\/tr>\n<tr>\n<td>Montagem<\/td>\n<td>Sem ferramentas, ferramentas inclu\u00eddas<\/td>\n<\/tr>\n<tr>\n<td>Trav\u00f5es<\/td>\n<td>ZOOM Trav\u00e3o de disco hidr\u00e1ulico<\/td>\n<\/tr>\n<tr>\n<td>Forquilha dianteira<\/td>\n<td>Garfo n\u00e3o suspenso<\/td>\n<\/tr>\n<tr>\n<td>Deslocador<\/td>\n<td>Shimano 7 velocidades<\/td>\n<\/tr>\n<tr>\n<td>N\u00edvel de impermeabilidade<\/td>\n<td>IP54<\/td>\n<\/tr>\n<tr>\n<td>Temperatura<\/td>\n<td>-10\u2103 a 45\u2103<\/td>\n<\/tr>\n<tr>\n<td>Sino<\/td>\n<td>Campainha mec\u00e2nica<\/td>\n<\/tr>\n<\/tbody>\n<\/table>\n<p><strong>Perfeita para desloca\u00e7\u00f5es di\u00e1rias e passeios de lazer, a Velopro R700E \u00e9 a sua companheira de confian\u00e7a para as aventuras urbanas.<\/strong><\/p>","protected":false},"excerpt":{"rendered":"<p>A Velopro R700E \u00e9 uma elegante e eficiente bicicleta el\u00e9ctrica citadina concebida para os ciclistas do dia a dia. Alimentada por um motor traseiro de alta velocidade de 36V 250W com uma bateria de 36V 10.4Ah para o tubo do selim, oferece at\u00e9 50KM de autonomia, mudan\u00e7as Shimano de 7 velocidades, trav\u00f5es de disco hidr\u00e1ulicos e ecr\u00e3 LCD para uma experi\u00eancia de condu\u00e7\u00e3o urbana suave e segura.<\/p>","protected":false},"featured_media":4121,"comment_status":"open","ping_status":"closed","template":"","meta":[],"product_brand":[],"product_cat":[15],"product_tag":[],"class_list":{"0":"post-3218","1":"product","2":"type-product","3":"status-publish","4":"has-post-thumbnail","6":"product_cat-galaxybicycle","8":"first","9":"instock","10":"shipping-taxable","11":"product-type-simple"},"_links":{"self":[{"href":"https:\/\/galaxybicycle.com\/pt\/wp-json\/wp\/v2\/product\/3218","targetHints":{"allow":["GET"]}}],"collection":[{"href":"https:\/\/galaxybicycle.com\/pt\/wp-json\/wp\/v2\/product"}],"about":[{"href":"https:\/\/galaxybicycle.com\/pt\/wp-json\/wp\/v2\/types\/product"}],"replies":[{"embeddable":true,"href":"https:\/\/galaxybicycle.com\/pt\/wp-json\/wp\/v2\/comments?post=3218"}],"wp:featuredmedia":[{"embeddable":true,"href":"https:\/\/galaxybicycle.com\/pt\/wp-json\/wp\/v2\/media\/4121"}],"wp:attachment":[{"href":"https:\/\/galaxybicycle.com\/pt\/wp-json\/wp\/v2\/media?parent=3218"}],"wp:term":[{"taxonomy":"product_brand","embeddable":true,"href":"https:\/\/galaxybicycle.com\/pt\/wp-json\/wp\/v2\/product_brand?post=3218"},{"taxonomy":"product_cat","embeddable":true,"href":"https:\/\/galaxybicycle.com\/pt\/wp-json\/wp\/v2\/product_cat?post=3218"},{"taxonomy":"product_tag","embeddable":true,"href":"https:\/\/galaxybicycle.com\/pt\/wp-json\/wp\/v2\/product_tag?post=3218"}],"curies":[{"name":"wp","href":"https:\/\/api.w.org\/{rel}","templated":true}]}}