{"id":3216,"date":"2025-09-02T05:38:56","date_gmt":"2025-09-02T05:38:56","guid":{"rendered":"https:\/\/galaxybicycle.com\/?post_type=product&#038;p=3216"},"modified":"2025-11-12T05:06:10","modified_gmt":"2025-11-12T05:06:10","slug":"cg200e-ebike","status":"publish","type":"product","link":"https:\/\/galaxybicycle.com\/pt\/product\/cg200e-ebike\/","title":{"rendered":"Velopro CG200E Bicicleta El\u00e9ctrica 500W de longo alcance com 100KM de alcance"},"content":{"rendered":"<p><strong>Bicicleta el\u00e9ctrica Velopro CG200E<\/strong> \u00e9 a sua companheira ideal para passeios longos, desloca\u00e7\u00f5es di\u00e1rias e aventuras de fim de semana. Alimentada por um <strong>Motor de alta velocidade de 48V 500W<\/strong> e um robusto <strong>Bateria EVE de 20,8Ah<\/strong>Esta bicicleta el\u00e9ctrica oferece uma impressionante <strong>alcance de 80-100KM<\/strong> com uma \u00fanica carga. O seu sistema inteligente <strong>Ecr\u00e3 LCD<\/strong> mant\u00e9m-no informado com dados de condu\u00e7\u00e3o em tempo real, enquanto o <strong>5 modos de assist\u00eancia ao pedal<\/strong> permitem-lhe controlar totalmente a sua condu\u00e7\u00e3o.<\/p>\n<p>Constru\u00eddo com um forte <strong>Quadro em liga de alum\u00ednio 6061<\/strong> e equipado com <strong>Pneus 20\u00d73'' CST<\/strong>A CG200E Velopro garante estabilidade, durabilidade e conforto em diferentes terrenos. A seguran\u00e7a \u00e9 garantida com <strong>trav\u00f5es de disco mec\u00e2nicos dianteiros e traseiros<\/strong>, brilhante <strong>Luzes LED<\/strong>e um sistema fi\u00e1vel <strong>buzina eletr\u00f3nica<\/strong>. Al\u00e9m disso, o <strong>C\u00e2mbios Shimano de 7 velocidades<\/strong> permite transi\u00e7\u00f5es de mudan\u00e7a suaves para subidas e cruzeiro em estrada plana.<\/p>\n<p>Com uma carga \u00fatil m\u00e1xima de <strong>150KG<\/strong>Com um suporte traseiro robusto e cores elegantes e personaliz\u00e1veis, esta bicicleta el\u00e9ctrica foi concebida para satisfazer as suas necessidades pr\u00e1ticas e o seu estilo pessoal. Quer esteja a deslocar-se para o trabalho, a fazer exerc\u00edcio ou a explorar, a CG200E Velopro \u00e9 a bicicleta ecol\u00f3gica perfeita que combina pot\u00eancia, resist\u00eancia e conforto num pacote elegante.<\/p>\n<h2>Carater\u00edsticas principais:<\/h2>\n<ul>\n<li><strong>Motor potente:<\/strong> Motor de alta velocidade de 48V 500W para uma acelera\u00e7\u00e3o suave.<\/li>\n<li><strong>Bateria de longo alcance:<\/strong> At\u00e9 100 km de autonomia com c\u00e9lulas de bateria EVE de 20,8 Ah.<\/li>\n<li><strong>Ecr\u00e3 LCD inteligente:<\/strong> Acompanhe a velocidade, a dist\u00e2ncia e a dura\u00e7\u00e3o da bateria num relance.<\/li>\n<li><strong>5 Modos de condu\u00e7\u00e3o:<\/strong> Pedal auxiliar flex\u00edvel para todas as situa\u00e7\u00f5es.<\/li>\n<li><strong>Seguran\u00e7a em primeiro lugar:<\/strong> Trav\u00f5es de disco mec\u00e2nicos, luzes LED dianteiras e traseiras e buzina eletr\u00f3nica.<\/li>\n<li><strong>Constru\u00e7\u00e3o duradoura:<\/strong> Quadro em liga de alum\u00ednio 6061 com pneus CST 20\u00d73''.<\/li>\n<li><strong>Conforto na condu\u00e7\u00e3o:<\/strong> Engrenagens Shimano de 7 velocidades e design ergon\u00f3mico.<\/li>\n<li><strong>Conce\u00e7\u00e3o pr\u00e1tica:<\/strong> Grade traseira, guarda-lamas completo e capacidade de carga de 150KG.<\/li>\n<\/ul>\n<h2>Especifica\u00e7\u00f5es<\/h2>\n<table border=\"1\" cellspacing=\"0\" cellpadding=\"6\">\n<tbody>\n<tr>\n<th>Classifica\u00e7\u00e3o<\/th>\n<th>Especifica\u00e7\u00f5es<\/th>\n<th>Par\u00e2metros<\/th>\n<\/tr>\n<tr>\n<td>Bateria<\/td>\n<td>48V 20.8Ah (104 c\u00e9lulas, EVE)<\/td>\n<td>Alcance 80-100KM<\/td>\n<\/tr>\n<tr>\n<td>Motor<\/td>\n<td>48V 500W de alta velocidade<\/td>\n<td>Velocidade m\u00e1xima 32KM\/H (ajust\u00e1vel 45KM\/H)<\/td>\n<\/tr>\n<tr>\n<td>Carregador<\/td>\n<td>54,6V 2A<\/td>\n<td>Tempo de carregamento: 10,4H<\/td>\n<\/tr>\n<tr>\n<td>Acelerador<\/td>\n<td>Acelerador de tor\u00e7\u00e3o<\/td>\n<td>Ecr\u00e3 LCD<\/td>\n<\/tr>\n<tr>\n<td>Engrenagens<\/td>\n<td>Shimano 7 velocidades<\/td>\n<td>Sensor de velocidade 12 engrenagens<\/td>\n<\/tr>\n<tr>\n<td>Luzes<\/td>\n<td>Frente e traseira<\/td>\n<td>Buzina eletr\u00f3nica<\/td>\n<\/tr>\n<tr>\n<td>Moldura<\/td>\n<td>Liga de alum\u00ednio 6061<\/td>\n<td>Tamanho desdobrado: 186*65*132cm<\/td>\n<\/tr>\n<tr>\n<td>Rodas<\/td>\n<td>Pneus 20\u00d73\" CST<\/td>\n<td>Garfo n\u00e3o suspenso<\/td>\n<\/tr>\n<tr>\n<td>Trav\u00f5es<\/td>\n<td>Disco mec\u00e2nico (\u00e0 frente e atr\u00e1s)<\/td>\n<td>Carga \u00fatil: 150KG<\/td>\n<\/tr>\n<tr>\n<td>Peso<\/td>\n<td>31,5KG (10,4Ah) \/ 34,5KG (20,8Ah)<\/td>\n<td>Bruto: 40-43KG<\/td>\n<\/tr>\n<tr>\n<td>Rack e guarda-lamas<\/td>\n<td>Com cremalheira traseira<\/td>\n<td>Para-lamas dianteiro e traseiro<\/td>\n<\/tr>\n<tr>\n<td>Outros<\/td>\n<td>N\u00edvel de impermeabilidade IP54<\/td>\n<td>Temperatura de funcionamento: -10~45\u2103<\/td>\n<\/tr>\n<tr>\n<td>Carga de contentor<\/td>\n<td>1*40HQ<\/td>\n<td>129 unidades<\/td>\n<\/tr>\n<\/tbody>\n<\/table>","protected":false},"excerpt":{"rendered":"<p>A Velopro CG200E \u00e9 uma potente bicicleta el\u00e9ctrica de 500W constru\u00edda com uma enorme bateria de 48V 20.8Ah, oferecendo at\u00e9 100KM de autonomia com um \u00fanico carregamento. Com 5 modos de condu\u00e7\u00e3o, mudan\u00e7as Shimano de 7 velocidades e luzes dianteiras e traseiras, foi concebida tanto para os utilizadores urbanos como para os aventureiros. Dur\u00e1vel, elegante e para principiantes, esta e-bike est\u00e1 pronta para o levar a qualquer lado.<\/p>","protected":false},"featured_media":4119,"comment_status":"open","ping_status":"closed","template":"","meta":[],"product_brand":[],"product_cat":[38],"product_tag":[],"class_list":{"0":"post-3216","1":"product","2":"type-product","3":"status-publish","4":"has-post-thumbnail","6":"product_cat-velopro-electric-bikes","8":"first","9":"instock","10":"shipping-taxable","11":"product-type-simple"},"_links":{"self":[{"href":"https:\/\/galaxybicycle.com\/pt\/wp-json\/wp\/v2\/product\/3216","targetHints":{"allow":["GET"]}}],"collection":[{"href":"https:\/\/galaxybicycle.com\/pt\/wp-json\/wp\/v2\/product"}],"about":[{"href":"https:\/\/galaxybicycle.com\/pt\/wp-json\/wp\/v2\/types\/product"}],"replies":[{"embeddable":true,"href":"https:\/\/galaxybicycle.com\/pt\/wp-json\/wp\/v2\/comments?post=3216"}],"wp:featuredmedia":[{"embeddable":true,"href":"https:\/\/galaxybicycle.com\/pt\/wp-json\/wp\/v2\/media\/4119"}],"wp:attachment":[{"href":"https:\/\/galaxybicycle.com\/pt\/wp-json\/wp\/v2\/media?parent=3216"}],"wp:term":[{"taxonomy":"product_brand","embeddable":true,"href":"https:\/\/galaxybicycle.com\/pt\/wp-json\/wp\/v2\/product_brand?post=3216"},{"taxonomy":"product_cat","embeddable":true,"href":"https:\/\/galaxybicycle.com\/pt\/wp-json\/wp\/v2\/product_cat?post=3216"},{"taxonomy":"product_tag","embeddable":true,"href":"https:\/\/galaxybicycle.com\/pt\/wp-json\/wp\/v2\/product_tag?post=3216"}],"curies":[{"name":"wp","href":"https:\/\/api.w.org\/{rel}","templated":true}]}}