{"id":2708,"date":"2025-08-18T03:52:27","date_gmt":"2025-08-18T03:52:27","guid":{"rendered":"http:\/\/galaxybicycle.com\/?post_type=product&#038;p=2708"},"modified":"2025-09-02T09:49:38","modified_gmt":"2025-09-02T09:49:38","slug":"rl200-2","status":"publish","type":"product","link":"https:\/\/galaxybicycle.com\/pt\/product\/rl200-2\/","title":{"rendered":"Galaxy RL200 Adulto Bicicleta de estrada | Quadro de liga leve Shimano de 21 velocidades"},"content":{"rendered":"<p><strong>Bicicleta de estrada para adultos Galaxy RL200<\/strong> \u00e9 uma escolha vers\u00e1til e amiga dos principiantes para ciclistas que querem desfrutar tanto das desloca\u00e7\u00f5es di\u00e1rias como das aventuras de ciclismo ao fim de semana. O seu quadro em liga 700C proporciona uma constru\u00e7\u00e3o leve mas dur\u00e1vel, enquanto o sistema Shimano de 21 velocidades garante mudan\u00e7as suaves em v\u00e1rios terrenos. Quer esteja a acelerar nas ruas da cidade ou a enfrentar colinas ligeiras, esta bicicleta de estrada mant\u00e9m-no confiante e confort\u00e1vel.<\/p>\n<p>Equipada com trav\u00f5es de disco mec\u00e2nicos, a RL200 proporciona uma pot\u00eancia de travagem fi\u00e1vel em todas as condi\u00e7\u00f5es meteorol\u00f3gicas. Os pneus Kenda K830 700C proporcionam ader\u00eancia e estabilidade, enquanto o pedaleiro de liga leve Prowheel aumenta a efici\u00eancia da pedalada. Combinando conforto, desempenho e durabilidade, a Galaxy RL200 \u00e9 uma bicicleta de estrada perfeita para adultos que procuram valor e qualidade num s\u00f3 pacote.<\/p>\n<h3>Carater\u00edsticas principais<\/h3>\n<ul>\n<li>Quadro leve em liga 700C para velocidade e durabilidade<\/li>\n<li>Sistema de mudan\u00e7as Shimano de 21 velocidades para uma condu\u00e7\u00e3o suave e vers\u00e1til<\/li>\n<li>Trav\u00f5es de disco mec\u00e2nicos fi\u00e1veis para um forte poder de travagem<\/li>\n<li>Pneus Kenda 700C x 32C para estabilidade e conforto na estrada<\/li>\n<li>Forquilha e cubos em a\u00e7o dur\u00e1vel para um desempenho duradouro<\/li>\n<\/ul>\n<h3>Especifica\u00e7\u00f5es<\/h3>\n<table border=\"1\" cellspacing=\"0\" cellpadding=\"6\">\n<tbody>\n<tr>\n<th>Especifica\u00e7\u00e3o<\/th>\n<th>Detalhes<\/th>\n<\/tr>\n<tr>\n<td>Velocidade<\/td>\n<td>21 velocidades<\/td>\n<\/tr>\n<tr>\n<td>Moldura<\/td>\n<td>Quadro em liga leve 700C x 46,5cm<\/td>\n<\/tr>\n<tr>\n<td>Garfo<\/td>\n<td>Garfo de a\u00e7o<\/td>\n<\/tr>\n<tr>\n<td>Sistema de engrenagens<\/td>\n<td>Shimano STEF500 Shifter \/ FD-TZ510 Desviador dianteiro \/ RD-TZ500 Desviador traseiro<\/td>\n<\/tr>\n<tr>\n<td>Trav\u00f5es<\/td>\n<td>Trav\u00e3o de disco mec\u00e2nico<\/td>\n<\/tr>\n<tr>\n<td>Pneus<\/td>\n<td>Kenda K830 700C \u00d7 32C<\/td>\n<\/tr>\n<tr>\n<td>Cubos<\/td>\n<td>Cubo de disco em a\u00e7o<\/td>\n<\/tr>\n<tr>\n<td>Manivela<\/td>\n<td>Pedaleira de liga leve Prowheel 28\/38\/48T<\/td>\n<\/tr>\n<tr>\n<td>Suporte inferior<\/td>\n<td>Conjunto de rolamentos B.B<\/td>\n<\/tr>\n<\/tbody>\n<\/table>","protected":false},"excerpt":{"rendered":"<p>Experimente uma velocidade suave e um desempenho fi\u00e1vel com a bicicleta de estrada para adultos Galaxy RL200. Constru\u00edda com um quadro de liga leve, um sistema de mudan\u00e7as Shimano de 21 velocidades e trav\u00f5es de disco mec\u00e2nicos, esta bicicleta foi concebida para ciclistas que pretendem conforto, controlo e efici\u00eancia em cada viagem.<\/p>","protected":false},"featured_media":2709,"comment_status":"open","ping_status":"closed","template":"","meta":[],"product_brand":[34],"product_cat":[15],"product_tag":[],"class_list":{"0":"post-2708","1":"product","2":"type-product","3":"status-publish","4":"has-post-thumbnail","6":"product_brand-galaxy","7":"product_cat-galaxybicycle","9":"first","10":"instock","11":"shipping-taxable","12":"product-type-simple"},"_links":{"self":[{"href":"https:\/\/galaxybicycle.com\/pt\/wp-json\/wp\/v2\/product\/2708","targetHints":{"allow":["GET"]}}],"collection":[{"href":"https:\/\/galaxybicycle.com\/pt\/wp-json\/wp\/v2\/product"}],"about":[{"href":"https:\/\/galaxybicycle.com\/pt\/wp-json\/wp\/v2\/types\/product"}],"replies":[{"embeddable":true,"href":"https:\/\/galaxybicycle.com\/pt\/wp-json\/wp\/v2\/comments?post=2708"}],"wp:featuredmedia":[{"embeddable":true,"href":"https:\/\/galaxybicycle.com\/pt\/wp-json\/wp\/v2\/media\/2709"}],"wp:attachment":[{"href":"https:\/\/galaxybicycle.com\/pt\/wp-json\/wp\/v2\/media?parent=2708"}],"wp:term":[{"taxonomy":"product_brand","embeddable":true,"href":"https:\/\/galaxybicycle.com\/pt\/wp-json\/wp\/v2\/product_brand?post=2708"},{"taxonomy":"product_cat","embeddable":true,"href":"https:\/\/galaxybicycle.com\/pt\/wp-json\/wp\/v2\/product_cat?post=2708"},{"taxonomy":"product_tag","embeddable":true,"href":"https:\/\/galaxybicycle.com\/pt\/wp-json\/wp\/v2\/product_tag?post=2708"}],"curies":[{"name":"wp","href":"https:\/\/api.w.org\/{rel}","templated":true}]}}