{"id":2704,"date":"2025-08-18T03:51:54","date_gmt":"2025-08-18T03:51:54","guid":{"rendered":"http:\/\/galaxybicycle.com\/?post_type=product&#038;p=2704"},"modified":"2025-09-02T09:50:17","modified_gmt":"2025-09-02T09:50:17","slug":"mt201","status":"publish","type":"product","link":"https:\/\/galaxybicycle.com\/pt\/product\/mt201\/","title":{"rendered":"Galaxy MT201 Bicicleta para adultos | 20 \u2033 Estrutura de a\u00e7o Bicicleta de montanha de velocidade \u00fanica"},"content":{"rendered":"<p><strong>Bicicleta de adulto Galaxy MT201<\/strong> \u00e9 uma escolha pr\u00e1tica e econ\u00f3mica para os ciclistas que querem uma bicicleta de montanha fi\u00e1vel sem as complica\u00e7\u00f5es das mudan\u00e7as. Constru\u00edda com um <strong>Estrutura de a\u00e7o de alta resist\u00eancia de 20\u2033 x 11\u2033<\/strong>A sua resist\u00eancia e estabilidade s\u00e3o excelentes, o que a torna ideal para passeios di\u00e1rios, desloca\u00e7\u00f5es curtas ou aventuras de fim de semana.<\/p>\n<p>Equipado com um <strong>forquilha de suspens\u00e3o com coroa de a\u00e7o<\/strong>O MT201 ajuda a absorver os solavancos e proporciona um controlo mais suave em estradas irregulares ou trilhos ligeiros. O seu <strong>trav\u00f5es de disco mec\u00e2nicos<\/strong> proporcionam um poder de travagem fi\u00e1vel em diferentes condi\u00e7\u00f5es climat\u00e9ricas, enquanto os <strong>Pneus de 20\u2033 x 2,125<\/strong> proporcionam uma ader\u00eancia s\u00f3lida e um rolamento confort\u00e1vel.<\/p>\n<p>Esta bicicleta de montanha de uma velocidade mant\u00e9m as coisas simples e de f\u00e1cil manuten\u00e7\u00e3o, perfeita para ciclistas principiantes ou para aqueles que preferem uma experi\u00eancia de ciclismo direta. Quer esteja a explorar a sua vizinhan\u00e7a, a desfrutar de passeios de lazer ou \u00e0 procura de uma bicicleta robusta para fitness, a Galaxy MT201 foi constru\u00edda para lidar com tudo isso com confian\u00e7a.<\/p>\n<h3>Especifica\u00e7\u00f5es<\/h3>\n<table border=\"1\" cellspacing=\"0\" cellpadding=\"6\">\n<tbody>\n<tr>\n<th>Carater\u00edstica<\/th>\n<th>Detalhes<\/th>\n<\/tr>\n<tr>\n<td>Velocidades<\/td>\n<td>Velocidade \u00fanica<\/td>\n<\/tr>\n<tr>\n<td>Moldura<\/td>\n<td>Estrutura de a\u00e7o Hi-Ten de 20\u2033 x 11<\/td>\n<\/tr>\n<tr>\n<td>Garfo<\/td>\n<td>Forquilha de suspens\u00e3o com coroa de a\u00e7o<\/td>\n<\/tr>\n<tr>\n<td>Sistema de engrenagens<\/td>\n<td>Nenhum (velocidade \u00fanica)<\/td>\n<\/tr>\n<tr>\n<td>Sistema de trav\u00f5es<\/td>\n<td>Trav\u00e3o de disco mec\u00e2nico<\/td>\n<\/tr>\n<tr>\n<td>Pneus<\/td>\n<td>Pneus de 20\u2033 x 2,125<\/td>\n<\/tr>\n<tr>\n<td>Cubos<\/td>\n<td>Cubo de disco em a\u00e7o<\/td>\n<\/tr>\n<tr>\n<td>Roda de corrente<\/td>\n<td>Roda de corrente HDL 40T com manivela de a\u00e7o<\/td>\n<\/tr>\n<tr>\n<td>Suporte inferior<\/td>\n<td>NECO Tipo normal<\/td>\n<\/tr>\n<\/tbody>\n<\/table>","protected":false},"excerpt":{"rendered":"<p>A Galaxy MT201 \u00e9 uma bicicleta de montanha para adultos resistente e fi\u00e1vel, concebida para os ciclistas do dia a dia. Com seu robusto quadro de a\u00e7o de alta resist\u00eancia de 20 \u2033, garfo de suspens\u00e3o suave e freios a disco responsivos, esta bicicleta de velocidade \u00fanica foi constru\u00edda para durabilidade, conforto e divers\u00e3o em todos os tipos de terreno.<\/p>","protected":false},"featured_media":2705,"comment_status":"open","ping_status":"closed","template":"","meta":[],"product_brand":[34],"product_cat":[15],"product_tag":[],"class_list":{"0":"post-2704","1":"product","2":"type-product","3":"status-publish","4":"has-post-thumbnail","6":"product_brand-galaxy","7":"product_cat-galaxybicycle","9":"first","10":"instock","11":"shipping-taxable","12":"product-type-simple"},"_links":{"self":[{"href":"https:\/\/galaxybicycle.com\/pt\/wp-json\/wp\/v2\/product\/2704","targetHints":{"allow":["GET"]}}],"collection":[{"href":"https:\/\/galaxybicycle.com\/pt\/wp-json\/wp\/v2\/product"}],"about":[{"href":"https:\/\/galaxybicycle.com\/pt\/wp-json\/wp\/v2\/types\/product"}],"replies":[{"embeddable":true,"href":"https:\/\/galaxybicycle.com\/pt\/wp-json\/wp\/v2\/comments?post=2704"}],"wp:featuredmedia":[{"embeddable":true,"href":"https:\/\/galaxybicycle.com\/pt\/wp-json\/wp\/v2\/media\/2705"}],"wp:attachment":[{"href":"https:\/\/galaxybicycle.com\/pt\/wp-json\/wp\/v2\/media?parent=2704"}],"wp:term":[{"taxonomy":"product_brand","embeddable":true,"href":"https:\/\/galaxybicycle.com\/pt\/wp-json\/wp\/v2\/product_brand?post=2704"},{"taxonomy":"product_cat","embeddable":true,"href":"https:\/\/galaxybicycle.com\/pt\/wp-json\/wp\/v2\/product_cat?post=2704"},{"taxonomy":"product_tag","embeddable":true,"href":"https:\/\/galaxybicycle.com\/pt\/wp-json\/wp\/v2\/product_tag?post=2704"}],"curies":[{"name":"wp","href":"https:\/\/api.w.org\/{rel}","templated":true}]}}