{"id":2694,"date":"2025-08-18T03:50:25","date_gmt":"2025-08-18T03:50:25","guid":{"rendered":"http:\/\/galaxybicycle.com\/?post_type=product&#038;p=2694"},"modified":"2025-09-02T09:52:34","modified_gmt":"2025-09-02T09:52:34","slug":"a5-2","status":"publish","type":"product","link":"https:\/\/galaxybicycle.com\/pt\/product\/a5-2\/","title":{"rendered":"Galaxy A5 Bicicleta Adulto | Quadro em Liga Leve 21 Velocidades Bicicleta de montanha"},"content":{"rendered":"<p>Descobrir o <strong>Galaxy A5 Bicicleta para adultos<\/strong> - uma bicicleta vers\u00e1til constru\u00edda para lhe dar o melhor da for\u00e7a, velocidade e estilo. Com o seu quadro de liga leve, esta bicicleta \u00e9 f\u00e1cil de manusear, mantendo-se suficientemente resistente para desloca\u00e7\u00f5es di\u00e1rias e aventuras na montanha.<\/p>\n<p>O sistema de 21 velocidades, alimentado por uma combina\u00e7\u00e3o de <strong>C\u00e2mbios Shimano EF41<\/strong> e um desviador dur\u00e1vel, asseguram mudan\u00e7as de velocidade suaves e sem esfor\u00e7o, quer esteja a subir uma colina, a passear em estradas planas ou a descer com confian\u00e7a. O <strong>trav\u00f5es de disco mec\u00e2nicos<\/strong> proporcionam um forte poder de travagem, dando-lhe seguran\u00e7a e controlo em todas as condi\u00e7\u00f5es meteorol\u00f3gicas.<\/p>\n<p>Equipado com <strong>garfos de suspens\u00e3o com coroa de a\u00e7o<\/strong>O Galaxy A5 absorve os choques e os solavancos, tornando a sua viagem mais confort\u00e1vel em terrenos dif\u00edceis. O <strong>Pneus Chaoyang<\/strong> proporcionam uma ader\u00eancia e estabilidade fi\u00e1veis, para que possa conduzir com tranquilidade em diferentes superf\u00edcies.<\/p>\n<p>Quer seja um ciclista citadino, um explorador de fim de semana ou algu\u00e9m \u00e0 procura de uma bicicleta fi\u00e1vel para o dia a dia, a Galaxy A5 foi concebida para satisfazer as suas necessidades com durabilidade, conforto e desempenho.<\/p>\n<h2>Especifica\u00e7\u00f5es<\/h2>\n<table border=\"1\" cellspacing=\"0\" cellpadding=\"6\">\n<tbody>\n<tr>\n<th>Carater\u00edstica<\/th>\n<th>Detalhes<\/th>\n<\/tr>\n<tr>\n<td>Moldura<\/td>\n<td>Quadro de liga leve de 24\u2033\u00d713\u2033 \/ 26\u2033\u00d717\u2033<\/td>\n<\/tr>\n<tr>\n<td>Velocidade<\/td>\n<td>21 velocidades<\/td>\n<\/tr>\n<tr>\n<td>Garfo<\/td>\n<td>Forquilha de suspens\u00e3o com coroa de a\u00e7o<\/td>\n<\/tr>\n<tr>\n<td>Sistema de engrenagens<\/td>\n<td>Desviador chin\u00eas \/ Shimano EF41 Shift<\/td>\n<\/tr>\n<tr>\n<td>Sistema de trav\u00f5es<\/td>\n<td>Trav\u00e3o de disco mec\u00e2nico<\/td>\n<\/tr>\n<tr>\n<td>Pneus<\/td>\n<td>Chaoyang 24\u2033\u00d71,95 \/ 26\u2033\u00d71,95<\/td>\n<\/tr>\n<tr>\n<td>Cubos<\/td>\n<td>Cassete Cubo de disco em a\u00e7o<\/td>\n<\/tr>\n<tr>\n<td>Roda de corrente<\/td>\n<td>Manivela de a\u00e7o HDL 24\/34\/42T (ED) \u00d7170L<\/td>\n<\/tr>\n<tr>\n<td>Conjunto B.B.<\/td>\n<td>Conjunto de rolamentos B.B.<\/td>\n<\/tr>\n<\/tbody>\n<\/table>","protected":false},"excerpt":{"rendered":"<p>A Galaxy A5 \u00e9 uma bicicleta de 21 velocidades para adultos, dur\u00e1vel e elegante, concebida com um quadro de liga leve, forqueta com suspens\u00e3o e trav\u00f5es de disco fi\u00e1veis. Perfeita tanto para passeios di\u00e1rios como para trilhos aventureiros, oferece conforto, controlo e desempenho a um pre\u00e7o acess\u00edvel.<\/p>","protected":false},"featured_media":2695,"comment_status":"open","ping_status":"closed","template":"","meta":[],"product_brand":[34],"product_cat":[15],"product_tag":[],"class_list":{"0":"post-2694","1":"product","2":"type-product","3":"status-publish","4":"has-post-thumbnail","6":"product_brand-galaxy","7":"product_cat-galaxybicycle","9":"first","10":"instock","11":"shipping-taxable","12":"product-type-simple"},"_links":{"self":[{"href":"https:\/\/galaxybicycle.com\/pt\/wp-json\/wp\/v2\/product\/2694","targetHints":{"allow":["GET"]}}],"collection":[{"href":"https:\/\/galaxybicycle.com\/pt\/wp-json\/wp\/v2\/product"}],"about":[{"href":"https:\/\/galaxybicycle.com\/pt\/wp-json\/wp\/v2\/types\/product"}],"replies":[{"embeddable":true,"href":"https:\/\/galaxybicycle.com\/pt\/wp-json\/wp\/v2\/comments?post=2694"}],"wp:featuredmedia":[{"embeddable":true,"href":"https:\/\/galaxybicycle.com\/pt\/wp-json\/wp\/v2\/media\/2695"}],"wp:attachment":[{"href":"https:\/\/galaxybicycle.com\/pt\/wp-json\/wp\/v2\/media?parent=2694"}],"wp:term":[{"taxonomy":"product_brand","embeddable":true,"href":"https:\/\/galaxybicycle.com\/pt\/wp-json\/wp\/v2\/product_brand?post=2694"},{"taxonomy":"product_cat","embeddable":true,"href":"https:\/\/galaxybicycle.com\/pt\/wp-json\/wp\/v2\/product_cat?post=2694"},{"taxonomy":"product_tag","embeddable":true,"href":"https:\/\/galaxybicycle.com\/pt\/wp-json\/wp\/v2\/product_tag?post=2694"}],"curies":[{"name":"wp","href":"https:\/\/api.w.org\/{rel}","templated":true}]}}