{"id":2687,"date":"2025-08-18T03:49:39","date_gmt":"2025-08-18T03:49:39","guid":{"rendered":"http:\/\/galaxybicycle.com\/?post_type=product&#038;p=2687"},"modified":"2025-09-02T09:55:42","modified_gmt":"2025-09-02T09:55:42","slug":"tl620","status":"publish","type":"product","link":"https:\/\/galaxybicycle.com\/pt\/product\/tl620\/","title":{"rendered":"Galaxy TL620 Bicicleta para adultos | Bicicleta de montanha em liga leve de 24 velocidades com mudan\u00e7as Shimano"},"content":{"rendered":"<p>Conhe\u00e7a o <strong>Galaxy TL620 Bicicleta para adultos<\/strong>A bicicleta \u00e9 uma combina\u00e7\u00e3o perfeita de desempenho e fiabilidade para os ciclistas que desejam uma experi\u00eancia de ciclismo suave e agrad\u00e1vel.<br \/>\nEquipado com um <strong>Quadro de liga leve 26\u2033x17\u2033<\/strong>A bicicleta \u00e9 forte e leve, o que a torna ideal para desloca\u00e7\u00f5es di\u00e1rias, exerc\u00edcio f\u00edsico e trilhos fora de estrada. A <strong>Sistema de engrenagens Shimano de 24 velocidades<\/strong> garante mudan\u00e7as r\u00e1pidas e precisas, dando-lhe a pot\u00eancia para enfrentar subidas, planos e descidas com facilidade.<\/p>\n<p>O <strong>forquilha de suspens\u00e3o de coroa em liga leve com MLO<\/strong> absorve os choques de terrenos acidentados, enquanto o <strong>trav\u00f5es de disco mec\u00e2nicos<\/strong> proporcionam um poder de travagem consistente em todas as condi\u00e7\u00f5es climat\u00e9ricas. Com <strong>Pneus Kenda K935<\/strong> para uma ader\u00eancia superior e <strong>Pedaleira de liga leve Prowheel<\/strong> para uma maior efici\u00eancia, o Galaxy TL620 foi concebido para proporcionar sempre uma viagem agrad\u00e1vel.<\/p>\n<p>Quer esteja a andar pela cidade, a explorar estradas rurais ou a desfrutar de uma aventura de fim de semana, o Galaxy TL620 \u00e9 o seu parceiro de confian\u00e7a. Combina um design moderno, conforto e carater\u00edsticas pr\u00e1ticas para uma experi\u00eancia de condu\u00e7\u00e3o divertida e confiante.<\/p>\n<h3>Especifica\u00e7\u00f5es<\/h3>\n<table border=\"1\" cellspacing=\"0\" cellpadding=\"6\">\n<tbody>\n<tr>\n<th>Carater\u00edstica<\/th>\n<th>Detalhes<\/th>\n<\/tr>\n<tr>\n<td>Moldura<\/td>\n<td>Quadro em liga leve de 26\u2033x17\u2033.<\/td>\n<\/tr>\n<tr>\n<td>Velocidade<\/td>\n<td>24 Velocidade<\/td>\n<\/tr>\n<tr>\n<td>Garfo<\/td>\n<td>Forquilha de suspens\u00e3o Crown em liga leve com MLO<\/td>\n<\/tr>\n<tr>\n<td>Sistema de engrenagens<\/td>\n<td>Shimano STEF500 Shift \/ FDTY500 Desviador dianteiro \/ RDTY300 Desviador traseiro<\/td>\n<\/tr>\n<tr>\n<td>Trav\u00f5es<\/td>\n<td>Trav\u00e3o de disco mec\u00e2nico<\/td>\n<\/tr>\n<tr>\n<td>Pneus<\/td>\n<td>Pneus Kenda K935 26\u2033x1.5\u2033<\/td>\n<\/tr>\n<tr>\n<td>Cubos<\/td>\n<td>Cubo de rolamento de a\u00e7o<\/td>\n<\/tr>\n<tr>\n<td>Roda de corrente<\/td>\n<td>Pedaleira Prowheel 24\/34\/42T em liga leve<\/td>\n<\/tr>\n<tr>\n<td>Conjunto B.B.<\/td>\n<td>Conjunto de rolamentos B.B.<\/td>\n<\/tr>\n<\/tbody>\n<\/table>","protected":false},"excerpt":{"rendered":"<p>A Galaxy TL620 \u00e9 uma vers\u00e1til bicicleta de montanha de 24 velocidades para adultos, concebida com um quadro de liga leve, um sistema de mudan\u00e7as Shimano e uma forqueta de suspens\u00e3o reactiva. Concebida para ciclistas do quotidiano e aventureiros, proporciona conforto, durabilidade e manuseamento suave em todos os terrenos.<\/p>","protected":false},"featured_media":2688,"comment_status":"open","ping_status":"closed","template":"","meta":[],"product_brand":[34],"product_cat":[15],"product_tag":[],"class_list":{"0":"post-2687","1":"product","2":"type-product","3":"status-publish","4":"has-post-thumbnail","6":"product_brand-galaxy","7":"product_cat-galaxybicycle","9":"first","10":"instock","11":"shipping-taxable","12":"product-type-simple"},"_links":{"self":[{"href":"https:\/\/galaxybicycle.com\/pt\/wp-json\/wp\/v2\/product\/2687","targetHints":{"allow":["GET"]}}],"collection":[{"href":"https:\/\/galaxybicycle.com\/pt\/wp-json\/wp\/v2\/product"}],"about":[{"href":"https:\/\/galaxybicycle.com\/pt\/wp-json\/wp\/v2\/types\/product"}],"replies":[{"embeddable":true,"href":"https:\/\/galaxybicycle.com\/pt\/wp-json\/wp\/v2\/comments?post=2687"}],"wp:featuredmedia":[{"embeddable":true,"href":"https:\/\/galaxybicycle.com\/pt\/wp-json\/wp\/v2\/media\/2688"}],"wp:attachment":[{"href":"https:\/\/galaxybicycle.com\/pt\/wp-json\/wp\/v2\/media?parent=2687"}],"wp:term":[{"taxonomy":"product_brand","embeddable":true,"href":"https:\/\/galaxybicycle.com\/pt\/wp-json\/wp\/v2\/product_brand?post=2687"},{"taxonomy":"product_cat","embeddable":true,"href":"https:\/\/galaxybicycle.com\/pt\/wp-json\/wp\/v2\/product_cat?post=2687"},{"taxonomy":"product_tag","embeddable":true,"href":"https:\/\/galaxybicycle.com\/pt\/wp-json\/wp\/v2\/product_tag?post=2687"}],"curies":[{"name":"wp","href":"https:\/\/api.w.org\/{rel}","templated":true}]}}