{"id":2681,"date":"2025-08-18T03:48:41","date_gmt":"2025-08-18T03:48:41","guid":{"rendered":"http:\/\/galaxybicycle.com\/?post_type=product&#038;p=2681"},"modified":"2025-09-02T09:57:29","modified_gmt":"2025-09-02T09:57:29","slug":"ml150l-2","status":"publish","type":"product","link":"https:\/\/galaxybicycle.com\/pt\/product\/ml150l-2\/","title":{"rendered":"Galaxy ML150L Bicicleta de montanha para adultos de 21 velocidades | Quadro de liga leve de 24 \u2033 com freios a disco"},"content":{"rendered":"<p>Descobrir o <strong>Galaxy ML150L Bicicleta para adultos<\/strong> - uma bicicleta de montanha bem equilibrada, concebida para ciclistas que valorizam a for\u00e7a, o desempenho e o estilo. Com a sua leveza <strong>Quadro de liga leve de 24<\/strong> e fi\u00e1vel <strong>Sistema de mudan\u00e7as Shimano de 21 velocidades<\/strong>A bicicleta oferece mudan\u00e7as de velocidade suaves e uma excelente adaptabilidade em v\u00e1rios terrenos.<\/p>\n<p>O <strong>forquilha de suspens\u00e3o com coroa de a\u00e7o<\/strong> proporciona um conforto extra em estradas irregulares, enquanto o <strong>trav\u00f5es de disco mec\u00e2nicos<\/strong> proporcionam um forte poder de travagem para seguran\u00e7a e confian\u00e7a. Equipado com <strong>Pneus Kenda 24<\/strong>O Galaxy ML150L garante uma tra\u00e7\u00e3o est\u00e1vel, quer esteja a navegar nas ruas da cidade ou em trilhos ligeiros.<\/p>\n<p>Elegante, dur\u00e1vel e f\u00e1cil de manusear, a Galaxy ML150L \u00e9 uma \u00f3ptima escolha para ciclistas adultos que procuram uma bicicleta vers\u00e1til que equilibre qualidade e pre\u00e7o acess\u00edvel.<\/p>\n<h3>Especifica\u00e7\u00f5es<\/h3>\n<table border=\"1\" cellspacing=\"0\" cellpadding=\"6\">\n<tbody>\n<tr>\n<th>Carater\u00edstica<\/th>\n<th>Detalhes<\/th>\n<\/tr>\n<tr>\n<td>Moldura<\/td>\n<td>Quadro de liga leve de 24\u2033 x 13\u2033<\/td>\n<\/tr>\n<tr>\n<td>Velocidade<\/td>\n<td>21 velocidades<\/td>\n<\/tr>\n<tr>\n<td>Garfo<\/td>\n<td>Forquilha de suspens\u00e3o com coroa de a\u00e7o<\/td>\n<\/tr>\n<tr>\n<td>Sistema de engrenagens<\/td>\n<td>Shimano STEF500 Shift \/ Desviador traseiro RDTZ500 \/ Desviador dianteiro chin\u00eas<\/td>\n<\/tr>\n<tr>\n<td>Sistema de trav\u00f5es<\/td>\n<td>Trav\u00e3o de disco mec\u00e2nico<\/td>\n<\/tr>\n<tr>\n<td>Pneus<\/td>\n<td>Pneus Kenda K1187 24\u2033 x 1.95\u2033<\/td>\n<\/tr>\n<tr>\n<td>Cubos<\/td>\n<td>Cubo de disco em a\u00e7o<\/td>\n<\/tr>\n<tr>\n<td>Roda de corrente<\/td>\n<td>Manivela de a\u00e7o HDL 24\/34\/42T<\/td>\n<\/tr>\n<tr>\n<td>Suporte inferior<\/td>\n<td>Conjunto de rolamentos B.B.<\/td>\n<\/tr>\n<\/tbody>\n<\/table>","protected":false},"excerpt":{"rendered":"<p>A Galaxy ML150L \u00e9 uma vers\u00e1til bicicleta de montanha para adultos de 21 velocidades, concebida para conforto, controlo e aventura di\u00e1ria. Constru\u00eddo com um quadro de liga dur\u00e1vel de 24 \u2033, sistema de engrenagem Shimano confi\u00e1vel e freios a disco responsivos, \u00e9 perfeito para passeios na cidade, caminhos off-road e tudo mais.<\/p>","protected":false},"featured_media":2682,"comment_status":"open","ping_status":"closed","template":"","meta":[],"product_brand":[34],"product_cat":[15],"product_tag":[],"class_list":{"0":"post-2681","1":"product","2":"type-product","3":"status-publish","4":"has-post-thumbnail","6":"product_brand-galaxy","7":"product_cat-galaxybicycle","9":"first","10":"instock","11":"shipping-taxable","12":"product-type-simple"},"_links":{"self":[{"href":"https:\/\/galaxybicycle.com\/pt\/wp-json\/wp\/v2\/product\/2681","targetHints":{"allow":["GET"]}}],"collection":[{"href":"https:\/\/galaxybicycle.com\/pt\/wp-json\/wp\/v2\/product"}],"about":[{"href":"https:\/\/galaxybicycle.com\/pt\/wp-json\/wp\/v2\/types\/product"}],"replies":[{"embeddable":true,"href":"https:\/\/galaxybicycle.com\/pt\/wp-json\/wp\/v2\/comments?post=2681"}],"wp:featuredmedia":[{"embeddable":true,"href":"https:\/\/galaxybicycle.com\/pt\/wp-json\/wp\/v2\/media\/2682"}],"wp:attachment":[{"href":"https:\/\/galaxybicycle.com\/pt\/wp-json\/wp\/v2\/media?parent=2681"}],"wp:term":[{"taxonomy":"product_brand","embeddable":true,"href":"https:\/\/galaxybicycle.com\/pt\/wp-json\/wp\/v2\/product_brand?post=2681"},{"taxonomy":"product_cat","embeddable":true,"href":"https:\/\/galaxybicycle.com\/pt\/wp-json\/wp\/v2\/product_cat?post=2681"},{"taxonomy":"product_tag","embeddable":true,"href":"https:\/\/galaxybicycle.com\/pt\/wp-json\/wp\/v2\/product_tag?post=2681"}],"curies":[{"name":"wp","href":"https:\/\/api.w.org\/{rel}","templated":true}]}}