{"id":2667,"date":"2025-08-18T03:46:24","date_gmt":"2025-08-18T03:46:24","guid":{"rendered":"http:\/\/galaxybicycle.com\/?post_type=product&#038;p=2667"},"modified":"2025-09-02T10:00:10","modified_gmt":"2025-09-02T10:00:10","slug":"m35","status":"publish","type":"product","link":"https:\/\/galaxybicycle.com\/pt\/product\/m35\/","title":{"rendered":"Galaxy M35 27.5 \u2033 Mountain Bike | Shimano de 27 velocidades com freios a disco hidr\u00e1ulicos"},"content":{"rendered":"<p><strong>Bicicleta de montanha Galaxy M35<\/strong> foi concebido para adultos que pretendem pot\u00eancia, precis\u00e3o e durabilidade em cada viagem. Apresenta um forte <em>Quadro de liga leve de 27,5\u2033\u00d717\u2033<\/em>O seu design, que oferece um equil\u00edbrio perfeito entre agilidade e for\u00e7a para trilhos de montanha e aventuras urbanas. O <strong>Trem de for\u00e7a Shimano de 27 velocidades<\/strong> proporciona mudan\u00e7as suaves e eficientes, assegurando que pode enfrentar subidas, descidas e terrenos planos com facilidade.<\/p>\n<p>Equipado com <strong>Trav\u00f5es de disco hidr\u00e1ulicos Logan<\/strong>O Galaxy M35 proporciona uma pot\u00eancia de travagem e um controlo excepcionais, mesmo em condi\u00e7\u00f5es de chuva ou lama. O <em>forquilha de suspens\u00e3o de coroa em liga leve com RL<\/em> absorve os choques para uma condu\u00e7\u00e3o mais suave, enquanto o <em>Pneus Kenda 27.5<\/em> d\u00e3o-lhe a ader\u00eancia e a confian\u00e7a para pedalar em terrenos variados. Combinada com cubos de liga leve e uma manivela de liga leve Prowheel, esta bicicleta de montanha foi constru\u00edda para enfrentar passeios desafiantes, mantendo-se leve e dur\u00e1vel.<\/p>\n<h3>Porqu\u00ea escolher o Galaxy M35?<\/h3>\n<ul>\n<li><strong>Sistema Shimano de 27 velocidades<\/strong> - Mudan\u00e7as de velocidade suaves para qualquer terreno.<\/li>\n<li><strong>Trav\u00f5es de disco hidr\u00e1ulicos<\/strong> - Poder de travagem fi\u00e1vel em todas as condi\u00e7\u00f5es meteorol\u00f3gicas.<\/li>\n<li><strong>Quadro em liga leve de 27,5<\/strong> - Leve mas resistente, constru\u00eddo para ser dur\u00e1vel.<\/li>\n<li><strong>Forquilha de suspens\u00e3o com RL<\/strong> - Absorve os choques para um maior conforto de condu\u00e7\u00e3o.<\/li>\n<li><strong>Componentes fi\u00e1veis<\/strong> - Pneus Kenda, manivela Prowheel e cubos de liga leve para desempenho e longevidade.<\/li>\n<\/ul>\n<h3>Especifica\u00e7\u00f5es<\/h3>\n<table border=\"1\" cellspacing=\"0\" cellpadding=\"6\">\n<tbody>\n<tr>\n<th>Carater\u00edstica<\/th>\n<th>Detalhes<\/th>\n<\/tr>\n<tr>\n<td>Velocidades<\/td>\n<td>27 Velocidade<\/td>\n<\/tr>\n<tr>\n<td>Moldura<\/td>\n<td>Quadro em liga leve de 27,5\u2033\u00d717\u2033.<\/td>\n<\/tr>\n<tr>\n<td>Garfo<\/td>\n<td>Forquilha de suspens\u00e3o Crown em liga leve com RL<\/td>\n<\/tr>\n<tr>\n<td>Sistema de engrenagens<\/td>\n<td>Desviador dianteiro Shimano FDTY500 \/ Desviador traseiro RDM370 \/ Mudan\u00e7as LTWOO<\/td>\n<\/tr>\n<tr>\n<td>Sistema de trav\u00f5es<\/td>\n<td>Trav\u00f5es de disco hidr\u00e1ulicos Logan<\/td>\n<\/tr>\n<tr>\n<td>Pneus<\/td>\n<td>Pneus Kenda K1187 27.5\u2033\u00d71.95\u2033<\/td>\n<\/tr>\n<tr>\n<td>Cubos<\/td>\n<td>Cubo de disco de cassete em liga leve<\/td>\n<\/tr>\n<tr>\n<td>Roda de corrente<\/td>\n<td>Manivela de liga leve Prowheel 22\/32\/42T<\/td>\n<\/tr>\n<tr>\n<td>Conjunto B.B.<\/td>\n<td>Conjunto de rolamentos B.B.<\/td>\n<\/tr>\n<\/tbody>\n<\/table>","protected":false},"excerpt":{"rendered":"<p>Conquiste trilhas e estradas da cidade com a bicicleta de montanha para adultos Galaxy M35. Constru\u00edda com um quadro de liga leve de 27.5 \u2033, sistema de engrenagem Shimano de 27 velocidades e freios a disco hidr\u00e1ulicos confi\u00e1veis, esta bicicleta \u00e9 perfeita para ciclistas que exigem desempenho e conforto.<\/p>","protected":false},"featured_media":2668,"comment_status":"open","ping_status":"closed","template":"","meta":[],"product_brand":[34],"product_cat":[15],"product_tag":[],"class_list":{"0":"post-2667","1":"product","2":"type-product","3":"status-publish","4":"has-post-thumbnail","6":"product_brand-galaxy","7":"product_cat-galaxybicycle","9":"first","10":"instock","11":"shipping-taxable","12":"product-type-simple"},"_links":{"self":[{"href":"https:\/\/galaxybicycle.com\/pt\/wp-json\/wp\/v2\/product\/2667","targetHints":{"allow":["GET"]}}],"collection":[{"href":"https:\/\/galaxybicycle.com\/pt\/wp-json\/wp\/v2\/product"}],"about":[{"href":"https:\/\/galaxybicycle.com\/pt\/wp-json\/wp\/v2\/types\/product"}],"replies":[{"embeddable":true,"href":"https:\/\/galaxybicycle.com\/pt\/wp-json\/wp\/v2\/comments?post=2667"}],"wp:featuredmedia":[{"embeddable":true,"href":"https:\/\/galaxybicycle.com\/pt\/wp-json\/wp\/v2\/media\/2668"}],"wp:attachment":[{"href":"https:\/\/galaxybicycle.com\/pt\/wp-json\/wp\/v2\/media?parent=2667"}],"wp:term":[{"taxonomy":"product_brand","embeddable":true,"href":"https:\/\/galaxybicycle.com\/pt\/wp-json\/wp\/v2\/product_brand?post=2667"},{"taxonomy":"product_cat","embeddable":true,"href":"https:\/\/galaxybicycle.com\/pt\/wp-json\/wp\/v2\/product_cat?post=2667"},{"taxonomy":"product_tag","embeddable":true,"href":"https:\/\/galaxybicycle.com\/pt\/wp-json\/wp\/v2\/product_tag?post=2667"}],"curies":[{"name":"wp","href":"https:\/\/api.w.org\/{rel}","templated":true}]}}