{"id":2657,"date":"2025-08-18T03:45:04","date_gmt":"2025-08-18T03:45:04","guid":{"rendered":"http:\/\/galaxybicycle.com\/?post_type=product&#038;p=2657"},"modified":"2025-09-02T10:03:13","modified_gmt":"2025-09-02T10:03:13","slug":"ms3","status":"publish","type":"product","link":"https:\/\/galaxybicycle.com\/pt\/product\/ms3\/","title":{"rendered":"Galaxy MS3 Bicicleta de montanha para adultos | 27 velocidades Shimano com trav\u00f5es de disco hidr\u00e1ulicos"},"content":{"rendered":"<p>O <strong>Bicicleta Galaxy MS3 para adultos<\/strong> \u00e9 a escolha perfeita para os ciclistas que querem conquistar os trilhos e as estradas da cidade com facilidade. Com um quadro de liga leve mas forte, esta bicicleta de montanha oferece durabilidade sem pesar. O seu avan\u00e7ado <strong>Sistema de mudan\u00e7as Shimano de 27 velocidades<\/strong> permite-lhe efetuar mudan\u00e7as suaves numa vasta gama de terrenos, quer esteja a subir colinas \u00edngremes ou a acelerar em caminhos planos.<\/p>\n<p>Equipado com um <strong>forquilha de suspens\u00e3o com HLO (Hydraulic Lockout)<\/strong>O MS3 garante uma excelente absor\u00e7\u00e3o de choques em trilhos acidentados, ao mesmo tempo que lhe d\u00e1 a op\u00e7\u00e3o de o bloquear para estradas mais suaves. A seguran\u00e7a e a precis\u00e3o s\u00e3o garantidas com <strong>Trav\u00f5es de disco hidr\u00e1ulicos Shimano MT200<\/strong>oferecendo um poder de travagem fi\u00e1vel em todas as condi\u00e7\u00f5es meteorol\u00f3gicas. O <strong>Pneus CST C-1747 26\u2033\u00d72.10\u2033<\/strong> proporcionam uma excelente ader\u00eancia e estabilidade, enquanto os cubos de disco em liga leve Joytech melhoram o desempenho geral da condu\u00e7\u00e3o.<\/p>\n<p>Elegante, confort\u00e1vel e concebida para o desempenho, a Galaxy MS3 \u00e9 ideal para adultos que gostam de aventuras ao ar livre, desloca\u00e7\u00f5es di\u00e1rias ou passeios de fim de semana. Com componentes de qualidade profissional e um design elegante, esta bicicleta oferece o equil\u00edbrio perfeito entre fiabilidade e divers\u00e3o.<\/p>\n<h3>Especifica\u00e7\u00f5es:<\/h3>\n<table border=\"1\" cellspacing=\"0\" cellpadding=\"8\">\n<tbody>\n<tr>\n<th>Carater\u00edstica<\/th>\n<th>Detalhes<\/th>\n<\/tr>\n<tr>\n<td>Velocidades<\/td>\n<td>27 Velocidade<\/td>\n<\/tr>\n<tr>\n<td>Moldura<\/td>\n<td>Quadro de liga leve 26\u2033\u00d717<\/td>\n<\/tr>\n<tr>\n<td>Garfo<\/td>\n<td>Forquilha de suspens\u00e3o Crown em liga leve com HLO<\/td>\n<\/tr>\n<tr>\n<td>Sistema de engrenagens<\/td>\n<td>Shimano SLM2000 Shifter \/ FDTY500 Desviador dianteiro \/ RDM370 Desviador traseiro<\/td>\n<\/tr>\n<tr>\n<td>Sistema de trav\u00f5es<\/td>\n<td>Trav\u00f5es de disco hidr\u00e1ulicos Shimano MT200<\/td>\n<\/tr>\n<tr>\n<td>Pneus<\/td>\n<td>Pneus CST C-1747 26\u2033\u00d72.10\u2033<\/td>\n<\/tr>\n<tr>\n<td>Cubos<\/td>\n<td>Cubo de disco em liga leve Joytech<\/td>\n<\/tr>\n<tr>\n<td>Roda de corrente<\/td>\n<td>Pedaleira de liga leve Shimano 24\/34\/42T<\/td>\n<\/tr>\n<tr>\n<td>Conjunto B.B<\/td>\n<td>Conjunto de rolamentos B.B<\/td>\n<\/tr>\n<\/tbody>\n<\/table>","protected":false},"excerpt":{"rendered":"<p>Leve os seus passeios para o pr\u00f3ximo n\u00edvel com o <em>Bicicleta de montanha para adultos Galaxy MS3<\/em>. Constru\u00edda com um quadro de liga dur\u00e1vel de 26 \u2033 \u00d7 17 \u2033, sistema de engrenagem Shimano de 27 velocidades suave e poderosos freios a disco hidr\u00e1ulicos, esta bicicleta foi projetada para aventureiros que exigem conforto, controle e desempenho.<\/p>","protected":false},"featured_media":2658,"comment_status":"open","ping_status":"closed","template":"","meta":[],"product_brand":[34],"product_cat":[15],"product_tag":[],"class_list":{"0":"post-2657","1":"product","2":"type-product","3":"status-publish","4":"has-post-thumbnail","6":"product_brand-galaxy","7":"product_cat-galaxybicycle","9":"first","10":"instock","11":"shipping-taxable","12":"product-type-simple"},"_links":{"self":[{"href":"https:\/\/galaxybicycle.com\/pt\/wp-json\/wp\/v2\/product\/2657","targetHints":{"allow":["GET"]}}],"collection":[{"href":"https:\/\/galaxybicycle.com\/pt\/wp-json\/wp\/v2\/product"}],"about":[{"href":"https:\/\/galaxybicycle.com\/pt\/wp-json\/wp\/v2\/types\/product"}],"replies":[{"embeddable":true,"href":"https:\/\/galaxybicycle.com\/pt\/wp-json\/wp\/v2\/comments?post=2657"}],"wp:featuredmedia":[{"embeddable":true,"href":"https:\/\/galaxybicycle.com\/pt\/wp-json\/wp\/v2\/media\/2658"}],"wp:attachment":[{"href":"https:\/\/galaxybicycle.com\/pt\/wp-json\/wp\/v2\/media?parent=2657"}],"wp:term":[{"taxonomy":"product_brand","embeddable":true,"href":"https:\/\/galaxybicycle.com\/pt\/wp-json\/wp\/v2\/product_brand?post=2657"},{"taxonomy":"product_cat","embeddable":true,"href":"https:\/\/galaxybicycle.com\/pt\/wp-json\/wp\/v2\/product_cat?post=2657"},{"taxonomy":"product_tag","embeddable":true,"href":"https:\/\/galaxybicycle.com\/pt\/wp-json\/wp\/v2\/product_tag?post=2657"}],"curies":[{"name":"wp","href":"https:\/\/api.w.org\/{rel}","templated":true}]}}