{"id":2655,"date":"2025-08-18T03:44:44","date_gmt":"2025-08-18T03:44:44","guid":{"rendered":"http:\/\/galaxybicycle.com\/?post_type=product&#038;p=2655"},"modified":"2025-09-02T10:03:33","modified_gmt":"2025-09-02T10:03:33","slug":"x22","status":"publish","type":"product","link":"https:\/\/galaxybicycle.com\/pt\/product\/x22\/","title":{"rendered":"Galaxy X22 Bicicleta de montanha para adultos | Shimano de 22 velocidades com trav\u00f5es de disco hidr\u00e1ulicos"},"content":{"rendered":"<p>Descubra a combina\u00e7\u00e3o perfeita de for\u00e7a, precis\u00e3o e conforto com o <strong>Bicicleta de montanha para adultos Galaxy X22<\/strong>. Concebida para os condutores que desejam desempenho e fiabilidade, a X22 est\u00e1 equipada com um <strong>Quadro de liga leve de 26\u2033 x 17<\/strong> que equilibra a durabilidade com uma sensa\u00e7\u00e3o de leveza. As suas <strong>forquilha de suspens\u00e3o em magn\u00e9sio com coroa de liga leve e RL<\/strong> garante a absor\u00e7\u00e3o de choques, proporcionando uma condu\u00e7\u00e3o suave mesmo em trilhos rochosos.<\/p>\n<p>Com um <strong>Sistema de engrenagens Shimano de 22 velocidades<\/strong>A Galaxy X22 permite-lhe enfrentar subidas, descidas e caminhos planos com facilidade. Os trav\u00f5es de disco hidr\u00e1ulicos Shimano MT200 proporcionam um poderoso poder de travagem, garantindo seguran\u00e7a e confian\u00e7a em todas as condi\u00e7\u00f5es meteorol\u00f3gicas. Pr\u00e9mio <strong>Pneus Maxxis 26\u2033 x 2.10\u2033<\/strong> proporcionam uma excelente ader\u00eancia, enquanto os cubos de disco com rolamentos de liga leve Joytech acrescentam estabilidade e desempenho. Quer seja um principiante aventureiro ou um ciclista experiente, a Galaxy X22 \u00e9 a sua derradeira companheira para as emo\u00e7\u00f5es do ciclismo de montanha.<\/p>\n<h3>Carater\u00edsticas principais:<\/h3>\n<ul>\n<li>Quadro de liga leve de 26\u2033 x 17\u2033 para resist\u00eancia e durabilidade<\/li>\n<li>Sistema de engrenagens Shimano de 22 velocidades para um desempenho vers\u00e1til<\/li>\n<li>Trav\u00f5es de disco hidr\u00e1ulicos Shimano MT200 para uma pot\u00eancia de travagem superior<\/li>\n<li>Forquilha de suspens\u00e3o em liga de magn\u00e9sio com coroa e RL para uma condu\u00e7\u00e3o suave<\/li>\n<li>Pneus Maxxis 26\u2033 x 2.10\u2033 para uma tra\u00e7\u00e3o fi\u00e1vel<\/li>\n<li>Cubos de disco com rolamentos em liga Joytech para uma estabilidade duradoura<\/li>\n<li>Manivela de liga leve de 2 pe\u00e7as Prowheel Claw-551-TT para uma transfer\u00eancia de pot\u00eancia eficiente<\/li>\n<\/ul>\n<h3>Especifica\u00e7\u00f5es:<\/h3>\n<table border=\"1\" cellspacing=\"0\" cellpadding=\"6\">\n<tbody>\n<tr>\n<th>Carater\u00edstica<\/th>\n<th>Detalhes<\/th>\n<\/tr>\n<tr>\n<td>Velocidades<\/td>\n<td>22 Velocidade<\/td>\n<\/tr>\n<tr>\n<td>Moldura<\/td>\n<td>Quadro de liga leve de 26\u2033 x 17<\/td>\n<\/tr>\n<tr>\n<td>Garfo<\/td>\n<td>Forquilha de suspens\u00e3o em liga leve Crown em magn\u00e9sio com RL<\/td>\n<\/tr>\n<tr>\n<td>Sistema de engrenagens<\/td>\n<td>Mudan\u00e7a Shimano SLM7000 \/ Desviador dianteiro FDM7025 \/ Desviador traseiro RDM7000<\/td>\n<\/tr>\n<tr>\n<td>Sistema de trav\u00f5es<\/td>\n<td>Trav\u00e3o de disco hidr\u00e1ulico Shimano MT200<\/td>\n<\/tr>\n<tr>\n<td>Pneus<\/td>\n<td>Maxxis 26\u2033 x 2.10\u2033<\/td>\n<\/tr>\n<tr>\n<td>Cubos<\/td>\n<td>Cubo de disco com rolamento de liga leve Joytech<\/td>\n<\/tr>\n<tr>\n<td>Roda de corrente<\/td>\n<td>Prowheel Claw-551-TT 2PCS Manivela de liga leve<\/td>\n<\/tr>\n<tr>\n<td>Conjunto B.B<\/td>\n<td>Combinar com Crank<\/td>\n<\/tr>\n<\/tbody>\n<\/table>","protected":false},"excerpt":{"rendered":"<p>A Galaxy X22 \u00e9 uma bicicleta de montanha de 22 velocidades de alto desempenho, concebida para quem procura aventura. Com um quadro em liga leve, sistema de mudan\u00e7as Shimano e trav\u00f5es de disco hidr\u00e1ulicos Shimano MT200, proporciona mudan\u00e7as suaves, travagem potente e o m\u00e1ximo controlo em terrenos acidentados.<\/p>","protected":false},"featured_media":2656,"comment_status":"open","ping_status":"closed","template":"","meta":[],"product_brand":[34],"product_cat":[15],"product_tag":[],"class_list":{"0":"post-2655","1":"product","2":"type-product","3":"status-publish","4":"has-post-thumbnail","6":"product_brand-galaxy","7":"product_cat-galaxybicycle","9":"first","10":"instock","11":"shipping-taxable","12":"product-type-simple"},"_links":{"self":[{"href":"https:\/\/galaxybicycle.com\/pt\/wp-json\/wp\/v2\/product\/2655","targetHints":{"allow":["GET"]}}],"collection":[{"href":"https:\/\/galaxybicycle.com\/pt\/wp-json\/wp\/v2\/product"}],"about":[{"href":"https:\/\/galaxybicycle.com\/pt\/wp-json\/wp\/v2\/types\/product"}],"replies":[{"embeddable":true,"href":"https:\/\/galaxybicycle.com\/pt\/wp-json\/wp\/v2\/comments?post=2655"}],"wp:featuredmedia":[{"embeddable":true,"href":"https:\/\/galaxybicycle.com\/pt\/wp-json\/wp\/v2\/media\/2656"}],"wp:attachment":[{"href":"https:\/\/galaxybicycle.com\/pt\/wp-json\/wp\/v2\/media?parent=2655"}],"wp:term":[{"taxonomy":"product_brand","embeddable":true,"href":"https:\/\/galaxybicycle.com\/pt\/wp-json\/wp\/v2\/product_brand?post=2655"},{"taxonomy":"product_cat","embeddable":true,"href":"https:\/\/galaxybicycle.com\/pt\/wp-json\/wp\/v2\/product_cat?post=2655"},{"taxonomy":"product_tag","embeddable":true,"href":"https:\/\/galaxybicycle.com\/pt\/wp-json\/wp\/v2\/product_tag?post=2655"}],"curies":[{"name":"wp","href":"https:\/\/api.w.org\/{rel}","templated":true}]}}