{"id":2649,"date":"2025-08-18T03:43:43","date_gmt":"2025-08-18T03:43:43","guid":{"rendered":"http:\/\/galaxybicycle.com\/?post_type=product&#038;p=2649"},"modified":"2025-09-02T10:05:06","modified_gmt":"2025-09-02T10:05:06","slug":"x12","status":"publish","type":"product","link":"https:\/\/galaxybicycle.com\/pt\/product\/x12\/","title":{"rendered":"Galaxy X12 Bicicleta de montanha para adultos | Quadro de liga leve de 27.5 \u2033 | Shimano de 12 velocidades | Freio a disco hidr\u00e1ulico"},"content":{"rendered":"<p>Leve a sua experi\u00eancia de ciclismo todo-o-terreno para o pr\u00f3ximo n\u00edvel com a <strong>Bicicleta de montanha para adultos Galaxy X12<\/strong>. Concebida para os ciclistas que pretendem for\u00e7a, velocidade e manuseamento suave, a X12 combina tecnologia de ponta com um design robusto. O seu quadro em liga leve de 27,5\u2033x17\u2033 proporciona o equil\u00edbrio perfeito entre estabilidade e agilidade, enquanto a forqueta de suspens\u00e3o em magn\u00e9sio garante conforto e controlo em trilhos acidentados.<\/p>\n<p>O avan\u00e7ado <strong>Sistema de engrenagens SRAM NX Eagle de 12 velocidades<\/strong> oferece mudan\u00e7as n\u00edtidas e fi\u00e1veis, permitindo-lhe enfrentar subidas \u00edngremes e descidas r\u00e1pidas com facilidade. Equipado com <strong>Trav\u00f5es de disco hidr\u00e1ulicos Shimano MT200<\/strong>O Galaxy X12 garante uma pot\u00eancia de travagem segura e reactiva, mesmo em condi\u00e7\u00f5es meteorol\u00f3gicas ou terrenos dif\u00edceis.<\/p>\n<p>Constru\u00edda com componentes de qualidade, como pneus Kenda K1153, cubos de disco em liga Joytech e uma roda dentada SRAM NX Eagle, esta bicicleta de montanha foi concebida para ciclistas que exigem desempenho e durabilidade. Quer esteja a explorar trilhos, a deslocar-se para o trabalho ou a ultrapassar os seus limites em caminhos de montanha, a Galaxy X12 est\u00e1 pronta para a viagem.<\/p>\n<h3>Especifica\u00e7\u00f5es<\/h3>\n<table border=\"1\" cellspacing=\"0\" cellpadding=\"6\">\n<tbody>\n<tr>\n<th>Carater\u00edstica<\/th>\n<th>Detalhes<\/th>\n<\/tr>\n<tr>\n<td>Velocidades<\/td>\n<td>12 Velocidade<\/td>\n<\/tr>\n<tr>\n<td>Moldura<\/td>\n<td>Quadro em liga leve de 27,5\u2033X17\u2033.<\/td>\n<\/tr>\n<tr>\n<td>Garfo<\/td>\n<td>Forquilha de suspens\u00e3o em liga leve Crown em magn\u00e9sio com RL<\/td>\n<\/tr>\n<tr>\n<td>Sistema de engrenagens<\/td>\n<td>Desviador Traseiro SRAM NX Eagle \/ Mudan\u00e7a de velocidades NX Eagle Trigger<\/td>\n<\/tr>\n<tr>\n<td>Sistema de trav\u00f5es<\/td>\n<td>Trav\u00e3o de disco hidr\u00e1ulico Shimano MT200<\/td>\n<\/tr>\n<tr>\n<td>Pneus<\/td>\n<td>Kenda K1153 27,5\u2033X2,10\u2033<\/td>\n<\/tr>\n<tr>\n<td>Cubos<\/td>\n<td>Cubo de disco com rolamento de liga leve Joytech<\/td>\n<\/tr>\n<tr>\n<td>Roda de corrente<\/td>\n<td>SRAM NX Eagle BLK 34<\/td>\n<\/tr>\n<tr>\n<td>Conjunto B.B<\/td>\n<td>BB DUB BSA MTB73<\/td>\n<\/tr>\n<\/tbody>\n<\/table>","protected":false},"excerpt":{"rendered":"<p>A Galaxy X12 \u00e9 uma poderosa bicicleta de montanha de 27.5 \u2033 constru\u00edda para a aventura. Com um quadro de liga leve, transmiss\u00e3o SRAM NX Eagle de 12 velocidades e freios a disco hidr\u00e1ulicos Shimano, oferece controle, durabilidade e emo\u00e7\u00e3o em cada passeio.<\/p>","protected":false},"featured_media":2650,"comment_status":"open","ping_status":"closed","template":"","meta":[],"product_brand":[34],"product_cat":[15],"product_tag":[],"class_list":{"0":"post-2649","1":"product","2":"type-product","3":"status-publish","4":"has-post-thumbnail","6":"product_brand-galaxy","7":"product_cat-galaxybicycle","9":"first","10":"instock","11":"shipping-taxable","12":"product-type-simple"},"_links":{"self":[{"href":"https:\/\/galaxybicycle.com\/pt\/wp-json\/wp\/v2\/product\/2649","targetHints":{"allow":["GET"]}}],"collection":[{"href":"https:\/\/galaxybicycle.com\/pt\/wp-json\/wp\/v2\/product"}],"about":[{"href":"https:\/\/galaxybicycle.com\/pt\/wp-json\/wp\/v2\/types\/product"}],"replies":[{"embeddable":true,"href":"https:\/\/galaxybicycle.com\/pt\/wp-json\/wp\/v2\/comments?post=2649"}],"wp:featuredmedia":[{"embeddable":true,"href":"https:\/\/galaxybicycle.com\/pt\/wp-json\/wp\/v2\/media\/2650"}],"wp:attachment":[{"href":"https:\/\/galaxybicycle.com\/pt\/wp-json\/wp\/v2\/media?parent=2649"}],"wp:term":[{"taxonomy":"product_brand","embeddable":true,"href":"https:\/\/galaxybicycle.com\/pt\/wp-json\/wp\/v2\/product_brand?post=2649"},{"taxonomy":"product_cat","embeddable":true,"href":"https:\/\/galaxybicycle.com\/pt\/wp-json\/wp\/v2\/product_cat?post=2649"},{"taxonomy":"product_tag","embeddable":true,"href":"https:\/\/galaxybicycle.com\/pt\/wp-json\/wp\/v2\/product_tag?post=2649"}],"curies":[{"name":"wp","href":"https:\/\/api.w.org\/{rel}","templated":true}]}}