{"id":2647,"date":"2025-08-18T03:43:20","date_gmt":"2025-08-18T03:43:20","guid":{"rendered":"http:\/\/galaxybicycle.com\/?post_type=product&#038;p=2647"},"modified":"2025-09-02T10:05:25","modified_gmt":"2025-09-02T10:05:25","slug":"xc10","status":"publish","type":"product","link":"https:\/\/galaxybicycle.com\/pt\/product\/xc10\/","title":{"rendered":"Bicicleta de montanha para adultos Galaxy XC10 | Quadro de liga leve de 26 \u2033 | Shimano de 24 velocidades com freios a disco hidr\u00e1ulicos"},"content":{"rendered":"<p><strong>Bicicleta de montanha para adultos Galaxy XC10<\/strong> foi concebido para os ciclistas que pretendem desempenho, controlo e durabilidade, tudo num s\u00f3 pacote. Com um <strong>Quadro de liga leve de 26 polegadas x 17 polegadas<\/strong>A bicicleta equilibra for\u00e7a e agilidade com leveza para aventuras na montanha ou passeios na cidade. A tecnologia avan\u00e7ada <strong>Sistema de engrenagens Shimano de 24 velocidades<\/strong> assegura uma mudan\u00e7a de velocidades suave em todos os terrenos, enquanto o <strong>Forquilha de suspens\u00e3o SUNTOUR XCT HLO<\/strong> absorve os choques, dando-lhe estabilidade e conforto mesmo em trilhos acidentados.<\/p>\n<p>A pot\u00eancia de travagem \u00e9 garantida com <strong>Trav\u00f5es de disco hidr\u00e1ulicos Shimano MT200<\/strong>que lhe d\u00e1 seguran\u00e7a e confian\u00e7a em todas as condi\u00e7\u00f5es climat\u00e9ricas. Equipado com <strong>Pneus CST 26\u2033x2.10<\/strong> e <strong>Cubos de disco com cassete Joytech em liga leve<\/strong>A Galaxy XC10 foi concebida para rolar suavemente e enfrentar facilmente percursos dif\u00edceis. Quer seja um principiante ou um ciclista experiente, esta bicicleta de montanha oferece o equil\u00edbrio certo entre controlo, velocidade e aventura.<\/p>\n<h3>Porqu\u00ea escolher o Galaxy XC10?<\/h3>\n<ul>\n<li><strong>Estrutura em liga met\u00e1lica forte e leve<\/strong> - Concebido para a resist\u00eancia e a agilidade em todas as desloca\u00e7\u00f5es.<\/li>\n<li><strong>Sistema de engrenagens Shimano de 24 velocidades<\/strong> - mudan\u00e7as de velocidades suaves e precisas para terrenos variados.<\/li>\n<li><strong>Forquilha de suspens\u00e3o SUNTOUR XCT HLO<\/strong> - design amortecedor de choques para conforto e estabilidade.<\/li>\n<li><strong>Trav\u00f5es de disco hidr\u00e1ulicos<\/strong> - poder de travagem fi\u00e1vel em todas as condi\u00e7\u00f5es.<\/li>\n<li><strong>Pneus e cubos dur\u00e1veis<\/strong> - constru\u00eddo para lidar tanto com trilhos como com estradas urbanas.<\/li>\n<\/ul>\n<h3>Especifica\u00e7\u00f5es<\/h3>\n<table border=\"1\" cellspacing=\"0\" cellpadding=\"6\">\n<tbody>\n<tr>\n<th>Carater\u00edstica<\/th>\n<th>Detalhes<\/th>\n<\/tr>\n<tr>\n<td>Velocidades<\/td>\n<td>24 Velocidade<\/td>\n<\/tr>\n<tr>\n<td>Moldura<\/td>\n<td>Quadro de liga leve de 26\u2033 x 17<\/td>\n<\/tr>\n<tr>\n<td>Garfo<\/td>\n<td>Forquilha de suspens\u00e3o SUNTOUR XCT HLO<\/td>\n<\/tr>\n<tr>\n<td>Sistema de engrenagens<\/td>\n<td>Mudan\u00e7as Shimano SLM310 \/ Desviador dianteiro FDTY500 \/ Desviador traseiro RDTX800 \/ Roda livre CSHG2008<\/td>\n<\/tr>\n<tr>\n<td>Sistema de trav\u00f5es<\/td>\n<td>Trav\u00e3o de disco hidr\u00e1ulico Shimano MT200<\/td>\n<\/tr>\n<tr>\n<td>Pneus<\/td>\n<td>Pneus CST C-1747 26\u2033 x 2.10\u2033<\/td>\n<\/tr>\n<tr>\n<td>Cubos<\/td>\n<td>Cubo de disco para cassete em liga leve Joytech<\/td>\n<\/tr>\n<tr>\n<td>Roda de corrente<\/td>\n<td>Pedaleira de liga leve Shimano 24\/32\/42T<\/td>\n<\/tr>\n<tr>\n<td>Conjunto de suporte inferior<\/td>\n<td>Conjunto de rolamentos B.B<\/td>\n<\/tr>\n<\/tbody>\n<\/table>","protected":false},"excerpt":{"rendered":"<p>Enfrente todas as trilhas com confian\u00e7a na bicicleta de montanha para adultos Galaxy XC10. Constru\u00edda com um quadro de liga leve de 26 \u2033, sistema de engrenagem Shimano confi\u00e1vel de 24 velocidades e freios a disco hidr\u00e1ulicos responsivos, esta bicicleta foi projetada para passeios suaves, poderosos e aventureiros.<\/p>","protected":false},"featured_media":2648,"comment_status":"open","ping_status":"closed","template":"","meta":[],"product_brand":[34],"product_cat":[15],"product_tag":[],"class_list":{"0":"post-2647","1":"product","2":"type-product","3":"status-publish","4":"has-post-thumbnail","6":"product_brand-galaxy","7":"product_cat-galaxybicycle","9":"first","10":"instock","11":"shipping-taxable","12":"product-type-simple"},"_links":{"self":[{"href":"https:\/\/galaxybicycle.com\/pt\/wp-json\/wp\/v2\/product\/2647","targetHints":{"allow":["GET"]}}],"collection":[{"href":"https:\/\/galaxybicycle.com\/pt\/wp-json\/wp\/v2\/product"}],"about":[{"href":"https:\/\/galaxybicycle.com\/pt\/wp-json\/wp\/v2\/types\/product"}],"replies":[{"embeddable":true,"href":"https:\/\/galaxybicycle.com\/pt\/wp-json\/wp\/v2\/comments?post=2647"}],"wp:featuredmedia":[{"embeddable":true,"href":"https:\/\/galaxybicycle.com\/pt\/wp-json\/wp\/v2\/media\/2648"}],"wp:attachment":[{"href":"https:\/\/galaxybicycle.com\/pt\/wp-json\/wp\/v2\/media?parent=2647"}],"wp:term":[{"taxonomy":"product_brand","embeddable":true,"href":"https:\/\/galaxybicycle.com\/pt\/wp-json\/wp\/v2\/product_brand?post=2647"},{"taxonomy":"product_cat","embeddable":true,"href":"https:\/\/galaxybicycle.com\/pt\/wp-json\/wp\/v2\/product_cat?post=2647"},{"taxonomy":"product_tag","embeddable":true,"href":"https:\/\/galaxybicycle.com\/pt\/wp-json\/wp\/v2\/product_tag?post=2647"}],"curies":[{"name":"wp","href":"https:\/\/api.w.org\/{rel}","templated":true}]}}