{"id":2645,"date":"2025-08-18T03:42:55","date_gmt":"2025-08-18T03:42:55","guid":{"rendered":"http:\/\/galaxybicycle.com\/?post_type=product&#038;p=2645"},"modified":"2025-09-02T10:06:17","modified_gmt":"2025-09-02T10:06:17","slug":"xc30","status":"publish","type":"product","link":"https:\/\/galaxybicycle.com\/pt\/product\/xc30\/","title":{"rendered":"Bicicleta de montanha Galaxy XC30 de 27 velocidades | Freio a disco hidr\u00e1ulico Shimano | Quadro de liga de 26 \u2033"},"content":{"rendered":"<p><strong>Bicicleta de montanha Galaxy XC30<\/strong> foi concebida para os ciclistas que querem explorar a natureza, conquistar trilhos e desfrutar de cada passeio com confian\u00e7a. O seu peso leve mas dur\u00e1vel <strong>Quadro de liga leve de 26 polegadas<\/strong> garante estabilidade e resist\u00eancia, enquanto o <strong>Sistema Shimano de 27 velocidades<\/strong> proporciona-lhe uma mudan\u00e7a de velocidades suave tanto para subir colinas como para descer declives. Equipado com <strong>trav\u00f5es de disco hidr\u00e1ulicos<\/strong>O XC30 oferece uma pot\u00eancia de travagem fi\u00e1vel em todas as condi\u00e7\u00f5es meteorol\u00f3gicas, proporcionando-lhe seguran\u00e7a e controlo extra nas suas viagens.<\/p>\n<p>Quer seja um ciclista de fim de semana em trilhos ou um viajante di\u00e1rio, a Galaxy XC30 proporciona o equil\u00edbrio perfeito entre conforto, desempenho e durabilidade. Com componentes profissionais, um quadro elegante e um design de alta qualidade, esta bicicleta \u00e9 a sua companheira de confian\u00e7a para trilhos de montanha, estradas urbanas e tudo o que estiver entre eles.<\/p>\n<h3>Porqu\u00ea escolher o Galaxy XC30?<\/h3>\n<ul>\n<li><strong>Estrutura de liga dur\u00e1vel:<\/strong> Resistente, leve e concebido para estabilidade em todos os terrenos.<\/li>\n<li><strong>Engrenagens Shimano de 27 velocidades:<\/strong> Transi\u00e7\u00f5es de mudan\u00e7a suaves para subida, cruzeiro e velocidade.<\/li>\n<li><strong>Trav\u00f5es de disco hidr\u00e1ulicos:<\/strong> Pot\u00eancia de travagem fi\u00e1vel mesmo em trilhos molhados ou lamacentos.<\/li>\n<li><strong>Design vers\u00e1til:<\/strong> Perfeita para ciclismo de montanha, passeios de fitness e aventuras ao ar livre.<\/li>\n<li><strong>Para principiantes:<\/strong> F\u00e1cil de conduzir e adequado para cavaleiros de todos os n\u00edveis.<\/li>\n<\/ul>\n<h3>Especifica\u00e7\u00f5es<\/h3>\n<table border=\"1\" cellspacing=\"0\" cellpadding=\"6\">\n<tbody>\n<tr>\n<th>Carater\u00edstica<\/th>\n<th>Detalhes<\/th>\n<\/tr>\n<tr>\n<td>Moldura<\/td>\n<td>Quadro de liga leve 26\u2033\u00d717<\/td>\n<\/tr>\n<tr>\n<td>Velocidades<\/td>\n<td>27 Velocidade<\/td>\n<\/tr>\n<tr>\n<td>Sistema de engrenagens<\/td>\n<td>Mudan\u00e7as de velocidade e desviadores Shimano<\/td>\n<\/tr>\n<tr>\n<td>Sistema de trav\u00f5es<\/td>\n<td>Trav\u00f5es de disco hidr\u00e1ulicos Shimano<\/td>\n<\/tr>\n<tr>\n<td>Tipo<\/td>\n<td>Bicicleta de montanha para adultos<\/td>\n<\/tr>\n<\/tbody>\n<\/table>","protected":false},"excerpt":{"rendered":"<p>Leve suas aventuras off-road para o pr\u00f3ximo n\u00edvel com a Galaxy XC30 Adult Mountain Bike. Constru\u00edda com um forte quadro de liga de 26 \u2033 \u00d7 17 \u2033, engrenagem Shimano de 27 velocidades suave e poderosos freios a disco hidr\u00e1ulicos, esta bicicleta \u00e9 perfeita para iniciantes e pilotos experientes que desejam desempenho, conforto e controle em todas as trilhas.<\/p>","protected":false},"featured_media":2646,"comment_status":"open","ping_status":"closed","template":"","meta":[],"product_brand":[34],"product_cat":[15],"product_tag":[],"class_list":{"0":"post-2645","1":"product","2":"type-product","3":"status-publish","4":"has-post-thumbnail","6":"product_brand-galaxy","7":"product_cat-galaxybicycle","9":"first","10":"instock","11":"shipping-taxable","12":"product-type-simple"},"_links":{"self":[{"href":"https:\/\/galaxybicycle.com\/pt\/wp-json\/wp\/v2\/product\/2645","targetHints":{"allow":["GET"]}}],"collection":[{"href":"https:\/\/galaxybicycle.com\/pt\/wp-json\/wp\/v2\/product"}],"about":[{"href":"https:\/\/galaxybicycle.com\/pt\/wp-json\/wp\/v2\/types\/product"}],"replies":[{"embeddable":true,"href":"https:\/\/galaxybicycle.com\/pt\/wp-json\/wp\/v2\/comments?post=2645"}],"wp:featuredmedia":[{"embeddable":true,"href":"https:\/\/galaxybicycle.com\/pt\/wp-json\/wp\/v2\/media\/2646"}],"wp:attachment":[{"href":"https:\/\/galaxybicycle.com\/pt\/wp-json\/wp\/v2\/media?parent=2645"}],"wp:term":[{"taxonomy":"product_brand","embeddable":true,"href":"https:\/\/galaxybicycle.com\/pt\/wp-json\/wp\/v2\/product_brand?post=2645"},{"taxonomy":"product_cat","embeddable":true,"href":"https:\/\/galaxybicycle.com\/pt\/wp-json\/wp\/v2\/product_cat?post=2645"},{"taxonomy":"product_tag","embeddable":true,"href":"https:\/\/galaxybicycle.com\/pt\/wp-json\/wp\/v2\/product_tag?post=2645"}],"curies":[{"name":"wp","href":"https:\/\/api.w.org\/{rel}","templated":true}]}}