{"id":2643,"date":"2025-08-18T03:42:37","date_gmt":"2025-08-18T03:42:37","guid":{"rendered":"http:\/\/galaxybicycle.com\/?post_type=product&#038;p=2643"},"modified":"2025-09-02T10:11:08","modified_gmt":"2025-09-02T10:11:08","slug":"xc60","status":"publish","type":"product","link":"https:\/\/galaxybicycle.com\/pt\/product\/xc60\/","title":{"rendered":"Galaxy XC60 Bicicleta de montanha para adultos | Shimano de 30 velocidades com trav\u00f5es de disco hidr\u00e1ulicos"},"content":{"rendered":"<p>Leve o seu ciclismo de montanha para o pr\u00f3ximo n\u00edvel com o <strong>Bicicleta de montanha para adultos Galaxy XC60<\/strong>. Concebida para for\u00e7a, agilidade e precis\u00e3o, esta bicicleta \u00e9 perfeita para os entusiastas do ar livre que pretendem um desempenho fi\u00e1vel em trilhos acidentados, subidas \u00edngremes e descidas r\u00e1pidas.<br \/>\nO seu <strong>estrutura em liga leve<\/strong> mant\u00e9m-no resistente e f\u00e1cil de manusear, enquanto a <strong>Sistema de mudan\u00e7as Shimano de 30 velocidades<\/strong> proporciona-lhe mudan\u00e7as de velocidade suaves e versatilidade para todas as condi\u00e7\u00f5es de condu\u00e7\u00e3o. Equipado com <strong>Trav\u00f5es de disco hidr\u00e1ulicos Shimano MT200<\/strong>O XC60 assegura uma pot\u00eancia de travagem potente e consistente, mesmo em condi\u00e7\u00f5es de chuva ou lama.<br \/>\nO <strong>forquilha de suspens\u00e3o em magn\u00e9sio com coroa de liga leve e RL<\/strong> proporciona uma excelente absor\u00e7\u00e3o de choques, permitindo-lhe andar mais tempo e de forma mais confort\u00e1vel. Emparelhado com <strong>Pneus Maxxis 26\u2033x2.10\u2033<\/strong> e <strong>Cubos de disco com rolamentos de liga Joytech<\/strong>Com o Galaxy XC60, obt\u00e9m uma excelente ader\u00eancia, estabilidade e durabilidade. Quer esteja a percorrer trilhos florestais ou caminhos de montanha rochosos, o Galaxy XC60 \u00e9 o seu companheiro de confian\u00e7a para a aventura.<\/p>\n<h2>Carater\u00edsticas principais<\/h2>\n<ul>\n<li><strong>Estrutura de liga dur\u00e1vel:<\/strong> Design forte mas leve de 26\u2033x17\u2033 para estabilidade e agilidade.<\/li>\n<li><strong>Engrenagem Shimano de 30 velocidades:<\/strong> Mudan\u00e7as suaves e precisas para todos os tipos de terreno.<\/li>\n<li><strong>Trav\u00f5es de disco hidr\u00e1ulicos:<\/strong> O sistema Shimano MT200 proporciona uma pot\u00eancia de travagem fi\u00e1vel.<\/li>\n<li><strong>Suspens\u00e3o avan\u00e7ada:<\/strong> A forquilha em liga de magn\u00e9sio com coroa e RL garante conforto e controlo.<\/li>\n<li><strong>Pneus e cubos Premium:<\/strong> Os pneus Maxxis com cubos Joytech proporcionam ader\u00eancia e desempenho duradouro.<\/li>\n<li><strong>Pedaleira de qualidade:<\/strong> Manivela de liga Prowheel TEN-601-TT 24\/32\/42T com conjunto B.B fi\u00e1vel.<\/li>\n<\/ul>\n<h2>Especifica\u00e7\u00f5es<\/h2>\n<table border=\"1\" cellspacing=\"0\" cellpadding=\"8\">\n<tbody>\n<tr>\n<th>Carater\u00edstica<\/th>\n<th>Detalhes<\/th>\n<\/tr>\n<tr>\n<td>Velocidades<\/td>\n<td>30 Velocidade<\/td>\n<\/tr>\n<tr>\n<td>Moldura<\/td>\n<td>Quadro em liga leve de 26\u2033x17\u2033.<\/td>\n<\/tr>\n<tr>\n<td>Garfo<\/td>\n<td>Forquilha de suspens\u00e3o em liga leve Crown em magn\u00e9sio com RL<\/td>\n<\/tr>\n<tr>\n<td>Sistema de engrenagens<\/td>\n<td>Mudan\u00e7a Shimano SLM610 \/ Desviador dianteiro FDM610 \/ Desviador traseiro RDM610<\/td>\n<\/tr>\n<tr>\n<td>Sistema de trav\u00f5es<\/td>\n<td>Trav\u00e3o de disco hidr\u00e1ulico Shimano MT200<\/td>\n<\/tr>\n<tr>\n<td>Pneus<\/td>\n<td>Pneu Maxxis 26\u2033x2.10<\/td>\n<\/tr>\n<tr>\n<td>Cubos<\/td>\n<td>Cubo de disco com rolamento de liga leve Joytech<\/td>\n<\/tr>\n<tr>\n<td>Roda de corrente<\/td>\n<td>Proa<\/td>\n<\/tr>\n<\/tbody>\n<\/table>","protected":false},"excerpt":{"rendered":"<p>A Galaxy XC60 \u00e9 uma bicicleta de montanha para adultos de alto desempenho, constru\u00edda para ciclistas que amam a aventura. Com um quadro de liga dur\u00e1vel de 26 \u2033 x17 \u2033, sistema de engrenagem Shimano de 30 velocidades, freios a disco hidr\u00e1ulicos e suspens\u00e3o responsiva, oferece velocidade, controle e conforto em qualquer terreno.<\/p>","protected":false},"featured_media":2644,"comment_status":"open","ping_status":"closed","template":"","meta":[],"product_brand":[34],"product_cat":[15],"product_tag":[],"class_list":{"0":"post-2643","1":"product","2":"type-product","3":"status-publish","4":"has-post-thumbnail","6":"product_brand-galaxy","7":"product_cat-galaxybicycle","9":"first","10":"instock","11":"shipping-taxable","12":"product-type-simple"},"_links":{"self":[{"href":"https:\/\/galaxybicycle.com\/pt\/wp-json\/wp\/v2\/product\/2643","targetHints":{"allow":["GET"]}}],"collection":[{"href":"https:\/\/galaxybicycle.com\/pt\/wp-json\/wp\/v2\/product"}],"about":[{"href":"https:\/\/galaxybicycle.com\/pt\/wp-json\/wp\/v2\/types\/product"}],"replies":[{"embeddable":true,"href":"https:\/\/galaxybicycle.com\/pt\/wp-json\/wp\/v2\/comments?post=2643"}],"wp:featuredmedia":[{"embeddable":true,"href":"https:\/\/galaxybicycle.com\/pt\/wp-json\/wp\/v2\/media\/2644"}],"wp:attachment":[{"href":"https:\/\/galaxybicycle.com\/pt\/wp-json\/wp\/v2\/media?parent=2643"}],"wp:term":[{"taxonomy":"product_brand","embeddable":true,"href":"https:\/\/galaxybicycle.com\/pt\/wp-json\/wp\/v2\/product_brand?post=2643"},{"taxonomy":"product_cat","embeddable":true,"href":"https:\/\/galaxybicycle.com\/pt\/wp-json\/wp\/v2\/product_cat?post=2643"},{"taxonomy":"product_tag","embeddable":true,"href":"https:\/\/galaxybicycle.com\/pt\/wp-json\/wp\/v2\/product_tag?post=2643"}],"curies":[{"name":"wp","href":"https:\/\/api.w.org\/{rel}","templated":true}]}}