{"id":2641,"date":"2025-08-18T03:42:17","date_gmt":"2025-08-18T03:42:17","guid":{"rendered":"http:\/\/galaxybicycle.com\/?post_type=product&#038;p=2641"},"modified":"2025-09-02T10:10:06","modified_gmt":"2025-09-02T10:10:06","slug":"xc90","status":"publish","type":"product","link":"https:\/\/galaxybicycle.com\/pt\/product\/xc90\/","title":{"rendered":"Galaxy XC90 Bicicleta de montanha para adultos | 30 velocidades Quadro em carbono Trav\u00e3o de disco hidr\u00e1ulico Shimano"},"content":{"rendered":"<p><strong>Bicicleta de montanha para adultos Galaxy XC90<\/strong> foi concebido para os pilotos que exigem desempenho, for\u00e7a e velocidade. Constru\u00eddo com uma qualidade superior <strong>Quadro de carbono 26\u2033x16\u2033<\/strong>A bicicleta \u00e9 forte mas leve, o que a torna perfeita para subir colinas, correr em trilhos e enfrentar percursos t\u00e9cnicos. A <strong>Sistema de mudan\u00e7as Shimano de 30 velocidades<\/strong> assegura uma mudan\u00e7a de velocidades suave e precisa, proporcionando-lhe a mudan\u00e7a certa para cada situa\u00e7\u00e3o.<\/p>\n<p>Equipado com um <strong>forquilha de suspens\u00e3o em magn\u00e9sio com RL<\/strong>O Galaxy XC90 absorve os choques de forma eficaz, oferecendo conforto e estabilidade em trilhos rochosos e irregulares. O <strong>Trav\u00f5es de disco hidr\u00e1ulicos Shimano MT200<\/strong> proporcionam uma pot\u00eancia de travagem potente e reactiva, garantindo seguran\u00e7a e controlo em todas as condi\u00e7\u00f5es - fa\u00e7a chuva ou fa\u00e7a sol. O dur\u00e1vel <strong>Pneus Maxxis 26\u2033x2.10\u2033<\/strong> proporcionam uma excelente ader\u00eancia e tra\u00e7\u00e3o, enquanto os cubos de rolamentos de liga leve Joytech mant\u00eam a sua condu\u00e7\u00e3o suave e eficiente. Com um <strong>Pedal de liga leve Prowheel 24\/32\/42T<\/strong>Esta bicicleta de montanha foi concebida para a resist\u00eancia, a precis\u00e3o e a aventura.<\/p>\n<p>Quer seja um ciclista de montanha experiente ou um principiante \u00e0 procura de uma condu\u00e7\u00e3o fi\u00e1vel e profissional, o Galaxy XC90 \u00e9 o seu companheiro perfeito para explorar trilhos, florestas e montanhas. Combina tecnologia de ponta, design elegante e componentes profissionais numa s\u00f3 m\u00e1quina potente.<\/p>\n<h3>Especifica\u00e7\u00f5es<\/h3>\n<table border=\"1\" cellspacing=\"0\" cellpadding=\"6\">\n<tbody>\n<tr>\n<th>Carater\u00edstica<\/th>\n<th>Detalhes<\/th>\n<\/tr>\n<tr>\n<td>Velocidades<\/td>\n<td>30 Velocidade<\/td>\n<\/tr>\n<tr>\n<td>Moldura<\/td>\n<td>Quadro de carbono 26\u2033x16\u2033<\/td>\n<\/tr>\n<tr>\n<td>Garfo<\/td>\n<td>Forquilha de suspens\u00e3o em liga leve Crown em magn\u00e9sio com RL<\/td>\n<\/tr>\n<tr>\n<td>Sistema de engrenagens<\/td>\n<td>Shimano SLM610 Mudan\u00e7a de velocidades \/ FDM611 Desviador dianteiro \/ RDM610 Desviador traseiro<\/td>\n<\/tr>\n<tr>\n<td>Sistema de trav\u00f5es<\/td>\n<td>Trav\u00e3o de disco hidr\u00e1ulico Shimano MT200<\/td>\n<\/tr>\n<tr>\n<td>Pneus<\/td>\n<td>Maxxis 26\u2033x2.10\u2033<\/td>\n<\/tr>\n<tr>\n<td>Cubos<\/td>\n<td>Cubo de disco com rolamento de liga leve Joytech<\/td>\n<\/tr>\n<tr>\n<td>Roda de corrente<\/td>\n<td>Virabrequim de liga leve Prowheel TEN-601-TT 24\/32\/42T<\/td>\n<\/tr>\n<tr>\n<td>Conjunto B.B.<\/td>\n<td>Combinar com Crank<\/td>\n<\/tr>\n<\/tbody>\n<\/table>\n<p><em>A Galaxy XC90 - concebida para ciclistas que pretendem velocidade, controlo e a derradeira experi\u00eancia de ciclismo de montanha.<\/em><\/p>","protected":false},"excerpt":{"rendered":"<p>Leve as suas aventuras de ciclismo para o pr\u00f3ximo n\u00edvel com a Galaxy XC90 - uma bicicleta de montanha para adultos de alto desempenho constru\u00edda com um quadro de carbono leve, mudan\u00e7as Shimano de 30 velocidades e potentes trav\u00f5es de disco hidr\u00e1ulicos para o m\u00e1ximo controlo em qualquer terreno.<\/p>","protected":false},"featured_media":2642,"comment_status":"open","ping_status":"closed","template":"","meta":[],"product_brand":[34],"product_cat":[15],"product_tag":[],"class_list":{"0":"post-2641","1":"product","2":"type-product","3":"status-publish","4":"has-post-thumbnail","6":"product_brand-galaxy","7":"product_cat-galaxybicycle","9":"first","10":"instock","11":"shipping-taxable","12":"product-type-simple"},"_links":{"self":[{"href":"https:\/\/galaxybicycle.com\/pt\/wp-json\/wp\/v2\/product\/2641","targetHints":{"allow":["GET"]}}],"collection":[{"href":"https:\/\/galaxybicycle.com\/pt\/wp-json\/wp\/v2\/product"}],"about":[{"href":"https:\/\/galaxybicycle.com\/pt\/wp-json\/wp\/v2\/types\/product"}],"replies":[{"embeddable":true,"href":"https:\/\/galaxybicycle.com\/pt\/wp-json\/wp\/v2\/comments?post=2641"}],"wp:featuredmedia":[{"embeddable":true,"href":"https:\/\/galaxybicycle.com\/pt\/wp-json\/wp\/v2\/media\/2642"}],"wp:attachment":[{"href":"https:\/\/galaxybicycle.com\/pt\/wp-json\/wp\/v2\/media?parent=2641"}],"wp:term":[{"taxonomy":"product_brand","embeddable":true,"href":"https:\/\/galaxybicycle.com\/pt\/wp-json\/wp\/v2\/product_brand?post=2641"},{"taxonomy":"product_cat","embeddable":true,"href":"https:\/\/galaxybicycle.com\/pt\/wp-json\/wp\/v2\/product_cat?post=2641"},{"taxonomy":"product_tag","embeddable":true,"href":"https:\/\/galaxybicycle.com\/pt\/wp-json\/wp\/v2\/product_tag?post=2641"}],"curies":[{"name":"wp","href":"https:\/\/api.w.org\/{rel}","templated":true}]}}