{"id":2630,"date":"2025-08-18T03:40:22","date_gmt":"2025-08-18T03:40:22","guid":{"rendered":"http:\/\/galaxybicycle.com\/?post_type=product&#038;p=2630"},"modified":"2025-09-02T08:33:16","modified_gmt":"2025-09-02T08:33:16","slug":"m300e","status":"publish","type":"product","link":"https:\/\/galaxybicycle.com\/pt\/product\/m300e\/","title":{"rendered":"Velopro M300E Bicicleta el\u00e9trica de longo alcance e de alta velocidade Shimano de 27.5 \u2033 de 21 velocidades"},"content":{"rendered":"<p>Conhe\u00e7a o <strong>Velopro M300E Bicicleta el\u00e9ctrica pendular de longo alcance<\/strong>A bicicleta de montanha da marca Willys, a sua parceira ideal para desloca\u00e7\u00f5es di\u00e1rias e aventuras de fim de semana. Concebida com um quadro robusto em alum\u00ednio 6061 e uma forqueta de suspens\u00e3o em liga leve Zoom de resposta r\u00e1pida, garante estabilidade e conforto tanto nas ruas da cidade como em trilhos ligeiros.<\/p>\n<p>Equipado com um <strong>Motor traseiro Bafang 36V 250W<\/strong> e um <strong>Bateria de 36V 10.4Ah<\/strong>Esta bicicleta el\u00e9ctrica oferece uma assist\u00eancia de pot\u00eancia consistente para passeios mais longos, ajudando-o a vencer colinas e a desfrutar de viagens longas sem suar. A <strong>Desviador Shimano de 21 velocidades<\/strong> proporciona-lhe um controlo vers\u00e1til, quer necessite de uma velocidade de cruzeiro suave ou de uma pot\u00eancia de subida extra.<\/p>\n<p>A seguran\u00e7a \u00e9 priorit\u00e1ria com <strong>Trav\u00f5es de disco mec\u00e2nicos Logan<\/strong> para um poder de travagem fi\u00e1vel em todas as condi\u00e7\u00f5es, enquanto o <strong>Pneus CST 27,5\" x 1,95<\/strong> proporcionam uma excelente ader\u00eancia e conforto. Com um ecr\u00e3 LCD de f\u00e1cil leitura, pode acompanhar a velocidade, a dura\u00e7\u00e3o da bateria e os n\u00edveis de assist\u00eancia num relance.<\/p>\n<p>Se est\u00e1 \u00e0 procura de um <strong>eBike fi\u00e1vel, elegante e de longo alcance para desloca\u00e7\u00f5es pendulares<\/strong> que equilibra acessibilidade e desempenho, o Velopro M300E \u00e9 a sua escolha de elei\u00e7\u00e3o. Viaje mais longe, de forma mais inteligente e torne cada viagem mais agrad\u00e1vel.<\/p>\n<h2>Especifica\u00e7\u00f5es<\/h2>\n<table border=\"1\" cellspacing=\"0\" cellpadding=\"6\">\n<tbody>\n<tr>\n<th>Componente<\/th>\n<th>Detalhes<\/th>\n<\/tr>\n<tr>\n<td>Moldura<\/td>\n<td>Alum\u00ednio 6061#, 27,5 x 470 mm High-Step<\/td>\n<\/tr>\n<tr>\n<td>Garfo<\/td>\n<td>Garfo de suspens\u00e3o de coroa de liga leve Zoom 27.5 \u2033 com HLO<\/td>\n<\/tr>\n<tr>\n<td>Carreto<\/td>\n<td>Shimano 21 velocidades<\/td>\n<\/tr>\n<tr>\n<td>Trav\u00e3o<\/td>\n<td>Trav\u00e3o de disco mec\u00e2nico Logan<\/td>\n<\/tr>\n<tr>\n<td>Pneu<\/td>\n<td>CST 27,5\u2033 (650B) x 1,95<\/td>\n<\/tr>\n<tr>\n<td>Ecr\u00e3<\/td>\n<td>LCD<\/td>\n<\/tr>\n<tr>\n<td>Motor<\/td>\n<td>Motor traseiro Bafang 36V x 250W<\/td>\n<\/tr>\n<tr>\n<td>Bateria<\/td>\n<td>36V 10.4Ah (bateria chinesa)<\/td>\n<\/tr>\n<\/tbody>\n<\/table>","protected":false},"excerpt":{"rendered":"<p>A Velopro M300E foi concebida para ciclistas que pretendem um desempenho fi\u00e1vel, conforto e autonomia. Com um quadro de 27,5\", mudan\u00e7as Shimano de 21 velocidades e um potente motor traseiro Bafang, esta eBike pendular torna os passeios na cidade e as viagens longas suaves, eficientes e agrad\u00e1veis.<\/p>","protected":false},"featured_media":2631,"comment_status":"open","ping_status":"closed","template":"","meta":[],"product_brand":[35],"product_cat":[31,27,38],"product_tag":[],"class_list":{"0":"post-2630","1":"product","2":"type-product","3":"status-publish","4":"has-post-thumbnail","6":"product_brand-velopro","7":"product_cat-mountain-ebike","8":"product_cat-city-ebike","9":"product_cat-velopro-electric-bikes","11":"first","12":"instock","13":"shipping-taxable","14":"product-type-simple"},"_links":{"self":[{"href":"https:\/\/galaxybicycle.com\/pt\/wp-json\/wp\/v2\/product\/2630","targetHints":{"allow":["GET"]}}],"collection":[{"href":"https:\/\/galaxybicycle.com\/pt\/wp-json\/wp\/v2\/product"}],"about":[{"href":"https:\/\/galaxybicycle.com\/pt\/wp-json\/wp\/v2\/types\/product"}],"replies":[{"embeddable":true,"href":"https:\/\/galaxybicycle.com\/pt\/wp-json\/wp\/v2\/comments?post=2630"}],"wp:featuredmedia":[{"embeddable":true,"href":"https:\/\/galaxybicycle.com\/pt\/wp-json\/wp\/v2\/media\/2631"}],"wp:attachment":[{"href":"https:\/\/galaxybicycle.com\/pt\/wp-json\/wp\/v2\/media?parent=2630"}],"wp:term":[{"taxonomy":"product_brand","embeddable":true,"href":"https:\/\/galaxybicycle.com\/pt\/wp-json\/wp\/v2\/product_brand?post=2630"},{"taxonomy":"product_cat","embeddable":true,"href":"https:\/\/galaxybicycle.com\/pt\/wp-json\/wp\/v2\/product_cat?post=2630"},{"taxonomy":"product_tag","embeddable":true,"href":"https:\/\/galaxybicycle.com\/pt\/wp-json\/wp\/v2\/product_tag?post=2630"}],"curies":[{"name":"wp","href":"https:\/\/api.w.org\/{rel}","templated":true}]}}