{"id":2626,"date":"2025-08-18T03:39:37","date_gmt":"2025-08-18T03:39:37","guid":{"rendered":"http:\/\/galaxybicycle.com\/?post_type=product&#038;p=2626"},"modified":"2025-09-02T09:05:13","modified_gmt":"2025-09-02T09:05:13","slug":"m700e","status":"publish","type":"product","link":"https:\/\/galaxybicycle.com\/pt\/product\/m700e\/","title":{"rendered":"Velopro M700E Bicicleta el\u00e9trica de longo alcance e de alta velocidade Shimano de 27.5 \u2033 de 8 velocidades"},"content":{"rendered":"<p><strong>Velopro M700E Bicicleta el\u00e9ctrica de longo curso e de elevado passo<\/strong> foi concebida para ciclistas que valorizam o desempenho, o conforto e o estilo. Quer se desloque para o trabalho, fa\u00e7a recados ou desfrute de passeios de fim de semana, esta bicicleta el\u00e9ctrica combina tecnologia moderna com uma constru\u00e7\u00e3o s\u00f3lida para tornar cada viagem agrad\u00e1vel e sem stress.<\/p>\n<p>O seu peso leve <strong>Estrutura em liga de alum\u00ednio 6061<\/strong> garante a durabilidade, mantendo a condu\u00e7\u00e3o f\u00e1cil de manusear. O <strong>Forquilha de suspens\u00e3o com coroa de liga leve ZOOM<\/strong> absorve os solavancos e as estradas irregulares, proporcionando-lhe uma condu\u00e7\u00e3o suave. Equipado com um <strong>Desviador Shimano de 8 velocidades<\/strong>O M700E permite-lhe adaptar-se rapidamente \u00e0s mudan\u00e7as de terreno - quer se trate de uma rua plana da cidade ou de um caminho acidentado.<\/p>\n<p>Para um poder de travagem seguro e reativo, a bicicleta possui <strong>Trav\u00f5es de disco mec\u00e2nicos ZOOM<\/strong>O seu sistema de prote\u00e7\u00e3o contra as intemp\u00e9ries \u00e9 muito simples, proporcionando-lhe confian\u00e7a em todas as condi\u00e7\u00f5es climat\u00e9ricas. O <strong>Pneus CST 27,5\" x 2,35<\/strong> proporcionam uma excelente ader\u00eancia e estabilidade, perfeitas tanto para estradas pavimentadas como para trilhos ligeiros. O <strong>motor do cubo traseiro (36V 250W)<\/strong> d\u00e1-lhe aquele impulso extra quando necess\u00e1rio, alimentado por um <strong>Bateria de 36V 10.4Ah<\/strong> que apoia as desloca\u00e7\u00f5es de longa dist\u00e2ncia.<\/p>\n<p>O <strong>Ecr\u00e3 LCD<\/strong> mant\u00e9m-no informado com actualiza\u00e7\u00f5es em tempo real sobre a velocidade, a dura\u00e7\u00e3o da bateria e o modo de condu\u00e7\u00e3o, assegurando-lhe o controlo durante toda a viagem. Com o seu design de alta velocidade, a Velopro M700E \u00e9 uma mistura ideal de pot\u00eancia, resist\u00eancia e praticidade quotidiana.<\/p>\n<h3>Especifica\u00e7\u00f5es<\/h3>\n<table border=\"1\" cellspacing=\"0\" cellpadding=\"6\">\n<tbody>\n<tr>\n<th>Carater\u00edstica<\/th>\n<th>Detalhes<\/th>\n<\/tr>\n<tr>\n<td>Moldura<\/td>\n<td>Liga de alum\u00ednio 6061#, 27,5 x 18<\/td>\n<\/tr>\n<tr>\n<td>Garfo<\/td>\n<td>Garfo de suspens\u00e3o de coroa de liga leve ZOOM 27.5 \u2033 com HLO<\/td>\n<\/tr>\n<tr>\n<td>Carreto<\/td>\n<td>Shimano 8 velocidades<\/td>\n<\/tr>\n<tr>\n<td>Trav\u00f5es<\/td>\n<td>ZOOM Trav\u00e3o de disco mec\u00e2nico<\/td>\n<\/tr>\n<tr>\n<td>Pneus<\/td>\n<td>CST 27,5\u2033 x 2,35<\/td>\n<\/tr>\n<tr>\n<td>Ecr\u00e3<\/td>\n<td>Ecr\u00e3 LCD<\/td>\n<\/tr>\n<tr>\n<td>Motor<\/td>\n<td>Motor de cubo traseiro 36V 250W<\/td>\n<\/tr>\n<tr>\n<td>Bateria<\/td>\n<td>36V 10.4Ah (bateria chinesa)<\/td>\n<\/tr>\n<\/tbody>\n<\/table>","protected":false},"excerpt":{"rendered":"<p>A Velopro M700E \u00e9 uma eBike fi\u00e1vel e de longo alcance, concebida para passeios suaves nas ruas da cidade e n\u00e3o s\u00f3. Com o seu quadro de alum\u00ednio de passo elevado, mudan\u00e7as Shimano de 8 velocidades, forquilha de suspens\u00e3o e potente motor de 36V, foi concebida para conforto, controlo e aventuras di\u00e1rias.<\/p>","protected":false},"featured_media":2627,"comment_status":"open","ping_status":"closed","template":"","meta":[],"product_brand":[35],"product_cat":[27,31,38],"product_tag":[],"class_list":{"0":"post-2626","1":"product","2":"type-product","3":"status-publish","4":"has-post-thumbnail","6":"product_brand-velopro","7":"product_cat-city-ebike","8":"product_cat-mountain-ebike","9":"product_cat-velopro-electric-bikes","11":"first","12":"instock","13":"shipping-taxable","14":"product-type-simple"},"_links":{"self":[{"href":"https:\/\/galaxybicycle.com\/pt\/wp-json\/wp\/v2\/product\/2626","targetHints":{"allow":["GET"]}}],"collection":[{"href":"https:\/\/galaxybicycle.com\/pt\/wp-json\/wp\/v2\/product"}],"about":[{"href":"https:\/\/galaxybicycle.com\/pt\/wp-json\/wp\/v2\/types\/product"}],"replies":[{"embeddable":true,"href":"https:\/\/galaxybicycle.com\/pt\/wp-json\/wp\/v2\/comments?post=2626"}],"wp:featuredmedia":[{"embeddable":true,"href":"https:\/\/galaxybicycle.com\/pt\/wp-json\/wp\/v2\/media\/2627"}],"wp:attachment":[{"href":"https:\/\/galaxybicycle.com\/pt\/wp-json\/wp\/v2\/media?parent=2626"}],"wp:term":[{"taxonomy":"product_brand","embeddable":true,"href":"https:\/\/galaxybicycle.com\/pt\/wp-json\/wp\/v2\/product_brand?post=2626"},{"taxonomy":"product_cat","embeddable":true,"href":"https:\/\/galaxybicycle.com\/pt\/wp-json\/wp\/v2\/product_cat?post=2626"},{"taxonomy":"product_tag","embeddable":true,"href":"https:\/\/galaxybicycle.com\/pt\/wp-json\/wp\/v2\/product_tag?post=2626"}],"curies":[{"name":"wp","href":"https:\/\/api.w.org\/{rel}","templated":true}]}}