{"id":2624,"date":"2025-08-18T03:39:16","date_gmt":"2025-08-18T03:39:16","guid":{"rendered":"http:\/\/galaxybicycle.com\/?post_type=product&#038;p=2624"},"modified":"2025-09-02T09:04:15","modified_gmt":"2025-09-02T09:04:15","slug":"m800e","status":"publish","type":"product","link":"https:\/\/galaxybicycle.com\/pt\/product\/m800e\/","title":{"rendered":"Velopro M800E Bicicleta el\u00e9trica de pneu gordo todo-o-terreno | 26 \u2033 x 4.0 \u2033 Adventure eBike"},"content":{"rendered":"<p><strong>Velopro M800E Bicicleta eletr\u00f3nica de aventura todo-o-terreno<\/strong> foi concebida para o levar para al\u00e9m dos limites do ciclismo normal. Quer esteja a explorar trilhos acidentados, praias arenosas ou caminhos nevados, esta e-bike de pneus gordos oferece estabilidade, ader\u00eancia e pot\u00eancia em cada pedalada. Equipada com um fi\u00e1vel <strong>Motor traseiro Bafang 36V 250W<\/strong> e um <strong>Bateria de 36V 10.4Ah<\/strong>A sua tecnologia de ponta, que proporciona o equil\u00edbrio perfeito entre desempenho e efici\u00eancia para desloca\u00e7\u00f5es di\u00e1rias e aventuras de fim de semana.<\/p>\n<p>O forte <strong>Estrutura em liga de alum\u00ednio 6061<\/strong> \u00e9 combinado com uma forquilha de a\u00e7o dur\u00e1vel, dando-lhe confian\u00e7a em terrenos irregulares. Larga <strong>Pneus gordos Chaoyang 26\u00d74.0<\/strong> melhoram a tra\u00e7\u00e3o e absorvem os choques, garantindo conforto em qualquer superf\u00edcie. Com <strong>Engrenagens Shimano de 8 velocidades<\/strong>Com o sistema de travagem, os condutores podem adaptar-se facilmente a estradas urbanas planas ou a subidas \u00edngremes fora de estrada. A pot\u00eancia de travagem \u00e9 assegurada por <strong>Trav\u00f5es de disco mec\u00e2nicos Zoom<\/strong>A sua capacidade de controlo \u00e9 consistente em todas as condi\u00e7\u00f5es meteorol\u00f3gicas.<\/p>\n<p>Para maior comodidade, o <strong>Ecr\u00e3 LCD<\/strong> mant\u00e9m-no atualizado com a velocidade, dist\u00e2ncia e dura\u00e7\u00e3o da bateria, facilitando o planeamento dos seus passeios. Quer seja um viajante pendular, um explorador ou um guerreiro de fim de semana, a Velopro M800E \u00e9 o seu parceiro fi\u00e1vel para aventuras em todo o terreno.<\/p>\n<h3>Especifica\u00e7\u00f5es<\/h3>\n<table border=\"1\" cellspacing=\"0\" cellpadding=\"6\">\n<tbody>\n<tr>\n<th>Carater\u00edstica<\/th>\n<th>Detalhes<\/th>\n<\/tr>\n<tr>\n<td>Moldura<\/td>\n<td>Liga de alum\u00ednio 6061, 26 x 457 mm<\/td>\n<\/tr>\n<tr>\n<td>Garfo<\/td>\n<td>Forquilha de a\u00e7o de 26<\/td>\n<\/tr>\n<tr>\n<td>Carreto<\/td>\n<td>Shimano 8 velocidades<\/td>\n<\/tr>\n<tr>\n<td>Trav\u00f5es<\/td>\n<td>Trav\u00f5es de disco mec\u00e2nicos Zoom<\/td>\n<\/tr>\n<tr>\n<td>Pneus<\/td>\n<td>Pneus gordos Chaoyang 26\" x 4.0\"<\/td>\n<\/tr>\n<tr>\n<td>Ecr\u00e3<\/td>\n<td>Ecr\u00e3 LCD<\/td>\n<\/tr>\n<tr>\n<td>Motor<\/td>\n<td>Motor de cubo traseiro 36V 250W<\/td>\n<\/tr>\n<tr>\n<td>Bateria<\/td>\n<td>Bateria de l\u00edtio de 36V 10.4Ah<\/td>\n<\/tr>\n<\/tbody>\n<\/table>","protected":false},"excerpt":{"rendered":"<p>Conquiste todos os trilhos com a eBike todo-o-terreno Velopro M800E. Constru\u00edda de forma robusta com um quadro de alum\u00ednio leve, pneus gordos de 26 \"x4.0\" e mudan\u00e7as Shimano de 8 velocidades, esta potente bicicleta el\u00e9ctrica para desloca\u00e7\u00f5es di\u00e1rias e aventuras combina conforto, controlo e resist\u00eancia para os ciclistas que adoram o ar livre.<\/p>","protected":false},"featured_media":2625,"comment_status":"open","ping_status":"closed","template":"","meta":[],"product_brand":[35],"product_cat":[28,31,38],"product_tag":[],"class_list":{"0":"post-2624","1":"product","2":"type-product","3":"status-publish","4":"has-post-thumbnail","6":"product_brand-velopro","7":"product_cat-fat-tire-ebike","8":"product_cat-mountain-ebike","9":"product_cat-velopro-electric-bikes","11":"first","12":"instock","13":"shipping-taxable","14":"product-type-simple"},"_links":{"self":[{"href":"https:\/\/galaxybicycle.com\/pt\/wp-json\/wp\/v2\/product\/2624","targetHints":{"allow":["GET"]}}],"collection":[{"href":"https:\/\/galaxybicycle.com\/pt\/wp-json\/wp\/v2\/product"}],"about":[{"href":"https:\/\/galaxybicycle.com\/pt\/wp-json\/wp\/v2\/types\/product"}],"replies":[{"embeddable":true,"href":"https:\/\/galaxybicycle.com\/pt\/wp-json\/wp\/v2\/comments?post=2624"}],"wp:featuredmedia":[{"embeddable":true,"href":"https:\/\/galaxybicycle.com\/pt\/wp-json\/wp\/v2\/media\/2625"}],"wp:attachment":[{"href":"https:\/\/galaxybicycle.com\/pt\/wp-json\/wp\/v2\/media?parent=2624"}],"wp:term":[{"taxonomy":"product_brand","embeddable":true,"href":"https:\/\/galaxybicycle.com\/pt\/wp-json\/wp\/v2\/product_brand?post=2624"},{"taxonomy":"product_cat","embeddable":true,"href":"https:\/\/galaxybicycle.com\/pt\/wp-json\/wp\/v2\/product_cat?post=2624"},{"taxonomy":"product_tag","embeddable":true,"href":"https:\/\/galaxybicycle.com\/pt\/wp-json\/wp\/v2\/product_tag?post=2624"}],"curies":[{"name":"wp","href":"https:\/\/api.w.org\/{rel}","templated":true}]}}