{"id":2622,"date":"2025-08-18T03:38:58","date_gmt":"2025-08-18T03:38:58","guid":{"rendered":"http:\/\/galaxybicycle.com\/?post_type=product&#038;p=2622"},"modified":"2025-09-02T09:03:30","modified_gmt":"2025-09-02T09:03:30","slug":"m900e","status":"publish","type":"product","link":"https:\/\/galaxybicycle.com\/pt\/product\/m900e\/","title":{"rendered":"Velopro M900E Bicicleta el\u00e9trica de longo alcance e de alto passo para o viajante | Rodas de 27.5 \u2033, Shimano de 10 velocidades, freios a disco hidr\u00e1ulicos"},"content":{"rendered":"<p><strong>Velopro M900E Bicicleta el\u00e9ctrica de longo curso e de elevado passo<\/strong> foi concebida para lhe proporcionar a combina\u00e7\u00e3o perfeita de pot\u00eancia, conforto e controlo. As suas rodas de 27,5 polegadas com pneus CST proporcionam uma excelente estabilidade, enquanto a forquilha de suspens\u00e3o Suntour com coroa de liga leve suaviza os caminhos dif\u00edceis. Equipada com um <strong>Motor traseiro BAFANG 36V 250W<\/strong>O sistema de assist\u00eancia \u00e9 fi\u00e1vel e permite subir colinas e fazer longas viagens sem esfor\u00e7o.<\/p>\n<p>Esta eBike \u00e9 alimentada por um <strong>Bateria de l\u00edtio de 36V 10.4Ah<\/strong> que o mant\u00e9m em funcionamento durante longas desloca\u00e7\u00f5es, reduzindo a necessidade de carregamentos frequentes. Com <strong>Engrenagem Shimano de 10 velocidades<\/strong>O sistema de controlo de velocidade da sua viatura, que permite um ajuste suave a diferentes terrenos, quer esteja a percorrer as ruas da cidade ou a enfrentar percursos montanhosos. O <strong>Trav\u00f5es de disco hidr\u00e1ulicos Zoom<\/strong> asseguram uma pot\u00eancia de travagem segura e reactiva em todas as condi\u00e7\u00f5es.<\/p>\n<p>Quer esteja a deslocar-se para o trabalho, a fazer recados ou a explorar novos trilhos, o Velopro M900E foi concebido para o acompanhar em todas as viagens com conforto, desempenho e fiabilidade.<\/p>\n<h3>Especifica\u00e7\u00f5es<\/h3>\n<table border=\"1\" cellspacing=\"0\" cellpadding=\"6\">\n<tbody>\n<tr>\n<th>Carater\u00edstica<\/th>\n<th>Especifica\u00e7\u00e3o<\/th>\n<\/tr>\n<tr>\n<td>Moldura<\/td>\n<td>AL, 6061#, 27,5*500MM<\/td>\n<\/tr>\n<tr>\n<td>Garfo<\/td>\n<td>Forquilha de suspens\u00e3o Suntour 27.5\u2033 Alloy Crown com HLO<\/td>\n<\/tr>\n<tr>\n<td>Carreto<\/td>\n<td>Shimano 10 velocidades<\/td>\n<\/tr>\n<tr>\n<td>Trav\u00f5es<\/td>\n<td>Trav\u00f5es de disco hidr\u00e1ulicos Zoom<\/td>\n<\/tr>\n<tr>\n<td>Pneus<\/td>\n<td>CST 27,5\u2033 x 2,35<\/td>\n<\/tr>\n<tr>\n<td>Ecr\u00e3<\/td>\n<td>LCD<\/td>\n<\/tr>\n<tr>\n<td>Motor<\/td>\n<td>Motor traseiro Bafang 36V*250W<\/td>\n<\/tr>\n<tr>\n<td>Bateria<\/td>\n<td>Bateria de l\u00edtio 36V*10.4Ah<\/td>\n<\/tr>\n<\/tbody>\n<\/table>","protected":false},"excerpt":{"rendered":"<p>A Velopro M900E foi concebida para ciclistas que pretendem uma condu\u00e7\u00e3o suave, potente e eficiente todos os dias. Com um motor traseiro Bafang, uma bateria de longa dura\u00e7\u00e3o, mudan\u00e7as Shimano de 10 velocidades e trav\u00f5es de disco hidr\u00e1ulicos, esta eBike de alta velocidade \u00e9 perfeita para viagens de longa dist\u00e2ncia e desloca\u00e7\u00f5es di\u00e1rias.<\/p>","protected":false},"featured_media":2623,"comment_status":"open","ping_status":"closed","template":"","meta":[],"product_brand":[35],"product_cat":[27,31,38],"product_tag":[],"class_list":{"0":"post-2622","1":"product","2":"type-product","3":"status-publish","4":"has-post-thumbnail","6":"product_brand-velopro","7":"product_cat-city-ebike","8":"product_cat-mountain-ebike","9":"product_cat-velopro-electric-bikes","11":"first","12":"instock","13":"shipping-taxable","14":"product-type-simple"},"_links":{"self":[{"href":"https:\/\/galaxybicycle.com\/pt\/wp-json\/wp\/v2\/product\/2622","targetHints":{"allow":["GET"]}}],"collection":[{"href":"https:\/\/galaxybicycle.com\/pt\/wp-json\/wp\/v2\/product"}],"about":[{"href":"https:\/\/galaxybicycle.com\/pt\/wp-json\/wp\/v2\/types\/product"}],"replies":[{"embeddable":true,"href":"https:\/\/galaxybicycle.com\/pt\/wp-json\/wp\/v2\/comments?post=2622"}],"wp:featuredmedia":[{"embeddable":true,"href":"https:\/\/galaxybicycle.com\/pt\/wp-json\/wp\/v2\/media\/2623"}],"wp:attachment":[{"href":"https:\/\/galaxybicycle.com\/pt\/wp-json\/wp\/v2\/media?parent=2622"}],"wp:term":[{"taxonomy":"product_brand","embeddable":true,"href":"https:\/\/galaxybicycle.com\/pt\/wp-json\/wp\/v2\/product_brand?post=2622"},{"taxonomy":"product_cat","embeddable":true,"href":"https:\/\/galaxybicycle.com\/pt\/wp-json\/wp\/v2\/product_cat?post=2622"},{"taxonomy":"product_tag","embeddable":true,"href":"https:\/\/galaxybicycle.com\/pt\/wp-json\/wp\/v2\/product_tag?post=2622"}],"curies":[{"name":"wp","href":"https:\/\/api.w.org\/{rel}","templated":true}]}}