{"id":2600,"date":"2025-08-18T03:35:07","date_gmt":"2025-08-18T03:35:07","guid":{"rendered":"http:\/\/galaxybicycle.com\/?post_type=product&#038;p=2600"},"modified":"2025-09-02T09:16:42","modified_gmt":"2025-09-02T09:16:42","slug":"c700e-2","status":"publish","type":"product","link":"https:\/\/galaxybicycle.com\/pt\/product\/c700e-2\/","title":{"rendered":"Velopro C700E Bicicleta el\u00e9ctrica de longo alcance com motor potente de 750W e conforto de condu\u00e7\u00e3o"},"content":{"rendered":"<p>Descobrir o <strong>Velopro C700E Bicicleta el\u00e9ctrica de longo curso para desloca\u00e7\u00e3o pendular Step-Thru<\/strong> - uma mistura perfeita de pot\u00eancia, conforto e estilo. Quer esteja a deslocar-se para o trabalho, a fazer recados ou a explorar novos caminhos, esta eBike torna cada viagem suave e agrad\u00e1vel.<\/p>\n<p>Com a sua <strong>Motor traseiro de bin\u00e1rio elevado de 48V 750W<\/strong>O sistema de controlo de velocidade da bateria, que permite uma acelera\u00e7\u00e3o sem esfor\u00e7o e um desempenho constante, mesmo em terrenos dif\u00edceis. O <strong>conce\u00e7\u00e3o por etapas<\/strong> garante uma montagem e desmontagem f\u00e1ceis, tornando-a f\u00e1cil para principiantes e pr\u00e1tica para ciclistas de todas as idades.<\/p>\n<p>Equipado com <strong>Pneus gordos Chaoyang 26\u2033 x 4.0\u2033<\/strong> e um <strong>forquilha de suspens\u00e3o dianteira com MLO (Mechanical Lock Out)<\/strong>O C700E oferece estabilidade e conforto em estradas, gravilha ou neve. O <strong>Desviador Shimano de 7 velocidades<\/strong> oferece-lhe op\u00e7\u00f5es de condu\u00e7\u00e3o vers\u00e1teis, enquanto o <strong>trav\u00f5es de disco mec\u00e2nicos<\/strong> asseguram um poder de travagem seguro em todas as condi\u00e7\u00f5es.<\/p>\n<p>Mantenha-se ligado a um <strong>ecr\u00e3 colorido<\/strong> que monitoriza a sua velocidade, n\u00edvel de bateria e dist\u00e2ncia, para que tenha sempre o controlo da sua viagem. Com o apoio de um <strong>Bateria de 48V 13Ah<\/strong>O sistema de navega\u00e7\u00e3o por sat\u00e9lite, que permite desfrutar de passeios de longa dura\u00e7\u00e3o sem necessidade de recarga constante.<\/p>\n<p>A Velopro C700E foi constru\u00edda de forma robusta com uma estrutura de a\u00e7o dur\u00e1vel, mas foi concebida para lhe proporcionar puro prazer de condu\u00e7\u00e3o - quer esteja a deslocar-se para o trabalho ou a explorar o ar livre.<\/p>\n<h2>Especifica\u00e7\u00f5es<\/h2>\n<table border=\"1\" cellspacing=\"0\" cellpadding=\"8\">\n<tbody>\n<tr>\n<th>Carater\u00edstica<\/th>\n<th>Detalhes<\/th>\n<\/tr>\n<tr>\n<td>Moldura<\/td>\n<td>Estrutura de a\u00e7o de 26\u2033 com degrau<\/td>\n<\/tr>\n<tr>\n<td>Garfo<\/td>\n<td>Forquilha de suspens\u00e3o de 26\u2033 com MLO e coroa de liga leve<\/td>\n<\/tr>\n<tr>\n<td>Carreto<\/td>\n<td>Shimano 7 velocidades<\/td>\n<\/tr>\n<tr>\n<td>Trav\u00f5es<\/td>\n<td>Trav\u00e3o de disco mec\u00e2nico<\/td>\n<\/tr>\n<tr>\n<td>Pneus<\/td>\n<td>Pneus gordos Chaoyang 26\u2033 x 4.0\u2033<\/td>\n<\/tr>\n<tr>\n<td>Ecr\u00e3<\/td>\n<td>Ecr\u00e3 LCD colorido<\/td>\n<\/tr>\n<tr>\n<td>Motor<\/td>\n<td>Motor de cubo traseiro 48V 750W<\/td>\n<\/tr>\n<\/tbody>\n<\/table>","protected":false},"excerpt":{"rendered":"<p>A Velopro C700E \u00e9 a sua eBike passo a passo de longo alcance. Com um motor traseiro de 48V 750W, uma estrutura de a\u00e7o passo a passo confort\u00e1vel, pneus gordos de 26 \"x 4.0\" e uma bateria de 13Ah, ele foi projetado para passeios di\u00e1rios e trilhas aventureiras.<\/p>","protected":false},"featured_media":2601,"comment_status":"open","ping_status":"closed","template":"","meta":[],"product_brand":[35],"product_cat":[27,28,38],"product_tag":[],"class_list":{"0":"post-2600","1":"product","2":"type-product","3":"status-publish","4":"has-post-thumbnail","6":"product_brand-velopro","7":"product_cat-city-ebike","8":"product_cat-fat-tire-ebike","9":"product_cat-velopro-electric-bikes","11":"first","12":"instock","13":"shipping-taxable","14":"purchasable","15":"product-type-simple"},"_links":{"self":[{"href":"https:\/\/galaxybicycle.com\/pt\/wp-json\/wp\/v2\/product\/2600","targetHints":{"allow":["GET"]}}],"collection":[{"href":"https:\/\/galaxybicycle.com\/pt\/wp-json\/wp\/v2\/product"}],"about":[{"href":"https:\/\/galaxybicycle.com\/pt\/wp-json\/wp\/v2\/types\/product"}],"replies":[{"embeddable":true,"href":"https:\/\/galaxybicycle.com\/pt\/wp-json\/wp\/v2\/comments?post=2600"}],"wp:featuredmedia":[{"embeddable":true,"href":"https:\/\/galaxybicycle.com\/pt\/wp-json\/wp\/v2\/media\/2601"}],"wp:attachment":[{"href":"https:\/\/galaxybicycle.com\/pt\/wp-json\/wp\/v2\/media?parent=2600"}],"wp:term":[{"taxonomy":"product_brand","embeddable":true,"href":"https:\/\/galaxybicycle.com\/pt\/wp-json\/wp\/v2\/product_brand?post=2600"},{"taxonomy":"product_cat","embeddable":true,"href":"https:\/\/galaxybicycle.com\/pt\/wp-json\/wp\/v2\/product_cat?post=2600"},{"taxonomy":"product_tag","embeddable":true,"href":"https:\/\/galaxybicycle.com\/pt\/wp-json\/wp\/v2\/product_tag?post=2600"}],"curies":[{"name":"wp","href":"https:\/\/api.w.org\/{rel}","templated":true}]}}