{"id":2596,"date":"2025-08-18T03:34:28","date_gmt":"2025-08-18T03:34:28","guid":{"rendered":"http:\/\/galaxybicycle.com\/?post_type=product&#038;p=2596"},"modified":"2025-09-02T09:17:25","modified_gmt":"2025-09-02T09:17:25","slug":"b100e","status":"publish","type":"product","link":"https:\/\/galaxybicycle.com\/pt\/product\/b100e\/","title":{"rendered":"Velopro B100E Urban Elegance City e-Bike | 500W Bicicleta el\u00e9ctrica de desloca\u00e7\u00e3o urbana potente"},"content":{"rendered":"<p>O <strong>Velopro B100E Bicicleta el\u00e9ctrica urbana elegante<\/strong> combina um design moderno com um desempenho fi\u00e1vel, tornando-a a companheira ideal para os ciclistas urbanos. Quer esteja a deslocar-se para o trabalho, a fazer recados ou a explorar as ruas da cidade, esta e-bike garante sempre uma condu\u00e7\u00e3o suave e agrad\u00e1vel.<\/p>\n<p>Constru\u00eddo com uma estrutura de alum\u00ednio AL6061# dur\u00e1vel e equipado com um <strong>Motor traseiro Bafang de 500W<\/strong>O Velopro B100E d\u00e1-lhe a pot\u00eancia de que necessita para acelerar e subir sem esfor\u00e7o. O <strong>Desviador Shimano de 7 velocidades<\/strong> permite uma mudan\u00e7a de velocidades flex\u00edvel, enquanto o <strong>Trav\u00f5es de disco mec\u00e2nicos Zoom<\/strong> proporcionam um poder de travagem seguro e reativo.<\/p>\n<p>O seu <strong>Pneus gordos Chaoyang 26\u2033x4.0\u2033<\/strong> proporcionam estabilidade e ader\u00eancia extra, dando-lhe confian\u00e7a tanto no pavimento liso como em caminhos ligeiros fora de estrada. A leitura f\u00e1cil de <strong>Ecr\u00e3 LCD<\/strong> mant\u00e9m-no informado sobre a sua velocidade, dura\u00e7\u00e3o da bateria e estat\u00edsticas de condu\u00e7\u00e3o, enquanto a bateria de 36V 10.4Ah garante uma autonomia fi\u00e1vel para os passeios di\u00e1rios na cidade.<\/p>\n<p>Com o seu design elegante, carater\u00edsticas pr\u00e1ticas e desempenho fi\u00e1vel, a Velopro B100E \u00e9 mais do que uma simples bicicleta el\u00e9ctrica - \u00e9 uma forma mais inteligente, mais ecol\u00f3gica e mais elegante de se deslocar pela cidade.<\/p>\n<h3>Especifica\u00e7\u00f5es<\/h3>\n<table border=\"1\" cellspacing=\"0\" cellpadding=\"8\">\n<tbody>\n<tr>\n<th>Carater\u00edstica<\/th>\n<th>Detalhes<\/th>\n<\/tr>\n<tr>\n<td>Moldura<\/td>\n<td>AL,6061#, 26\u2033 x 440MM<\/td>\n<\/tr>\n<tr>\n<td>Garfo<\/td>\n<td>Forquilha de a\u00e7o de 26<\/td>\n<\/tr>\n<tr>\n<td>Carreto<\/td>\n<td>Shimano 7 velocidades<\/td>\n<\/tr>\n<tr>\n<td>Trav\u00f5es<\/td>\n<td>Trav\u00f5es de disco mec\u00e2nicos Zoom<\/td>\n<\/tr>\n<tr>\n<td>Pneus<\/td>\n<td>Pneus gordos Chaoyang 26\u2033 x 4.0\u2033<\/td>\n<\/tr>\n<tr>\n<td>Ecr\u00e3<\/td>\n<td>Ecr\u00e3 LCD<\/td>\n<\/tr>\n<tr>\n<td>Motor<\/td>\n<td>Motor traseiro Bafang 48V 500W<\/td>\n<\/tr>\n<tr>\n<td>Bateria<\/td>\n<td>36V 10.4Ah (bateria chinesa)<\/td>\n<\/tr>\n<\/tbody>\n<\/table>","protected":false},"excerpt":{"rendered":"<p>A Velopro B100E \u00e9 uma e-bike urbana elegante e poderosa, projetada para passeios urbanos suaves. Equipado com um motor Bafang de 500W, engrenagens Shimano de 7 velocidades e pneus gordos de 26 \u2033 x4.0 \u2033, oferece a combina\u00e7\u00e3o perfeita de conforto, controle e desempenho para deslocamentos di\u00e1rios ou ciclismo de lazer.<\/p>","protected":false},"featured_media":2597,"comment_status":"open","ping_status":"closed","template":"","meta":[],"product_brand":[35],"product_cat":[27,28,38],"product_tag":[],"class_list":{"0":"post-2596","1":"product","2":"type-product","3":"status-publish","4":"has-post-thumbnail","6":"product_brand-velopro","7":"product_cat-city-ebike","8":"product_cat-fat-tire-ebike","9":"product_cat-velopro-electric-bikes","11":"first","12":"instock","13":"shipping-taxable","14":"product-type-simple"},"_links":{"self":[{"href":"https:\/\/galaxybicycle.com\/pt\/wp-json\/wp\/v2\/product\/2596","targetHints":{"allow":["GET"]}}],"collection":[{"href":"https:\/\/galaxybicycle.com\/pt\/wp-json\/wp\/v2\/product"}],"about":[{"href":"https:\/\/galaxybicycle.com\/pt\/wp-json\/wp\/v2\/types\/product"}],"replies":[{"embeddable":true,"href":"https:\/\/galaxybicycle.com\/pt\/wp-json\/wp\/v2\/comments?post=2596"}],"wp:featuredmedia":[{"embeddable":true,"href":"https:\/\/galaxybicycle.com\/pt\/wp-json\/wp\/v2\/media\/2597"}],"wp:attachment":[{"href":"https:\/\/galaxybicycle.com\/pt\/wp-json\/wp\/v2\/media?parent=2596"}],"wp:term":[{"taxonomy":"product_brand","embeddable":true,"href":"https:\/\/galaxybicycle.com\/pt\/wp-json\/wp\/v2\/product_brand?post=2596"},{"taxonomy":"product_cat","embeddable":true,"href":"https:\/\/galaxybicycle.com\/pt\/wp-json\/wp\/v2\/product_cat?post=2596"},{"taxonomy":"product_tag","embeddable":true,"href":"https:\/\/galaxybicycle.com\/pt\/wp-json\/wp\/v2\/product_tag?post=2596"}],"curies":[{"name":"wp","href":"https:\/\/api.w.org\/{rel}","templated":true}]}}