{"id":2592,"date":"2025-08-18T03:33:41","date_gmt":"2025-08-18T03:33:41","guid":{"rendered":"http:\/\/galaxybicycle.com\/?post_type=product&#038;p=2592"},"modified":"2025-09-02T09:18:44","modified_gmt":"2025-09-02T09:18:44","slug":"b050e","status":"publish","type":"product","link":"https:\/\/galaxybicycle.com\/pt\/product\/b050e\/","title":{"rendered":"Velopro B050E Urban Elegance City e-Bike | Bicicleta el\u00e9ctrica de 500W com estilo"},"content":{"rendered":"<p>Entre no futuro das desloca\u00e7\u00f5es urbanas com o <strong>Velopro B050E Bicicleta el\u00e9ctrica urbana Urban Elegance<\/strong>. Constru\u00eddo com uma estrutura AL6061 leve mas dur\u00e1vel e alimentado por um robusto <strong>Motor traseiro Jiabo 48V 500W<\/strong>Esta bicicleta el\u00e9ctrica combina uma condu\u00e7\u00e3o sem esfor\u00e7o com um estilo moderno. Quer esteja a navegar em ruas movimentadas, a passear em parques ou a ir para o trabalho, a Velopro B050E garante uma experi\u00eancia suave e agrad\u00e1vel.<\/p>\n<p>Equipado com <strong>Mudan\u00e7as Shimano de 7 velocidades<\/strong>, ter\u00e1 a flexibilidade para enfrentar facilmente diferentes terrenos, enquanto o <strong>Trav\u00f5es de disco mec\u00e2nicos Zoom<\/strong> d\u00e3o-lhe a pot\u00eancia de travagem necess\u00e1ria para uma desloca\u00e7\u00e3o urbana segura. O <strong>Ecr\u00e3 LCD<\/strong> mant\u00e9m-no informado sobre a velocidade, dist\u00e2ncia e dura\u00e7\u00e3o da bateria num relance. Com a sua <strong>Bateria de 48V 10.4Ah<\/strong>Com este sistema, pode percorrer com confian\u00e7a dist\u00e2ncias mais longas sem se preocupar com a falta de energia.<\/p>\n<p>Elegante, fi\u00e1vel e eficiente, o Velopro B050E \u00e9 a escolha perfeita para exploradores urbanos, viajantes ecol\u00f3gicos e todos os que valorizam o desempenho e a eleg\u00e2ncia nas suas desloca\u00e7\u00f5es di\u00e1rias.<\/p>\n<h2>Especifica\u00e7\u00f5es<\/h2>\n<table border=\"1\" cellspacing=\"0\" cellpadding=\"6\">\n<tbody>\n<tr>\n<th>Carater\u00edstica<\/th>\n<th>Detalhes<\/th>\n<\/tr>\n<tr>\n<td>Moldura<\/td>\n<td>AL,6061#, 26\u2033 x 483mm<\/td>\n<\/tr>\n<tr>\n<td>Garfo<\/td>\n<td>Forquilha de a\u00e7o normal de 26<\/td>\n<\/tr>\n<tr>\n<td>Carreto<\/td>\n<td>Shimano 7 velocidades<\/td>\n<\/tr>\n<tr>\n<td>Trav\u00f5es<\/td>\n<td>Trav\u00e3o de disco mec\u00e2nico Zoom<\/td>\n<\/tr>\n<tr>\n<td>Pneus<\/td>\n<td>Wanda-Compass 26\u2033 x 2.0<\/td>\n<\/tr>\n<tr>\n<td>Ecr\u00e3<\/td>\n<td>LCD<\/td>\n<\/tr>\n<tr>\n<td>Motor<\/td>\n<td>Motor traseiro Jiabo 48V 500W<\/td>\n<\/tr>\n<tr>\n<td>Bateria<\/td>\n<td>48V 10.4Ah (bateria chinesa)<\/td>\n<\/tr>\n<\/tbody>\n<\/table>","protected":false},"excerpt":{"rendered":"<p>A Velopro B050E \u00e9 uma elegante e potente bicicleta el\u00e9ctrica urbana concebida para desloca\u00e7\u00f5es di\u00e1rias e passeios de fim de semana. Com um potente motor traseiro de 500 W, fi\u00e1veis mudan\u00e7as Shimano de 7 velocidades e trav\u00f5es de disco duradouros, proporciona conforto, seguran\u00e7a e estilo para os ciclistas que desejam eleg\u00e2ncia e desempenho.<\/p>","protected":false},"featured_media":2593,"comment_status":"open","ping_status":"closed","template":"","meta":[],"product_brand":[35],"product_cat":[27,38],"product_tag":[],"class_list":{"0":"post-2592","1":"product","2":"type-product","3":"status-publish","4":"has-post-thumbnail","6":"product_brand-velopro","7":"product_cat-city-ebike","8":"product_cat-velopro-electric-bikes","10":"first","11":"instock","12":"shipping-taxable","13":"product-type-simple"},"_links":{"self":[{"href":"https:\/\/galaxybicycle.com\/pt\/wp-json\/wp\/v2\/product\/2592","targetHints":{"allow":["GET"]}}],"collection":[{"href":"https:\/\/galaxybicycle.com\/pt\/wp-json\/wp\/v2\/product"}],"about":[{"href":"https:\/\/galaxybicycle.com\/pt\/wp-json\/wp\/v2\/types\/product"}],"replies":[{"embeddable":true,"href":"https:\/\/galaxybicycle.com\/pt\/wp-json\/wp\/v2\/comments?post=2592"}],"wp:featuredmedia":[{"embeddable":true,"href":"https:\/\/galaxybicycle.com\/pt\/wp-json\/wp\/v2\/media\/2593"}],"wp:attachment":[{"href":"https:\/\/galaxybicycle.com\/pt\/wp-json\/wp\/v2\/media?parent=2592"}],"wp:term":[{"taxonomy":"product_brand","embeddable":true,"href":"https:\/\/galaxybicycle.com\/pt\/wp-json\/wp\/v2\/product_brand?post=2592"},{"taxonomy":"product_cat","embeddable":true,"href":"https:\/\/galaxybicycle.com\/pt\/wp-json\/wp\/v2\/product_cat?post=2592"},{"taxonomy":"product_tag","embeddable":true,"href":"https:\/\/galaxybicycle.com\/pt\/wp-json\/wp\/v2\/product_tag?post=2592"}],"curies":[{"name":"wp","href":"https:\/\/api.w.org\/{rel}","templated":true}]}}