{"id":2541,"date":"2025-08-18T03:19:14","date_gmt":"2025-08-18T03:19:14","guid":{"rendered":"http:\/\/galaxybicycle.com\/?post_type=product&#038;p=2541"},"modified":"2025-09-03T09:55:51","modified_gmt":"2025-09-03T09:55:51","slug":"x1","status":"publish","type":"product","link":"https:\/\/galaxybicycle.com\/pt\/product\/x1\/","title":{"rendered":"Velopro X1 Bicicleta el\u00e9trica 500W | 48V Fat Tire Mountain E-Bike com Shimano 7-Speed"},"content":{"rendered":"<p>O <strong>Bicicleta el\u00e9ctrica Velopro X1<\/strong> combina pot\u00eancia, conforto e estilo numa condu\u00e7\u00e3o robusta.<br \/>\nEquipado com um <strong>Bateria de 48V 10.4Ah<\/strong> e um <strong>Motor traseiro de 500W<\/strong>, proporciona uma velocidade fi\u00e1vel at\u00e9 <strong>32KM\/H<\/strong> (ajust\u00e1vel a 45KM\/H). Com um alcance de <strong>40-50KM<\/strong> por carregamento, \u00e9 perfeito para desloca\u00e7\u00f5es di\u00e1rias, aventuras de fim de semana e divers\u00e3o ao ar livre.<\/p>\n<p>O <strong>Pneus gordos Kenda de 20\u2033x4.0\u2033<\/strong> garantem uma excelente ader\u00eancia na areia, neve ou gravilha, enquanto as <strong>forquilha de suspens\u00e3o de dois ombros<\/strong> proporciona uma condu\u00e7\u00e3o suave em terrenos acidentados. Com <strong>Mudan\u00e7as Shimano de 7 velocidades<\/strong>Com o seu sistema de trav\u00f5es de disco mec\u00e2nico e 5 modos de condu\u00e7\u00e3o, a Velopro X1 adapta-se a qualquer viagem, quer esteja a subir colinas ou a passear pela cidade.<\/p>\n<p>Carater\u00edsticas adicionais como luzes dianteiras e traseiras, pedais de alum\u00ednio, para-lamas e uma campainha mec\u00e2nica tornam-na segura e pr\u00e1tica. Constru\u00edda com um <strong>estrutura de a\u00e7o de alta qualidade<\/strong> e a classifica\u00e7\u00e3o IP54 \u00e0 prova de \u00e1gua, esta bicicleta el\u00e9ctrica foi concebida para ser dur\u00e1vel em todas as condi\u00e7\u00f5es.<br \/>\nSe pretende uma bicicleta el\u00e9ctrica fi\u00e1vel, elegante e pronta para a aventura, a Velopro X1 \u00e9 a sua escolha ideal.<\/p>\n<h2>Especifica\u00e7\u00f5es<\/h2>\n<table border=\"1\" cellspacing=\"0\" cellpadding=\"6\">\n<tbody>\n<tr>\n<th>Classifica\u00e7\u00e3o<\/th>\n<th>Especifica\u00e7\u00f5es<\/th>\n<th>Par\u00e2metros<\/th>\n<\/tr>\n<tr>\n<td>Bateria<\/td>\n<td>48V 10.4Ah<\/td>\n<td>Amov\u00edvel<\/td>\n<\/tr>\n<tr>\n<td>Motor<\/td>\n<td>Motor traseiro<\/td>\n<td>48V 500W<\/td>\n<\/tr>\n<tr>\n<td>Velocidade m\u00e1xima<\/td>\n<td colspan=\"2\">32KM\/H (ajust\u00e1vel a 45KM\/H)<\/td>\n<\/tr>\n<tr>\n<td>Gama<\/td>\n<td colspan=\"2\">40-50KM<\/td>\n<\/tr>\n<tr>\n<td>PAS<\/td>\n<td colspan=\"2\">5 modos de condu\u00e7\u00e3o<\/td>\n<\/tr>\n<tr>\n<td>Carregador<\/td>\n<td>54,6V 2A<\/td>\n<td>Tempo de carregamento: 5,2H<\/td>\n<\/tr>\n<tr>\n<td>Ecr\u00e3<\/td>\n<td colspan=\"2\">Ecr\u00e3 LCD<\/td>\n<\/tr>\n<tr>\n<td>Luzes<\/td>\n<td colspan=\"2\">Luzes dianteiras e traseiras<\/td>\n<\/tr>\n<tr>\n<td>Moldura<\/td>\n<td colspan=\"2\">A\u00e7o de alta qualidade<\/td>\n<\/tr>\n<tr>\n<td>Rodas<\/td>\n<td colspan=\"2\">Pneus Kenda Fat de 20\u2033x4.0\u2033.<\/td>\n<\/tr>\n<tr>\n<td>Trav\u00f5es<\/td>\n<td colspan=\"2\">Trav\u00f5es de disco mec\u00e2nicos (\u00e0 frente e atr\u00e1s)<\/td>\n<\/tr>\n<tr>\n<td>Suspens\u00e3o<\/td>\n<td colspan=\"2\">Forquilha de suspens\u00e3o de dois ombros<\/td>\n<\/tr>\n<tr>\n<td>Engrenagens<\/td>\n<td colspan=\"2\">Shimano 7 velocidades<\/td>\n<\/tr>\n<tr>\n<td>Peso l\u00edquido\/bruto<\/td>\n<td colspan=\"2\">48.3KG \/ 55KG<\/td>\n<\/tr>\n<tr>\n<td>Capacidade de carga \u00fatil<\/td>\n<td colspan=\"2\">150KG<\/td>\n<\/tr>\n<tr>\n<td>Capacidade de subida<\/td>\n<td colspan=\"2\">15\u00b0<\/td>\n<\/tr>\n<tr>\n<td>\u00c0 prova de \u00e1gua<\/td>\n<td colspan=\"2\">IP54<\/td>\n<\/tr>\n<tr>\n<td>Tamanho<\/td>\n<td colspan=\"2\">Desdobr\u00e1vel | Altura do cavaleiro: 155-190cm<\/td>\n<\/tr>\n<tr>\n<td>Extras<\/td>\n<td colspan=\"2\">Para-lamas, pedais de alum\u00ednio, campainha mec\u00e2nica<\/td>\n<\/tr>\n<\/tbody>\n<\/table>","protected":false},"excerpt":{"rendered":"<p>A Velopro X1 \u00e9 uma potente e-bike com motor traseiro de 500W com bateria de 48V, pneus Kenda 20 \u2033 x4.0 \u2033 gordos, engrenagem Shimano de 7 velocidades e garfo de suspens\u00e3o dupla. Projetada para ciclistas que buscam velocidade, conforto e aventura, esta bicicleta el\u00e9trica lida com as ruas da cidade e trilhas off-road com facilidade.<\/p>","protected":false},"featured_media":2542,"comment_status":"open","ping_status":"closed","template":"","meta":[],"product_brand":[35],"product_cat":[27,28,38],"product_tag":[],"class_list":{"0":"post-2541","1":"product","2":"type-product","3":"status-publish","4":"has-post-thumbnail","6":"product_brand-velopro","7":"product_cat-city-ebike","8":"product_cat-fat-tire-ebike","9":"product_cat-velopro-electric-bikes","11":"first","12":"instock","13":"shipping-taxable","14":"purchasable","15":"product-type-simple"},"_links":{"self":[{"href":"https:\/\/galaxybicycle.com\/pt\/wp-json\/wp\/v2\/product\/2541","targetHints":{"allow":["GET"]}}],"collection":[{"href":"https:\/\/galaxybicycle.com\/pt\/wp-json\/wp\/v2\/product"}],"about":[{"href":"https:\/\/galaxybicycle.com\/pt\/wp-json\/wp\/v2\/types\/product"}],"replies":[{"embeddable":true,"href":"https:\/\/galaxybicycle.com\/pt\/wp-json\/wp\/v2\/comments?post=2541"}],"wp:featuredmedia":[{"embeddable":true,"href":"https:\/\/galaxybicycle.com\/pt\/wp-json\/wp\/v2\/media\/2542"}],"wp:attachment":[{"href":"https:\/\/galaxybicycle.com\/pt\/wp-json\/wp\/v2\/media?parent=2541"}],"wp:term":[{"taxonomy":"product_brand","embeddable":true,"href":"https:\/\/galaxybicycle.com\/pt\/wp-json\/wp\/v2\/product_brand?post=2541"},{"taxonomy":"product_cat","embeddable":true,"href":"https:\/\/galaxybicycle.com\/pt\/wp-json\/wp\/v2\/product_cat?post=2541"},{"taxonomy":"product_tag","embeddable":true,"href":"https:\/\/galaxybicycle.com\/pt\/wp-json\/wp\/v2\/product_tag?post=2541"}],"curies":[{"name":"wp","href":"https:\/\/api.w.org\/{rel}","templated":true}]}}