{"id":2539,"date":"2025-08-18T03:18:01","date_gmt":"2025-08-18T03:18:01","guid":{"rendered":"http:\/\/galaxybicycle.com\/?post_type=product&#038;p=2539"},"modified":"2025-09-03T09:56:27","modified_gmt":"2025-09-03T09:56:27","slug":"x3","status":"publish","type":"product","link":"https:\/\/galaxybicycle.com\/pt\/product\/x3\/","title":{"rendered":"Bicicleta el\u00e9trica Velopro X3 | Motor traseiro de 500W, bateria de 48V, pneu gordo de 20 \u2033 x4.0 \u2033 E-Bike"},"content":{"rendered":"<p>O <strong>Bicicleta el\u00e9ctrica Velopro X3<\/strong> combina for\u00e7a, estilo e desempenho para os ciclistas que querem uma e-bike vers\u00e1til e fi\u00e1vel. Equipada com uma <strong>Bateria de l\u00edtio de 48V 10.4AH<\/strong> e um <strong>Motor traseiro de 500W<\/strong>O sistema de controlo de velocidade, que proporciona uma experi\u00eancia de condu\u00e7\u00e3o suave e potente, atinge velocidades de at\u00e9 <strong>32KM\/H (ajust\u00e1vel a 45KM\/H)<\/strong>. Com uma gama de <strong>40-50KM<\/strong>Esta bicicleta \u00e9 ideal para desloca\u00e7\u00f5es urbanas, aventuras de fim de semana e explora\u00e7\u00e3o ao ar livre.<\/p>\n<p>O seu <strong>Pneus gordos Chaoyang de 20\u2033x4.0\u2033<\/strong> proporcionam uma excelente ader\u00eancia e estabilidade em estradas, gravilha, areia ou neve. O <strong>forquilha de suspens\u00e3o de dois ombros<\/strong> e <strong>Trav\u00f5es de disco mec\u00e2nicos Zoom<\/strong> garantem conforto e seguran\u00e7a mesmo em terrenos acidentados. Os utilizadores podem alternar facilmente entre <strong>5 modos de assist\u00eancia ao pedal<\/strong> e utilizar o <strong>acelerador de tor\u00e7\u00e3o<\/strong> para um impulso extra quando necess\u00e1rio.<\/p>\n<p>O Velopro X3 \u00e9 constru\u00eddo com um robusto <strong>Estrutura em liga de alum\u00ednio 6061<\/strong>O sistema de mudan\u00e7as Shimano de 7 velocidades e pormenores atenciosos como luzes dianteiras e traseiras, guarda-lamas e uma campainha mec\u00e2nica. A sua classifica\u00e7\u00e3o IP54 \u00e0 prova de \u00e1gua torna-a fi\u00e1vel em diferentes condi\u00e7\u00f5es meteorol\u00f3gicas e as ferramentas inclu\u00eddas tornam a montagem f\u00e1cil.<\/p>\n<p>Quer esteja a ir para o trabalho, a andar pela cidade ou a explorar o ar livre, o Velopro X3 \u00e9 o seu companheiro perfeito para pot\u00eancia, durabilidade e estilo.<\/p>\n<h2>Especifica\u00e7\u00f5es<\/h2>\n<table border=\"1\" cellspacing=\"0\" cellpadding=\"5\">\n<tbody>\n<tr>\n<th>Classifica\u00e7\u00e3o<\/th>\n<th>Especifica\u00e7\u00f5es<\/th>\n<th>Par\u00e2metros<\/th>\n<\/tr>\n<tr>\n<td rowspan=\"10\">Eletr\u00f3nica<\/td>\n<td>Bateria<\/td>\n<td>48V*10,4AH<\/td>\n<\/tr>\n<tr>\n<td>Motor<\/td>\n<td>Motor traseiro 48V*500W<\/td>\n<\/tr>\n<tr>\n<td>Velocidade m\u00e1xima<\/td>\n<td>32KM\/H (ajust\u00e1vel a 45KM\/H)<\/td>\n<\/tr>\n<tr>\n<td>Gama<\/td>\n<td>40-50KM<\/td>\n<\/tr>\n<tr>\n<td>PAS<\/td>\n<td>5 modos de condu\u00e7\u00e3o<\/td>\n<\/tr>\n<tr>\n<td>Carregador<\/td>\n<td>54,6V 2A<\/td>\n<\/tr>\n<tr>\n<td>Tempo de carregamento<\/td>\n<td>5.2H<\/td>\n<\/tr>\n<tr>\n<td>Acelerador<\/td>\n<td>Acelerador de tor\u00e7\u00e3o<\/td>\n<\/tr>\n<tr>\n<td>Ecr\u00e3<\/td>\n<td>Ecr\u00e3 LCD<\/td>\n<\/tr>\n<tr>\n<td>Sensor<\/td>\n<td>Sensor de velocidade 12 engrenagens<\/td>\n<\/tr>\n<tr>\n<td colspan=\"2\">Luzes<\/td>\n<td>Com luzes dianteiras e traseiras<\/td>\n<\/tr>\n<tr>\n<td rowspan=\"14\">Normas<\/td>\n<td>Material da estrutura<\/td>\n<td>Liga de alum\u00ednio 6061<\/td>\n<\/tr>\n<tr>\n<td>Tamanho da roda<\/td>\n<td>20\u2033*4.0\u2033<\/td>\n<\/tr>\n<tr>\n<td>Marca de pneus<\/td>\n<td>Chaoyang<\/td>\n<\/tr>\n<tr>\n<td>Peso l\u00edquido<\/td>\n<td>48.3KGS<\/td>\n<\/tr>\n<tr>\n<td>Peso bruto<\/td>\n<td>55KGS<\/td>\n<\/tr>\n<tr>\n<td>Capacidade de carga \u00fatil<\/td>\n<td>150KGS<\/td>\n<\/tr>\n<tr>\n<td>Capacidade de subida<\/td>\n<td>15\u00b0<\/td>\n<\/tr>\n<tr>\n<td>Montagem sem ferramentas<\/td>\n<td>Ferramentas inclu\u00eddas para a montagem<\/td>\n<\/tr>\n<tr>\n<td>Cadeia<\/td>\n<td>1\/2*3\/32 \"x118L<\/td>\n<\/tr>\n<tr>\n<td>Pedaleira<\/td>\n<td>48T*152L<\/td>\n<\/tr>\n<tr>\n<td>Para-lamas<\/td>\n<td>Com guarda-lamas dianteiro e traseiro<\/td>\n<\/tr>\n<tr>\n<td>Trav\u00f5es<\/td>\n<td>Trav\u00e3o de disco mec\u00e2nico Zoom<\/td>\n<\/tr>\n<tr>\n<td>Forquilha dianteira<\/td>\n<td>Forquilha de suspens\u00e3o de dois ombros<\/td>\n<\/tr>\n<tr>\n<td>Deslocador<\/td>\n<td>Shimano 7 velocidades<\/td>\n<\/tr>\n<tr>\n<td rowspan=\"7\">Outros<\/td>\n<td>Pedais<\/td>\n<td>Pedais em liga de alum\u00ednio<\/td>\n<\/tr>\n<tr>\n<td>Temperatura<\/td>\n<td>-10~45\u2103<\/td>\n<\/tr>\n<tr>\n<td>N\u00edvel de impermeabilidade<\/td>\n<td>IP54<\/td>\n<\/tr>\n<tr>\n<td>Dobr\u00e1vel<\/td>\n<td>N\u00e3o<\/td>\n<\/tr>\n<tr>\n<td>Campainha\/Corneta<\/td>\n<td>Campainha mec\u00e2nica<\/td>\n<\/tr>\n<tr>\n<td>Barra traseira<\/td>\n<td>Sem cremalheira traseira<\/td>\n<\/tr>\n<tr>\n<td>Cor<\/td>\n<td>Cor personalizada<\/td>\n<\/tr>\n<tr>\n<td rowspan=\"4\">Tamanho<\/td>\n<td>Altura do cavaleiro<\/td>\n<td>155-190cm<\/td>\n<\/tr>\n<tr>\n<td>Tamanho da embalagem<\/td>\n<td>151*27*73cm<\/td>\n<\/tr>\n<tr>\n<td>Tamanho da bicicleta dobrada<\/td>\n<td>N\u00e3o dobr\u00e1vel<\/td>\n<\/tr>\n<tr>\n<td>Qtd. para contentor de 1*40HQ<\/td>\n<td>160 PE\u00c7AS<\/td>\n<\/tr>\n<\/tbody>\n<\/table>","protected":false},"excerpt":{"rendered":"<p>A Velopro X3 \u00e9 uma poderosa bicicleta el\u00e9trica de pneus gordos constru\u00edda para deslocamentos di\u00e1rios e passeios de aventura. Com um motor traseiro de 500W, bateria de 48V, engrenagens Shimano de 7 velocidades e pneus dur\u00e1veis de 20 \u2033 x4.0 \u2033, esta e-bike foi projetada para oferecer conforto, controle e confiabilidade em qualquer terreno.<\/p>","protected":false},"featured_media":2540,"comment_status":"open","ping_status":"closed","template":"","meta":[],"product_brand":[35],"product_cat":[27,28,38],"product_tag":[],"class_list":{"0":"post-2539","1":"product","2":"type-product","3":"status-publish","4":"has-post-thumbnail","6":"product_brand-velopro","7":"product_cat-city-ebike","8":"product_cat-fat-tire-ebike","9":"product_cat-velopro-electric-bikes","11":"first","12":"instock","13":"shipping-taxable","14":"purchasable","15":"product-type-simple"},"_links":{"self":[{"href":"https:\/\/galaxybicycle.com\/pt\/wp-json\/wp\/v2\/product\/2539","targetHints":{"allow":["GET"]}}],"collection":[{"href":"https:\/\/galaxybicycle.com\/pt\/wp-json\/wp\/v2\/product"}],"about":[{"href":"https:\/\/galaxybicycle.com\/pt\/wp-json\/wp\/v2\/types\/product"}],"replies":[{"embeddable":true,"href":"https:\/\/galaxybicycle.com\/pt\/wp-json\/wp\/v2\/comments?post=2539"}],"wp:featuredmedia":[{"embeddable":true,"href":"https:\/\/galaxybicycle.com\/pt\/wp-json\/wp\/v2\/media\/2540"}],"wp:attachment":[{"href":"https:\/\/galaxybicycle.com\/pt\/wp-json\/wp\/v2\/media?parent=2539"}],"wp:term":[{"taxonomy":"product_brand","embeddable":true,"href":"https:\/\/galaxybicycle.com\/pt\/wp-json\/wp\/v2\/product_brand?post=2539"},{"taxonomy":"product_cat","embeddable":true,"href":"https:\/\/galaxybicycle.com\/pt\/wp-json\/wp\/v2\/product_cat?post=2539"},{"taxonomy":"product_tag","embeddable":true,"href":"https:\/\/galaxybicycle.com\/pt\/wp-json\/wp\/v2\/product_tag?post=2539"}],"curies":[{"name":"wp","href":"https:\/\/api.w.org\/{rel}","templated":true}]}}