{"id":2527,"date":"2025-08-18T03:15:45","date_gmt":"2025-08-18T03:15:45","guid":{"rendered":"http:\/\/galaxybicycle.com\/?post_type=product&#038;p=2527"},"modified":"2025-09-02T09:38:34","modified_gmt":"2025-09-02T09:38:34","slug":"c200-l","status":"publish","type":"product","link":"https:\/\/galaxybicycle.com\/pt\/product\/c200-l\/","title":{"rendered":"Galaxy C200-L Bicicleta para adultos | Bicicleta de montanha leve de 26 polegadas com Shimano de 21 velocidades"},"content":{"rendered":"<p><strong>Galaxy C200-L Bicicleta de adulto<\/strong> \u00e9 o equil\u00edbrio perfeito entre durabilidade, desempenho e estilo para os ciclistas do dia a dia. Quer esteja a passear pelas ruas da cidade, a explorar trilhos ou a desfrutar de passeios casuais ao fim de semana, esta bicicleta de 26 polegadas d\u00e1-lhe a estabilidade e a efici\u00eancia de que necessita.<\/p>\n<p>O seu <strong>Estrutura em liga de alum\u00ednio 6061<\/strong> garante uma resist\u00eancia leve, enquanto o <strong>Forquilha de suspens\u00e3o de 26 polegadas com MLO (Mechanical Lock Out)<\/strong> absorve os solavancos e os choques para uma condu\u00e7\u00e3o mais suave. Equipado com um <strong>Trem de for\u00e7a Shimano de 21 velocidades<\/strong>O sistema de controlo de velocidade da gasolina, que permite mudar facilmente as mudan\u00e7as para enfrentar subidas ou desfrutar de um cruzeiro sem esfor\u00e7o em estrada plana.<\/p>\n<p>A seguran\u00e7a e o controlo nunca s\u00e3o comprometidos, gra\u00e7as \u00e0 <strong>trav\u00f5es de disco mec\u00e2nicos<\/strong> que proporcionam uma pot\u00eancia de travagem fi\u00e1vel em condi\u00e7\u00f5es secas e molhadas. Emparelhado com <strong>Pneus CST 26\u00d71,95<\/strong> e uma resistente roda dentada e cubo em a\u00e7o, esta bicicleta foi constru\u00edda para durar, mantendo o seu passeio agrad\u00e1vel e divertido.<\/p>\n<p>Quer seja um principiante ou um ciclista experiente, a Galaxy C200-L \u00e9 uma companheira fi\u00e1vel para as suas desloca\u00e7\u00f5es di\u00e1rias, rotina de fitness ou explora\u00e7\u00e3o ao ar livre. Elegante, pr\u00e1tica e orientada para o desempenho - esta \u00e9 a bicicleta para elevar a sua experi\u00eancia de condu\u00e7\u00e3o.<\/p>\n<h2>Especifica\u00e7\u00f5es<\/h2>\n<table border=\"1\" cellspacing=\"0\" cellpadding=\"8\">\n<tbody>\n<tr>\n<th>Carater\u00edstica<\/th>\n<th>Detalhes<\/th>\n<\/tr>\n<tr>\n<td>Moldura<\/td>\n<td>Liga de alum\u00ednio 6061, 26\u2033<\/td>\n<\/tr>\n<tr>\n<td>Garfo<\/td>\n<td>Forquilha de suspens\u00e3o de 26\u2033 com MLO<\/td>\n<\/tr>\n<tr>\n<td>Carreto<\/td>\n<td>Shimano 3\u00d77 velocidades (TZ500\/EF500)<\/td>\n<\/tr>\n<tr>\n<td>Roda livre<\/td>\n<td>Roda dentada m\u00faltipla, 7 velocidades<\/td>\n<\/tr>\n<tr>\n<td>Trav\u00e3o<\/td>\n<td>Trav\u00e3o de disco mec\u00e2nico<\/td>\n<\/tr>\n<tr>\n<td>Pneu<\/td>\n<td>CST 26\u2033x1,95<\/td>\n<\/tr>\n<tr>\n<td>Roda de corrente<\/td>\n<td>A\u00e7o<\/td>\n<\/tr>\n<tr>\n<td>Centro<\/td>\n<td>Cassete com rolamentos de a\u00e7o<\/td>\n<\/tr>\n<tr>\n<td>Medi\u00e7\u00e3o<\/td>\n<td>136 x 21 x 76 cm<\/td>\n<\/tr>\n<\/tbody>\n<\/table>","protected":false},"excerpt":{"rendered":"<p>Pedale com conforto, controlo e confian\u00e7a na bicicleta de adulto Galaxy C200-L. Constru\u00edda com um quadro de alum\u00ednio leve, sistema de engrenagens Shimano de 21 velocidades e trav\u00f5es de disco fi\u00e1veis, foi concebida para desloca\u00e7\u00f5es di\u00e1rias suaves, passeios de fitness e aventuras de fim de semana.<\/p>","protected":false},"featured_media":2528,"comment_status":"open","ping_status":"closed","template":"","meta":[],"product_brand":[34],"product_cat":[37],"product_tag":[],"class_list":{"0":"post-2527","1":"product","2":"type-product","3":"status-publish","4":"has-post-thumbnail","6":"product_brand-galaxy","7":"product_cat-galaxy-bikes","9":"first","10":"instock","11":"shipping-taxable","12":"product-type-simple"},"_links":{"self":[{"href":"https:\/\/galaxybicycle.com\/pt\/wp-json\/wp\/v2\/product\/2527","targetHints":{"allow":["GET"]}}],"collection":[{"href":"https:\/\/galaxybicycle.com\/pt\/wp-json\/wp\/v2\/product"}],"about":[{"href":"https:\/\/galaxybicycle.com\/pt\/wp-json\/wp\/v2\/types\/product"}],"replies":[{"embeddable":true,"href":"https:\/\/galaxybicycle.com\/pt\/wp-json\/wp\/v2\/comments?post=2527"}],"wp:featuredmedia":[{"embeddable":true,"href":"https:\/\/galaxybicycle.com\/pt\/wp-json\/wp\/v2\/media\/2528"}],"wp:attachment":[{"href":"https:\/\/galaxybicycle.com\/pt\/wp-json\/wp\/v2\/media?parent=2527"}],"wp:term":[{"taxonomy":"product_brand","embeddable":true,"href":"https:\/\/galaxybicycle.com\/pt\/wp-json\/wp\/v2\/product_brand?post=2527"},{"taxonomy":"product_cat","embeddable":true,"href":"https:\/\/galaxybicycle.com\/pt\/wp-json\/wp\/v2\/product_cat?post=2527"},{"taxonomy":"product_tag","embeddable":true,"href":"https:\/\/galaxybicycle.com\/pt\/wp-json\/wp\/v2\/product_tag?post=2527"}],"curies":[{"name":"wp","href":"https:\/\/api.w.org\/{rel}","templated":true}]}}