{"id":2525,"date":"2025-08-18T03:15:28","date_gmt":"2025-08-18T03:15:28","guid":{"rendered":"http:\/\/galaxybicycle.com\/?post_type=product&#038;p=2525"},"modified":"2025-09-02T09:38:57","modified_gmt":"2025-09-02T09:38:57","slug":"p9","status":"publish","type":"product","link":"https:\/\/galaxybicycle.com\/pt\/product\/p9\/","title":{"rendered":"Bicicleta Galaxy P9 para adultos | Quadro de liga leve de 27.5 \u2033 | Shimano CUES 18 velocidades | Freio a disco hidr\u00e1ulico"},"content":{"rendered":"<p><strong>Galaxy P9 Bicicleta para adultos<\/strong> \u00e9 uma bicicleta vers\u00e1til e de alta qualidade, concebida para proporcionar conforto e controlo. Quer esteja a explorar a cidade, a deslocar-se para o trabalho ou a desfrutar de aventuras ao ar livre, a P9 proporciona sempre uma condu\u00e7\u00e3o suave e fi\u00e1vel.<\/p>\n<p>Com a sua <strong>Quadro em liga leve AL6061<\/strong> e <strong>Rodas de 27,5 polegadas<\/strong>Esta bicicleta atinge o equil\u00edbrio perfeito entre estabilidade e agilidade. O <strong>Trem de for\u00e7a Shimano CUES de 2\u00d79 velocidades<\/strong> assegura uma mudan\u00e7a de velocidades precisa, enquanto o <strong>Trav\u00f5es de disco hidr\u00e1ulicos Shimano MT200<\/strong> proporcionam uma poderosa pot\u00eancia de travagem em todas as condi\u00e7\u00f5es climat\u00e9ricas. A forquilha de suspens\u00e3o em liga leve com fun\u00e7\u00e3o de bloqueio proporciona um conforto extra em estradas ou trilhos acidentados.<\/p>\n<p>Equipado com <strong>Pneus Kenda 27,5\u00d71,95<\/strong> para uma excelente tra\u00e7\u00e3o e <strong>Cubos de duplo rolamento em liga leve Solon<\/strong> para um rolamento suave, a Galaxy P9 \u00e9 uma escolha inteligente para os ciclistas que procuram desempenho e fiabilidade. Esta bicicleta \u00e9 ideal para adultos que procuram fitness, lazer e aventura, tudo num pacote elegante.<\/p>\n<h2>Especifica\u00e7\u00f5es<\/h2>\n<table border=\"1\" cellspacing=\"0\" cellpadding=\"6\">\n<tbody>\n<tr>\n<th>Carater\u00edstica<\/th>\n<th>Especifica\u00e7\u00e3o<\/th>\n<\/tr>\n<tr>\n<td>Moldura<\/td>\n<td>Liga AL6061, 27,5\u2033<\/td>\n<\/tr>\n<tr>\n<td>Garfo<\/td>\n<td>Forquilha de suspens\u00e3o em liga leve com HLO, coroa em liga leve, perna exterior em liga leve<\/td>\n<\/tr>\n<tr>\n<td>Carreto<\/td>\n<td>Shimano CUES 2\u00d79 velocidades (U4000\/U4020\/U4000)<\/td>\n<\/tr>\n<tr>\n<td>Roda livre<\/td>\n<td>Cassete de 9 velocidades<\/td>\n<\/tr>\n<tr>\n<td>Trav\u00e3o<\/td>\n<td>Trav\u00e3o de disco hidr\u00e1ulico Shimano MT200<\/td>\n<\/tr>\n<tr>\n<td>Pneu<\/td>\n<td>Kenda 27,5 x 1,95<\/td>\n<\/tr>\n<tr>\n<td>Roda de corrente<\/td>\n<td>Manivela de liga leve<\/td>\n<\/tr>\n<tr>\n<td>Centro<\/td>\n<td>Cassete com rolamento duplo em liga leve Solon<\/td>\n<\/tr>\n<tr>\n<td>Medi\u00e7\u00e3o<\/td>\n<td>144 x 21 x 75 cm<\/td>\n<\/tr>\n<\/tbody>\n<\/table>\n<p><em>Ande mais inteligente, ande mais forte, ande no Galaxy P9.<\/em><\/p>","protected":false},"excerpt":{"rendered":"<p>A bicicleta Galaxy P9 para adultos foi constru\u00edda para ciclistas que desejam um manuseio suave, desempenho confi\u00e1vel e estilo moderno. Com um quadro de liga leve, trem de for\u00e7a Shimano CUES de 2 \u00d7 9 velocidades e freios a disco hidr\u00e1ulicos Shimano MT200, esta bicicleta de 27.5 \u2033 \u00e9 perfeita para passeios na cidade, trilhas de fim de semana e ciclismo de fitness.<\/p>","protected":false},"featured_media":2526,"comment_status":"open","ping_status":"closed","template":"","meta":[],"product_brand":[34],"product_cat":[37],"product_tag":[],"class_list":{"0":"post-2525","1":"product","2":"type-product","3":"status-publish","4":"has-post-thumbnail","6":"product_brand-galaxy","7":"product_cat-galaxy-bikes","9":"first","10":"instock","11":"shipping-taxable","12":"product-type-simple"},"_links":{"self":[{"href":"https:\/\/galaxybicycle.com\/pt\/wp-json\/wp\/v2\/product\/2525","targetHints":{"allow":["GET"]}}],"collection":[{"href":"https:\/\/galaxybicycle.com\/pt\/wp-json\/wp\/v2\/product"}],"about":[{"href":"https:\/\/galaxybicycle.com\/pt\/wp-json\/wp\/v2\/types\/product"}],"replies":[{"embeddable":true,"href":"https:\/\/galaxybicycle.com\/pt\/wp-json\/wp\/v2\/comments?post=2525"}],"wp:featuredmedia":[{"embeddable":true,"href":"https:\/\/galaxybicycle.com\/pt\/wp-json\/wp\/v2\/media\/2526"}],"wp:attachment":[{"href":"https:\/\/galaxybicycle.com\/pt\/wp-json\/wp\/v2\/media?parent=2525"}],"wp:term":[{"taxonomy":"product_brand","embeddable":true,"href":"https:\/\/galaxybicycle.com\/pt\/wp-json\/wp\/v2\/product_brand?post=2525"},{"taxonomy":"product_cat","embeddable":true,"href":"https:\/\/galaxybicycle.com\/pt\/wp-json\/wp\/v2\/product_cat?post=2525"},{"taxonomy":"product_tag","embeddable":true,"href":"https:\/\/galaxybicycle.com\/pt\/wp-json\/wp\/v2\/product_tag?post=2525"}],"curies":[{"name":"wp","href":"https:\/\/api.w.org\/{rel}","templated":true}]}}