{"id":2523,"date":"2025-08-18T03:15:06","date_gmt":"2025-08-18T03:15:06","guid":{"rendered":"http:\/\/galaxybicycle.com\/?post_type=product&#038;p=2523"},"modified":"2025-09-02T09:39:25","modified_gmt":"2025-09-02T09:39:25","slug":"p10","status":"publish","type":"product","link":"https:\/\/galaxybicycle.com\/pt\/product\/p10\/","title":{"rendered":"Galaxy P10 27.5\u2033 Bicicleta para adultos | Shimano 20-Speed MTB com suspens\u00e3o a ar e trav\u00f5es de disco hidr\u00e1ulicos"},"content":{"rendered":"<p><strong>Galaxy P10 Bicicleta para adultos<\/strong> foi concebido para os ciclistas que pretendem um equil\u00edbrio perfeito entre velocidade, for\u00e7a e conforto. O seu avan\u00e7ado <strong>Estrutura em alum\u00ednio AL6061<\/strong> garante um manuseamento leve, mantendo-se suficientemente dur\u00e1vel para trilhos dif\u00edceis. Equipado com um <strong>Trem de for\u00e7a Shimano CUES de 20 velocidades<\/strong> (2\u00d710) e um <strong>cassete 10SP roda livre<\/strong>Com o sistema de controlo de velocidade, desfrutar\u00e1 de mudan\u00e7as suaves e precisas numa vasta gama de terrenos.<\/p>\n<p>Para tornar os seus passeios mais confort\u00e1veis, a bicicleta vem com um <strong>forquilha de suspens\u00e3o pneum\u00e1tica em liga leve com MLO (Mechanical Lockout)<\/strong>O sistema de travagem de alta velocidade, que lhe d\u00e1 flexibilidade, quer esteja em caminhos de montanha acidentados ou em estradas urbanas suaves. A seguran\u00e7a e a pot\u00eancia de travagem est\u00e3o garantidas com <strong>Trav\u00f5es de disco hidr\u00e1ulicos Shimano MT200<\/strong>garantindo um desempenho fi\u00e1vel em todas as condi\u00e7\u00f5es meteorol\u00f3gicas.<\/p>\n<p>O <strong>Pneus CST 27,5 x 1,95<\/strong> oferecem estabilidade e ader\u00eancia, enquanto as <strong>Manivela de liga leve Prowheel<\/strong> e <strong>Cubos de rolamentos duplos em liga leve Solon<\/strong> melhoram a efici\u00eancia e a durabilidade. Quer se trate de ciclismo de montanha de fim de semana, de desloca\u00e7\u00f5es di\u00e1rias ou de ciclismo de fitness, o Galaxy P10 foi concebido para o levar mais longe, mais depressa e com mais controlo.<\/p>\n<h3>Especifica\u00e7\u00f5es<\/h3>\n<table border=\"1\" cellspacing=\"0\" cellpadding=\"6\">\n<tbody>\n<tr>\n<th>Componente<\/th>\n<th>Especifica\u00e7\u00e3o<\/th>\n<\/tr>\n<tr>\n<td>Moldura<\/td>\n<td>Alum\u00ednio AL6061, 27,5\u2033<\/td>\n<\/tr>\n<tr>\n<td>Garfo<\/td>\n<td>Forquilha de suspens\u00e3o pneum\u00e1tica em liga leve com MLO, coroa e perna interior em liga leve<\/td>\n<\/tr>\n<tr>\n<td>Carreto<\/td>\n<td>Shimano CUES 2\u00d710 velocidades (FDU6000\/RDU6020\/SLMU6000)<\/td>\n<\/tr>\n<tr>\n<td>Roda livre<\/td>\n<td>Cassete de 10 velocidades<\/td>\n<\/tr>\n<tr>\n<td>Trav\u00e3o<\/td>\n<td>Trav\u00e3o de disco hidr\u00e1ulico Shimano MT200<\/td>\n<\/tr>\n<tr>\n<td>Pneu<\/td>\n<td>CST 27.5 x 1.95\u2033<\/td>\n<\/tr>\n<tr>\n<td>Roda de corrente<\/td>\n<td>Pedaleira de liga met\u00e1lica de uma pe\u00e7a Prowheel<\/td>\n<\/tr>\n<tr>\n<td>Centro<\/td>\n<td>Cassete com rolamento duplo em liga leve Solon<\/td>\n<\/tr>\n<tr>\n<td>Medi\u00e7\u00e3o<\/td>\n<td>141 x 21 x 74 cm<\/td>\n<\/tr>\n<\/tbody>\n<\/table>","protected":false},"excerpt":{"rendered":"<p>A Galaxy P10 \u00e9 uma bicicleta de montanha de 27,5 polegadas de alto desempenho, constru\u00edda para quem procura aventura e para os ciclistas do dia a dia. Com um quadro leve AL6061, sistema de mudan\u00e7as Shimano de 20 velocidades, forqueta de suspens\u00e3o pneum\u00e1tica e trav\u00f5es de disco hidr\u00e1ulicos Shimano MT200, proporciona um controlo suave, durabilidade e confian\u00e7a em todo o terreno.<\/p>","protected":false},"featured_media":2524,"comment_status":"open","ping_status":"closed","template":"","meta":[],"product_brand":[34],"product_cat":[15,37],"product_tag":[],"class_list":{"0":"post-2523","1":"product","2":"type-product","3":"status-publish","4":"has-post-thumbnail","6":"product_brand-galaxy","7":"product_cat-galaxybicycle","8":"product_cat-galaxy-bikes","10":"first","11":"instock","12":"shipping-taxable","13":"product-type-simple"},"_links":{"self":[{"href":"https:\/\/galaxybicycle.com\/pt\/wp-json\/wp\/v2\/product\/2523","targetHints":{"allow":["GET"]}}],"collection":[{"href":"https:\/\/galaxybicycle.com\/pt\/wp-json\/wp\/v2\/product"}],"about":[{"href":"https:\/\/galaxybicycle.com\/pt\/wp-json\/wp\/v2\/types\/product"}],"replies":[{"embeddable":true,"href":"https:\/\/galaxybicycle.com\/pt\/wp-json\/wp\/v2\/comments?post=2523"}],"wp:featuredmedia":[{"embeddable":true,"href":"https:\/\/galaxybicycle.com\/pt\/wp-json\/wp\/v2\/media\/2524"}],"wp:attachment":[{"href":"https:\/\/galaxybicycle.com\/pt\/wp-json\/wp\/v2\/media?parent=2523"}],"wp:term":[{"taxonomy":"product_brand","embeddable":true,"href":"https:\/\/galaxybicycle.com\/pt\/wp-json\/wp\/v2\/product_brand?post=2523"},{"taxonomy":"product_cat","embeddable":true,"href":"https:\/\/galaxybicycle.com\/pt\/wp-json\/wp\/v2\/product_cat?post=2523"},{"taxonomy":"product_tag","embeddable":true,"href":"https:\/\/galaxybicycle.com\/pt\/wp-json\/wp\/v2\/product_tag?post=2523"}],"curies":[{"name":"wp","href":"https:\/\/api.w.org\/{rel}","templated":true}]}}