{"id":2515,"date":"2025-08-18T03:13:33","date_gmt":"2025-08-18T03:13:33","guid":{"rendered":"http:\/\/galaxybicycle.com\/?post_type=product&#038;p=2515"},"modified":"2025-09-02T09:43:55","modified_gmt":"2025-09-02T09:43:55","slug":"t10","status":"publish","type":"product","link":"https:\/\/galaxybicycle.com\/pt\/product\/t10\/","title":{"rendered":"Galaxy T10 Adult Mountain Bicycle | Quadro de liga leve de 27.5 \u2033 com Shimano 10-Speed"},"content":{"rendered":"<p><strong>Bicicleta de montanha para adultos Galaxy T10<\/strong> foi concebida para ciclistas que exigem for\u00e7a, precis\u00e3o e versatilidade. Constru\u00edda com um quadro de liga AL6061 dur\u00e1vel e equipada com um garfo de suspens\u00e3o a ar de liga de 27.5 \u2033 com HLO e coroa de liga, esta bicicleta garante estabilidade e absor\u00e7\u00e3o de choque para estradas da cidade e trilhas de montanha.<\/p>\n<p>Com a confian\u00e7a <strong>Sistema de desviador Shimano CUES de 10 velocidades<\/strong>Com o sistema de mudan\u00e7as de velocidade, os ciclistas podem mudar suavemente as mudan\u00e7as para lidar com estradas planas, subidas \u00edngremes ou descidas r\u00e1pidas. A potente <strong>Trav\u00f5es de disco hidr\u00e1ulicos Shimano MT200<\/strong> proporcionam um poder de travagem fi\u00e1vel em todas as condi\u00e7\u00f5es climat\u00e9ricas, enquanto as rodas de alta tra\u00e7\u00e3o <strong>Pneus Kenda 27,5 x 2,40<\/strong> d\u00e3o-lhe confian\u00e7a em superf\u00edcies irregulares.<\/p>\n<p>Concebido com componentes de qualidade superior, como o <strong>Pedaleira de liga leve SENICX<\/strong> e <strong>Cubos de rolamento duplo Solon<\/strong>A Galaxy T10 foi constru\u00edda para ser dur\u00e1vel e ter um elevado desempenho. Quer esteja a explorar caminhos de montanha acidentados ou a passear pelas ruas da cidade, esta bicicleta proporciona uma experi\u00eancia de condu\u00e7\u00e3o inigual\u00e1vel.<\/p>\n<h3>Porqu\u00ea escolher o Galaxy T10?<\/h3>\n<ul>\n<li><strong>Estrutura forte e leve:<\/strong> O quadro em liga AL6061 garante durabilidade sem peso desnecess\u00e1rio.<\/li>\n<li><strong>Suspens\u00e3o suave:<\/strong> Forquilha de suspens\u00e3o pneum\u00e1tica de 27,5\u2033 com HLO para melhor controlo e conforto.<\/li>\n<li><strong>Mudan\u00e7a de velocidades de precis\u00e3o:<\/strong> Sistema Shimano CUES de 10 velocidades para um desempenho sem esfor\u00e7o em qualquer terreno.<\/li>\n<li><strong>Travagem fi\u00e1vel:<\/strong> Os trav\u00f5es de disco hidr\u00e1ulicos Shimano MT200 proporcionam uma pot\u00eancia de travagem consistente.<\/li>\n<li><strong>Preparado para todo-o-terreno:<\/strong> Os pneus Kenda 27,5 x 2,40 agarram-se ao ch\u00e3o com confian\u00e7a.<\/li>\n<li><strong>Constru\u00e7\u00e3o Premium:<\/strong> Cubos e pedaleira de alta qualidade para uma resist\u00eancia duradoura.<\/li>\n<\/ul>\n<h3>Especifica\u00e7\u00f5es<\/h3>\n<table border=\"1\" cellspacing=\"0\" cellpadding=\"6\">\n<tbody>\n<tr>\n<th>Carater\u00edstica<\/th>\n<th>Detalhes<\/th>\n<\/tr>\n<tr>\n<td>Moldura<\/td>\n<td>AL 6061#, 27.5\u2033<\/td>\n<\/tr>\n<tr>\n<td>Garfo<\/td>\n<td>Garfo de suspens\u00e3o a ar de liga leve de 27.5 \u2033 com HLO, coroa de liga leve<\/td>\n<\/tr>\n<tr>\n<td>Carreto<\/td>\n<td>Shimano CUES 10SP (RDU6000\/SLU6000)<\/td>\n<\/tr>\n<tr>\n<td>Roda livre<\/td>\n<td>Cassete de 10 velocidades<\/td>\n<\/tr>\n<tr>\n<td>Trav\u00e3o<\/td>\n<td>Trav\u00e3o de disco hidr\u00e1ulico Shimano MT200<\/td>\n<\/tr>\n<tr>\n<td>Pneu<\/td>\n<td>Kenda 27,5 x 2,40<\/td>\n<\/tr>\n<tr>\n<td>Roda de corrente<\/td>\n<td>SENICX Monobloco com manivela de liga leve<\/td>\n<\/tr>\n<tr>\n<td>Centro<\/td>\n<td>Solon Alloy Duplo rolamento dianteiro \/ quatro rolamentos traseiros, cassete<\/td>\n<\/tr>\n<tr>\n<td>Medi\u00e7\u00f5es<\/td>\n<td>148 x 23 x 75 cm<\/td>\n<\/tr>\n<\/tbody>\n<\/table>","protected":false},"excerpt":{"rendered":"<p>A Galaxy T10 Adult Bicycle \u00e9 uma mountain bike poderosa e elegante constru\u00edda com um quadro de liga leve de 27.5 \u2033, trem de for\u00e7a avan\u00e7ado Shimano CUES de 10 velocidades e freios a disco hidr\u00e1ulicos responsivos. Perfeito para ciclistas que desejam controle, conforto e desempenho em qualquer terreno.<\/p>","protected":false},"featured_media":2516,"comment_status":"open","ping_status":"closed","template":"","meta":[],"product_brand":[34],"product_cat":[15,37],"product_tag":[],"class_list":{"0":"post-2515","1":"product","2":"type-product","3":"status-publish","4":"has-post-thumbnail","6":"product_brand-galaxy","7":"product_cat-galaxybicycle","8":"product_cat-galaxy-bikes","10":"first","11":"instock","12":"shipping-taxable","13":"product-type-simple"},"_links":{"self":[{"href":"https:\/\/galaxybicycle.com\/pt\/wp-json\/wp\/v2\/product\/2515","targetHints":{"allow":["GET"]}}],"collection":[{"href":"https:\/\/galaxybicycle.com\/pt\/wp-json\/wp\/v2\/product"}],"about":[{"href":"https:\/\/galaxybicycle.com\/pt\/wp-json\/wp\/v2\/types\/product"}],"replies":[{"embeddable":true,"href":"https:\/\/galaxybicycle.com\/pt\/wp-json\/wp\/v2\/comments?post=2515"}],"wp:featuredmedia":[{"embeddable":true,"href":"https:\/\/galaxybicycle.com\/pt\/wp-json\/wp\/v2\/media\/2516"}],"wp:attachment":[{"href":"https:\/\/galaxybicycle.com\/pt\/wp-json\/wp\/v2\/media?parent=2515"}],"wp:term":[{"taxonomy":"product_brand","embeddable":true,"href":"https:\/\/galaxybicycle.com\/pt\/wp-json\/wp\/v2\/product_brand?post=2515"},{"taxonomy":"product_cat","embeddable":true,"href":"https:\/\/galaxybicycle.com\/pt\/wp-json\/wp\/v2\/product_cat?post=2515"},{"taxonomy":"product_tag","embeddable":true,"href":"https:\/\/galaxybicycle.com\/pt\/wp-json\/wp\/v2\/product_tag?post=2515"}],"curies":[{"name":"wp","href":"https:\/\/api.w.org\/{rel}","templated":true}]}}