{"id":2505,"date":"2025-08-18T03:10:21","date_gmt":"2025-08-18T03:10:21","guid":{"rendered":"http:\/\/galaxybicycle.com\/?post_type=product&#038;p=2505"},"modified":"2025-09-02T09:45:37","modified_gmt":"2025-09-02T09:45:37","slug":"gx9","status":"publish","type":"product","link":"https:\/\/galaxybicycle.com\/pt\/product\/gx9\/","title":{"rendered":"Galaxy GX9 Bicicleta para adultos | Bicicleta h\u00edbrida leve 700C para estrada e cascalho"},"content":{"rendered":"<p><strong>Galaxy GX9 Bicicleta para adultos<\/strong> combina um design elegante com um desempenho moderno para lhe proporcionar o equil\u00edbrio perfeito entre conforto e velocidade. Fabricada com um quadro AL 6061# 700C dur\u00e1vel e emparelhada com uma forquilha de liga forte, esta bicicleta proporciona estabilidade e agilidade para passeios di\u00e1rios e viagens de longa dist\u00e2ncia. Quer esteja a deslocar-se para o trabalho, a desfrutar de um passeio de fim de semana ou a explorar novos trilhos, a GX9 adapta-se ao seu estilo de vida.<\/p>\n<p>Equipado com um <strong>Trem de for\u00e7a L-TWOO GR5 de 9 velocidades<\/strong>Com a mudan\u00e7a de velocidades suave, poder\u00e1 enfrentar estradas planas, subidas e descidas com facilidade. A <strong>Trav\u00f5es de disco hidr\u00e1ulicos L-TWOO<\/strong> garantem uma pot\u00eancia de travagem potente e fi\u00e1vel em todas as condi\u00e7\u00f5es climat\u00e9ricas. Rolando em <strong>Pneus CST 700x38C<\/strong>O GX9 oferece ader\u00eancia e conforto em v\u00e1rios terrenos, tornando-o uma escolha vers\u00e1til tanto para estradas pavimentadas como para caminhos de gravilha ligeira.<\/p>\n<p>Concebida para os ciclistas que valorizam o desempenho e o conforto, a <strong>Galaxy GX9<\/strong> \u00e9 um parceiro fi\u00e1vel para passeios de fitness, desloca\u00e7\u00f5es urbanas e aventuras ao ar livre.<\/p>\n<h3>Especifica\u00e7\u00f5es<\/h3>\n<table border=\"1\" cellspacing=\"0\" cellpadding=\"6\">\n<tbody>\n<tr>\n<th>Componente<\/th>\n<th>Detalhes<\/th>\n<\/tr>\n<tr>\n<td>Moldura<\/td>\n<td>AL 6061#, 700C<\/td>\n<\/tr>\n<tr>\n<td>Garfo<\/td>\n<td>AL 6061#, 700C com haste em liga leve<\/td>\n<\/tr>\n<tr>\n<td>Carreto<\/td>\n<td>L-TWOO GR5, 9 velocidades<\/td>\n<\/tr>\n<tr>\n<td>Roda livre<\/td>\n<td>Cassete de 9 velocidades<\/td>\n<\/tr>\n<tr>\n<td>Trav\u00f5es<\/td>\n<td>Trav\u00e3o de disco hidr\u00e1ulico L-TWOO<\/td>\n<\/tr>\n<tr>\n<td>Pneus<\/td>\n<td>CST 700\u00d738C<\/td>\n<\/tr>\n<tr>\n<td>Roda de corrente<\/td>\n<td>Engrenagem oca de uma pe\u00e7a SENICX com manivela de liga leve<\/td>\n<\/tr>\n<tr>\n<td>Centro<\/td>\n<td>Liga met\u00e1lica SOLON Duplo rolamento dianteiro \/ Quatro rolamentos traseiros, cassete<\/td>\n<\/tr>\n<tr>\n<td>Dimens\u00f5es<\/td>\n<td>150 \u00d7 33 \u00d7 73 cm<\/td>\n<\/tr>\n<\/tbody>\n<\/table>","protected":false},"excerpt":{"rendered":"<p>A Galaxy GX9 Adult Bicycle foi concebida para ciclistas que pretendem uma experi\u00eancia de ciclismo suave, fi\u00e1vel e vers\u00e1til. Com o seu quadro leve AL 6061#, trav\u00f5es de disco hidr\u00e1ulicos de resposta r\u00e1pida e transmiss\u00e3o de 9 velocidades, esta bicicleta \u00e9 perfeita para desloca\u00e7\u00f5es urbanas, aventuras de fim de semana ou passeios de fitness.<\/p>","protected":false},"featured_media":2506,"comment_status":"open","ping_status":"closed","template":"","meta":[],"product_brand":[34],"product_cat":[37],"product_tag":[],"class_list":{"0":"post-2505","1":"product","2":"type-product","3":"status-publish","4":"has-post-thumbnail","6":"product_brand-galaxy","7":"product_cat-galaxy-bikes","9":"first","10":"instock","11":"shipping-taxable","12":"product-type-simple"},"_links":{"self":[{"href":"https:\/\/galaxybicycle.com\/pt\/wp-json\/wp\/v2\/product\/2505","targetHints":{"allow":["GET"]}}],"collection":[{"href":"https:\/\/galaxybicycle.com\/pt\/wp-json\/wp\/v2\/product"}],"about":[{"href":"https:\/\/galaxybicycle.com\/pt\/wp-json\/wp\/v2\/types\/product"}],"replies":[{"embeddable":true,"href":"https:\/\/galaxybicycle.com\/pt\/wp-json\/wp\/v2\/comments?post=2505"}],"wp:featuredmedia":[{"embeddable":true,"href":"https:\/\/galaxybicycle.com\/pt\/wp-json\/wp\/v2\/media\/2506"}],"wp:attachment":[{"href":"https:\/\/galaxybicycle.com\/pt\/wp-json\/wp\/v2\/media?parent=2505"}],"wp:term":[{"taxonomy":"product_brand","embeddable":true,"href":"https:\/\/galaxybicycle.com\/pt\/wp-json\/wp\/v2\/product_brand?post=2505"},{"taxonomy":"product_cat","embeddable":true,"href":"https:\/\/galaxybicycle.com\/pt\/wp-json\/wp\/v2\/product_cat?post=2505"},{"taxonomy":"product_tag","embeddable":true,"href":"https:\/\/galaxybicycle.com\/pt\/wp-json\/wp\/v2\/product_tag?post=2505"}],"curies":[{"name":"wp","href":"https:\/\/api.w.org\/{rel}","templated":true}]}}