{"id":2385,"date":"2025-08-17T04:27:09","date_gmt":"2025-08-17T04:27:09","guid":{"rendered":"https:\/\/go.galaxybicycle.com\/?post_type=product&#038;p=2385"},"modified":"2025-09-03T09:37:44","modified_gmt":"2025-09-03T09:37:44","slug":"m750e","status":"publish","type":"product","link":"https:\/\/galaxybicycle.com\/pt\/product\/m750e\/","title":{"rendered":"Velopro F750E Bicicleta El\u00e9ctrica Dobr\u00e1vel | Motor de 500W, Sensor de Torque, Trav\u00f5es Hidr\u00e1ulicos"},"content":{"rendered":"<p>Descobrir o <strong>Bicicleta el\u00e9ctrica dobr\u00e1vel Velopro F750E<\/strong> - um equil\u00edbrio perfeito entre for\u00e7a, tecnologia e versatilidade.<br \/>\nConcebido com um potente <strong>Motor de tra\u00e7\u00e3o interm\u00e9dia de 48V 500W<\/strong> e um <strong>Bateria EVE 48V 10.4AH<\/strong>, proporciona viagens sem esfor\u00e7o com uma velocidade m\u00e1xima de <strong>32KM\/H<\/strong> e uma gama de <strong>35-45KM<\/strong> com uma \u00fanica carga.<br \/>\nO <strong>sensor de bin\u00e1rio<\/strong> assegura uma assist\u00eancia natural ao pedal, enquanto <strong>trav\u00f5es de disco hidr\u00e1ulicos<\/strong> proporcionam um poder de travagem de alto n\u00edvel em qualquer condi\u00e7\u00e3o.<br \/>\nO seu <strong>Pneus gordos CST de 20\u00d74<\/strong> e <strong>garfo de suspens\u00e3o<\/strong> tornam-no adequado para estradas, trilhos e tudo o que estiver entre eles.<br \/>\nQuando n\u00e3o est\u00e1 a ser utilizada, a F750E dobra-se para facilitar a arruma\u00e7\u00e3o, o que a torna na companheira de viagem ideal para os utilizadores urbanos e exploradores ao ar livre.<\/p>\n<p>Carater\u00edsticas pr\u00e1ticas, como um <strong>cremalheira traseira<\/strong>, <strong>luzes dianteiras e traseiras<\/strong>, <strong>C\u00e2mbios Shimano de 7 velocidades<\/strong>e <strong>Impermeabiliza\u00e7\u00e3o IP54<\/strong> aumentam a comodidade e a fiabilidade. Quer se trate de passeios na cidade ou de aventuras fora de estrada, o Velopro F750E garante uma forma divertida, segura e ecol\u00f3gica de explorar.<\/p>\n<h2>Especifica\u00e7\u00f5es<\/h2>\n<table border=\"1\" cellspacing=\"0\" cellpadding=\"6\">\n<tbody>\n<tr>\n<th>Classifica\u00e7\u00e3o<\/th>\n<th>Especifica\u00e7\u00f5es<\/th>\n<th>Par\u00e2metros<\/th>\n<\/tr>\n<tr>\n<td rowspan=\"10\">Eletr\u00f3nica<\/td>\n<td>Bateria<\/td>\n<td>48V 10.4AH (C\u00e9lulas EVE)<\/td>\n<\/tr>\n<tr>\n<td>Motor<\/td>\n<td>Motor de tra\u00e7\u00e3o interm\u00e9dia de 48V 500W<\/td>\n<\/tr>\n<tr>\n<td>Velocidade m\u00e1xima<\/td>\n<td>32KM\/H<\/td>\n<\/tr>\n<tr>\n<td>Gama<\/td>\n<td>35-45KM<\/td>\n<\/tr>\n<tr>\n<td>PAS<\/td>\n<td>5 modos de condu\u00e7\u00e3o<\/td>\n<\/tr>\n<tr>\n<td>Carregador<\/td>\n<td>54,6V 2A<\/td>\n<\/tr>\n<tr>\n<td>Tempo de carregamento<\/td>\n<td>5 horas<\/td>\n<\/tr>\n<tr>\n<td>Acelerador<\/td>\n<td>Acelerador de tor\u00e7\u00e3o<\/td>\n<\/tr>\n<tr>\n<td>Ecr\u00e3<\/td>\n<td>Ecr\u00e3 LCD<\/td>\n<\/tr>\n<tr>\n<td>Sensor<\/td>\n<td>Sensor de bin\u00e1rio<\/td>\n<\/tr>\n<tr>\n<td rowspan=\"15\">Normas<\/td>\n<td>Material da estrutura<\/td>\n<td>Liga de alum\u00ednio 6061<\/td>\n<\/tr>\n<tr>\n<td>Tamanho da roda<\/td>\n<td>20\u00d74''<\/td>\n<\/tr>\n<tr>\n<td>Marca de pneus<\/td>\n<td>CST<\/td>\n<\/tr>\n<tr>\n<td>Peso l\u00edquido<\/td>\n<td>31KG<\/td>\n<\/tr>\n<tr>\n<td>Peso bruto<\/td>\n<td>40.8KG<\/td>\n<\/tr>\n<tr>\n<td>Capacidade de carga \u00fatil<\/td>\n<td>150KG<\/td>\n<\/tr>\n<tr>\n<td>Capacidade de subida<\/td>\n<td>15\u00b0<\/td>\n<\/tr>\n<tr>\n<td>Trav\u00f5es<\/td>\n<td>Trav\u00f5es de disco hidr\u00e1ulicos (dianteiros e traseiros)<\/td>\n<\/tr>\n<tr>\n<td>Forquilha dianteira<\/td>\n<td>Forquilha de suspens\u00e3o<\/td>\n<\/tr>\n<tr>\n<td>Deslocador<\/td>\n<td>Shimano 7 velocidades<\/td>\n<\/tr>\n<tr>\n<td>Para-lamas<\/td>\n<td>Frente e traseira inclu\u00eddas<\/td>\n<\/tr>\n<tr>\n<td>Barra traseira<\/td>\n<td>Sim<\/td>\n<\/tr>\n<tr>\n<td>Dobr\u00e1vel<\/td>\n<td>Sim<\/td>\n<\/tr>\n<tr>\n<td>N\u00edvel de impermeabilidade<\/td>\n<td>IP54<\/td>\n<\/tr>\n<tr>\n<td>Cor<\/td>\n<td>Personaliz\u00e1vel<\/td>\n<\/tr>\n<tr>\n<td rowspan=\"3\">Tamanho<\/td>\n<td>Altura do cavaleiro<\/td>\n<td>155-190cm<\/td>\n<\/tr>\n<tr>\n<td>Tamanho da embalagem<\/td>\n<td>106\u00d748\u00d781cm<\/td>\n<\/tr>\n<tr>\n<td>Qtd. para contentor de 1*40HQ<\/td>\n<td>180 UNIDADES<\/td>\n<\/tr>\n<\/tbody>\n<\/table>","protected":false},"excerpt":{"rendered":"<p>A Velopro F750E \u00e9 uma bicicleta el\u00e9ctrica dobr\u00e1vel de alto desempenho constru\u00edda para pot\u00eancia, conforto e conveni\u00eancia. Com um motor de tra\u00e7\u00e3o interm\u00e9dia de 500 W, sensor de bin\u00e1rio para uma pedalada suave e trav\u00f5es de disco hidr\u00e1ulicos, esta bicicleta el\u00e9ctrica com pneus gordos \u00e9 perfeita para desloca\u00e7\u00f5es urbanas e aventuras ao ar livre.<\/p>","protected":false},"featured_media":2386,"comment_status":"open","ping_status":"closed","template":"","meta":[],"product_brand":[35],"product_cat":[27,28,38],"product_tag":[],"class_list":{"0":"post-2385","1":"product","2":"type-product","3":"status-publish","4":"has-post-thumbnail","6":"product_brand-velopro","7":"product_cat-city-ebike","8":"product_cat-fat-tire-ebike","9":"product_cat-velopro-electric-bikes","11":"first","12":"instock","13":"shipping-taxable","14":"product-type-simple"},"_links":{"self":[{"href":"https:\/\/galaxybicycle.com\/pt\/wp-json\/wp\/v2\/product\/2385","targetHints":{"allow":["GET"]}}],"collection":[{"href":"https:\/\/galaxybicycle.com\/pt\/wp-json\/wp\/v2\/product"}],"about":[{"href":"https:\/\/galaxybicycle.com\/pt\/wp-json\/wp\/v2\/types\/product"}],"replies":[{"embeddable":true,"href":"https:\/\/galaxybicycle.com\/pt\/wp-json\/wp\/v2\/comments?post=2385"}],"wp:featuredmedia":[{"embeddable":true,"href":"https:\/\/galaxybicycle.com\/pt\/wp-json\/wp\/v2\/media\/2386"}],"wp:attachment":[{"href":"https:\/\/galaxybicycle.com\/pt\/wp-json\/wp\/v2\/media?parent=2385"}],"wp:term":[{"taxonomy":"product_brand","embeddable":true,"href":"https:\/\/galaxybicycle.com\/pt\/wp-json\/wp\/v2\/product_brand?post=2385"},{"taxonomy":"product_cat","embeddable":true,"href":"https:\/\/galaxybicycle.com\/pt\/wp-json\/wp\/v2\/product_cat?post=2385"},{"taxonomy":"product_tag","embeddable":true,"href":"https:\/\/galaxybicycle.com\/pt\/wp-json\/wp\/v2\/product_tag?post=2385"}],"curies":[{"name":"wp","href":"https:\/\/api.w.org\/{rel}","templated":true}]}}