{"id":2383,"date":"2025-08-17T04:26:48","date_gmt":"2025-08-17T04:26:48","guid":{"rendered":"https:\/\/go.galaxybicycle.com\/?post_type=product&#038;p=2383"},"modified":"2025-09-02T09:34:28","modified_gmt":"2025-09-02T09:34:28","slug":"m200e","status":"publish","type":"product","link":"https:\/\/galaxybicycle.com\/pt\/product\/m200e\/","title":{"rendered":"Velopro M200E Step-Through Electric Bike | Casual Cruiser com carater\u00edsticas de seguran\u00e7a"},"content":{"rendered":"<p>Conhe\u00e7a o <strong>Velopro M200E Bicicleta el\u00e9ctrica de passo a passo<\/strong>A bicicleta de montanha da marca Crazy, a sua companheira di\u00e1ria perfeita para desloca\u00e7\u00f5es di\u00e1rias descontra\u00eddas, passeios pela cidade ou aventuras de fim de semana. Constru\u00eddo com uma estrutura de a\u00e7o dur\u00e1vel de 20 \u2033 e design passo a passo, torna a entrada e sa\u00edda sem esfor\u00e7o e confort\u00e1vel para ciclistas de todas as idades. O garfo de suspens\u00e3o com MLO e coroa de liga suaviza os solavancos, enquanto os pneus Chaoyang largos de 20 \"x 4.0 fornecem excelente tra\u00e7\u00e3o e estabilidade nas ruas, parques e trilhas leves.<\/p>\n<p>Alimentado por um forte <strong>Motor de cubo traseiro de 48V 500W<\/strong> e combinada com uma <strong>Bateria de 48V 10.4Ah<\/strong>A M200E d\u00e1-lhe a liberdade de andar mais tempo com confian\u00e7a. A unidade de tra\u00e7\u00e3o Shimano de 7 velocidades assegura mudan\u00e7as de velocidade suaves, quer esteja a subir colinas ou a deslizar em estradas planas. Os trav\u00f5es de disco mec\u00e2nicos proporcionam uma pot\u00eancia de travagem fi\u00e1vel, dando-lhe paz de esp\u00edrito, independentemente de onde a sua viagem o leve.<\/p>\n<p>O <strong>Velopro M200E<\/strong> A eBike tamb\u00e9m possui um ecr\u00e3 a cores brilhante e de f\u00e1cil leitura, que lhe permite controlar rapidamente a sua velocidade, a dura\u00e7\u00e3o da bateria e o modo de condu\u00e7\u00e3o. Com o seu design de cruzeiro casual e carater\u00edsticas de seguran\u00e7a adicionais, esta eBike \u00e9 ideal para quem procura conforto, fiabilidade e estilo num \u00fanico pacote.<\/p>\n<h3>Especifica\u00e7\u00f5es<\/h3>\n<table border=\"1\" cellspacing=\"0\" cellpadding=\"6\">\n<tbody>\n<tr>\n<th>Componente<\/th>\n<th>Detalhes<\/th>\n<\/tr>\n<tr>\n<td>Moldura<\/td>\n<td>Estrutura de passagem em a\u00e7o de 20<\/td>\n<\/tr>\n<tr>\n<td>Garfo<\/td>\n<td>Forquilha de suspens\u00e3o de 20\u2033 com MLO e coroa de liga leve<\/td>\n<\/tr>\n<tr>\n<td>Carreto<\/td>\n<td>Shimano 7 velocidades<\/td>\n<\/tr>\n<tr>\n<td>Trav\u00f5es<\/td>\n<td>Trav\u00f5es de disco mec\u00e2nicos<\/td>\n<\/tr>\n<tr>\n<td>Pneus<\/td>\n<td>Pneus gordos Chaoyang 20\u2033 \u00d7 4.0<\/td>\n<\/tr>\n<tr>\n<td>Ecr\u00e3<\/td>\n<td>Ecr\u00e3 colorido<\/td>\n<\/tr>\n<tr>\n<td>Motor<\/td>\n<td>Motor de cubo traseiro 48V \u00d7 500W<\/td>\n<\/tr>\n<tr>\n<td>Bateria<\/td>\n<td>Bateria de 48V \u00d7 10,4Ah<\/td>\n<\/tr>\n<\/tbody>\n<\/table>","protected":false},"excerpt":{"rendered":"<p>A Velopro M200E \u00e9 uma eBike elegante e f\u00e1cil de conduzir, concebida para um passeio casual. Com pneus gordos de 20\u2033, um potente motor de 500W e fi\u00e1veis mudan\u00e7as Shimano de 7 velocidades, combina conforto, controlo e carater\u00edsticas de seguran\u00e7a adicionais para passeios di\u00e1rios.<\/p>","protected":false},"featured_media":2384,"comment_status":"open","ping_status":"closed","template":"","meta":[],"product_brand":[35],"product_cat":[27,28,38],"product_tag":[],"class_list":{"0":"post-2383","1":"product","2":"type-product","3":"status-publish","4":"has-post-thumbnail","6":"product_brand-velopro","7":"product_cat-city-ebike","8":"product_cat-fat-tire-ebike","9":"product_cat-velopro-electric-bikes","11":"first","12":"instock","13":"shipping-taxable","14":"product-type-simple"},"_links":{"self":[{"href":"https:\/\/galaxybicycle.com\/pt\/wp-json\/wp\/v2\/product\/2383","targetHints":{"allow":["GET"]}}],"collection":[{"href":"https:\/\/galaxybicycle.com\/pt\/wp-json\/wp\/v2\/product"}],"about":[{"href":"https:\/\/galaxybicycle.com\/pt\/wp-json\/wp\/v2\/types\/product"}],"replies":[{"embeddable":true,"href":"https:\/\/galaxybicycle.com\/pt\/wp-json\/wp\/v2\/comments?post=2383"}],"wp:featuredmedia":[{"embeddable":true,"href":"https:\/\/galaxybicycle.com\/pt\/wp-json\/wp\/v2\/media\/2384"}],"wp:attachment":[{"href":"https:\/\/galaxybicycle.com\/pt\/wp-json\/wp\/v2\/media?parent=2383"}],"wp:term":[{"taxonomy":"product_brand","embeddable":true,"href":"https:\/\/galaxybicycle.com\/pt\/wp-json\/wp\/v2\/product_brand?post=2383"},{"taxonomy":"product_cat","embeddable":true,"href":"https:\/\/galaxybicycle.com\/pt\/wp-json\/wp\/v2\/product_cat?post=2383"},{"taxonomy":"product_tag","embeddable":true,"href":"https:\/\/galaxybicycle.com\/pt\/wp-json\/wp\/v2\/product_tag?post=2383"}],"curies":[{"name":"wp","href":"https:\/\/api.w.org\/{rel}","templated":true}]}}