{"id":2374,"date":"2025-08-17T04:25:02","date_gmt":"2025-08-17T04:25:02","guid":{"rendered":"https:\/\/go.galaxybicycle.com\/?post_type=product&#038;p=2374"},"modified":"2026-01-22T12:14:56","modified_gmt":"2026-01-22T12:14:56","slug":"a6-pro","status":"publish","type":"product","link":"https:\/\/galaxybicycle.com\/pt\/product\/a6-pro\/","title":{"rendered":"Galaxy A6 PRO Bicicleta para adultos | Bicicleta de montanha Shimano de 21 velocidades"},"content":{"rendered":"<p>Descobrir o <strong>Galaxy A6 PRO Bicicleta de adulto<\/strong>A A6 PRO \u00e9 uma combina\u00e7\u00e3o perfeita de durabilidade, desempenho e estilo. Quer se desloque para o trabalho, passeie pela cidade ou desfrute de aventuras de fim de semana em trilhos de montanha, a A6 PRO foi concebida para proporcionar conforto e fiabilidade em cada curva.<\/p>\n<p>O seu quadro em liga de 6061, leve mas resistente, garante estabilidade, enquanto a forquilha de suspens\u00e3o com MLO (Mechanical Lockout) absorve os solavancos para uma condu\u00e7\u00e3o mais suave. A <strong>Sistema de mudan\u00e7as Shimano Tourney de 21 velocidades<\/strong> permite-lhe mudar facilmente de velocidade e enfrentar diferentes terrenos - desde colinas \u00edngremes a estradas planas.<\/p>\n<p>A seguran\u00e7a e o controlo s\u00e3o melhorados com <strong>trav\u00f5es de disco mec\u00e2nicos<\/strong> que proporcionam um poder de travagem fi\u00e1vel em todas as condi\u00e7\u00f5es meteorol\u00f3gicas. Com <strong>Pneus Kenda K1153<\/strong> e jantes de parede dupla em liga leve, esta bicicleta garante uma excelente ader\u00eancia e uma resist\u00eancia duradoura. Perfeita tanto para principiantes como para ciclistas experientes, a Galaxy A6 PRO \u00e9 a sua bicicleta de elei\u00e7\u00e3o para a boa forma f\u00edsica, a divers\u00e3o e a aventura.<\/p>\n<h2>Carater\u00edsticas principais:<\/h2>\n<ul>\n<li>Estrutura dur\u00e1vel em liga de 6061 para resist\u00eancia e desempenho leve<\/li>\n<li>Forquilha de suspens\u00e3o com MLO para uma condu\u00e7\u00e3o mais suave em terrenos dif\u00edceis<\/li>\n<li>Sistema de mudan\u00e7as Tourney de 21 velocidades Shimano com mudan\u00e7as STEF500<\/li>\n<li>Trav\u00f5es de disco mec\u00e2nicos fi\u00e1veis para uma pot\u00eancia de travagem em todas as condi\u00e7\u00f5es meteorol\u00f3gicas<\/li>\n<li>Pneus Kenda K1153 para uma tra\u00e7\u00e3o superior<\/li>\n<li>Pedaleira em liga met\u00e1lica com guarda-corrente para maior prote\u00e7\u00e3o<\/li>\n<li>Cubos de liga leve de rolamento duplo com liberta\u00e7\u00e3o r\u00e1pida (QR) para maior comodidade<\/li>\n<li>Jantes de liga leve de parede dupla com paredes laterais CNC para maior durabilidade<\/li>\n<\/ul>\n<h2>Especifica\u00e7\u00f5es<\/h2>\n<table border=\"1\" cellspacing=\"0\" cellpadding=\"6\">\n<tbody>\n<tr>\n<th>Componente<\/th>\n<th>Especifica\u00e7\u00e3o<\/th>\n<\/tr>\n<tr>\n<td>Moldura<\/td>\n<td>Estrutura em liga de 6061<\/td>\n<\/tr>\n<tr>\n<td>Garfo<\/td>\n<td>Forquilha de suspens\u00e3o com MLO<\/td>\n<\/tr>\n<tr>\n<td>Carreto<\/td>\n<td>Shimano Tourney FD \/ RD, 21 velocidades<\/td>\n<\/tr>\n<tr>\n<td>Deslocador<\/td>\n<td>Shimano STEF500 21 velocidades<\/td>\n<\/tr>\n<tr>\n<td>Roda livre<\/td>\n<td>7 velocidades, 14-28T<\/td>\n<\/tr>\n<tr>\n<td>Trav\u00e3o<\/td>\n<td>Trav\u00e3o de disco mec\u00e2nico<\/td>\n<\/tr>\n<tr>\n<td>Pneus<\/td>\n<td>Kenda K1153<\/td>\n<\/tr>\n<tr>\n<td>Roda de corrente<\/td>\n<td>Prowheel 24\/34\/42T \u00d7 170L, manivela de liga leve com chainguard<\/td>\n<\/tr>\n<tr>\n<td>Centro<\/td>\n<td>Liga, rolamentos duplos com liberta\u00e7\u00e3o r\u00e1pida<\/td>\n<\/tr>\n<tr>\n<td>Jantes<\/td>\n<td>Liga met\u00e1lica de parede dupla, H=30mm com lado CNC<\/td>\n<\/tr>\n<\/tbody>\n<\/table>","protected":false},"excerpt":{"rendered":"<p>A Galaxy A6 PRO \u00e9 uma vers\u00e1til bicicleta de montanha para adultos, concebida para ciclistas que gostam de desempenho suave, qualidade duradoura e aventura quotidiana. Com um quadro de liga leve resistente, sistema Shimano de 21 velocidades, trav\u00f5es de disco mec\u00e2nicos e pneus Kenda, esta bicicleta foi concebida para lidar com estradas urbanas e trilhos fora de estrada com confian\u00e7a.<\/p>","protected":false},"featured_media":2376,"comment_status":"open","ping_status":"closed","template":"","meta":[],"product_brand":[34],"product_cat":[15],"product_tag":[],"class_list":{"0":"post-2374","1":"product","2":"type-product","3":"status-publish","4":"has-post-thumbnail","6":"product_brand-galaxy","7":"product_cat-galaxybicycle","9":"first","10":"instock","11":"shipping-taxable","12":"product-type-simple"},"_links":{"self":[{"href":"https:\/\/galaxybicycle.com\/pt\/wp-json\/wp\/v2\/product\/2374","targetHints":{"allow":["GET"]}}],"collection":[{"href":"https:\/\/galaxybicycle.com\/pt\/wp-json\/wp\/v2\/product"}],"about":[{"href":"https:\/\/galaxybicycle.com\/pt\/wp-json\/wp\/v2\/types\/product"}],"replies":[{"embeddable":true,"href":"https:\/\/galaxybicycle.com\/pt\/wp-json\/wp\/v2\/comments?post=2374"}],"wp:featuredmedia":[{"embeddable":true,"href":"https:\/\/galaxybicycle.com\/pt\/wp-json\/wp\/v2\/media\/2376"}],"wp:attachment":[{"href":"https:\/\/galaxybicycle.com\/pt\/wp-json\/wp\/v2\/media?parent=2374"}],"wp:term":[{"taxonomy":"product_brand","embeddable":true,"href":"https:\/\/galaxybicycle.com\/pt\/wp-json\/wp\/v2\/product_brand?post=2374"},{"taxonomy":"product_cat","embeddable":true,"href":"https:\/\/galaxybicycle.com\/pt\/wp-json\/wp\/v2\/product_cat?post=2374"},{"taxonomy":"product_tag","embeddable":true,"href":"https:\/\/galaxybicycle.com\/pt\/wp-json\/wp\/v2\/product_tag?post=2374"}],"curies":[{"name":"wp","href":"https:\/\/api.w.org\/{rel}","templated":true}]}}