{"id":2372,"date":"2025-08-17T04:24:42","date_gmt":"2025-08-17T04:24:42","guid":{"rendered":"https:\/\/go.galaxybicycle.com\/?post_type=product&#038;p=2372"},"modified":"2025-09-02T10:20:05","modified_gmt":"2025-09-02T10:20:05","slug":"a7-promax","status":"publish","type":"product","link":"https:\/\/galaxybicycle.com\/pt\/product\/a7-promax\/","title":{"rendered":"Galaxy A7 PROMAX Bicicleta para adultos | Bicicleta de montanha Shimano de 24 velocidades com garfo de suspens\u00e3o"},"content":{"rendered":"<p><b>Galaxy A7 PROMAX Bicicleta para adultos<\/b> foi concebida para os ciclistas que pretendem uma bicicleta de montanha de n\u00edvel profissional, mas que seja f\u00e1cil e divertida de conduzir para principiantes. Quer esteja a deslocar-se pela cidade, a explorar trilhos naturais ou a desfrutar de passeios de fim de semana, esta bicicleta combina uma <b>Estrutura em liga de alum\u00ednio 6061<\/b> com avan\u00e7ado <b>Engrenagem Shimano de 24 velocidades<\/b> para um desempenho suave e fi\u00e1vel. Os seus <b>forquilha de suspens\u00e3o com MLO<\/b> ajuda a absorver os choques, enquanto <b>Pneus Kenda K1153<\/b> mant\u00eam-no est\u00e1vel em v\u00e1rias superf\u00edcies.<\/p>\n<p>Concebida para proporcionar conforto e durabilidade, a A7 PROMAX apresenta <b>trav\u00f5es de disco mec\u00e2nicos<\/b> para um poder de paragem consistente, <b>jantes de liga leve de parede dupla com paredes laterais CNC<\/b> para a for\u00e7a, e um <b>Pedaleira de liga leve Prowheel<\/b> com prote\u00e7\u00e3o da corrente para uma pedalada eficaz. Esta bicicleta para adultos foi concebida para aqueles que valorizam a precis\u00e3o, o controlo e o estilo em cada pedalada.<\/p>\n<h3>Porqu\u00ea escolher o Galaxy A7 PROMAX?<\/h3>\n<ul>\n<li><b>Sistema Shimano de 24 velocidades<\/b> para uma mudan\u00e7a de velocidades suave e precisa.<\/li>\n<li><b>Quadro leve em liga de 6061<\/b> constru\u00eddo para ser resistente e dur\u00e1vel.<\/li>\n<li><b>Forquilha de suspens\u00e3o com MLO<\/b> para absorver os choques e melhorar o conforto.<\/li>\n<li><b>Trav\u00f5es de disco mec\u00e2nicos<\/b> para um poder de travagem fi\u00e1vel em todas as condi\u00e7\u00f5es meteorol\u00f3gicas.<\/li>\n<li><b>Pneus Kenda K1153<\/b> para uma excelente tra\u00e7\u00e3o e controlo.<\/li>\n<li><b>Cubos de liga leve com rolamentos duplos<\/b> para um rolamento suave e um desempenho duradouro.<\/li>\n<\/ul>\n<h3>Especifica\u00e7\u00f5es<\/h3>\n<table border=\"1\" cellspacing=\"0\" cellpadding=\"6\">\n<tbody>\n<tr>\n<th>Carater\u00edstica<\/th>\n<th>Detalhes<\/th>\n<\/tr>\n<tr>\n<td>Moldura<\/td>\n<td>AL, liga 6061#<\/td>\n<\/tr>\n<tr>\n<td>Garfo<\/td>\n<td>Forquilha de suspens\u00e3o com MLO<\/td>\n<\/tr>\n<tr>\n<td>Carreto<\/td>\n<td>Shimano 24SP FD-TZ500 \/ RD-TY300<\/td>\n<\/tr>\n<tr>\n<td>Deslocador<\/td>\n<td>Shimano 24SP STEF500 \/ STEF500<\/td>\n<\/tr>\n<tr>\n<td>Roda livre<\/td>\n<td>Shimano 8SP ACSHG2008232, Pinh\u00e3o de cassete<\/td>\n<\/tr>\n<tr>\n<td>Trav\u00e3o<\/td>\n<td>Trav\u00e3o de disco mec\u00e2nico<\/td>\n<\/tr>\n<tr>\n<td>Pneu<\/td>\n<td>Kenda K1153<\/td>\n<\/tr>\n<tr>\n<td>Roda de corrente<\/td>\n<td>Prowheel 24\/34\/42T*170L, manivela de liga leve com chainguard<\/td>\n<\/tr>\n<tr>\n<td>Centro<\/td>\n<td>Liga, rolamentos duplos com QR, cassete<\/td>\n<\/tr>\n<tr>\n<td>Jantes<\/td>\n<td>Liga dupla H=30mm com lado CNC<\/td>\n<\/tr>\n<\/tbody>\n<\/table>","protected":false},"excerpt":{"rendered":"<p>Conduzir com confian\u00e7a no <b>Galaxy A7 PROMAX<\/b>A Shimano \u00e9 uma bicicleta de montanha para adultos de 24 velocidades, equipada com Shimano, concebida para mudan\u00e7as suaves, controlo s\u00f3lido e aventuras em todo o terreno. Constru\u00edda com um quadro de liga leve, forquilha de suspens\u00e3o e trav\u00f5es de disco mec\u00e2nicos fi\u00e1veis, \u00e9 a combina\u00e7\u00e3o perfeita de desempenho, conforto e durabilidade.<\/p>","protected":false},"featured_media":2373,"comment_status":"open","ping_status":"closed","template":"","meta":[],"product_brand":[34],"product_cat":[15],"product_tag":[],"class_list":{"0":"post-2372","1":"product","2":"type-product","3":"status-publish","4":"has-post-thumbnail","6":"product_brand-galaxy","7":"product_cat-galaxybicycle","9":"first","10":"instock","11":"shipping-taxable","12":"product-type-simple"},"_links":{"self":[{"href":"https:\/\/galaxybicycle.com\/pt\/wp-json\/wp\/v2\/product\/2372","targetHints":{"allow":["GET"]}}],"collection":[{"href":"https:\/\/galaxybicycle.com\/pt\/wp-json\/wp\/v2\/product"}],"about":[{"href":"https:\/\/galaxybicycle.com\/pt\/wp-json\/wp\/v2\/types\/product"}],"replies":[{"embeddable":true,"href":"https:\/\/galaxybicycle.com\/pt\/wp-json\/wp\/v2\/comments?post=2372"}],"wp:featuredmedia":[{"embeddable":true,"href":"https:\/\/galaxybicycle.com\/pt\/wp-json\/wp\/v2\/media\/2373"}],"wp:attachment":[{"href":"https:\/\/galaxybicycle.com\/pt\/wp-json\/wp\/v2\/media?parent=2372"}],"wp:term":[{"taxonomy":"product_brand","embeddable":true,"href":"https:\/\/galaxybicycle.com\/pt\/wp-json\/wp\/v2\/product_brand?post=2372"},{"taxonomy":"product_cat","embeddable":true,"href":"https:\/\/galaxybicycle.com\/pt\/wp-json\/wp\/v2\/product_cat?post=2372"},{"taxonomy":"product_tag","embeddable":true,"href":"https:\/\/galaxybicycle.com\/pt\/wp-json\/wp\/v2\/product_tag?post=2372"}],"curies":[{"name":"wp","href":"https:\/\/api.w.org\/{rel}","templated":true}]}}