{"id":2366,"date":"2025-08-17T04:21:26","date_gmt":"2025-08-17T04:21:26","guid":{"rendered":"https:\/\/go.galaxybicycle.com\/?post_type=product&#038;p=2366"},"modified":"2025-11-20T03:01:22","modified_gmt":"2025-11-20T03:01:22","slug":"rl380r","status":"publish","type":"product","link":"https:\/\/galaxybicycle.com\/pt\/product\/rl380r\/","title":{"rendered":"Galaxy RL380R Bicicleta para adultos | Bicicleta de estrada Shimano de 21 velocidades com quadro de liga leve"},"content":{"rendered":"<p><strong>Bicicleta de adulto Galaxy RL380R<\/strong> foi concebida para lhe dar confian\u00e7a, velocidade e conforto na estrada. Com o seu quadro de alum\u00ednio AL6061 dur\u00e1vel e forqueta de a\u00e7o de precis\u00e3o, esta bicicleta de estrada atinge o equil\u00edbrio perfeito entre resist\u00eancia e manuseamento leve.<\/p>\n<p>Equipado com um <strong>Trem de for\u00e7a Shimano Tourney de 21 velocidades<\/strong>A RL380R torna a subida de colinas, o cruzamento de plan\u00edcies e o controlo de descidas suaves e eficientes. A <strong>trav\u00f5es de aro com pin\u00e7a<\/strong> proporcionam um poder de travagem fi\u00e1vel, enquanto os <strong>Pneus Kenda K176 700x28C<\/strong> proporcionam uma excelente tra\u00e7\u00e3o e efici\u00eancia de rolamento para desloca\u00e7\u00f5es urbanas ou passeios de fim de semana.<\/p>\n<p>Os cavaleiros tamb\u00e9m apreciar\u00e3o o <strong>cubos de liga leve com rolamentos duplos e de liberta\u00e7\u00e3o r\u00e1pida<\/strong> e <strong>jantes laterais CNC de parede dupla<\/strong>O Galaxy RL380R \u00e9 o seu parceiro de ciclismo fi\u00e1vel, garantindo durabilidade e estabilidade em todas as viagens. Quer esteja a deslocar-se para o trabalho, a fazer exerc\u00edcio ou apenas a desfrutar de um passeio de lazer, a Galaxy RL380R \u00e9 o seu parceiro de ciclismo fi\u00e1vel.<\/p>\n<h3>Porqu\u00ea escolher o Galaxy RL380R?<\/h3>\n<ul>\n<li><strong>Leve mas resistente<\/strong> Estrutura em alum\u00ednio AL6061 para facilitar o manuseamento.<\/li>\n<li><strong>Sistema Shimano de 21 velocidades<\/strong> para uma condu\u00e7\u00e3o vers\u00e1til em todos os terrenos.<\/li>\n<li><strong>Confort\u00e1vel e eficiente<\/strong> Pneus Kenda 700x28C para um ciclismo de estrada suave.<\/li>\n<li><strong>Travagem fi\u00e1vel<\/strong> com sistema de trav\u00e3o de jante com pin\u00e7a.<\/li>\n<li><strong>Jantes de liga leve de parede dupla dur\u00e1veis<\/strong> com laterais CNC para maior resist\u00eancia e desempenho.<\/li>\n<\/ul>\n<h3>Especifica\u00e7\u00f5es<\/h3>\n<table border=\"1\" cellspacing=\"0\" cellpadding=\"8\">\n<tbody>\n<tr>\n<th>Carater\u00edstica<\/th>\n<th>Detalhes<\/th>\n<\/tr>\n<tr>\n<td>Moldura<\/td>\n<td>Alum\u00ednio AL6061<\/td>\n<\/tr>\n<tr>\n<td>Garfo<\/td>\n<td>Garfo de a\u00e7o<\/td>\n<\/tr>\n<tr>\n<td>Carreto<\/td>\n<td>Shimano 21SP FD Tourney \/ RD Tourney<\/td>\n<\/tr>\n<tr>\n<td>Deslocador<\/td>\n<td>Shimano 21SP A050<\/td>\n<\/tr>\n<tr>\n<td>Roda livre<\/td>\n<td>7 velocidades 14-28T<\/td>\n<\/tr>\n<tr>\n<td>Trav\u00e3o<\/td>\n<td>Pin\u00e7a de trav\u00e3o de jante<\/td>\n<\/tr>\n<tr>\n<td>Pneus<\/td>\n<td>Kenda K176 700x28C<\/td>\n<\/tr>\n<tr>\n<td>Roda de corrente<\/td>\n<td>Prowheel 24\/34\/42T*170L, manivela de liga leve com chainguard<\/td>\n<\/tr>\n<tr>\n<td>Centro<\/td>\n<td>Liga, rolamentos duplos com liberta\u00e7\u00e3o r\u00e1pida<\/td>\n<\/tr>\n<tr>\n<td>Jantes<\/td>\n<td>Parede dupla em liga met\u00e1lica H=30mm com lado CNC<\/td>\n<\/tr>\n<\/tbody>\n<\/table>","protected":false},"excerpt":{"rendered":"<p>A Galaxy RL380R \u00e9 uma bicicleta de estrada para adultos elegante e fi\u00e1vel, constru\u00edda para passeios suaves e ciclismo di\u00e1rio. Com um quadro leve em alum\u00ednio 6061, sistema de mudan\u00e7as Shimano de 21 velocidades e elegantes jantes de liga leve de parede dupla, esta bicicleta oferece desempenho e conforto para ciclistas principiantes e casuais.<\/p>","protected":false},"featured_media":2367,"comment_status":"open","ping_status":"closed","template":"","meta":[],"product_brand":[34],"product_cat":[15],"product_tag":[],"class_list":{"0":"post-2366","1":"product","2":"type-product","3":"status-publish","4":"has-post-thumbnail","6":"product_brand-galaxy","7":"product_cat-galaxybicycle","9":"first","10":"instock","11":"shipping-taxable","12":"product-type-simple"},"_links":{"self":[{"href":"https:\/\/galaxybicycle.com\/pt\/wp-json\/wp\/v2\/product\/2366","targetHints":{"allow":["GET"]}}],"collection":[{"href":"https:\/\/galaxybicycle.com\/pt\/wp-json\/wp\/v2\/product"}],"about":[{"href":"https:\/\/galaxybicycle.com\/pt\/wp-json\/wp\/v2\/types\/product"}],"replies":[{"embeddable":true,"href":"https:\/\/galaxybicycle.com\/pt\/wp-json\/wp\/v2\/comments?post=2366"}],"wp:featuredmedia":[{"embeddable":true,"href":"https:\/\/galaxybicycle.com\/pt\/wp-json\/wp\/v2\/media\/2367"}],"wp:attachment":[{"href":"https:\/\/galaxybicycle.com\/pt\/wp-json\/wp\/v2\/media?parent=2366"}],"wp:term":[{"taxonomy":"product_brand","embeddable":true,"href":"https:\/\/galaxybicycle.com\/pt\/wp-json\/wp\/v2\/product_brand?post=2366"},{"taxonomy":"product_cat","embeddable":true,"href":"https:\/\/galaxybicycle.com\/pt\/wp-json\/wp\/v2\/product_cat?post=2366"},{"taxonomy":"product_tag","embeddable":true,"href":"https:\/\/galaxybicycle.com\/pt\/wp-json\/wp\/v2\/product_tag?post=2366"}],"curies":[{"name":"wp","href":"https:\/\/api.w.org\/{rel}","templated":true}]}}