{"id":4017,"date":"2025-10-15T07:06:50","date_gmt":"2025-10-15T07:06:50","guid":{"rendered":"https:\/\/galaxybicycle.com\/?post_type=product&#038;p=4017"},"modified":"2026-01-09T10:03:03","modified_gmt":"2026-01-09T10:03:03","slug":"pixar-cruiser-electric-bike","status":"publish","type":"product","link":"https:\/\/galaxybicycle.com\/pl\/product\/pixar-cruiser-electric-bike\/","title":{"rendered":"Rower elektryczny Pixar Cruiser - stylowy miejski rower elektryczny o zasi\u0119gu 120 km"},"content":{"rendered":"<p>Rower elektryczny Pixar Cruiser jest przeznaczony dla miejskich odkrywc\u00f3w, kt\u00f3rzy chc\u0105 komfortu, elegancji i mocy w jednym pakiecie. Elegancka rama o niskim stopniu nachylenia u\u0142atwia wsiadanie - nawet w sukienkach lub codziennych ubraniach. Niezale\u017cnie od tego, czy doje\u017cd\u017casz do pracy, robisz zakupy, czy po prostu je\u017adzisz dla przyjemno\u015bci, ten rower elektryczny zapewnia rado\u015b\u0107 z ka\u017cdej podr\u00f3\u017cy.<\/p>\n<h3>Kluczowe cechy<\/h3>\n<ul>\n<li><strong>Mocny silnik 250 W:<\/strong> Silnik BLDC z zewn\u0119trznym wirnikiem BAFANG zapewnia p\u0142ynn\u0105 i wydajn\u0105 jazd\u0119, z 5 poziomami wspomagania peda\u0142owania (PAS), aby dostosowa\u0107 si\u0119 do nastroju i terenu.<\/li>\n<li><strong>Bateria Samsung o pojemno\u015bci 460 Wh:<\/strong> Akumulator Samsung 21700 o napi\u0119ciu 36 V i pojemno\u015bci 12,8 Ah zapewnia doskona\u0142y zasi\u0119g i g\u0119sto\u015b\u0107 energii. Konstrukcja z szybkoz\u0142\u0105czk\u0105 u\u0142atwia wyjmowanie i \u0142adowanie. Wodoodporno\u015b\u0107 na poziomie IP65 zapewnia niezawodne dzia\u0142anie w r\u00f3\u017cnych warunkach pogodowych.<\/li>\n<li><strong>Wydajno\u015b\u0107 dalekiego zasi\u0119gu:<\/strong> W idealnych warunkach mo\u017cna osi\u0105gn\u0105\u0107 do 120 km przy niskich poziomach PAS. Nawet przy wy\u017cszych ustawieniach wspomagania mo\u017cna uzyska\u0107 przyzwoity dystans. (Uwaga: rzeczywisty zasi\u0119g zale\u017cy od masy rowerzysty, terenu, temperatury itp.)<\/li>\n<li><strong>Mechaniczne hamulce tarczowe:<\/strong> Niezawodna si\u0142a hamowania przednich i tylnych mechanicznych hamulc\u00f3w tarczowych zapewnia bezpiecze\u0144stwo w ka\u017cdych warunkach.<\/li>\n<li><strong>7-biegowa przek\u0142adnia Shimano:<\/strong> Z \u0142atwo\u015bci\u0105 pokonuj wzniesienia i p\u0142askie tereny dzi\u0119ki 7-biegowemu systemowi prze\u0142o\u017ce\u0144.<\/li>\n<li><strong>Komfort i wzornictwo:<\/strong> Dzi\u0119ki wytrzyma\u0142ej ramie ze stopu aluminium (odlewanie ci\u015bnieniowe 1000 MPa), zabezpieczeniu przed rdz\u0105 poprzez obr\u00f3bk\u0119 elektroforetyczn\u0105, niskiej konstrukcji ramy i przedniemu zawieszeniu, Cruiser jest stabilny, trwa\u0142y i \u0142atwy w prowadzeniu.<\/li>\n<li><strong>Informacje o kierowcy w skr\u00f3cie:<\/strong> Wbudowany wy\u015bwietlacz LCD (wodoodporny IPX6) pokazuje pr\u0119dko\u015b\u0107, bateri\u0119, moc, przebieg i wiele wi\u0119cej.<\/li>\n<li><strong>Funkcje bezpiecze\u0144stwa:<\/strong> Odblaski, wytrzyma\u0142e opony, tylne \u015bwiat\u0142o tylne i odporna na przebicia konstrukcja zapewniaj\u0105 bezpiecze\u0144stwo i pewno\u015b\u0107 na drodze.<\/li>\n<\/ul>\n<h3>Zakres wed\u0142ug poziomu PAS<\/h3>\n<p>Oto przewodnik po przybli\u017conym zasi\u0119gu i \u015bredniej pr\u0119dko\u015bci na ka\u017cdym poziomie PAS (w oparciu o 80 kg rowerzyst\u0119 na p\u0142askich drogach w temperaturze 33 \u00b0C):<\/p>\n<ul>\n<li>PAS-1: ~10 km\/h, zasi\u0119g do 120 km<\/li>\n<li>PAS-2: ~14 km\/h, zasi\u0119g ~98 km<\/li>\n<li>PAS-3: ~18 km\/h, zasi\u0119g ~74 km<\/li>\n<li>PAS-4: ~22 km\/h, zasi\u0119g ~62 km<\/li>\n<li>PAS-5: ~25 km\/h, zasi\u0119g ~56 km<\/li>\n<\/ul>\n<h3>Specyfikacje<\/h3>\n<table border=\"1\" cellspacing=\"0\" cellpadding=\"6\">\n<thead>\n<tr>\n<th>Specyfikacja<\/th>\n<th>Szczeg\u00f3\u0142y<\/th>\n<\/tr>\n<\/thead>\n<tbody>\n<tr>\n<td>Zakres wspomagania peda\u0142u<\/td>\n<td>Do 120+ km<\/td>\n<\/tr>\n<tr>\n<td>Zakres tylko elektryczny<\/td>\n<td>~58 km<\/td>\n<\/tr>\n<tr>\n<td>Pr\u0119dko\u015b\u0107 maksymalna<\/td>\n<td>25 km\/h<\/td>\n<\/tr>\n<tr>\n<td>Wymiary (d\u0142. \u00d7 szer. \u00d7 wys.)<\/td>\n<td>183 \u00d7 66 \u00d7 122 cm<\/td>\n<\/tr>\n<tr>\n<td>Maksymalne obci\u0105\u017cenie<\/td>\n<td>250 kg<\/td>\n<\/tr>\n<tr>\n<td>Waga netto (rower)<\/td>\n<td>29 kg<\/td>\n<\/tr>\n<tr>\n<td>Moment obrotowy<\/td>\n<td>45 N-m<\/td>\n<\/tr>\n<tr>\n<td>Bateria<\/td>\n<td>Samsung 36 V 12,8 Ah, IP65, certyfikat CE<\/td>\n<\/tr>\n<tr>\n<td>Czas \u0142adowania akumulatora<\/td>\n<td>4-5 godzin<\/td>\n<\/tr>\n<tr>\n<td>Waga akumulatora<\/td>\n<td>3,5 kg<\/td>\n<\/tr>\n<tr>\n<td>Rama<\/td>\n<td>Stop aluminium, niskostopniowa, elektroforetyczna pow\u0142oka antykorozyjna<\/td>\n<\/tr>\n<tr>\n<td>Zawieszenie przednie<\/td>\n<td>Regulowane amortyzatory, skok 100 mm<\/td>\n<\/tr>\n<tr>\n<td>Kierownica<\/td>\n<td>Kierownica Riser, d\u0142ugo\u015b\u0107 uchwytu 104 mm, ca\u0142kowita d\u0142ugo\u015b\u0107 66 cm<\/td>\n<\/tr>\n<tr>\n<td>Peda\u0142y<\/td>\n<td>9\/16\u2033 z reflektorami<\/td>\n<\/tr>\n<tr>\n<td>\u0141a\u0144cuch i mechanizm korbowy<\/td>\n<td>\u0141a\u0144cuch 1\/2\u2033 \u00d7 3\/32\u2033 \u00d7 118L, ramiona korby 170 mm, tarcza 48T<\/td>\n<\/tr>\n<tr>\n<td>Wyj\u015bcie silnika<\/td>\n<td>Bezszczotkowy silnik w tylnej pia\u015bcie o mocy szczytowej 250 W<\/td>\n<\/tr>\n<tr>\n<td>Poziomy Pas<\/td>\n<td>0 do 5<\/td>\n<\/tr>\n<tr>\n<td>Przepustnica<\/td>\n<td>P\u00f3\u0142obr\u00f3t (opcjonalna przepustnica kciukowa)<\/td>\n<\/tr>\n<tr>\n<td>Wolne ko\u0142o i ko\u0142a z\u0119bate<\/td>\n<td>Shimano 7-biegowy, 14-28T<\/td>\n<\/tr>\n<tr>\n<td>\u0141adowarka<\/td>\n<td>Inteligentna \u0142adowarka 2A, certyfikat UL<\/td>\n<\/tr>\n<tr>\n<td>Felgi i opony<\/td>\n<td>Obr\u0119cze aluminiowe 27,5\u2033, 36H, opony CST 27,5 \u00d7 2\u2033<\/td>\n<\/tr>\n<tr>\n<td>Hamulce i tarcze<\/td>\n<td>Mechaniczne hamulce tarczowe z przodu i z ty\u0142u, tarcze 180 mm<\/td>\n<\/tr>\n<tr>\n<td>Podp\u00f3rka<\/td>\n<td>Wytrzyma\u0142a aluminiowa podp\u00f3rka<\/td>\n<\/tr>\n<tr>\n<td>Geometria (r\u00f3\u017cne)<\/td>\n<td>Zakres wysoko\u015bci siedziska: 73 cm maks., 51 cm min<br \/>\nG\u00f3rna rura: 61 cm<br \/>\nWysoko\u015b\u0107 kierownicy: 122 cm<br \/>\nRozstaw osi: 110 cm<br \/>\nPodpora \u0142a\u0144cucha: 46 cm<br \/>\nTylny baga\u017cnik: 36\u2033 d\u0142ugo\u015bci<\/td>\n<\/tr>\n<\/tbody>\n<\/table>\n<h3>Dlaczego warto wybra\u0107 Pixar Cruiser?<\/h3>\n<p>Model Pixar Cruiser to idealny towarzysz w mie\u015bcie. \u0141\u0105czy w sobie wytrzyma\u0142o\u015b\u0107, komfort, styl i wydajno\u015b\u0107. Jego niskostopniowa rama jest odpowiednia dla rowerzyst\u00f3w o r\u00f3\u017cnym wzro\u015bcie i poziomie mobilno\u015bci. Silnik BAFANG i akumulator Samsung daj\u0105 pewno\u015b\u0107 dalekiej jazdy. Funkcje bezpiecze\u0144stwa, takie jak hamulce tarczowe i reflektory, zapewniaj\u0105 spok\u00f3j ducha. Ponadto elegancki wygl\u0105d oznacza, \u017ce nie musisz wybiera\u0107 mi\u0119dzy mod\u0105 a funkcjonalno\u015bci\u0105.<\/p>\n<h3>Wskaz\u00f3wki dotycz\u0105ce najlepszego wykorzystania<\/h3>\n<ul>\n<li>Zacznij od ni\u017cszych poziom\u00f3w PAS na p\u0142askim terenie, aby zmaksymalizowa\u0107 zasi\u0119g.<\/li>\n<li>U\u017cywaj wy\u017cszego PAS lub wspomagania przepustnicy na wzniesieniach lub podczas przewo\u017cenia ci\u0119\u017cszych \u0142adunk\u00f3w.<\/li>\n<li>Utrzymuj bateri\u0119 na\u0142adowan\u0105 i unikaj jej ca\u0142kowitego roz\u0142adowania, aby przed\u0142u\u017cy\u0107 jej \u017cywotno\u015b\u0107.<\/li>\n<li>Regularnie sprawdzaj ci\u015bnienie w oponach (np. 45 psi) i utrzymuj hamulce tarczowe w pozycji zapewniaj\u0105cej bezpieczne zatrzymanie.<\/li>\n<li>W przypadku jazdy w lekkim deszczu, stopie\u0144 ochrony IP65 chroni bateri\u0119, ale nale\u017cy unika\u0107 silnych ulew.<\/li>\n<\/ul>\n<p>Gotowy na stylow\u0105 jazd\u0119 po mie\u015bcie? Rower elektryczny Pixar Cruiser zapewnia moc, elegancj\u0119 i zabaw\u0119 - je\u017adzij z wiatrem ka\u017cdego dnia!<\/p>","protected":false},"excerpt":{"rendered":"<p>Poznaj swojego nowego miejskiego towarzysza: rower elektryczny Pixar Cruiser. Dzi\u0119ki silnikowi BAFANG o mocy 250 W, akumulatorowi Samsung o pojemno\u015bci 460 Wh i zasi\u0119gowi wspomagania peda\u0142owania do 120 km, ten rower elektryczny \u0142\u0105czy w sobie styl, wygod\u0119 i wydajno\u015b\u0107 podczas codziennych przeja\u017cd\u017cek po mie\u015bcie.<\/p>","protected":false},"featured_media":4018,"comment_status":"open","ping_status":"closed","template":"","meta":[],"product_brand":[36],"product_cat":[41,40],"product_tag":[],"class_list":{"0":"post-4017","1":"product","2":"type-product","3":"status-publish","4":"has-post-thumbnail","6":"product_brand-pixar","7":"product_cat-pixar-electric-bikes","8":"product_cat-eu-warehourse","10":"first","11":"instock","12":"shipping-taxable","13":"product-type-simple"},"_links":{"self":[{"href":"https:\/\/galaxybicycle.com\/pl\/wp-json\/wp\/v2\/product\/4017","targetHints":{"allow":["GET"]}}],"collection":[{"href":"https:\/\/galaxybicycle.com\/pl\/wp-json\/wp\/v2\/product"}],"about":[{"href":"https:\/\/galaxybicycle.com\/pl\/wp-json\/wp\/v2\/types\/product"}],"replies":[{"embeddable":true,"href":"https:\/\/galaxybicycle.com\/pl\/wp-json\/wp\/v2\/comments?post=4017"}],"wp:featuredmedia":[{"embeddable":true,"href":"https:\/\/galaxybicycle.com\/pl\/wp-json\/wp\/v2\/media\/4018"}],"wp:attachment":[{"href":"https:\/\/galaxybicycle.com\/pl\/wp-json\/wp\/v2\/media?parent=4017"}],"wp:term":[{"taxonomy":"product_brand","embeddable":true,"href":"https:\/\/galaxybicycle.com\/pl\/wp-json\/wp\/v2\/product_brand?post=4017"},{"taxonomy":"product_cat","embeddable":true,"href":"https:\/\/galaxybicycle.com\/pl\/wp-json\/wp\/v2\/product_cat?post=4017"},{"taxonomy":"product_tag","embeddable":true,"href":"https:\/\/galaxybicycle.com\/pl\/wp-json\/wp\/v2\/product_tag?post=4017"}],"curies":[{"name":"wp","href":"https:\/\/api.w.org\/{rel}","templated":true}]}}