{"id":3991,"date":"2025-09-22T06:40:49","date_gmt":"2025-09-22T06:40:49","guid":{"rendered":"https:\/\/galaxybicycle.com\/?post_type=product&#038;p=3991"},"modified":"2026-03-22T00:24:29","modified_gmt":"2026-03-22T00:24:29","slug":"galaxy-amano-s900-electric-bike","status":"publish","type":"product","link":"https:\/\/galaxybicycle.com\/pl\/product\/galaxy-amano-s900-electric-bike\/","title":{"rendered":"Rower elektryczny Galaxy Amano S900: stylowy miejski rower elektryczny o du\u017cym zasi\u0119gu"},"content":{"rendered":"<p><iframe loading=\"lazy\" title=\"Rower Galaxy Amano S900\" src=\"https:\/\/www.youtube.com\/embed\/D4x5gaEtbgE\" width=\"1840\" height=\"1035\" frameborder=\"0\" allowfullscreen=\"allowfullscreen\"><\/iframe><\/p>\n<p><img loading=\"lazy\" decoding=\"async\" class=\"alignnone size-full wp-image-3999 aligncenter\" src=\"https:\/\/galaxybicycle.com\/wp-content\/uploads\/2025\/09\/amano\u8be6\u60c5_01.jpg\" alt=\"\" width=\"1000\" height=\"1429\" title=\"\" srcset=\"https:\/\/galaxybicycle.com\/wp-content\/uploads\/2025\/09\/amano\u8be6\u60c5_01.jpg 1000w, https:\/\/galaxybicycle.com\/wp-content\/uploads\/2025\/09\/amano\u8be6\u60c5_01-210x300.jpg 210w, https:\/\/galaxybicycle.com\/wp-content\/uploads\/2025\/09\/amano\u8be6\u60c5_01-717x1024.jpg 717w, https:\/\/galaxybicycle.com\/wp-content\/uploads\/2025\/09\/amano\u8be6\u60c5_01-768x1097.jpg 768w, https:\/\/galaxybicycle.com\/wp-content\/uploads\/2025\/09\/amano\u8be6\u60c5_01-8x12.jpg 8w\" sizes=\"auto, (max-width: 1000px) 100vw, 1000px\" \/> <img loading=\"lazy\" decoding=\"async\" class=\"alignnone size-full wp-image-4000 aligncenter\" src=\"https:\/\/galaxybicycle.com\/wp-content\/uploads\/2025\/09\/amano\u8be6\u60c5_02.jpg\" alt=\"\" width=\"1000\" height=\"1469\" title=\"\" srcset=\"https:\/\/galaxybicycle.com\/wp-content\/uploads\/2025\/09\/amano\u8be6\u60c5_02.jpg 1000w, https:\/\/galaxybicycle.com\/wp-content\/uploads\/2025\/09\/amano\u8be6\u60c5_02-204x300.jpg 204w, https:\/\/galaxybicycle.com\/wp-content\/uploads\/2025\/09\/amano\u8be6\u60c5_02-697x1024.jpg 697w, https:\/\/galaxybicycle.com\/wp-content\/uploads\/2025\/09\/amano\u8be6\u60c5_02-768x1128.jpg 768w, https:\/\/galaxybicycle.com\/wp-content\/uploads\/2025\/09\/amano\u8be6\u60c5_02-8x12.jpg 8w\" sizes=\"auto, (max-width: 1000px) 100vw, 1000px\" \/> <img loading=\"lazy\" decoding=\"async\" class=\"alignnone size-full wp-image-4001 aligncenter\" src=\"https:\/\/galaxybicycle.com\/wp-content\/uploads\/2025\/09\/amano\u8be6\u60c5_03.jpg\" alt=\"\" width=\"1000\" height=\"1603\" title=\"\" srcset=\"https:\/\/galaxybicycle.com\/wp-content\/uploads\/2025\/09\/amano\u8be6\u60c5_03.jpg 1000w, https:\/\/galaxybicycle.com\/wp-content\/uploads\/2025\/09\/amano\u8be6\u60c5_03-187x300.jpg 187w, https:\/\/galaxybicycle.com\/wp-content\/uploads\/2025\/09\/amano\u8be6\u60c5_03-639x1024.jpg 639w, https:\/\/galaxybicycle.com\/wp-content\/uploads\/2025\/09\/amano\u8be6\u60c5_03-768x1231.jpg 768w, https:\/\/galaxybicycle.com\/wp-content\/uploads\/2025\/09\/amano\u8be6\u60c5_03-958x1536.jpg 958w, https:\/\/galaxybicycle.com\/wp-content\/uploads\/2025\/09\/amano\u8be6\u60c5_03-7x12.jpg 7w\" sizes=\"auto, (max-width: 1000px) 100vw, 1000px\" \/> <img loading=\"lazy\" decoding=\"async\" class=\"alignnone size-full wp-image-4002 aligncenter\" src=\"https:\/\/galaxybicycle.com\/wp-content\/uploads\/2025\/09\/amano\u8be6\u60c5_04.jpg\" alt=\"\" width=\"1000\" height=\"1584\" title=\"\" srcset=\"https:\/\/galaxybicycle.com\/wp-content\/uploads\/2025\/09\/amano\u8be6\u60c5_04.jpg 1000w, https:\/\/galaxybicycle.com\/wp-content\/uploads\/2025\/09\/amano\u8be6\u60c5_04-189x300.jpg 189w, https:\/\/galaxybicycle.com\/wp-content\/uploads\/2025\/09\/amano\u8be6\u60c5_04-646x1024.jpg 646w, https:\/\/galaxybicycle.com\/wp-content\/uploads\/2025\/09\/amano\u8be6\u60c5_04-768x1217.jpg 768w, https:\/\/galaxybicycle.com\/wp-content\/uploads\/2025\/09\/amano\u8be6\u60c5_04-970x1536.jpg 970w, https:\/\/galaxybicycle.com\/wp-content\/uploads\/2025\/09\/amano\u8be6\u60c5_04-8x12.jpg 8w\" sizes=\"auto, (max-width: 1000px) 100vw, 1000px\" \/> <img loading=\"lazy\" decoding=\"async\" class=\"alignnone size-full wp-image-4003 aligncenter\" src=\"https:\/\/galaxybicycle.com\/wp-content\/uploads\/2025\/09\/amano\u8be6\u60c5_05.jpg\" alt=\"\" width=\"1000\" height=\"1514\" title=\"\" srcset=\"https:\/\/galaxybicycle.com\/wp-content\/uploads\/2025\/09\/amano\u8be6\u60c5_05.jpg 1000w, https:\/\/galaxybicycle.com\/wp-content\/uploads\/2025\/09\/amano\u8be6\u60c5_05-198x300.jpg 198w, https:\/\/galaxybicycle.com\/wp-content\/uploads\/2025\/09\/amano\u8be6\u60c5_05-676x1024.jpg 676w, https:\/\/galaxybicycle.com\/wp-content\/uploads\/2025\/09\/amano\u8be6\u60c5_05-768x1163.jpg 768w, https:\/\/galaxybicycle.com\/wp-content\/uploads\/2025\/09\/amano\u8be6\u60c5_05-8x12.jpg 8w\" sizes=\"auto, (max-width: 1000px) 100vw, 1000px\" \/> <img loading=\"lazy\" decoding=\"async\" class=\"alignnone size-full wp-image-4004 aligncenter\" src=\"https:\/\/galaxybicycle.com\/wp-content\/uploads\/2025\/09\/amano\u8be6\u60c5_06.jpg\" alt=\"\" width=\"1000\" height=\"1418\" title=\"\" srcset=\"https:\/\/galaxybicycle.com\/wp-content\/uploads\/2025\/09\/amano\u8be6\u60c5_06.jpg 1000w, https:\/\/galaxybicycle.com\/wp-content\/uploads\/2025\/09\/amano\u8be6\u60c5_06-212x300.jpg 212w, https:\/\/galaxybicycle.com\/wp-content\/uploads\/2025\/09\/amano\u8be6\u60c5_06-722x1024.jpg 722w, https:\/\/galaxybicycle.com\/wp-content\/uploads\/2025\/09\/amano\u8be6\u60c5_06-768x1089.jpg 768w, https:\/\/galaxybicycle.com\/wp-content\/uploads\/2025\/09\/amano\u8be6\u60c5_06-8x12.jpg 8w\" sizes=\"auto, (max-width: 1000px) 100vw, 1000px\" \/> <img loading=\"lazy\" decoding=\"async\" class=\"alignnone size-full wp-image-4005 aligncenter\" src=\"https:\/\/galaxybicycle.com\/wp-content\/uploads\/2025\/09\/amano\u8be6\u60c5_07.jpg\" alt=\"\" width=\"1000\" height=\"1780\" title=\"\" srcset=\"https:\/\/galaxybicycle.com\/wp-content\/uploads\/2025\/09\/amano\u8be6\u60c5_07.jpg 1000w, https:\/\/galaxybicycle.com\/wp-content\/uploads\/2025\/09\/amano\u8be6\u60c5_07-169x300.jpg 169w, https:\/\/galaxybicycle.com\/wp-content\/uploads\/2025\/09\/amano\u8be6\u60c5_07-575x1024.jpg 575w, https:\/\/galaxybicycle.com\/wp-content\/uploads\/2025\/09\/amano\u8be6\u60c5_07-768x1367.jpg 768w, https:\/\/galaxybicycle.com\/wp-content\/uploads\/2025\/09\/amano\u8be6\u60c5_07-863x1536.jpg 863w, https:\/\/galaxybicycle.com\/wp-content\/uploads\/2025\/09\/amano\u8be6\u60c5_07-7x12.jpg 7w\" sizes=\"auto, (max-width: 1000px) 100vw, 1000px\" \/> <img loading=\"lazy\" decoding=\"async\" class=\"alignnone size-full wp-image-4006 aligncenter\" src=\"https:\/\/galaxybicycle.com\/wp-content\/uploads\/2025\/09\/amano\u8be6\u60c5_08.jpg\" alt=\"\" width=\"1000\" height=\"1480\" title=\"\" srcset=\"https:\/\/galaxybicycle.com\/wp-content\/uploads\/2025\/09\/amano\u8be6\u60c5_08.jpg 1000w, https:\/\/galaxybicycle.com\/wp-content\/uploads\/2025\/09\/amano\u8be6\u60c5_08-203x300.jpg 203w, https:\/\/galaxybicycle.com\/wp-content\/uploads\/2025\/09\/amano\u8be6\u60c5_08-692x1024.jpg 692w, https:\/\/galaxybicycle.com\/wp-content\/uploads\/2025\/09\/amano\u8be6\u60c5_08-768x1137.jpg 768w, https:\/\/galaxybicycle.com\/wp-content\/uploads\/2025\/09\/amano\u8be6\u60c5_08-8x12.jpg 8w\" sizes=\"auto, (max-width: 1000px) 100vw, 1000px\" \/> <img loading=\"lazy\" decoding=\"async\" class=\"alignnone size-full wp-image-4007 aligncenter\" src=\"https:\/\/galaxybicycle.com\/wp-content\/uploads\/2025\/09\/amano\u8be6\u60c5_09-2.jpg\" alt=\"\" width=\"1000\" height=\"1439\" title=\"\" srcset=\"https:\/\/galaxybicycle.com\/wp-content\/uploads\/2025\/09\/amano\u8be6\u60c5_09-2.jpg 1000w, https:\/\/galaxybicycle.com\/wp-content\/uploads\/2025\/09\/amano\u8be6\u60c5_09-2-208x300.jpg 208w, https:\/\/galaxybicycle.com\/wp-content\/uploads\/2025\/09\/amano\u8be6\u60c5_09-2-712x1024.jpg 712w, https:\/\/galaxybicycle.com\/wp-content\/uploads\/2025\/09\/amano\u8be6\u60c5_09-2-768x1105.jpg 768w, https:\/\/galaxybicycle.com\/wp-content\/uploads\/2025\/09\/amano\u8be6\u60c5_09-2-8x12.jpg 8w\" sizes=\"auto, (max-width: 1000px) 100vw, 1000px\" \/> <img loading=\"lazy\" decoding=\"async\" class=\"alignnone size-full wp-image-4008 aligncenter\" src=\"https:\/\/galaxybicycle.com\/wp-content\/uploads\/2025\/09\/amano\u8be6\u60c5_10-2.jpg\" alt=\"\" width=\"1000\" height=\"1519\" title=\"\" srcset=\"https:\/\/galaxybicycle.com\/wp-content\/uploads\/2025\/09\/amano\u8be6\u60c5_10-2.jpg 1000w, https:\/\/galaxybicycle.com\/wp-content\/uploads\/2025\/09\/amano\u8be6\u60c5_10-2-197x300.jpg 197w, https:\/\/galaxybicycle.com\/wp-content\/uploads\/2025\/09\/amano\u8be6\u60c5_10-2-674x1024.jpg 674w, https:\/\/galaxybicycle.com\/wp-content\/uploads\/2025\/09\/amano\u8be6\u60c5_10-2-768x1167.jpg 768w, https:\/\/galaxybicycle.com\/wp-content\/uploads\/2025\/09\/amano\u8be6\u60c5_10-2-8x12.jpg 8w\" sizes=\"auto, (max-width: 1000px) 100vw, 1000px\" \/><\/p>\n<p><img loading=\"lazy\" decoding=\"async\" class=\"alignnone size-full wp-image-4009 aligncenter\" src=\"https:\/\/galaxybicycle.com\/wp-content\/uploads\/2025\/09\/amano\u8be6\u60c5_11.jpg\" alt=\"\" width=\"881\" height=\"2560\" title=\"\" srcset=\"https:\/\/galaxybicycle.com\/wp-content\/uploads\/2025\/09\/amano\u8be6\u60c5_11.jpg 881w, https:\/\/galaxybicycle.com\/wp-content\/uploads\/2025\/09\/amano\u8be6\u60c5_11-103x300.jpg 103w, https:\/\/galaxybicycle.com\/wp-content\/uploads\/2025\/09\/amano\u8be6\u60c5_11-352x1024.jpg 352w, https:\/\/galaxybicycle.com\/wp-content\/uploads\/2025\/09\/amano\u8be6\u60c5_11-768x2232.jpg 768w, https:\/\/galaxybicycle.com\/wp-content\/uploads\/2025\/09\/amano\u8be6\u60c5_11-529x1536.jpg 529w, https:\/\/galaxybicycle.com\/wp-content\/uploads\/2025\/09\/amano\u8be6\u60c5_11-705x2048.jpg 705w, https:\/\/galaxybicycle.com\/wp-content\/uploads\/2025\/09\/amano\u8be6\u60c5_11-4x12.jpg 4w\" sizes=\"auto, (max-width: 881px) 100vw, 881px\" \/><\/p>\n<h2>Rower elektryczny Amano S900: elegancki rower miejski z zasi\u0119giem 100 km i mocnym silnikiem 250 W<\/h2>\n<p>Przemierzaj ulice miasta na rowerze elektrycznym Amano S900, zabawnym i stylowym partnerze na miejskie przygody! Ten lekki rower elektryczny jest wyposa\u017cony w silnik o mocy 250 W, kt\u00f3ry sprawia, \u017ce wzg\u00f3rza wydaj\u0105 si\u0119 p\u0142askimi drogami, oraz wymienn\u0105 bateri\u0119 Samsung, kt\u00f3ra pozwala przejecha\u0107 do 100 km na jednym \u0142adowaniu. Po\u017cegnaj si\u0119 ze spoconymi dojazdami do pracy i przywitaj si\u0119 z peda\u0142owaniem bez wysi\u0142ku dzi\u0119ki pi\u0119ciu poziomom wspomagania. Odporne na przebicia opony i hamulce hydrauliczne zapewniaj\u0105 bezpiecze\u0144stwo, a zintegrowany wy\u015bwietlacz TFT pokazuje pr\u0119dko\u015b\u0107, \u017cywotno\u015b\u0107 baterii i wiele wi\u0119cej na pierwszy rzut oka. Dost\u0119pny w siedmiu modnych kolorach, Amano S900 sprawia, \u017ce ka\u017cda przeja\u017cd\u017cka staje si\u0119 modnym akcentem. Idealny dla pocz\u0105tkuj\u0105cych i mieszka\u0144c\u00f3w miast szukaj\u0105cych niedrogiego, \u0142atwego w utrzymaniu roweru elektrycznego!<\/p>\n<h2>Odkryj rado\u015b\u0107 z jazdy na rowerze elektrycznym Amano S900<\/h2>\n<p>Wyobra\u017a sobie szybowanie po zat\u0142oczonych ulicach miasta bez wysi\u0142ku - oto magia roweru elektrycznego Amano S900! Ten fajny miejski rower elektryczny zosta\u0142 zaprojektowany dla os\u00f3b, kt\u00f3re chc\u0105 zabawy, stylu i \u0142atwo\u015bci w codziennych przeja\u017cd\u017ckach. Niezale\u017cnie od tego, czy jedziesz do pracy, za\u0142atwiasz sprawy, czy po prostu zwiedzasz okolic\u0119, S900 sprawia, \u017ce ka\u017cda podr\u00f3\u017c jest ekscytuj\u0105ca i bezwysi\u0142kowa.<\/p>\n<p>Sercem tego e-roweru jest mocny silnik w tylnej pia\u015bcie o mocy 250 W, kt\u00f3ry zapewnia p\u0142ynne przyspieszenie i z \u0142atwo\u015bci\u0105 pokonuje wzniesienia o nachyleniu do 35 stopni. W po\u0142\u0105czeniu z inteligentnym czujnikiem momentu obrotowego, wydaje si\u0119, \u017ce rower czyta w twoich my\u015blach, daj\u0105c odpowiedni impuls, gdy go potrzebujesz. Wymienny akumulator Samsung 36 V 10 Ah oferuje imponuj\u0105cy zasi\u0119g 100 km, dzi\u0119ki czemu mo\u017cesz zapomnie\u0107 o obawach zwi\u0105zanych z zasi\u0119giem i skupi\u0107 si\u0119 na zabawie. Ponadto jest bardzo \u0142atwy do na\u0142adowania - wystarczy go wyj\u0105\u0107 i pod\u0142\u0105czy\u0107!<\/p>\n<p>Co wyr\u00f3\u017cnia Amano S900? Jego elegancka aluminiowa rama jest lekka i wa\u017cy zaledwie 19,5 kg, dzi\u0119ki czemu mo\u017cna go \u0142atwo przenosi\u0107 po schodach lub przechowywa\u0107 w ma\u0142ych przestrzeniach. Nap\u0119d pasowy z w\u0142\u00f3kna w\u0119glowego oznacza brak t\u0142ustych \u0142a\u0144cuch\u00f3w i zerow\u0105 konserwacj\u0119 do 30 000 km - m\u00f3wimy o bezproblemowo\u015bci! Bezpiecze\u0144stwo jest r\u00f3wnie\u017c kluczowe, dzi\u0119ki hydraulicznym hamulcom tarczowym, kt\u00f3re zatrzymuj\u0105 Ci\u0119 w zaledwie 0,8 metra przy pr\u0119dko\u015bci 25 km\/h, odpornym na przebicie oponom 700x45C zapewniaj\u0105cym przyczepno\u015b\u0107 na ka\u017cdej miejskiej nawierzchni oraz zintegrowanemu reflektorowi o wysokiej jasno\u015bci, kt\u00f3ry o\u015bwietla 15 metr\u00f3w przed sob\u0105 podczas nocnych przyg\u00f3d.<\/p>\n<p>Rower jest przyjazny dla pocz\u0105tkuj\u0105cych z pi\u0119cioma poziomami wspomagania - od trybu oszcz\u0119dzania energii na p\u0142askich drogach po tryb ekstremalny na stromych zboczach. 3-calowy kolorowy wy\u015bwietlacz TFT zapewnia prostot\u0119 obs\u0142ugi, wyra\u017anie pokazuj\u0105c pr\u0119dko\u015b\u0107, poziom na\u0142adowania akumulatora, przebieg i pozycj\u0119 biegu. A dzi\u0119ki regulowanemu pod k\u0105tem 30 stopni siode\u0142ku, kt\u00f3re jest wyj\u0105tkowo mi\u0119kkie i szerokie, b\u0119dziesz je\u017adzi\u0107 wygodnie bez wzgl\u0119du na wzrost (pasuje do rowerzyst\u00f3w o wzro\u015bcie 160-200 cm). Wybierz jeden z siedmiu \u017cywych kolor\u00f3w, takich jak Mist Purple lub Midnight Black, aby dopasowa\u0107 go do swojego stylu - to jak osobisty wybieg na k\u00f3\u0142kach!<\/p>\n<p>Profesjonalny, a jednocze\u015bnie zabawny, rower elektryczny Amano S900 \u0142\u0105czy w sobie najwy\u017cszej klasy funkcje, takie jak wodoodporno\u015b\u0107 IPX6, wewn\u0119trzne okablowanie dla czystego wygl\u0105du i 2-letnia gwarancja dla spokoju ducha. To nie tylko rower elektryczny; to bilet do swobodniejszej, bardziej ekologicznej i radosnej mobilno\u015bci w mie\u015bcie. Gotowy do peda\u0142owania w przysz\u0142o\u015b\u0107?<\/p>\n<h3>Specyfikacja Amano S900<\/h3>\n<table border=\"1\" cellspacing=\"0\" cellpadding=\"10\">\n<thead>\n<tr>\n<th>Kategoria<\/th>\n<th>Pozycja<\/th>\n<th>Specyfikacja<\/th>\n<\/tr>\n<\/thead>\n<tbody>\n<tr>\n<td>System zasilania<\/td>\n<td>Silnik<\/td>\n<td>Automatyczny silnik AMANO, moc 250 W, maksymalny moment obrotowy 45 Nm<\/td>\n<\/tr>\n<tr>\n<td>System zasilania<\/td>\n<td>Kontroler<\/td>\n<td>Wektorowy kontroler fali sinusoidalnej<\/td>\n<\/tr>\n<tr>\n<td>Sterowanie i wy\u015bwietlacz<\/td>\n<td>Wy\u015bwietlacz<\/td>\n<td>Kolorowy wy\u015bwietlacz AMANO TFT, zintegrowany o przek\u0105tnej 3,0 cala<\/td>\n<\/tr>\n<tr>\n<td>System energetyczny<\/td>\n<td>Bateria<\/td>\n<td>36Wh (36V\/10Ah) litowo-jonowy, wykorzystuje ogniwa SAMSUNG<\/td>\n<\/tr>\n<tr>\n<td>O\u015bwietlenie<\/td>\n<td>Reflektor<\/td>\n<td>Certyfikat CE, wbudowana wysoka jasno\u015b\u0107, wi\u0105zka 15 m<\/td>\n<\/tr>\n<tr>\n<td>Wydajno\u015b\u0107<\/td>\n<td>Pr\u0119dko\u015b\u0107 maksymalna<\/td>\n<td>25 km\/h (limit wspomagania silnika; mo\u017cna przekroczy\u0107 r\u0119cznie)<\/td>\n<\/tr>\n<tr>\n<td>Wydajno\u015b\u0107<\/td>\n<td>Zasi\u0119g<\/td>\n<td>Do 100 km (zale\u017cy od terenu, obci\u0105\u017cenia, temperatury)<\/td>\n<\/tr>\n<tr>\n<td>Wydajno\u015b\u0107<\/td>\n<td>Zdolno\u015bci wspinaczkowe<\/td>\n<td>Obs\u0142uguje nachylenia do 35\u00b0 w zale\u017cno\u015bci od wk\u0142adu kierowcy<\/td>\n<\/tr>\n<tr>\n<td>Rama i komponenty<\/td>\n<td>Rama<\/td>\n<td>Ultralekka rama ze stopu aluminium<\/td>\n<\/tr>\n<tr>\n<td>Rama i komponenty<\/td>\n<td>Mechanizm korbowy<\/td>\n<td>Mechanizm korbowy ze stopu aluminium<\/td>\n<\/tr>\n<tr>\n<td>Rama i komponenty<\/td>\n<td>Uk\u0142ad nap\u0119dowy<\/td>\n<td>Jednobiegowy nap\u0119d z paskiem w\u0119glowym JDX<\/td>\n<\/tr>\n<tr>\n<td>Rama i komponenty<\/td>\n<td>Widelec przedni<\/td>\n<td>Ultralekki widelec ze stopu aluminium<\/td>\n<\/tr>\n<tr>\n<td>Rama i komponenty<\/td>\n<td>Opony<\/td>\n<td>Opony CST 700x45C odporne na przebicia, 80% wi\u0119ksza przyczepno\u015b\u0107<\/td>\n<\/tr>\n<tr>\n<td>Rama i komponenty<\/td>\n<td>Hamulce<\/td>\n<td>Hydrauliczne hamulce tarczowe ZOOM<\/td>\n<\/tr>\n<tr>\n<td>Rama i komponenty<\/td>\n<td>Siod\u0142o<\/td>\n<td>Niestandardowe siode\u0142ko AMANO z regulacj\u0105 w zakresie 30\u00b0<\/td>\n<\/tr>\n<tr>\n<td>Rama i komponenty<\/td>\n<td>Tylny baga\u017cnik<\/td>\n<td>Konfigurowalny baga\u017cnik tylny<\/td>\n<\/tr>\n<tr>\n<td>Waga<\/td>\n<td>Waga netto<\/td>\n<td>19,5 kg<\/td>\n<\/tr>\n<tr>\n<td>Waga<\/td>\n<td>Waga brutto<\/td>\n<td>29,5 kg<\/td>\n<\/tr>\n<tr>\n<td>Waga<\/td>\n<td>Maksymalne obci\u0105\u017cenie<\/td>\n<td>150 kg<\/td>\n<\/tr>\n<tr>\n<td>Geometria<\/td>\n<td>Ramka<\/td>\n<td>520 mm<\/td>\n<\/tr>\n<tr>\n<td>Geometria<\/td>\n<td>B: Mechanizm korbowy<\/td>\n<td>460 mm<\/td>\n<\/tr>\n<tr>\n<td>Geometria<\/td>\n<td>C: Uk\u0142ad nap\u0119dowy<\/td>\n<td>600 mm<\/td>\n<\/tr>\n<tr>\n<td>Geometria<\/td>\n<td>D: Widelec przedni<\/td>\n<td>160 mm<\/td>\n<\/tr>\n<tr>\n<td>Geometria<\/td>\n<td>E: Opony<\/td>\n<td>1000 mm<\/td>\n<\/tr>\n<tr>\n<td>Geometria<\/td>\n<td>F: Hamulce<\/td>\n<td>730 mm<\/td>\n<\/tr>\n<tr>\n<td>Geometria<\/td>\n<td>G: Dolny wspornik<\/td>\n<td>900-1040 mm<\/td>\n<\/tr>\n<tr>\n<td>Geometria<\/td>\n<td>H: Siod\u0142o<\/td>\n<td>1120 mm<\/td>\n<\/tr>\n<tr>\n<td>Geometria<\/td>\n<td>I: Tylny baga\u017cnik<\/td>\n<td>1860 mm<\/td>\n<\/tr>\n<tr>\n<td>Inne<\/td>\n<td>Poziomy pomocy<\/td>\n<td>5 poziom\u00f3w: Energooszcz\u0119dny, Wypoczynek, Zr\u00f3wnowa\u017cony, Sport, Ekstremalny<\/td>\n<\/tr>\n<tr>\n<td>Inne<\/td>\n<td>Wodoodporno\u015b\u0107<\/td>\n<td>IPX6<\/td>\n<\/tr>\n<tr>\n<td>Inne<\/td>\n<td>Gwarancja<\/td>\n<td>18 miesi\u0119cy (bateria), 2 lata (ca\u0142o\u015b\u0107)<\/td>\n<\/tr>\n<tr>\n<td>Inne<\/td>\n<td>Zalecana wysoko\u015b\u0107<\/td>\n<td>160-200 cm<\/td>\n<\/tr>\n<\/tbody>\n<\/table>","protected":false},"excerpt":{"rendered":"<p>Elegancki, lekki e-rower Amano S900 z silnikiem o mocy 250 W, zasi\u0119giem 100 km, akumulatorem Samsung i karbonowym nap\u0119dem pasowym - idealny do dojazd\u00f3w do pracy w mie\u015bcie.<\/p>","protected":false},"featured_media":3992,"comment_status":"open","ping_status":"closed","template":"","meta":[],"product_brand":[],"product_cat":[15],"product_tag":[61,55,59,57,56,60,62,58],"class_list":{"0":"post-3991","1":"product","2":"type-product","3":"status-publish","4":"has-post-thumbnail","6":"product_cat-galaxybicycle","7":"product_tag-250w-motor-bike","8":"product_tag-amano-s900","9":"product_tag-city-electric-bicycle","10":"product_tag-e-bike","11":"product_tag-electric-bike","12":"product_tag-long-range-e-bike","13":"product_tag-stylish-commuter-e-bike","14":"product_tag-urban-commuter-bike","16":"first","17":"instock","18":"shipping-taxable","19":"product-type-simple"},"_links":{"self":[{"href":"https:\/\/galaxybicycle.com\/pl\/wp-json\/wp\/v2\/product\/3991","targetHints":{"allow":["GET"]}}],"collection":[{"href":"https:\/\/galaxybicycle.com\/pl\/wp-json\/wp\/v2\/product"}],"about":[{"href":"https:\/\/galaxybicycle.com\/pl\/wp-json\/wp\/v2\/types\/product"}],"replies":[{"embeddable":true,"href":"https:\/\/galaxybicycle.com\/pl\/wp-json\/wp\/v2\/comments?post=3991"}],"wp:featuredmedia":[{"embeddable":true,"href":"https:\/\/galaxybicycle.com\/pl\/wp-json\/wp\/v2\/media\/3992"}],"wp:attachment":[{"href":"https:\/\/galaxybicycle.com\/pl\/wp-json\/wp\/v2\/media?parent=3991"}],"wp:term":[{"taxonomy":"product_brand","embeddable":true,"href":"https:\/\/galaxybicycle.com\/pl\/wp-json\/wp\/v2\/product_brand?post=3991"},{"taxonomy":"product_cat","embeddable":true,"href":"https:\/\/galaxybicycle.com\/pl\/wp-json\/wp\/v2\/product_cat?post=3991"},{"taxonomy":"product_tag","embeddable":true,"href":"https:\/\/galaxybicycle.com\/pl\/wp-json\/wp\/v2\/product_tag?post=3991"}],"curies":[{"name":"wp","href":"https:\/\/api.w.org\/{rel}","templated":true}]}}