{"id":3857,"date":"2025-09-09T11:50:55","date_gmt":"2025-09-09T11:50:55","guid":{"rendered":"https:\/\/galaxybicycle.com\/?post_type=product&#038;p=3857"},"modified":"2026-03-18T01:58:52","modified_gmt":"2026-03-18T01:58:52","slug":"pixar-city1","status":"publish","type":"product","link":"https:\/\/galaxybicycle.com\/pl\/product\/pixar-city1\/","title":{"rendered":"Rower elektryczny Pixar City1 | Silnik 36 V 250 W, zasi\u0119g 45 km, 7 bieg\u00f3w Shimano"},"content":{"rendered":"<h2>Rower elektryczny Pixar City1<\/h2>\n<p>The <strong>Rower elektryczny Pixar City1<\/strong> to stylowy, wysokowydajny rower miejski zaprojektowany z my\u015bl\u0105 o codziennej wygodzie. Niezale\u017cnie od tego, czy jedziesz do pracy, za\u0142atwiasz sprawy, czy zwiedzasz okolic\u0119, ten rower elektryczny \u0142\u0105czy w sobie komfort, moc i trwa\u0142o\u015b\u0107, aby ka\u017cda jazda by\u0142a p\u0142ynna i przyjemna.<\/p>\n<p>Z <strong>zasi\u0119g 35-45 km<\/strong> (wspomaganie peda\u0142owania) i <strong>pr\u0119dko\u015b\u0107 maksymalna 25 km\/h<\/strong> (regulowana do 32 km\/h), mo\u017cesz z \u0142atwo\u015bci\u0105 porusza\u0107 si\u0119 po ulicach miasta. Jego <strong>Akumulator litowo-jonowy 36 V 10,4 Ah<\/strong> zapewnia niezawodne dostarczanie energii, podczas gdy <strong>Szybki silnik 36V 250W w tylnej pia\u015bcie<\/strong> zapewnia sta\u0142e przyspieszenie i wsparcie podczas codziennych dojazd\u00f3w do pracy.<\/p>\n<p>City1 posiada wytrzyma\u0142\u0105 <strong>Wysokiej jako\u015bci stalowa rama<\/strong> z <strong>Konstrukcja typu step-through<\/strong> dla \u0142atwego monta\u017cu, w po\u0142\u0105czeniu z <strong>regulowany widelec amortyzowany<\/strong> kt\u00f3ry poch\u0142ania nier\u00f3wno\u015bci drogi, zapewniaj\u0105c bardziej komfortow\u0105 jazd\u0119. Wyposa\u017cony w <strong>7-biegowa przek\u0142adnia Shimano<\/strong>, <strong>mechaniczne hamulce tarczowe<\/strong> (z przodu i z ty\u0142u) oraz zintegrowane <strong>O\u015bwietlenie LED<\/strong>, Ten rower elektryczny zapewnia zr\u00f3wnowa\u017cone po\u0142\u0105czenie bezpiecze\u0144stwa, niezawodno\u015bci i wydajno\u015bci.<\/p>\n<h3>Dlaczego warto wybra\u0107 Pixar City1?<\/h3>\n<ul>\n<li>\ud83d\udeb4 <strong>Bezszczotkowy silnik piasty tylnej CZJB o mocy 250 W<\/strong> - wydajny, cichy i mocny<\/li>\n<li>\ud83d\udd0b <strong>Wymienny akumulator litowo-jonowy 36 V 10,4 Ah<\/strong> - Zasi\u0119g do 45 km na jednym \u0142adowaniu<\/li>\n<li>Regulowany <strong>pr\u0119dko\u015b\u0107 maksymalna do 32 km\/h<\/strong><\/li>\n<li>\ud83d\udee0\ufe0f <strong>90% wst\u0119pnie zmontowany<\/strong> - \u0141atwa konfiguracja dzi\u0119ki do\u0142\u0105czonym narz\u0119dziom<\/li>\n<li>\ud83c\udf19 <strong>Zintegrowane przednie i tylne \u015bwiat\u0142a LED<\/strong> dla bezpiecznej jazdy noc\u0105<\/li>\n<li>\ud83d\udcba <strong>Regulowany widelec amortyzowany<\/strong> i ergonomiczne siedzisko zapewniaj\u0105ce najwy\u017cszy komfort<\/li>\n<li>\ud83d\udce6 <strong>Stalowy baga\u017cnik tylny<\/strong> oraz <strong>przednie i tylne b\u0142otniki<\/strong> w zestawie<\/li>\n<\/ul>\n<hr \/>\n<h2>Specyfikacje<\/h2>\n<table>\n<tbody>\n<tr>\n<th colspan=\"3\">Rower elektryczny Pixar City1 - parametry produktu (rynek europejski)<\/th>\n<\/tr>\n<tr>\n<td>\/<\/td>\n<td>Parametr<\/td>\n<td>Warto\u015b\u0107<\/td>\n<\/tr>\n<tr>\n<td rowspan=\"14\">Specyfikacja og\u00f3lna<\/td>\n<td>Zasi\u0119g<\/td>\n<td>35-45 km (tryb wspomagania peda\u0142owania)<\/td>\n<\/tr>\n<tr>\n<td>Pr\u0119dko\u015b\u0107 maksymalna<\/td>\n<td>25 km\/h (regulowana do 32 km\/h)<\/td>\n<\/tr>\n<tr>\n<td>Wymiary<\/td>\n<td>175 \u00d7 69 \u00d7 120 cm (d\u0142. \u00d7 szer. \u00d7 wys.)<\/td>\n<\/tr>\n<tr>\n<td>Maksymalne obci\u0105\u017cenie<\/td>\n<td>120 kg<\/td>\n<\/tr>\n<tr>\n<td>Waga netto<\/td>\n<td>23,3 kg<\/td>\n<\/tr>\n<tr>\n<td>Waga brutto<\/td>\n<td>27,8 kg<\/td>\n<\/tr>\n<tr>\n<td>Wymiary opakowania<\/td>\n<td>148 \u00d7 24 \u00d7 78 cm<\/td>\n<\/tr>\n<tr>\n<td>Ilo\u015b\u0107 dla pojemnika 1\u00d740HQ<\/td>\n<td>239 szt.<\/td>\n<\/tr>\n<tr>\n<td>Zalecana wysoko\u015b\u0107 je\u017ad\u017aca<\/td>\n<td>155-190 cm<\/td>\n<\/tr>\n<tr>\n<td>Opcje kolor\u00f3w<\/td>\n<td>Czarny i szary<\/td>\n<\/tr>\n<tr>\n<td>Sk\u0142adany<\/td>\n<td>Nie<\/td>\n<\/tr>\n<tr>\n<td>Stopie\u0144 ochrony IP<\/td>\n<td>IP54<\/td>\n<\/tr>\n<tr>\n<td>Temperatura pracy<\/td>\n<td>-10\u00b0C do +45\u00b0C<\/td>\n<\/tr>\n<tr>\n<td>Kategoria rower\u00f3w<\/td>\n<td>Miasto\/osoba doje\u017cd\u017caj\u0105ca do pracy<\/td>\n<\/tr>\n<tr>\n<td rowspan=\"7\">System akumulator\u00f3w<\/td>\n<td>Pojemno\u015b\u0107 i typ akumulatora<\/td>\n<td>Ogniwa litowo-jonowe 36 V 10,4 Ah (ogniwa EVE)<\/td>\n<\/tr>\n<tr>\n<td>Waga akumulatora<\/td>\n<td>3 kg<\/td>\n<\/tr>\n<tr>\n<td>Wymienna bateria<\/td>\n<td>Tak<\/td>\n<\/tr>\n<tr>\n<td>Stopie\u0144 ochrony IP akumulatora<\/td>\n<td>IP65<\/td>\n<\/tr>\n<tr>\n<td>Certyfikacja baterii<\/td>\n<td>Zgodno\u015b\u0107 z norm\u0105 EN 62133<\/td>\n<\/tr>\n<tr>\n<td>Czas \u0142adowania<\/td>\n<td>4-6 godzin (maks. 6 godzin)<\/td>\n<\/tr>\n<tr>\n<td>\u0141adowarka<\/td>\n<td>Inteligentna \u0142adowarka 42 V 2 A<\/td>\n<\/tr>\n<tr>\n<td rowspan=\"4\">Silnik i uk\u0142ad nap\u0119dowy<\/td>\n<td>Typ silnika<\/td>\n<td>Bezszczotkowy silnik w tylnej pia\u015bcie<\/td>\n<\/tr>\n<tr>\n<td>Marka silnika<\/td>\n<td>CZJB<\/td>\n<\/tr>\n<tr>\n<td>Silnik<\/td>\n<td>Szybki silnik 36V 250W w tylnej pia\u015bcie<\/td>\n<\/tr>\n<tr>\n<td>Maksymalne nachylenie podjazdu<\/td>\n<td>15\u00b0 (w przybli\u017ceniu klasa 27%)<\/td>\n<\/tr>\n<tr>\n<td rowspan=\"7\">System kontroli<\/td>\n<td>Wy\u015bwietlacz<\/td>\n<td>Wielofunkcyjny wy\u015bwietlacz LCD (model G518)<\/td>\n<\/tr>\n<tr>\n<td>Poziomy pomocy<\/td>\n<td>5 poziom\u00f3w (0-5)<\/td>\n<\/tr>\n<tr>\n<td>Przepustnica<\/td>\n<td>P\u00f3\u0142obrotowa przepustnica<\/td>\n<\/tr>\n<tr>\n<td>Czujniki<\/td>\n<td>Czujnik pr\u0119dko\u015bci (12-magnesowy)<\/td>\n<\/tr>\n<tr>\n<td>Port \u0142adowania USB<\/td>\n<td>Nie<\/td>\n<\/tr>\n<tr>\n<td>Tryb wspomagania chodzenia<\/td>\n<td>6 km\/h (przytrzymaj przycisk \u201c-\u201d)<\/td>\n<\/tr>\n<tr>\n<td>Pod\u015bwietlenie<\/td>\n<td>Tak<\/td>\n<\/tr>\n<tr>\n<td rowspan=\"4\">Rama i widelec<\/td>\n<td>Materia\u0142 ramy<\/td>\n<td>Stop aluminium<\/td>\n<\/tr>\n<tr>\n<td>Typ ramy<\/td>\n<td>Krok po kroku (niski krok)<\/td>\n<\/tr>\n<tr>\n<td>Zawieszenie przednie<\/td>\n<td>Regulowany amortyzator<\/td>\n<\/tr>\n<tr>\n<td>Widelec przedni<\/td>\n<td>Widelec amortyzowany z mocowaniem hamulca tarczowego<\/td>\n<\/tr>\n<tr>\n<td rowspan=\"6\">Uk\u0142ad nap\u0119dowy<\/td>\n<td>\u0141a\u0144cuch<\/td>\n<td>1\/2\u2033 \u00d7 3\/32\u2033 (110 ogniw)<\/td>\n<\/tr>\n<tr>\n<td>Mechanizm korbowy<\/td>\n<td>1\/2\u00d73\/32\u2033\u00d740T\u00d7170L, stop<\/td>\n<\/tr>\n<tr>\n<td>Wolne ko\u0142o<\/td>\n<td>7-biegowe, wolne ko\u0142o 14-28T (gwintowane)<\/td>\n<\/tr>\n<tr>\n<td>Przerzutka tylna<\/td>\n<td>Shimano 7-biegowy (kompatybilny z 14-28T)<\/td>\n<\/tr>\n<tr>\n<td>Przerzutka przednia<\/td>\n<td>Brak (pojedyncza tarcza)<\/td>\n<\/tr>\n<tr>\n<td>Shifter<\/td>\n<td>Shimano 7-biegowy<\/td>\n<\/tr>\n<tr>\n<td rowspan=\"5\">Ko\u0142a i opony<\/td>\n<td>Rozmiar ko\u0142a<\/td>\n<td>700C (27.5\u2033)<\/td>\n<\/tr>\n<tr>\n<td>Szprychy<\/td>\n<td>13G \u00d7 279 mm, zgodno\u015b\u0107 z norm\u0105 EN 15194<\/td>\n<\/tr>\n<tr>\n<td>Marka opon<\/td>\n<td>Chaoyang<\/td>\n<\/tr>\n<tr>\n<td>Ochrona przed przebiciem<\/td>\n<td>Odporno\u015b\u0107 na przebicie<\/td>\n<\/tr>\n<tr>\n<td>D\u0119tka<\/td>\n<td>700C, 38-45C, zaw\u00f3r Presta 48 mm<\/td>\n<\/tr>\n<tr>\n<td rowspan=\"4\">Uk\u0142ad hamulcowy<\/td>\n<td>Typ hamulca<\/td>\n<td>Mechaniczne hamulce tarczowe (prz\u00f3d i ty\u0142)<\/td>\n<\/tr>\n<tr>\n<td>Hamulce<\/td>\n<td>Hamulce odcinaj\u0105ce zasilanie<\/td>\n<\/tr>\n<tr>\n<td>Tarcze hamulcowe<\/td>\n<td>160 mm (prz\u00f3d i ty\u0142)<\/td>\n<\/tr>\n<tr>\n<td>D\u017awignie hamulca<\/td>\n<td>Ca\u0142kowicie aluminiowy, niskoprofilowy z wy\u0142\u0105cznikiem silnika<\/td>\n<\/tr>\n<tr>\n<td rowspan=\"7\">Kokpit i podzespo\u0142y<\/td>\n<td>Kierownica<\/td>\n<td>47,2\u2033 (120 cm) wysoko\u015bci<\/td>\n<\/tr>\n<tr>\n<td>\u0141odyga<\/td>\n<td>Regulowany wspornik Zoom<\/td>\n<\/tr>\n<tr>\n<td>Siod\u0142o<\/td>\n<td>260 \u00d7 197 mm, czarna ok\u0142adka<\/td>\n<\/tr>\n<tr>\n<td>Zakres wysoko\u015bci siode\u0142ka<\/td>\n<td>900-1000 mm<\/td>\n<\/tr>\n<tr>\n<td>Sztyca<\/td>\n<td>27,2 \u00d7 350 mm, stop aluminium, matowa czer\u0144<\/td>\n<\/tr>\n<tr>\n<td>Szybkie zwolnienie<\/td>\n<td>Tak (przednie ko\u0142o i sztyca)<\/td>\n<\/tr>\n<tr>\n<td>Peda\u0142y<\/td>\n<td>Peda\u0142y platformowe ze stopu aluminium z odblaskami<\/td>\n<\/tr>\n<tr>\n<td rowspan=\"3\">O\u015bwietlenie i bezpiecze\u0144stwo<\/td>\n<td>Reflektor<\/td>\n<td>Zintegrowany reflektor z wodoodpornym z\u0142\u0105czem<\/td>\n<\/tr>\n<tr>\n<td>\u015awiat\u0142o tylne<\/td>\n<td>Zintegrowane tylne \u015bwiat\u0142o z wodoodpornym z\u0142\u0105czem<\/td>\n<\/tr>\n<tr>\n<td>Dzwonek\/klakson<\/td>\n<td>W zestawie dzwonek mechaniczny<\/td>\n<\/tr>\n<tr>\n<td rowspan=\"5\">Dodatkowe wyposa\u017cenie<\/td>\n<td>Podp\u00f3rka<\/td>\n<td>Wytrzyma\u0142a aluminiowa podp\u00f3rka<\/td>\n<\/tr>\n<tr>\n<td>B\u0142otniki<\/td>\n<td>W zestawie przednie i tylne b\u0142otniki<\/td>\n<\/tr>\n<tr>\n<td>Tylny baga\u017cnik<\/td>\n<td>W zestawie stalowy baga\u017cnik tylny<\/td>\n<\/tr>\n<tr>\n<td>Stojak przedni<\/td>\n<td>Nie<\/td>\n<\/tr>\n<tr>\n<td>Zestaw narz\u0119dzi w zestawie<\/td>\n<td>Tak (3\u00d7 klucz, 1\u00d7 \u015brubokr\u0119t, 5\u00d7 klucz sze\u015bciok\u0105tny)<\/td>\n<\/tr>\n<tr>\n<td rowspan=\"2\">Certyfikacja i zgodno\u015b\u0107<\/td>\n<td>Certyfikat EN 15194<\/td>\n<td>Tak<\/td>\n<\/tr>\n<tr>\n<td>Certyfikacja<\/td>\n<td>CE, EN 15194, UL2271<\/td>\n<\/tr>\n<tr>\n<td rowspan=\"3\">Gwarancja i wsparcie<\/td>\n<td>Ca\u0142kowity okres gwarancji<\/td>\n<td>1 rok ograniczonej gwarancji<\/td>\n<\/tr>\n<tr>\n<td>Gwarancja na akumulator<\/td>\n<td>1 rok od zakupu<\/td>\n<\/tr>\n<tr>\n<td>Gwarancja na ram\u0119<\/td>\n<td>2 lata<\/td>\n<\/tr>\n<tr>\n<td rowspan=\"2\">Monta\u017c i dostawa<\/td>\n<td>Wymagany monta\u017c<\/td>\n<td>90% wst\u0119pnie zmontowany (przednie ko\u0142o, peda\u0142y, kierownica)<\/td>\n<\/tr>\n<tr>\n<td>Instrukcja monta\u017cu<\/td>\n<td>Wieloj\u0119zyczna instrukcja obs\u0142ugi w zestawie<\/td>\n<\/tr>\n<\/tbody>\n<\/table>\n<p>&nbsp;<\/p>\n<p><img loading=\"lazy\" decoding=\"async\" class=\"alignnone size-full wp-image-3884\" src=\"https:\/\/galaxybicycle.com\/wp-content\/uploads\/2025\/09\/CITY-1_01.jpg\" alt=\"\" width=\"1563\" height=\"2520\" title=\"\" srcset=\"https:\/\/galaxybicycle.com\/wp-content\/uploads\/2025\/09\/CITY-1_01.jpg 1563w, https:\/\/galaxybicycle.com\/wp-content\/uploads\/2025\/09\/CITY-1_01-186x300.jpg 186w, https:\/\/galaxybicycle.com\/wp-content\/uploads\/2025\/09\/CITY-1_01-635x1024.jpg 635w, https:\/\/galaxybicycle.com\/wp-content\/uploads\/2025\/09\/CITY-1_01-768x1238.jpg 768w, https:\/\/galaxybicycle.com\/wp-content\/uploads\/2025\/09\/CITY-1_01-953x1536.jpg 953w, https:\/\/galaxybicycle.com\/wp-content\/uploads\/2025\/09\/CITY-1_01-1270x2048.jpg 1270w, https:\/\/galaxybicycle.com\/wp-content\/uploads\/2025\/09\/CITY-1_01-7x12.jpg 7w, https:\/\/galaxybicycle.com\/wp-content\/uploads\/2025\/09\/CITY-1_01-1000x1612.jpg 1000w\" sizes=\"auto, (max-width: 1563px) 100vw, 1563px\" \/> <img loading=\"lazy\" decoding=\"async\" class=\"alignnone size-full wp-image-3885\" src=\"https:\/\/galaxybicycle.com\/wp-content\/uploads\/2025\/09\/CITY-1_02.jpg\" alt=\"\" width=\"1563\" height=\"1954\" title=\"\" srcset=\"https:\/\/galaxybicycle.com\/wp-content\/uploads\/2025\/09\/CITY-1_02.jpg 1563w, https:\/\/galaxybicycle.com\/wp-content\/uploads\/2025\/09\/CITY-1_02-240x300.jpg 240w, https:\/\/galaxybicycle.com\/wp-content\/uploads\/2025\/09\/CITY-1_02-819x1024.jpg 819w, https:\/\/galaxybicycle.com\/wp-content\/uploads\/2025\/09\/CITY-1_02-768x960.jpg 768w, https:\/\/galaxybicycle.com\/wp-content\/uploads\/2025\/09\/CITY-1_02-1229x1536.jpg 1229w, https:\/\/galaxybicycle.com\/wp-content\/uploads\/2025\/09\/CITY-1_02-10x12.jpg 10w, https:\/\/galaxybicycle.com\/wp-content\/uploads\/2025\/09\/CITY-1_02-1000x1250.jpg 1000w\" sizes=\"auto, (max-width: 1563px) 100vw, 1563px\" \/> <img loading=\"lazy\" decoding=\"async\" class=\"alignnone size-full wp-image-3886\" src=\"https:\/\/galaxybicycle.com\/wp-content\/uploads\/2025\/09\/CITY-1_03.jpg\" alt=\"\" width=\"1563\" height=\"790\" title=\"\" srcset=\"https:\/\/galaxybicycle.com\/wp-content\/uploads\/2025\/09\/CITY-1_03.jpg 1563w, https:\/\/galaxybicycle.com\/wp-content\/uploads\/2025\/09\/CITY-1_03-300x152.jpg 300w, https:\/\/galaxybicycle.com\/wp-content\/uploads\/2025\/09\/CITY-1_03-1024x518.jpg 1024w, https:\/\/galaxybicycle.com\/wp-content\/uploads\/2025\/09\/CITY-1_03-768x388.jpg 768w, https:\/\/galaxybicycle.com\/wp-content\/uploads\/2025\/09\/CITY-1_03-1536x776.jpg 1536w, https:\/\/galaxybicycle.com\/wp-content\/uploads\/2025\/09\/CITY-1_03-18x9.jpg 18w, https:\/\/galaxybicycle.com\/wp-content\/uploads\/2025\/09\/CITY-1_03-1000x505.jpg 1000w\" sizes=\"auto, (max-width: 1563px) 100vw, 1563px\" \/> <img loading=\"lazy\" decoding=\"async\" class=\"alignnone size-full wp-image-3887\" src=\"https:\/\/galaxybicycle.com\/wp-content\/uploads\/2025\/09\/CITY-1_04.jpg\" alt=\"\" width=\"1563\" height=\"1558\" title=\"\" srcset=\"https:\/\/galaxybicycle.com\/wp-content\/uploads\/2025\/09\/CITY-1_04.jpg 1563w, https:\/\/galaxybicycle.com\/wp-content\/uploads\/2025\/09\/CITY-1_04-300x300.jpg 300w, https:\/\/galaxybicycle.com\/wp-content\/uploads\/2025\/09\/CITY-1_04-1024x1021.jpg 1024w, https:\/\/galaxybicycle.com\/wp-content\/uploads\/2025\/09\/CITY-1_04-150x150.jpg 150w, https:\/\/galaxybicycle.com\/wp-content\/uploads\/2025\/09\/CITY-1_04-768x766.jpg 768w, https:\/\/galaxybicycle.com\/wp-content\/uploads\/2025\/09\/CITY-1_04-1536x1531.jpg 1536w, https:\/\/galaxybicycle.com\/wp-content\/uploads\/2025\/09\/CITY-1_04-12x12.jpg 12w, https:\/\/galaxybicycle.com\/wp-content\/uploads\/2025\/09\/CITY-1_04-1000x997.jpg 1000w, https:\/\/galaxybicycle.com\/wp-content\/uploads\/2025\/09\/CITY-1_04-100x100.jpg 100w\" sizes=\"auto, (max-width: 1563px) 100vw, 1563px\" \/> <img loading=\"lazy\" decoding=\"async\" class=\"alignnone size-full wp-image-3888\" src=\"https:\/\/galaxybicycle.com\/wp-content\/uploads\/2025\/09\/CITY-1_05.jpg\" alt=\"\" width=\"1563\" height=\"1657\" title=\"\" srcset=\"https:\/\/galaxybicycle.com\/wp-content\/uploads\/2025\/09\/CITY-1_05.jpg 1563w, https:\/\/galaxybicycle.com\/wp-content\/uploads\/2025\/09\/CITY-1_05-283x300.jpg 283w, https:\/\/galaxybicycle.com\/wp-content\/uploads\/2025\/09\/CITY-1_05-966x1024.jpg 966w, https:\/\/galaxybicycle.com\/wp-content\/uploads\/2025\/09\/CITY-1_05-768x814.jpg 768w, https:\/\/galaxybicycle.com\/wp-content\/uploads\/2025\/09\/CITY-1_05-1449x1536.jpg 1449w, https:\/\/galaxybicycle.com\/wp-content\/uploads\/2025\/09\/CITY-1_05-11x12.jpg 11w, https:\/\/galaxybicycle.com\/wp-content\/uploads\/2025\/09\/CITY-1_05-1000x1060.jpg 1000w\" sizes=\"auto, (max-width: 1563px) 100vw, 1563px\" \/> <img loading=\"lazy\" decoding=\"async\" class=\"alignnone size-full wp-image-3889\" src=\"https:\/\/galaxybicycle.com\/wp-content\/uploads\/2025\/09\/CITY-1_06.jpg\" alt=\"\" width=\"1563\" height=\"1813\" title=\"\" srcset=\"https:\/\/galaxybicycle.com\/wp-content\/uploads\/2025\/09\/CITY-1_06.jpg 1563w, https:\/\/galaxybicycle.com\/wp-content\/uploads\/2025\/09\/CITY-1_06-259x300.jpg 259w, https:\/\/galaxybicycle.com\/wp-content\/uploads\/2025\/09\/CITY-1_06-883x1024.jpg 883w, https:\/\/galaxybicycle.com\/wp-content\/uploads\/2025\/09\/CITY-1_06-768x891.jpg 768w, https:\/\/galaxybicycle.com\/wp-content\/uploads\/2025\/09\/CITY-1_06-1324x1536.jpg 1324w, https:\/\/galaxybicycle.com\/wp-content\/uploads\/2025\/09\/CITY-1_06-10x12.jpg 10w, https:\/\/galaxybicycle.com\/wp-content\/uploads\/2025\/09\/CITY-1_06-1000x1160.jpg 1000w\" sizes=\"auto, (max-width: 1563px) 100vw, 1563px\" \/> <img loading=\"lazy\" decoding=\"async\" class=\"alignnone size-full wp-image-3890\" src=\"https:\/\/galaxybicycle.com\/wp-content\/uploads\/2025\/09\/CITY-1_07.jpg\" alt=\"\" width=\"1563\" height=\"1647\" title=\"\" srcset=\"https:\/\/galaxybicycle.com\/wp-content\/uploads\/2025\/09\/CITY-1_07.jpg 1563w, https:\/\/galaxybicycle.com\/wp-content\/uploads\/2025\/09\/CITY-1_07-285x300.jpg 285w, https:\/\/galaxybicycle.com\/wp-content\/uploads\/2025\/09\/CITY-1_07-972x1024.jpg 972w, https:\/\/galaxybicycle.com\/wp-content\/uploads\/2025\/09\/CITY-1_07-768x809.jpg 768w, https:\/\/galaxybicycle.com\/wp-content\/uploads\/2025\/09\/CITY-1_07-1458x1536.jpg 1458w, https:\/\/galaxybicycle.com\/wp-content\/uploads\/2025\/09\/CITY-1_07-11x12.jpg 11w, https:\/\/galaxybicycle.com\/wp-content\/uploads\/2025\/09\/CITY-1_07-1000x1054.jpg 1000w\" sizes=\"auto, (max-width: 1563px) 100vw, 1563px\" \/> <img loading=\"lazy\" decoding=\"async\" class=\"alignnone size-full wp-image-3891\" src=\"https:\/\/galaxybicycle.com\/wp-content\/uploads\/2025\/09\/CITY-1_08.jpg\" alt=\"\" width=\"1563\" height=\"1044\" title=\"\" srcset=\"https:\/\/galaxybicycle.com\/wp-content\/uploads\/2025\/09\/CITY-1_08.jpg 1563w, https:\/\/galaxybicycle.com\/wp-content\/uploads\/2025\/09\/CITY-1_08-300x200.jpg 300w, https:\/\/galaxybicycle.com\/wp-content\/uploads\/2025\/09\/CITY-1_08-1024x684.jpg 1024w, https:\/\/galaxybicycle.com\/wp-content\/uploads\/2025\/09\/CITY-1_08-768x513.jpg 768w, https:\/\/galaxybicycle.com\/wp-content\/uploads\/2025\/09\/CITY-1_08-1536x1026.jpg 1536w, https:\/\/galaxybicycle.com\/wp-content\/uploads\/2025\/09\/CITY-1_08-18x12.jpg 18w, https:\/\/galaxybicycle.com\/wp-content\/uploads\/2025\/09\/CITY-1_08-1000x668.jpg 1000w\" sizes=\"auto, (max-width: 1563px) 100vw, 1563px\" \/><\/p>","protected":false},"excerpt":{"rendered":"<p><strong>Je\u017adzij po mie\u015bcie stylowo i wygodnie!<\/strong> Pixar City1 to niezawodny, ekologiczny i przyjemny spos\u00f3b na dojazdy do pracy lub zwiedzanie. Wyposa\u017cony w inteligentne funkcje, takie jak akumulator 36 V, szybki silnik 250 W i 7-biegowa przerzutka Shimano, ten rower elektryczny zosta\u0142 zaprojektowany tak, aby zapewni\u0107 moc, kontrol\u0119 i p\u0142ynn\u0105 jazd\u0119 za ka\u017cdym razem.<\/p>","protected":false},"featured_media":3858,"comment_status":"open","ping_status":"closed","template":"","meta":[],"product_brand":[36],"product_cat":[41,40,39],"product_tag":[],"class_list":{"0":"post-3857","1":"product","2":"type-product","3":"status-publish","4":"has-post-thumbnail","6":"product_brand-pixar","7":"product_cat-pixar-electric-bikes","8":"product_cat-eu-warehourse","9":"product_cat-uk-warehouse","11":"first","12":"instock","13":"shipping-taxable","14":"purchasable","15":"product-type-simple"},"_links":{"self":[{"href":"https:\/\/galaxybicycle.com\/pl\/wp-json\/wp\/v2\/product\/3857","targetHints":{"allow":["GET"]}}],"collection":[{"href":"https:\/\/galaxybicycle.com\/pl\/wp-json\/wp\/v2\/product"}],"about":[{"href":"https:\/\/galaxybicycle.com\/pl\/wp-json\/wp\/v2\/types\/product"}],"replies":[{"embeddable":true,"href":"https:\/\/galaxybicycle.com\/pl\/wp-json\/wp\/v2\/comments?post=3857"}],"wp:featuredmedia":[{"embeddable":true,"href":"https:\/\/galaxybicycle.com\/pl\/wp-json\/wp\/v2\/media\/3858"}],"wp:attachment":[{"href":"https:\/\/galaxybicycle.com\/pl\/wp-json\/wp\/v2\/media?parent=3857"}],"wp:term":[{"taxonomy":"product_brand","embeddable":true,"href":"https:\/\/galaxybicycle.com\/pl\/wp-json\/wp\/v2\/product_brand?post=3857"},{"taxonomy":"product_cat","embeddable":true,"href":"https:\/\/galaxybicycle.com\/pl\/wp-json\/wp\/v2\/product_cat?post=3857"},{"taxonomy":"product_tag","embeddable":true,"href":"https:\/\/galaxybicycle.com\/pl\/wp-json\/wp\/v2\/product_tag?post=3857"}],"curies":[{"name":"wp","href":"https:\/\/api.w.org\/{rel}","templated":true}]}}