{"id":3839,"date":"2025-09-09T01:17:31","date_gmt":"2025-09-09T01:17:31","guid":{"rendered":"https:\/\/galaxybicycle.com\/?post_type=product&#038;p=3839"},"modified":"2025-11-12T04:42:17","modified_gmt":"2025-11-12T04:42:17","slug":"pixar-ride1","status":"publish","type":"product","link":"https:\/\/galaxybicycle.com\/pl\/product\/pixar-ride1\/","title":{"rendered":"Pixar Ride1 Rower elektryczny 500W | Mocny rower miejski i terenowy"},"content":{"rendered":"<p><strong>Rower elektryczny Pixar Ride1<\/strong> zosta\u0142 stworzony dla rowerzyst\u00f3w poszukuj\u0105cych idealnego po\u0142\u0105czenia <em>si\u0142a, styl i wydajno\u015b\u0107<\/em>. Idealny do dojazd\u00f3w do pracy, jazdy po mie\u015bcie lub lekkich tras terenowych, zapewnia niezawodn\u0105 moc i stabilno\u015b\u0107, gdziekolwiek jeste\u015b.<\/p>\n<p>Zasilany przez <strong>Akumulator litowo-jonowy 48 V 10,4 Ah z ogniwami EVE<\/strong> oraz <strong>Bezszczotkowy silnik w tylnej pia\u015bcie o mocy 500 W (CZJB)<\/strong>, Ride1 oferuje p\u0142ynne przyspieszenie i sta\u0142\u0105 wydajno\u015b\u0107. Osi\u0105ga pr\u0119dko\u015bci do <strong>25 km\/h<\/strong> (regulowana do 32 km\/h) z <strong>Zasi\u0119g 35-45 km<\/strong> w trybie wspomagania peda\u0142u.<\/p>\n<p>Pewnie pokonuj zr\u00f3\u017cnicowany teren dzi\u0119ki <strong>Grube opony Chaoyang 20\u201d x 4\u201d<\/strong> charakteryzuj\u0105cy si\u0119 odporno\u015bci\u0105 na przebicie. Model <strong>Pe\u0142ny system podw\u00f3jnego zawieszenia<\/strong>-Regulowany przedni widelec i tylny amortyzator poch\u0142aniaj\u0105 nier\u00f3wno\u015bci, zapewniaj\u0105c mi\u0119kk\u0105, kontrolowan\u0105 jazd\u0119.<\/p>\n<p>Zmiana bieg\u00f3w bez wysi\u0142ku dzi\u0119ki <strong>7-biegowy uk\u0142ad nap\u0119dowy Shimano<\/strong>, przesta\u0144 bezpiecznie u\u017cywa\u0107 <strong>mechaniczne hamulce tarczowe<\/strong> (wirniki 180 mm z przodu i z ty\u0142u) i monitorowa\u0107 jazd\u0119 za pomoc\u0105 przezroczystego <strong>Wy\u015bwietlacz LCD<\/strong> z portem \u0142adowania typu C. Pi\u0119\u0107 poziom\u00f3w wspomagania, tryb wspomagania chodzenia i p\u00f3\u0142obrotowa przepustnica zapewniaj\u0105 pe\u0142n\u0105 kontrol\u0119 na wyci\u0105gni\u0119cie r\u0119ki.<\/p>\n<p>Zbudowany na wytrzyma\u0142ym <strong>Wysokiej jako\u015bci stalowa rama przelotowa<\/strong>obs\u0142uguje do <strong>120 kg<\/strong> i pasuje zawodnikom <strong>155-190 cm<\/strong> wysoki. The <strong>wymienny akumulator o stopniu ochrony IP65<\/strong> op\u0142aty w <strong>4-6 godzin<\/strong>, podczas gdy <strong>Og\u00f3lna wodoszczelno\u015b\u0107 IP54<\/strong> zapewnia niezawodno\u015b\u0107 w ka\u017cdych warunkach pogodowych.<\/p>\n<p>Praktyczno\u015b\u0107 \u0142\u0105czy si\u0119 ze stylem <strong>czarno-szare wyko\u0144czenie<\/strong>, <strong>Zintegrowane \u015bwiat\u0142a przednie i tylne<\/strong>, <strong>pe\u0142ne b\u0142otniki<\/strong>, <strong>stalowy baga\u017cnik tylny<\/strong> (opcjonalny stojak przedni) oraz <strong>dzwonek mechaniczny<\/strong>. Wytrzyma\u0142a podp\u00f3rka i do\u0142\u0105czony zestaw narz\u0119dzi u\u0142atwiaj\u0105 konfiguracj\u0119 i konserwacj\u0119.<\/p>\n<h3>Kluczowe cechy:<\/h3>\n<ul>\n<li><strong>Mocny silnik 500 W:<\/strong> Pr\u0119dko\u015b\u0107 maksymalna 25 km\/h (regulowana do 32 km\/h), wzniesienia do 15\u00b0.<\/li>\n<li><strong>Bateria o du\u017cym zasi\u0119gu:<\/strong> Ogniwa EVE 48 V 10,4 Ah, 35-45 km na jednym \u0142adowaniu, wymienne i szybkie \u0142adowanie.<\/li>\n<li><strong>P\u0142ynne zawieszenie:<\/strong> Regulowany przedni widelec i tylny amortyzator w po\u0142\u0105czeniu z grubymi oponami zapewniaj\u0105 najwy\u017cszy komfort.<\/li>\n<li><strong>Wytrzyma\u0142a rama:<\/strong> Wysokiej jako\u015bci stal, maksymalne obci\u0105\u017cenie 120 kg, konstrukcja stopniowa.<\/li>\n<li><strong>Bezpieczne hamowanie:<\/strong> Mechaniczne hamulce tarczowe z odci\u0119ciem mocy, tarcze 180 mm.<\/li>\n<li><strong>Gotowy do jazdy:<\/strong> Wy\u015bwietlacz LCD, 7-biegowa przek\u0142adnia Shimano, \u015bwiat\u0142a, b\u0142otniki, tylny baga\u017cnik i zestaw narz\u0119dzi w zestawie.<\/li>\n<\/ul>\n<h3>Specyfikacje:<\/h3>\n<table width=\"1106\">\n<tbody>\n<tr>\n<td colspan=\"3\" width=\"611\">Rower elektryczny Pixar Ride - parametry produktu (rynek europejski)<\/td>\n<\/tr>\n<tr>\n<td>\/<\/td>\n<td width=\"224\">Parametr<\/td>\n<td width=\"494\">Warto\u015b\u0107<\/td>\n<\/tr>\n<tr>\n<td rowspan=\"14\">Specyfikacja og\u00f3lna<\/td>\n<td width=\"224\">Zasi\u0119g<\/td>\n<td width=\"494\">35-45 km (tryb wspomagania peda\u0142owania)<\/td>\n<\/tr>\n<tr>\n<td width=\"224\">Pr\u0119dko\u015b\u0107 maksymalna<\/td>\n<td width=\"494\">25 km\/h (ograniczenie dla rower\u00f3w typu Pedelec, regulowane do 32 km\/h)<\/td>\n<\/tr>\n<tr>\n<td width=\"224\">Wymiary<\/td>\n<td width=\"494\">175 \u00d7 69 \u00d7 120 cm (d\u0142. \u00d7 szer. \u00d7 wys.)<\/td>\n<\/tr>\n<tr>\n<td width=\"224\">Maksymalne obci\u0105\u017cenie<\/td>\n<td width=\"494\">120 kg<\/td>\n<\/tr>\n<tr>\n<td width=\"224\">Waga netto<\/td>\n<td width=\"494\">36,4 kg<\/td>\n<\/tr>\n<tr>\n<td width=\"224\">Waga brutto<\/td>\n<td width=\"494\">43,5 kg<\/td>\n<\/tr>\n<tr>\n<td width=\"224\">Wymiary opakowania<\/td>\n<td width=\"494\">145 x 30 x 77 cm<\/td>\n<\/tr>\n<tr>\n<td width=\"224\">Ilo\u015b\u0107 dla pojemnika 1\u00d740HQ<\/td>\n<td width=\"494\">196 szt.<\/td>\n<\/tr>\n<tr>\n<td width=\"224\">Zalecana wysoko\u015b\u0107 je\u017ad\u017aca<\/td>\n<td width=\"494\">155-190 cm<\/td>\n<\/tr>\n<tr>\n<td width=\"224\">Opcje kolor\u00f3w<\/td>\n<td width=\"494\">Czarny i szary<\/td>\n<\/tr>\n<tr>\n<td width=\"224\">Sk\u0142adany<\/td>\n<td width=\"494\">Nie<\/td>\n<\/tr>\n<tr>\n<td width=\"224\">Stopie\u0144 ochrony IP<\/td>\n<td width=\"494\">IP54<\/td>\n<\/tr>\n<tr>\n<td width=\"224\">Temperatura pracy<\/td>\n<td width=\"494\">-10\u00b0C do +45\u00b0C<\/td>\n<\/tr>\n<tr>\n<td width=\"224\">Kategoria rower\u00f3w<\/td>\n<td width=\"494\">Czas wolny\/miasto\/miejskie dojazdy do pracy<\/td>\n<\/tr>\n<tr>\n<td rowspan=\"7\">System akumulator\u00f3w<\/td>\n<td width=\"224\">Pojemno\u015b\u0107 i typ akumulatora<\/td>\n<td width=\"494\">Ogniwa litowo-jonowe 48 V 10,4 Ah (ogniwa EVE)<\/td>\n<\/tr>\n<tr>\n<td width=\"224\">Waga akumulatora<\/td>\n<td width=\"494\">3 kg<\/td>\n<\/tr>\n<tr>\n<td width=\"224\">Wymienna bateria<\/td>\n<td width=\"494\">Tak<\/td>\n<\/tr>\n<tr>\n<td width=\"224\">Stopie\u0144 ochrony IP akumulatora<\/td>\n<td width=\"494\">IP65<\/td>\n<\/tr>\n<tr>\n<td width=\"224\">Certyfikacja baterii<\/td>\n<td width=\"494\">Zgodno\u015b\u0107 z norm\u0105 EN 62133<\/td>\n<\/tr>\n<tr>\n<td width=\"224\">Czas \u0142adowania<\/td>\n<td width=\"494\">4-6 godzin (maks. 6 godzin)<\/td>\n<\/tr>\n<tr>\n<td width=\"224\">\u0141adowarka<\/td>\n<td width=\"494\">Inteligentna \u0142adowarka 54,6 V 2 A<\/td>\n<\/tr>\n<tr>\n<td rowspan=\"4\">Silnik i uk\u0142ad nap\u0119dowy<\/td>\n<td width=\"224\">Typ silnika<\/td>\n<td width=\"494\">Bezszczotkowy silnik w tylnej pia\u015bcie<\/td>\n<\/tr>\n<tr>\n<td width=\"224\">Marka silnika<\/td>\n<td width=\"494\">CZJB<\/td>\n<\/tr>\n<tr>\n<td width=\"224\">Silnik<\/td>\n<td width=\"494\">48V500W szybki silnik w tylnej pia\u015bcie<\/td>\n<\/tr>\n<tr>\n<td width=\"224\">Maksymalne nachylenie podjazdu<\/td>\n<td width=\"494\">15\u00b0 (w przybli\u017ceniu klasa 27%)<\/td>\n<\/tr>\n<tr>\n<td rowspan=\"7\">System kontroli<\/td>\n<td width=\"224\">Wy\u015bwietlacz<\/td>\n<td width=\"494\">SW-K618 + TYP C<\/td>\n<\/tr>\n<tr>\n<td width=\"224\">Poziomy pomocy<\/td>\n<td width=\"494\">5 poziom\u00f3w (0-5)<\/td>\n<\/tr>\n<tr>\n<td width=\"224\">Przepustnica<\/td>\n<td width=\"494\">P\u00f3\u0142obrotowa przepustnica<\/td>\n<\/tr>\n<tr>\n<td width=\"224\">Czujniki<\/td>\n<td width=\"494\">Czujnik pr\u0119dko\u015bci (12-magnesowy)<\/td>\n<\/tr>\n<tr>\n<td width=\"224\">Port \u0142adowania<\/td>\n<td width=\"494\">Tak (typ C na wy\u015bwietlaczu)<\/td>\n<\/tr>\n<tr>\n<td width=\"224\">Tryb wspomagania chodzenia<\/td>\n<td width=\"494\">6 km\/h (przytrzymaj przycisk \u201c-\u201d)<\/td>\n<\/tr>\n<tr>\n<td width=\"224\">Pod\u015bwietlenie<\/td>\n<td width=\"494\">Tak<\/td>\n<\/tr>\n<tr>\n<td rowspan=\"4\">Rama i widelec<\/td>\n<td width=\"224\">Materia\u0142 ramy<\/td>\n<td width=\"494\">Stal wysokiej jako\u015bci<\/td>\n<\/tr>\n<tr>\n<td width=\"224\">Typ ramy<\/td>\n<td width=\"494\">Krok po kroku (niski krok)<\/td>\n<\/tr>\n<tr>\n<td width=\"224\">Zawieszenie przednie<\/td>\n<td width=\"494\">Regulowany amortyzator<\/td>\n<\/tr>\n<tr>\n<td width=\"224\">Widelec przedni<\/td>\n<td width=\"494\">Widelec amortyzowany z mocowaniem hamulca tarczowego<\/td>\n<\/tr>\n<tr>\n<td rowspan=\"6\">Uk\u0142ad nap\u0119dowy<\/td>\n<td width=\"224\">\u0141a\u0144cuch<\/td>\n<td width=\"494\">1\/2\u2033*3\/32\u2033*116L<\/td>\n<\/tr>\n<tr>\n<td width=\"224\">Mechanizm korbowy<\/td>\n<td width=\"494\">1\/2*3\/32\u2033*52T*152L, stop<\/td>\n<\/tr>\n<tr>\n<td width=\"224\">Wolne ko\u0142o<\/td>\n<td width=\"494\">7-biegowe, wolne ko\u0142o 14-28T (gwintowane)<\/td>\n<\/tr>\n<tr>\n<td width=\"224\">Przerzutka tylna<\/td>\n<td width=\"494\">Shimano 7-biegowy (kompatybilny z 14-28T)<\/td>\n<\/tr>\n<tr>\n<td width=\"224\">Przerzutka przednia<\/td>\n<td width=\"494\">Brak (pojedyncza tarcza)<\/td>\n<\/tr>\n<tr>\n<td width=\"224\">Shifter<\/td>\n<td width=\"494\">Shimano 7-biegowy<\/td>\n<\/tr>\n<tr>\n<td rowspan=\"5\">Ko\u0142a i opony<\/td>\n<td width=\"224\">Rozmiar ko\u0142a<\/td>\n<td width=\"494\">20\u2033*4<\/td>\n<\/tr>\n<tr>\n<td width=\"224\">Szprychy<\/td>\n<td width=\"494\">12G \u00d7 174 mm, zgodno\u015b\u0107 z norm\u0105 EN 15194<\/td>\n<\/tr>\n<tr>\n<td width=\"224\">Marka opon<\/td>\n<td width=\"494\">Chaoyang<\/td>\n<\/tr>\n<tr>\n<td width=\"224\">Ochrona przed przebiciem<\/td>\n<td width=\"494\">Odporno\u015b\u0107 na przebicie<\/td>\n<\/tr>\n<tr>\n<td width=\"224\">D\u0119tka<\/td>\n<td width=\"494\">20\u2033 \u00d7 4,0\u2033, zaw\u00f3r A\/V 35 mm<\/td>\n<\/tr>\n<tr>\n<td rowspan=\"4\">Uk\u0142ad hamulcowy<\/td>\n<td width=\"224\">Typ hamulca<\/td>\n<td width=\"494\">Mechaniczne hamulce tarczowe (prz\u00f3d i ty\u0142)<\/td>\n<\/tr>\n<tr>\n<td width=\"224\">Hamulce<\/td>\n<td width=\"494\">Hamulce odcinaj\u0105ce zasilanie<\/td>\n<\/tr>\n<tr>\n<td width=\"224\">Tarcze hamulcowe<\/td>\n<td width=\"494\">180 mm (prz\u00f3d i ty\u0142)<\/td>\n<\/tr>\n<tr>\n<td width=\"224\">D\u017awignie hamulca<\/td>\n<td width=\"494\">Ca\u0142kowicie aluminiowa, niskoprofilowa konstrukcja z wy\u0142\u0105cznikiem silnika<\/td>\n<\/tr>\n<tr>\n<td rowspan=\"7\">Kokpit i podzespo\u0142y<\/td>\n<td width=\"224\">Kierownica<\/td>\n<td width=\"494\">Stop aluminium, szeroko\u015b\u0107 26\u2033 (660 mm), zacisk \u00d831,8 mm<\/td>\n<\/tr>\n<tr>\n<td width=\"224\">\u0141odyga<\/td>\n<td width=\"494\">Regulacja tylko trzpienia<\/td>\n<\/tr>\n<tr>\n<td width=\"224\">Siod\u0142o<\/td>\n<td width=\"494\">Peda\u0142y platformowe ze stopu aluminium, o\u015b 9\/16\u2033<\/td>\n<\/tr>\n<tr>\n<td width=\"224\">Zakres wysoko\u015bci siode\u0142ka<\/td>\n<td width=\"494\">900-1000 mm<\/td>\n<\/tr>\n<tr>\n<td width=\"224\">Sztyca<\/td>\n<td width=\"494\">Stop aluminium 28,6 mm, regulacja k\u0105ta nachylenia<\/td>\n<\/tr>\n<tr>\n<td width=\"224\">Szybkie zwolnienie<\/td>\n<td width=\"494\">Tak (przednie ko\u0142o i sztyca)<\/td>\n<\/tr>\n<tr>\n<td width=\"224\">Peda\u0142y<\/td>\n<td width=\"494\">Peda\u0142y platformowe ze stopu aluminium z odblaskami<\/td>\n<\/tr>\n<tr>\n<td rowspan=\"3\">O\u015bwietlenie i bezpiecze\u0144stwo<\/td>\n<td width=\"224\">Reflektor<\/td>\n<td width=\"494\">Zintegrowany reflektor z wodoodpornym od\u0142\u0105cznikiem<\/td>\n<\/tr>\n<tr>\n<td width=\"224\">\u015awiat\u0142o tylne<\/td>\n<td width=\"494\">Zintegrowane tylne \u015bwiat\u0142o z wodoodpornym od\u0142\u0105cznikiem<\/td>\n<\/tr>\n<tr>\n<td width=\"224\">Dzwonek\/klakson<\/td>\n<td width=\"494\">W zestawie dzwonek mechaniczny<\/td>\n<\/tr>\n<tr>\n<td rowspan=\"5\">Dodatkowe wyposa\u017cenie<\/td>\n<td width=\"224\">Podp\u00f3rka<\/td>\n<td width=\"494\">Wytrzyma\u0142a aluminiowa podp\u00f3rka<\/td>\n<\/tr>\n<tr>\n<td width=\"224\">B\u0142otniki<\/td>\n<td width=\"494\">W zestawie przednie i tylne b\u0142otniki<\/td>\n<\/tr>\n<tr>\n<td width=\"224\">Tylny baga\u017cnik<\/td>\n<td width=\"494\">W zestawie stalowy baga\u017cnik tylny<\/td>\n<\/tr>\n<tr>\n<td width=\"224\">Stojak przedni<\/td>\n<td width=\"494\">Opcjonalnie<\/td>\n<\/tr>\n<tr>\n<td width=\"224\">Zestaw narz\u0119dzi w zestawie<\/td>\n<td width=\"494\">Tak (3\u00d7 klucz, 1\u00d7 \u015brubokr\u0119t, 5\u00d7 klucz sze\u015bciok\u0105tny)<\/td>\n<\/tr>\n<tr>\n<td rowspan=\"2\">Certyfikacja i zgodno\u015b\u0107<\/td>\n<td width=\"224\">Certyfikat EN 15194<\/td>\n<td width=\"494\">Tak<\/td>\n<\/tr>\n<tr>\n<td width=\"224\">Certyfikacja<\/td>\n<td width=\"494\">CE, EN 15194, UL2271<\/td>\n<\/tr>\n<tr>\n<td rowspan=\"3\">Gwarancja i wsparcie<\/td>\n<td width=\"224\">Ca\u0142kowity okres gwarancji<\/td>\n<td width=\"494\">1 rok ograniczonej gwarancji<\/td>\n<\/tr>\n<tr>\n<td width=\"224\">Gwarancja na akumulator<\/td>\n<td width=\"494\">1 rok od daty pierwotnego zakupu<\/td>\n<\/tr>\n<tr>\n<td width=\"224\">Gwarancja na ram\u0119<\/td>\n<td width=\"494\">2 lata<\/td>\n<\/tr>\n<tr>\n<td rowspan=\"2\">Monta\u017c i dostawa<\/td>\n<td width=\"224\">Wymagany monta\u017c<\/td>\n<td width=\"494\">90% wst\u0119pnie zmontowany (przednie ko\u0142o, peda\u0142y, regulacja kierownicy)<\/td>\n<\/tr>\n<tr>\n<td width=\"224\">Instrukcja monta\u017cu<\/td>\n<td width=\"494\">Wieloj\u0119zyczna instrukcja obs\u0142ugi w zestawie<\/td>\n<\/tr>\n<\/tbody>\n<\/table>\n<p><em>Od codziennych dojazd\u00f3w do pracy po weekendowe wyprawy <strong>Rower elektryczny Pixar Ride1<\/strong> to wszechstronny, niezawodny towarzysz. Jed\u017a m\u0105drzej, mocniej i dalej - ka\u017cda podr\u00f3\u017c zaczyna si\u0119 tutaj.<\/em><\/p>\n<p>&nbsp;<\/p>\n<p><img loading=\"lazy\" decoding=\"async\" class=\"alignnone size-full wp-image-3893\" src=\"https:\/\/galaxybicycle.com\/wp-content\/uploads\/2025\/09\/Ride-1_01.jpg\" alt=\"\" width=\"1563\" height=\"2520\" title=\"\" srcset=\"https:\/\/galaxybicycle.com\/wp-content\/uploads\/2025\/09\/Ride-1_01.jpg 1563w, https:\/\/galaxybicycle.com\/wp-content\/uploads\/2025\/09\/Ride-1_01-186x300.jpg 186w, https:\/\/galaxybicycle.com\/wp-content\/uploads\/2025\/09\/Ride-1_01-635x1024.jpg 635w, https:\/\/galaxybicycle.com\/wp-content\/uploads\/2025\/09\/Ride-1_01-768x1238.jpg 768w, https:\/\/galaxybicycle.com\/wp-content\/uploads\/2025\/09\/Ride-1_01-953x1536.jpg 953w, https:\/\/galaxybicycle.com\/wp-content\/uploads\/2025\/09\/Ride-1_01-1270x2048.jpg 1270w, https:\/\/galaxybicycle.com\/wp-content\/uploads\/2025\/09\/Ride-1_01-7x12.jpg 7w, https:\/\/galaxybicycle.com\/wp-content\/uploads\/2025\/09\/Ride-1_01-1000x1612.jpg 1000w\" sizes=\"auto, (max-width: 1563px) 100vw, 1563px\" \/> <img loading=\"lazy\" decoding=\"async\" class=\"alignnone size-full wp-image-3894\" src=\"https:\/\/galaxybicycle.com\/wp-content\/uploads\/2025\/09\/Ride-1_02.jpg\" alt=\"\" width=\"1461\" height=\"2560\" title=\"\" srcset=\"https:\/\/galaxybicycle.com\/wp-content\/uploads\/2025\/09\/Ride-1_02.jpg 1461w, https:\/\/galaxybicycle.com\/wp-content\/uploads\/2025\/09\/Ride-1_02-171x300.jpg 171w, https:\/\/galaxybicycle.com\/wp-content\/uploads\/2025\/09\/Ride-1_02-584x1024.jpg 584w, https:\/\/galaxybicycle.com\/wp-content\/uploads\/2025\/09\/Ride-1_02-768x1346.jpg 768w, https:\/\/galaxybicycle.com\/wp-content\/uploads\/2025\/09\/Ride-1_02-877x1536.jpg 877w, https:\/\/galaxybicycle.com\/wp-content\/uploads\/2025\/09\/Ride-1_02-1169x2048.jpg 1169w, https:\/\/galaxybicycle.com\/wp-content\/uploads\/2025\/09\/Ride-1_02-7x12.jpg 7w, https:\/\/galaxybicycle.com\/wp-content\/uploads\/2025\/09\/Ride-1_02-1000x1752.jpg 1000w\" sizes=\"auto, (max-width: 1461px) 100vw, 1461px\" \/> <img loading=\"lazy\" decoding=\"async\" class=\"alignnone size-full wp-image-3895\" src=\"https:\/\/galaxybicycle.com\/wp-content\/uploads\/2025\/09\/Ride-1_03.jpg\" alt=\"\" width=\"1563\" height=\"1723\" title=\"\" srcset=\"https:\/\/galaxybicycle.com\/wp-content\/uploads\/2025\/09\/Ride-1_03.jpg 1563w, https:\/\/galaxybicycle.com\/wp-content\/uploads\/2025\/09\/Ride-1_03-272x300.jpg 272w, https:\/\/galaxybicycle.com\/wp-content\/uploads\/2025\/09\/Ride-1_03-929x1024.jpg 929w, https:\/\/galaxybicycle.com\/wp-content\/uploads\/2025\/09\/Ride-1_03-768x847.jpg 768w, https:\/\/galaxybicycle.com\/wp-content\/uploads\/2025\/09\/Ride-1_03-1393x1536.jpg 1393w, https:\/\/galaxybicycle.com\/wp-content\/uploads\/2025\/09\/Ride-1_03-11x12.jpg 11w, https:\/\/galaxybicycle.com\/wp-content\/uploads\/2025\/09\/Ride-1_03-1000x1102.jpg 1000w\" sizes=\"auto, (max-width: 1563px) 100vw, 1563px\" \/> <img loading=\"lazy\" decoding=\"async\" class=\"alignnone size-full wp-image-3896\" src=\"https:\/\/galaxybicycle.com\/wp-content\/uploads\/2025\/09\/Ride-1_04.jpg\" alt=\"\" width=\"1563\" height=\"2210\" title=\"\" srcset=\"https:\/\/galaxybicycle.com\/wp-content\/uploads\/2025\/09\/Ride-1_04.jpg 1563w, https:\/\/galaxybicycle.com\/wp-content\/uploads\/2025\/09\/Ride-1_04-212x300.jpg 212w, https:\/\/galaxybicycle.com\/wp-content\/uploads\/2025\/09\/Ride-1_04-724x1024.jpg 724w, https:\/\/galaxybicycle.com\/wp-content\/uploads\/2025\/09\/Ride-1_04-768x1086.jpg 768w, https:\/\/galaxybicycle.com\/wp-content\/uploads\/2025\/09\/Ride-1_04-1086x1536.jpg 1086w, https:\/\/galaxybicycle.com\/wp-content\/uploads\/2025\/09\/Ride-1_04-1448x2048.jpg 1448w, https:\/\/galaxybicycle.com\/wp-content\/uploads\/2025\/09\/Ride-1_04-8x12.jpg 8w, https:\/\/galaxybicycle.com\/wp-content\/uploads\/2025\/09\/Ride-1_04-1000x1414.jpg 1000w\" sizes=\"auto, (max-width: 1563px) 100vw, 1563px\" \/> <img loading=\"lazy\" decoding=\"async\" class=\"alignnone size-full wp-image-3897\" src=\"https:\/\/galaxybicycle.com\/wp-content\/uploads\/2025\/09\/Ride-1_05.jpg\" alt=\"\" width=\"1563\" height=\"1866\" title=\"\" srcset=\"https:\/\/galaxybicycle.com\/wp-content\/uploads\/2025\/09\/Ride-1_05.jpg 1563w, https:\/\/galaxybicycle.com\/wp-content\/uploads\/2025\/09\/Ride-1_05-251x300.jpg 251w, https:\/\/galaxybicycle.com\/wp-content\/uploads\/2025\/09\/Ride-1_05-858x1024.jpg 858w, https:\/\/galaxybicycle.com\/wp-content\/uploads\/2025\/09\/Ride-1_05-768x917.jpg 768w, https:\/\/galaxybicycle.com\/wp-content\/uploads\/2025\/09\/Ride-1_05-1287x1536.jpg 1287w, https:\/\/galaxybicycle.com\/wp-content\/uploads\/2025\/09\/Ride-1_05-10x12.jpg 10w, https:\/\/galaxybicycle.com\/wp-content\/uploads\/2025\/09\/Ride-1_05-1000x1194.jpg 1000w\" sizes=\"auto, (max-width: 1563px) 100vw, 1563px\" \/> <img loading=\"lazy\" decoding=\"async\" class=\"alignnone size-full wp-image-3898\" src=\"https:\/\/galaxybicycle.com\/wp-content\/uploads\/2025\/09\/Ride-1_06.jpg\" alt=\"\" width=\"1563\" height=\"1277\" title=\"\" srcset=\"https:\/\/galaxybicycle.com\/wp-content\/uploads\/2025\/09\/Ride-1_06.jpg 1563w, https:\/\/galaxybicycle.com\/wp-content\/uploads\/2025\/09\/Ride-1_06-300x245.jpg 300w, https:\/\/galaxybicycle.com\/wp-content\/uploads\/2025\/09\/Ride-1_06-1024x837.jpg 1024w, https:\/\/galaxybicycle.com\/wp-content\/uploads\/2025\/09\/Ride-1_06-768x627.jpg 768w, https:\/\/galaxybicycle.com\/wp-content\/uploads\/2025\/09\/Ride-1_06-1536x1255.jpg 1536w, https:\/\/galaxybicycle.com\/wp-content\/uploads\/2025\/09\/Ride-1_06-15x12.jpg 15w, https:\/\/galaxybicycle.com\/wp-content\/uploads\/2025\/09\/Ride-1_06-1000x817.jpg 1000w\" sizes=\"auto, (max-width: 1563px) 100vw, 1563px\" \/> <img loading=\"lazy\" decoding=\"async\" class=\"alignnone size-full wp-image-3899\" src=\"https:\/\/galaxybicycle.com\/wp-content\/uploads\/2025\/09\/Ride-1_07.jpg\" alt=\"\" width=\"1563\" height=\"1308\" title=\"\" srcset=\"https:\/\/galaxybicycle.com\/wp-content\/uploads\/2025\/09\/Ride-1_07.jpg 1563w, https:\/\/galaxybicycle.com\/wp-content\/uploads\/2025\/09\/Ride-1_07-300x251.jpg 300w, https:\/\/galaxybicycle.com\/wp-content\/uploads\/2025\/09\/Ride-1_07-1024x857.jpg 1024w, https:\/\/galaxybicycle.com\/wp-content\/uploads\/2025\/09\/Ride-1_07-768x643.jpg 768w, https:\/\/galaxybicycle.com\/wp-content\/uploads\/2025\/09\/Ride-1_07-1536x1285.jpg 1536w, https:\/\/galaxybicycle.com\/wp-content\/uploads\/2025\/09\/Ride-1_07-14x12.jpg 14w, https:\/\/galaxybicycle.com\/wp-content\/uploads\/2025\/09\/Ride-1_07-1000x837.jpg 1000w\" sizes=\"auto, (max-width: 1563px) 100vw, 1563px\" \/> <img loading=\"lazy\" decoding=\"async\" class=\"alignnone size-full wp-image-3900\" src=\"https:\/\/galaxybicycle.com\/wp-content\/uploads\/2025\/09\/Ride-1_08.jpg\" alt=\"\" width=\"1563\" height=\"2089\" title=\"\" srcset=\"https:\/\/galaxybicycle.com\/wp-content\/uploads\/2025\/09\/Ride-1_08.jpg 1563w, https:\/\/galaxybicycle.com\/wp-content\/uploads\/2025\/09\/Ride-1_08-224x300.jpg 224w, https:\/\/galaxybicycle.com\/wp-content\/uploads\/2025\/09\/Ride-1_08-766x1024.jpg 766w, https:\/\/galaxybicycle.com\/wp-content\/uploads\/2025\/09\/Ride-1_08-768x1026.jpg 768w, https:\/\/galaxybicycle.com\/wp-content\/uploads\/2025\/09\/Ride-1_08-1149x1536.jpg 1149w, https:\/\/galaxybicycle.com\/wp-content\/uploads\/2025\/09\/Ride-1_08-1532x2048.jpg 1532w, https:\/\/galaxybicycle.com\/wp-content\/uploads\/2025\/09\/Ride-1_08-9x12.jpg 9w, https:\/\/galaxybicycle.com\/wp-content\/uploads\/2025\/09\/Ride-1_08-1000x1337.jpg 1000w\" sizes=\"auto, (max-width: 1563px) 100vw, 1563px\" \/> <img loading=\"lazy\" decoding=\"async\" class=\"alignnone size-full wp-image-3901\" src=\"https:\/\/galaxybicycle.com\/wp-content\/uploads\/2025\/09\/Ride-1_09.jpg\" alt=\"\" width=\"1563\" height=\"1982\" title=\"\" srcset=\"https:\/\/galaxybicycle.com\/wp-content\/uploads\/2025\/09\/Ride-1_09.jpg 1563w, https:\/\/galaxybicycle.com\/wp-content\/uploads\/2025\/09\/Ride-1_09-237x300.jpg 237w, https:\/\/galaxybicycle.com\/wp-content\/uploads\/2025\/09\/Ride-1_09-808x1024.jpg 808w, https:\/\/galaxybicycle.com\/wp-content\/uploads\/2025\/09\/Ride-1_09-768x974.jpg 768w, https:\/\/galaxybicycle.com\/wp-content\/uploads\/2025\/09\/Ride-1_09-1211x1536.jpg 1211w, https:\/\/galaxybicycle.com\/wp-content\/uploads\/2025\/09\/Ride-1_09-9x12.jpg 9w, https:\/\/galaxybicycle.com\/wp-content\/uploads\/2025\/09\/Ride-1_09-1000x1268.jpg 1000w\" sizes=\"auto, (max-width: 1563px) 100vw, 1563px\" \/><\/p>","protected":false},"excerpt":{"rendered":"<p>Rower elektryczny Pixar Ride1 jest stworzony zar\u00f3wno do przyg\u00f3d, jak i jazdy po mie\u015bcie. Dzi\u0119ki szybkiemu silnikowi 48 V 500 W, 20-calowym grubym oponom oraz przedniemu i tylnemu zawieszeniu zapewnia komfort, moc i styl. Idealny do dojazd\u00f3w do pracy, zwiedzania lub weekendowej zabawy, ten rower elektryczny jest gotowy, aby zabra\u0107 Ci\u0119 wsz\u0119dzie.<\/p>","protected":false},"featured_media":3840,"comment_status":"open","ping_status":"closed","template":"","meta":[],"product_brand":[36],"product_cat":[41,40,39],"product_tag":[],"class_list":{"0":"post-3839","1":"product","2":"type-product","3":"status-publish","4":"has-post-thumbnail","6":"product_brand-pixar","7":"product_cat-pixar-electric-bikes","8":"product_cat-eu-warehourse","9":"product_cat-uk-warehouse","11":"first","12":"instock","13":"shipping-taxable","14":"purchasable","15":"product-type-simple"},"_links":{"self":[{"href":"https:\/\/galaxybicycle.com\/pl\/wp-json\/wp\/v2\/product\/3839","targetHints":{"allow":["GET"]}}],"collection":[{"href":"https:\/\/galaxybicycle.com\/pl\/wp-json\/wp\/v2\/product"}],"about":[{"href":"https:\/\/galaxybicycle.com\/pl\/wp-json\/wp\/v2\/types\/product"}],"replies":[{"embeddable":true,"href":"https:\/\/galaxybicycle.com\/pl\/wp-json\/wp\/v2\/comments?post=3839"}],"wp:featuredmedia":[{"embeddable":true,"href":"https:\/\/galaxybicycle.com\/pl\/wp-json\/wp\/v2\/media\/3840"}],"wp:attachment":[{"href":"https:\/\/galaxybicycle.com\/pl\/wp-json\/wp\/v2\/media?parent=3839"}],"wp:term":[{"taxonomy":"product_brand","embeddable":true,"href":"https:\/\/galaxybicycle.com\/pl\/wp-json\/wp\/v2\/product_brand?post=3839"},{"taxonomy":"product_cat","embeddable":true,"href":"https:\/\/galaxybicycle.com\/pl\/wp-json\/wp\/v2\/product_cat?post=3839"},{"taxonomy":"product_tag","embeddable":true,"href":"https:\/\/galaxybicycle.com\/pl\/wp-json\/wp\/v2\/product_tag?post=3839"}],"curies":[{"name":"wp","href":"https:\/\/api.w.org\/{rel}","templated":true}]}}