{"id":3642,"date":"2025-09-04T10:43:39","date_gmt":"2025-09-04T10:43:39","guid":{"rendered":"https:\/\/galaxybicycle.com\/?post_type=product&#038;p=3642"},"modified":"2026-01-09T09:59:27","modified_gmt":"2026-01-09T09:59:27","slug":"pixar-space1","status":"publish","type":"product","link":"https:\/\/galaxybicycle.com\/pl\/product\/pixar-space1\/","title":{"rendered":"Rower elektryczny Pixar Space1 48V20AH 500W | Rower elektryczny z grubymi oponami o du\u017cym zasi\u0119gu"},"content":{"rendered":"<p><iframe loading=\"lazy\" title=\"Galaxy Bicycle: unboxing wideo z tekstami space1\" src=\"https:\/\/www.youtube.com\/embed\/7WPvXyqlPlc\" width=\"1840\" height=\"1035\" frameborder=\"0\" allowfullscreen=\"allowfullscreen\"><span data-mce-type=\"bookmark\" style=\"display: inline-block; width: 0px; overflow: hidden; line-height: 0;\" class=\"mce_SELRES_start\"><\/span><\/iframe><br \/>\n<iframe loading=\"lazy\" title=\"Galaxy Bicycle: Szybki film odblokowuj\u0105cy z tekstami space1\" src=\"https:\/\/www.youtube.com\/embed\/pScJ5QD14Wk\" width=\"1840\" height=\"1035\" frameborder=\"0\" allowfullscreen=\"allowfullscreen\"><\/iframe><\/p>\n<h2>Przegl\u0105d rower\u00f3w elektrycznych Pixar Space1<\/h2>\n<p>The <strong>Rower elektryczny Pixar Space1<\/strong> zapewnia pot\u0119\u017cne osi\u0105gi i ca\u0142odzienny komfort na ulicach miast, stromych wzg\u00f3rzach i szlakach terenowych. Nap\u0119dzany przez <strong>Akumulator litowo-jonowy 48V 20Ah EVE<\/strong> oraz <strong>Silnik piasty tylnej CZJB 48V 500W<\/strong>, Zapewnia p\u0142ynne przyspieszenie i niezawodny zasi\u0119g. Model <strong>Opony t\u0142uszczowe Chaoyang 26 \u00d7 4\u2033<\/strong> w po\u0142\u0105czeniu z <strong>przedni widelec z regulowanym zawieszeniem<\/strong> zapewniaj\u0105 stabilno\u015b\u0107 i amortyzacj\u0119 w ka\u017cdym terenie.<\/p>\n<p>Osi\u0105ga pr\u0119dko\u015bci do <strong>25 km\/h<\/strong> (ograniczenie dla rower\u00f3w typu Pedelec, regulowane do 32 km\/h) i podr\u00f3\u017cy <strong>60-100 km<\/strong> na jednym \u0142adowaniu. W tym <strong>7-biegowy uk\u0142ad nap\u0119dowy Shimano<\/strong>, <strong>5-stopniowe wspomaganie peda\u0142owania<\/strong>, <strong>Wielofunkcyjny wy\u015bwietlacz LCD<\/strong>oraz <strong>mechaniczne hamulce tarczowe z tarczami 180 mm<\/strong> zapewniaj\u0105 precyzyjn\u0105 kontrol\u0119 i pewne zatrzymanie. Zbudowany na wytrzyma\u0142ym <strong>Wysokiej jako\u015bci stalowa rama<\/strong> z <strong>IP54<\/strong> wodoodporno\u015b\u0107 i <strong>Ud\u017awig 120 kg<\/strong>, Space1 jest gotowy do codziennego u\u017cytku w ka\u017cdych warunkach pogodowych.<\/p>\n<h3>Dlaczego warto wybra\u0107 Pixar Space1?<\/h3>\n<ul>\n<li><strong>Bateria o du\u017cym zasi\u0119gu:<\/strong> Do 100 km na jednym \u0142adowaniu z wymiennym akumulatorem litowo-jonowym 48V 20Ah EVE (stopie\u0144 ochrony IP65).<\/li>\n<li><strong>Mocny silnik:<\/strong> Bezszczotkowy silnik tylnej piasty CZJB 48 V 500 W pokonuje wzniesienia o nachyleniu 15\u00b0.<\/li>\n<li><strong>All-Terrain Comfort:<\/strong> Odporne na przebicie grube opony Chaoyang 26 \u00d7 4\u2033 i regulowane przednie zawieszenie.<\/li>\n<li><strong>Wszechstronne prze\u0142o\u017cenie:<\/strong> 7-biegowa przerzutka Shimano z 5 poziomami PAS i obrotow\u0105 przepustnic\u0105.<\/li>\n<li><strong>Bezpieczny i widoczny:<\/strong> Mechaniczne hamulce tarczowe z odci\u0119ciem mocy, zintegrowane \u015bwiat\u0142a przednie i tylne LED, dzwonek.<\/li>\n<li><strong>Solidna konstrukcja:<\/strong> Wysokiej jako\u015bci stalowa rama, maksymalne obci\u0105\u017cenie 120 kg, waga netto 31,7 kg.<\/li>\n<li><strong>Inteligentne funkcje:<\/strong> Wy\u015bwietlacz LCD z portem \u0142adowania typu C, tryb wspomagania chodzenia (6 km\/h), szybkozamykaj\u0105ce si\u0119 przednie ko\u0142o i sztyca podsiod\u0142owa.<\/li>\n<\/ul>\n<h3>Specyfikacje<\/h3>\n<table>\n<tbody>\n<tr>\n<td colspan=\"3\">Rower elektryczny Pixar Space1 - parametry produktu (rynek europejski)<\/td>\n<\/tr>\n<tr>\n<td>\/<\/td>\n<td>Parametr<\/td>\n<td>Warto\u015b\u0107<\/td>\n<\/tr>\n<tr>\n<td rowspan=\"14\">Specyfikacja og\u00f3lna<\/td>\n<td>Zasi\u0119g<\/td>\n<td>60-100 km<\/td>\n<\/tr>\n<tr>\n<td>Pr\u0119dko\u015b\u0107 maksymalna<\/td>\n<td>25 km\/h (ograniczenie dla rower\u00f3w typu Pedelec, regulowane do 32 km\/h)<\/td>\n<\/tr>\n<tr>\n<td>Wymiary<\/td>\n<td>205 \u00d7 72 \u00d7 115 cm (d\u0142. \u00d7 szer. \u00d7 wys.)<\/td>\n<\/tr>\n<tr>\n<td>Maksymalne obci\u0105\u017cenie<\/td>\n<td>120 kg<\/td>\n<\/tr>\n<tr>\n<td>Waga netto<\/td>\n<td>31,7 kg<\/td>\n<\/tr>\n<tr>\n<td>Waga brutto<\/td>\n<td>41,3 kg<\/td>\n<\/tr>\n<tr>\n<td>Wymiary opakowania<\/td>\n<td>165 \u00d7 28 \u00d7 84 cm<\/td>\n<\/tr>\n<tr>\n<td>Ilo\u015b\u0107 na pojemnik 1\u00d740HQ<\/td>\n<td>150 szt.<\/td>\n<\/tr>\n<tr>\n<td>Zalecana wysoko\u015b\u0107 je\u017ad\u017aca<\/td>\n<td>155-190 cm<\/td>\n<\/tr>\n<tr>\n<td>Opcje kolor\u00f3w<\/td>\n<td>Czarny i szary<\/td>\n<\/tr>\n<tr>\n<td>Sk\u0142adany<\/td>\n<td>Nie<\/td>\n<\/tr>\n<tr>\n<td>Stopie\u0144 ochrony IP<\/td>\n<td>IP54<\/td>\n<\/tr>\n<tr>\n<td>Temperatura pracy<\/td>\n<td>-10\u00b0C do +45\u00b0C<\/td>\n<\/tr>\n<tr>\n<td>Kategoria rower\u00f3w<\/td>\n<td>Fat Tire Mountain\/All-Terrain<\/td>\n<\/tr>\n<tr>\n<td rowspan=\"7\">System akumulator\u00f3w<\/td>\n<td>Pojemno\u015b\u0107 i typ akumulatora<\/td>\n<td>Ogniwa litowo-jonowe 48V 20Ah (ogniwa EVE)<\/td>\n<\/tr>\n<tr>\n<td>Waga akumulatora<\/td>\n<td>3 kg<\/td>\n<\/tr>\n<tr>\n<td>Wymienna bateria<\/td>\n<td>Tak<\/td>\n<\/tr>\n<tr>\n<td>Stopie\u0144 ochrony IP akumulatora<\/td>\n<td>IP65<\/td>\n<\/tr>\n<tr>\n<td>Certyfikacja baterii<\/td>\n<td>Zgodno\u015b\u0107 z norm\u0105 EN 62133<\/td>\n<\/tr>\n<tr>\n<td>Czas \u0142adowania<\/td>\n<td>6.8 h<\/td>\n<\/tr>\n<tr>\n<td>\u0141adowarka<\/td>\n<td>Inteligentna \u0142adowarka 54,6 V 3 A<\/td>\n<\/tr>\n<tr>\n<td rowspan=\"4\">Silnik i uk\u0142ad nap\u0119dowy<\/td>\n<td>Typ silnika<\/td>\n<td>Bezszczotkowy silnik w tylnej pia\u015bcie<\/td>\n<\/tr>\n<tr>\n<td>Marka silnika<\/td>\n<td>CZJB<\/td>\n<\/tr>\n<tr>\n<td>Silnik<\/td>\n<td>Szybki silnik tylnej piasty 48V 500W<\/td>\n<\/tr>\n<tr>\n<td>Maksymalne nachylenie podjazdu<\/td>\n<td>15\u00b0 (w przybli\u017ceniu klasa 27%)<\/td>\n<\/tr>\n<tr>\n<td rowspan=\"7\">System kontroli<\/td>\n<td>Wy\u015bwietlacz<\/td>\n<td>Wielofunkcyjny wy\u015bwietlacz LCD (model G518)<\/td>\n<\/tr>\n<tr>\n<td>Poziomy pomocy<\/td>\n<td>5 poziom\u00f3w (0-5)<\/td>\n<\/tr>\n<tr>\n<td>Przepustnica<\/td>\n<td>Przepustnica obrotowa (zapasowa w ma\u0142ym pude\u0142ku)<\/td>\n<\/tr>\n<tr>\n<td>Czujniki<\/td>\n<td>Czujnik pr\u0119dko\u015bci (12-magnesowy)<\/td>\n<\/tr>\n<tr>\n<td>Port \u0142adowania<\/td>\n<td>Typ-C na wy\u015bwietlaczu<\/td>\n<\/tr>\n<tr>\n<td>Tryb wspomagania chodzenia<\/td>\n<td>6 km\/h (przytrzymaj przycisk \u201c-\u201d)<\/td>\n<\/tr>\n<tr>\n<td>Pod\u015bwietlenie<\/td>\n<td>Tak<\/td>\n<\/tr>\n<tr>\n<td rowspan=\"4\">Rama i widelec<\/td>\n<td>Materia\u0142 ramy<\/td>\n<td>Stop aluminium<\/td>\n<\/tr>\n<tr>\n<td>Typ ramy<\/td>\n<td>Sportowa rama o wysokim skoku<\/td>\n<\/tr>\n<tr>\n<td>Zawieszenie przednie<\/td>\n<td>Regulowany amortyzator<\/td>\n<\/tr>\n<tr>\n<td>Widelec przedni<\/td>\n<td>Z amortyzowanym widelcem<\/td>\n<\/tr>\n<tr>\n<td rowspan=\"6\">Uk\u0142ad nap\u0119dowy<\/td>\n<td>\u0141a\u0144cuch<\/td>\n<td>1\/2\u2033 \u00d7 3\/32\u2033 \u00d7 118L<\/td>\n<\/tr>\n<tr>\n<td>Mechanizm korbowy<\/td>\n<td>52T \u00d7 170L, stop<\/td>\n<\/tr>\n<tr>\n<td>Wolne ko\u0142o<\/td>\n<td>7-biegowy, 14-28T (gwintowany)<\/td>\n<\/tr>\n<tr>\n<td>Przerzutka tylna<\/td>\n<td>Shimano 7-biegowy (kompatybilny z 14-28T)<\/td>\n<\/tr>\n<tr>\n<td>Przerzutka przednia<\/td>\n<td>Brak (pojedyncza tarcza)<\/td>\n<\/tr>\n<tr>\n<td>Shifter<\/td>\n<td>Shimano 7-biegowy<\/td>\n<\/tr>\n<tr>\n<td rowspan=\"5\">Ko\u0142a i opony<\/td>\n<td>Rozmiar ko\u0142a<\/td>\n<td>26\u2033 \u00d7 4\u2033<\/td>\n<\/tr>\n<tr>\n<td>Szprychy<\/td>\n<td>12G \u00d7 256 mm, zgodno\u015b\u0107 z norm\u0105 EN 15194<\/td>\n<\/tr>\n<tr>\n<td>Marka opon<\/td>\n<td>Chaoyang<\/td>\n<\/tr>\n<tr>\n<td>Ochrona przed przebiciem<\/td>\n<td>Odporno\u015b\u0107 na przebicie<\/td>\n<\/tr>\n<tr>\n<td>D\u0119tka<\/td>\n<td>26\u2033 \u00d7 4,0\u2033, zaw\u00f3r A\/V 35 mm<\/td>\n<\/tr>\n<tr>\n<td rowspan=\"4\">Uk\u0142ad hamulcowy<\/td>\n<td>Typ hamulca<\/td>\n<td>Mechaniczne hamulce tarczowe (prz\u00f3d i ty\u0142)<\/td>\n<\/tr>\n<tr>\n<td>Hamulce<\/td>\n<td>Hamulce odcinaj\u0105ce zasilanie<\/td>\n<\/tr>\n<tr>\n<td>Tarcze hamulcowe<\/td>\n<td>180 mm (prz\u00f3d i ty\u0142)<\/td>\n<\/tr>\n<tr>\n<td>D\u017awignie hamulca<\/td>\n<td>Ca\u0142kowicie aluminiowy, niskoprofilowy z wy\u0142\u0105cznikiem silnika<\/td>\n<\/tr>\n<tr>\n<td rowspan=\"7\">Kokpit i podzespo\u0142y<\/td>\n<td>Kierownica<\/td>\n<td>Dr\u0105\u017cek kierowniczy ze stopu aluminium, szeroko\u015b\u0107 665 mm, zacisk 31,8 mm<\/td>\n<\/tr>\n<tr>\n<td>\u0141odyga<\/td>\n<td>Aluminiowy wspornik<\/td>\n<\/tr>\n<tr>\n<td>Siod\u0142o<\/td>\n<td>Wygodne siode\u0142ko (uwaga: specyfikacja wymienia peda\u0142y; zak\u0142ada si\u0119, \u017ce siode\u0142ko jest obecne)<\/td>\n<\/tr>\n<tr>\n<td>Zakres wysoko\u015bci siode\u0142ka<\/td>\n<td>900-1000 mm<\/td>\n<\/tr>\n<tr>\n<td>Sztyca<\/td>\n<td>Stop aluminium 30,4 mm, regulacja k\u0105ta nachylenia<\/td>\n<\/tr>\n<tr>\n<td>Szybkie zwolnienie<\/td>\n<td>Tak (przednie ko\u0142o i sztyca)<\/td>\n<\/tr>\n<tr>\n<td>Peda\u0142y<\/td>\n<td>Peda\u0142y platformowe ze stopu aluminium z odblaskami<\/td>\n<\/tr>\n<tr>\n<td rowspan=\"3\">O\u015bwietlenie i bezpiecze\u0144stwo<\/td>\n<td>Reflektor<\/td>\n<td>Zintegrowana dioda LED z wodoodpornym od\u0142\u0105cznikiem<\/td>\n<\/tr>\n<tr>\n<td>\u015awiat\u0142o tylne<\/td>\n<td>Zintegrowana dioda LED z wodoodpornym od\u0142\u0105cznikiem<\/td>\n<\/tr>\n<tr>\n<td>Dzwonek\/klakson<\/td>\n<td>Tylko dzwonek<\/td>\n<\/tr>\n<tr>\n<td rowspan=\"5\">Dodatkowe wyposa\u017cenie<\/td>\n<td>Podp\u00f3rka<\/td>\n<td>Wytrzyma\u0142a aluminiowa podp\u00f3rka<\/td>\n<\/tr>\n<tr>\n<td>B\u0142otniki<\/td>\n<td>Nie<\/td>\n<\/tr>\n<tr>\n<td>Tylny baga\u017cnik<\/td>\n<td>Brak<\/td>\n<\/tr>\n<tr>\n<td>Stojak przedni<\/td>\n<td>Brak<\/td>\n<\/tr>\n<tr>\n<td>Zestaw narz\u0119dzi w zestawie<\/td>\n<td>Tak (3\u00d7 klucz, 1\u00d7 \u015brubokr\u0119t, 5\u00d7 klucz sze\u015bciok\u0105tny)<\/td>\n<\/tr>\n<tr>\n<td rowspan=\"2\">Certyfikacja i zgodno\u015b\u0107<\/td>\n<td>Certyfikat EN 15194<\/td>\n<td>Tak<\/td>\n<\/tr>\n<tr>\n<td>Certyfikacja<\/td>\n<td>CE, EN 15194, UL2271<\/td>\n<\/tr>\n<tr>\n<td rowspan=\"3\">Gwarancja i wsparcie<\/td>\n<td>Ca\u0142kowity okres gwarancji<\/td>\n<td>1 rok ograniczony<\/td>\n<\/tr>\n<tr>\n<td>Gwarancja na akumulator<\/td>\n<td>1 rok od zakupu<\/td>\n<\/tr>\n<tr>\n<td>Gwarancja na ram\u0119<\/td>\n<td>2 lata<\/td>\n<\/tr>\n<tr>\n<td rowspan=\"2\">Monta\u017c i dostawa<\/td>\n<td>Wymagany monta\u017c<\/td>\n<td>90% wst\u0119pnie zmontowany (przednie ko\u0142o, peda\u0142y, kierownica)<\/td>\n<\/tr>\n<tr>\n<td>Instrukcja monta\u017cu<\/td>\n<td>Wieloj\u0119zyczna instrukcja obs\u0142ugi w zestawie<\/td>\n<\/tr>\n<\/tbody>\n<\/table>\n<p><img loading=\"lazy\" decoding=\"async\" class=\"alignnone size-full wp-image-3669\" style=\"font-size: 16px;\" src=\"https:\/\/galaxybicycle.com\/wp-content\/uploads\/2025\/09\/Space-1_01-1.jpg\" alt=\"\" width=\"1823\" height=\"2560\" title=\"\" srcset=\"https:\/\/galaxybicycle.com\/wp-content\/uploads\/2025\/09\/Space-1_01-1.jpg 1823w, https:\/\/galaxybicycle.com\/wp-content\/uploads\/2025\/09\/Space-1_01-1-214x300.jpg 214w, https:\/\/galaxybicycle.com\/wp-content\/uploads\/2025\/09\/Space-1_01-1-729x1024.jpg 729w, https:\/\/galaxybicycle.com\/wp-content\/uploads\/2025\/09\/Space-1_01-1-768x1078.jpg 768w, https:\/\/galaxybicycle.com\/wp-content\/uploads\/2025\/09\/Space-1_01-1-1094x1536.jpg 1094w, https:\/\/galaxybicycle.com\/wp-content\/uploads\/2025\/09\/Space-1_01-1-1458x2048.jpg 1458w, https:\/\/galaxybicycle.com\/wp-content\/uploads\/2025\/09\/Space-1_01-1-9x12.jpg 9w, https:\/\/galaxybicycle.com\/wp-content\/uploads\/2025\/09\/Space-1_01-1-1000x1404.jpg 1000w\" sizes=\"auto, (max-width: 1823px) 100vw, 1823px\" \/> <img loading=\"lazy\" decoding=\"async\" class=\"alignnone size-full wp-image-3670\" style=\"font-size: 16px;\" src=\"https:\/\/galaxybicycle.com\/wp-content\/uploads\/2025\/09\/Space-1_02.jpg\" alt=\"\" width=\"1537\" height=\"2560\" title=\"\" srcset=\"https:\/\/galaxybicycle.com\/wp-content\/uploads\/2025\/09\/Space-1_02.jpg 1537w, https:\/\/galaxybicycle.com\/wp-content\/uploads\/2025\/09\/Space-1_02-180x300.jpg 180w, https:\/\/galaxybicycle.com\/wp-content\/uploads\/2025\/09\/Space-1_02-615x1024.jpg 615w, https:\/\/galaxybicycle.com\/wp-content\/uploads\/2025\/09\/Space-1_02-768x1279.jpg 768w, https:\/\/galaxybicycle.com\/wp-content\/uploads\/2025\/09\/Space-1_02-922x1536.jpg 922w, https:\/\/galaxybicycle.com\/wp-content\/uploads\/2025\/09\/Space-1_02-1230x2048.jpg 1230w, https:\/\/galaxybicycle.com\/wp-content\/uploads\/2025\/09\/Space-1_02-7x12.jpg 7w, https:\/\/galaxybicycle.com\/wp-content\/uploads\/2025\/09\/Space-1_02-1000x1666.jpg 1000w\" sizes=\"auto, (max-width: 1537px) 100vw, 1537px\" \/> <img loading=\"lazy\" decoding=\"async\" class=\"alignnone size-full wp-image-3671\" style=\"font-size: 16px;\" src=\"https:\/\/galaxybicycle.com\/wp-content\/uploads\/2025\/09\/Space-1_03.jpg\" alt=\"\" width=\"2560\" height=\"2485\" title=\"\" srcset=\"https:\/\/galaxybicycle.com\/wp-content\/uploads\/2025\/09\/Space-1_03.jpg 2560w, https:\/\/galaxybicycle.com\/wp-content\/uploads\/2025\/09\/Space-1_03-300x291.jpg 300w, https:\/\/galaxybicycle.com\/wp-content\/uploads\/2025\/09\/Space-1_03-1024x994.jpg 1024w, https:\/\/galaxybicycle.com\/wp-content\/uploads\/2025\/09\/Space-1_03-768x746.jpg 768w, https:\/\/galaxybicycle.com\/wp-content\/uploads\/2025\/09\/Space-1_03-1536x1491.jpg 1536w, https:\/\/galaxybicycle.com\/wp-content\/uploads\/2025\/09\/Space-1_03-2048x1988.jpg 2048w, https:\/\/galaxybicycle.com\/wp-content\/uploads\/2025\/09\/Space-1_03-12x12.jpg 12w, https:\/\/galaxybicycle.com\/wp-content\/uploads\/2025\/09\/Space-1_03-1000x971.jpg 1000w\" sizes=\"auto, (max-width: 2560px) 100vw, 2560px\" \/> <img loading=\"lazy\" decoding=\"async\" class=\"alignnone size-full wp-image-3672\" style=\"font-size: 16px;\" src=\"https:\/\/galaxybicycle.com\/wp-content\/uploads\/2025\/09\/Space-1_04.jpg\" alt=\"\" width=\"2560\" height=\"1886\" title=\"\" srcset=\"https:\/\/galaxybicycle.com\/wp-content\/uploads\/2025\/09\/Space-1_04.jpg 2560w, https:\/\/galaxybicycle.com\/wp-content\/uploads\/2025\/09\/Space-1_04-300x221.jpg 300w, https:\/\/galaxybicycle.com\/wp-content\/uploads\/2025\/09\/Space-1_04-1024x754.jpg 1024w, https:\/\/galaxybicycle.com\/wp-content\/uploads\/2025\/09\/Space-1_04-768x566.jpg 768w, https:\/\/galaxybicycle.com\/wp-content\/uploads\/2025\/09\/Space-1_04-1536x1132.jpg 1536w, https:\/\/galaxybicycle.com\/wp-content\/uploads\/2025\/09\/Space-1_04-2048x1509.jpg 2048w, https:\/\/galaxybicycle.com\/wp-content\/uploads\/2025\/09\/Space-1_04-16x12.jpg 16w, https:\/\/galaxybicycle.com\/wp-content\/uploads\/2025\/09\/Space-1_04-1000x737.jpg 1000w\" sizes=\"auto, (max-width: 2560px) 100vw, 2560px\" \/> <img loading=\"lazy\" decoding=\"async\" class=\"alignnone size-full wp-image-3673\" style=\"font-size: 16px;\" src=\"https:\/\/galaxybicycle.com\/wp-content\/uploads\/2025\/09\/Space-1_05.jpg\" alt=\"\" width=\"2471\" height=\"2560\" title=\"\" srcset=\"https:\/\/galaxybicycle.com\/wp-content\/uploads\/2025\/09\/Space-1_05.jpg 2471w, https:\/\/galaxybicycle.com\/wp-content\/uploads\/2025\/09\/Space-1_05-290x300.jpg 290w, https:\/\/galaxybicycle.com\/wp-content\/uploads\/2025\/09\/Space-1_05-988x1024.jpg 988w, https:\/\/galaxybicycle.com\/wp-content\/uploads\/2025\/09\/Space-1_05-768x796.jpg 768w, https:\/\/galaxybicycle.com\/wp-content\/uploads\/2025\/09\/Space-1_05-1483x1536.jpg 1483w, https:\/\/galaxybicycle.com\/wp-content\/uploads\/2025\/09\/Space-1_05-1977x2048.jpg 1977w, https:\/\/galaxybicycle.com\/wp-content\/uploads\/2025\/09\/Space-1_05-12x12.jpg 12w, https:\/\/galaxybicycle.com\/wp-content\/uploads\/2025\/09\/Space-1_05-1000x1036.jpg 1000w\" sizes=\"auto, (max-width: 2471px) 100vw, 2471px\" \/> <img loading=\"lazy\" decoding=\"async\" class=\"alignnone size-full wp-image-3674\" style=\"font-size: 16px;\" src=\"https:\/\/galaxybicycle.com\/wp-content\/uploads\/2025\/09\/Space-1_06.jpg\" alt=\"\" width=\"1461\" height=\"2560\" title=\"\" srcset=\"https:\/\/galaxybicycle.com\/wp-content\/uploads\/2025\/09\/Space-1_06.jpg 1461w, https:\/\/galaxybicycle.com\/wp-content\/uploads\/2025\/09\/Space-1_06-171x300.jpg 171w, https:\/\/galaxybicycle.com\/wp-content\/uploads\/2025\/09\/Space-1_06-584x1024.jpg 584w, https:\/\/galaxybicycle.com\/wp-content\/uploads\/2025\/09\/Space-1_06-768x1346.jpg 768w, https:\/\/galaxybicycle.com\/wp-content\/uploads\/2025\/09\/Space-1_06-877x1536.jpg 877w, https:\/\/galaxybicycle.com\/wp-content\/uploads\/2025\/09\/Space-1_06-1169x2048.jpg 1169w, https:\/\/galaxybicycle.com\/wp-content\/uploads\/2025\/09\/Space-1_06-7x12.jpg 7w, https:\/\/galaxybicycle.com\/wp-content\/uploads\/2025\/09\/Space-1_06-1000x1752.jpg 1000w\" sizes=\"auto, (max-width: 1461px) 100vw, 1461px\" \/> <img loading=\"lazy\" decoding=\"async\" class=\"alignnone size-full wp-image-3675\" style=\"font-size: 16px;\" src=\"https:\/\/galaxybicycle.com\/wp-content\/uploads\/2025\/09\/Space-1_07.jpg\" alt=\"\" width=\"2543\" height=\"2560\" title=\"\" srcset=\"https:\/\/galaxybicycle.com\/wp-content\/uploads\/2025\/09\/Space-1_07.jpg 2543w, https:\/\/galaxybicycle.com\/wp-content\/uploads\/2025\/09\/Space-1_07-298x300.jpg 298w, https:\/\/galaxybicycle.com\/wp-content\/uploads\/2025\/09\/Space-1_07-1017x1024.jpg 1017w, https:\/\/galaxybicycle.com\/wp-content\/uploads\/2025\/09\/Space-1_07-150x150.jpg 150w, https:\/\/galaxybicycle.com\/wp-content\/uploads\/2025\/09\/Space-1_07-768x773.jpg 768w, https:\/\/galaxybicycle.com\/wp-content\/uploads\/2025\/09\/Space-1_07-1526x1536.jpg 1526w, https:\/\/galaxybicycle.com\/wp-content\/uploads\/2025\/09\/Space-1_07-2034x2048.jpg 2034w, https:\/\/galaxybicycle.com\/wp-content\/uploads\/2025\/09\/Space-1_07-12x12.jpg 12w, https:\/\/galaxybicycle.com\/wp-content\/uploads\/2025\/09\/Space-1_07-1000x1007.jpg 1000w, https:\/\/galaxybicycle.com\/wp-content\/uploads\/2025\/09\/Space-1_07-100x100.jpg 100w\" sizes=\"auto, (max-width: 2543px) 100vw, 2543px\" \/> <img loading=\"lazy\" decoding=\"async\" class=\"alignnone size-full wp-image-3676\" style=\"font-size: 16px;\" src=\"https:\/\/galaxybicycle.com\/wp-content\/uploads\/2025\/09\/Space-1_08.jpg\" alt=\"\" width=\"2560\" height=\"1728\" title=\"\" srcset=\"https:\/\/galaxybicycle.com\/wp-content\/uploads\/2025\/09\/Space-1_08.jpg 2560w, https:\/\/galaxybicycle.com\/wp-content\/uploads\/2025\/09\/Space-1_08-300x203.jpg 300w, https:\/\/galaxybicycle.com\/wp-content\/uploads\/2025\/09\/Space-1_08-1024x691.jpg 1024w, https:\/\/galaxybicycle.com\/wp-content\/uploads\/2025\/09\/Space-1_08-768x518.jpg 768w, https:\/\/galaxybicycle.com\/wp-content\/uploads\/2025\/09\/Space-1_08-1536x1037.jpg 1536w, https:\/\/galaxybicycle.com\/wp-content\/uploads\/2025\/09\/Space-1_08-2048x1382.jpg 2048w, https:\/\/galaxybicycle.com\/wp-content\/uploads\/2025\/09\/Space-1_08-18x12.jpg 18w, https:\/\/galaxybicycle.com\/wp-content\/uploads\/2025\/09\/Space-1_08-1000x675.jpg 1000w\" sizes=\"auto, (max-width: 2560px) 100vw, 2560px\" \/><\/p>","protected":false},"excerpt":{"rendered":"<p>Pixar Space1 to mocny i stylowy rower elektryczny stworzony do przyg\u00f3d. Dzi\u0119ki akumulatorowi 48V20AH EVE, szybkiemu silnikowi 500W i grubym oponom 26\u2033x4\u2033 zapewnia zasi\u0119g do 100 km, p\u0142ynne zawieszenie i 7-biegow\u0105 przek\u0142adni\u0119 Shimano - idealn\u0105 do jazdy po mie\u015bcie, szlakach i zabawy w terenie.<\/p>","protected":false},"featured_media":3647,"comment_status":"open","ping_status":"closed","template":"","meta":[],"product_brand":[36],"product_cat":[41,39],"product_tag":[],"class_list":{"0":"post-3642","1":"product","2":"type-product","3":"status-publish","4":"has-post-thumbnail","6":"product_brand-pixar","7":"product_cat-pixar-electric-bikes","8":"product_cat-uk-warehouse","10":"first","11":"instock","12":"shipping-taxable","13":"purchasable","14":"product-type-simple"},"_links":{"self":[{"href":"https:\/\/galaxybicycle.com\/pl\/wp-json\/wp\/v2\/product\/3642","targetHints":{"allow":["GET"]}}],"collection":[{"href":"https:\/\/galaxybicycle.com\/pl\/wp-json\/wp\/v2\/product"}],"about":[{"href":"https:\/\/galaxybicycle.com\/pl\/wp-json\/wp\/v2\/types\/product"}],"replies":[{"embeddable":true,"href":"https:\/\/galaxybicycle.com\/pl\/wp-json\/wp\/v2\/comments?post=3642"}],"wp:featuredmedia":[{"embeddable":true,"href":"https:\/\/galaxybicycle.com\/pl\/wp-json\/wp\/v2\/media\/3647"}],"wp:attachment":[{"href":"https:\/\/galaxybicycle.com\/pl\/wp-json\/wp\/v2\/media?parent=3642"}],"wp:term":[{"taxonomy":"product_brand","embeddable":true,"href":"https:\/\/galaxybicycle.com\/pl\/wp-json\/wp\/v2\/product_brand?post=3642"},{"taxonomy":"product_cat","embeddable":true,"href":"https:\/\/galaxybicycle.com\/pl\/wp-json\/wp\/v2\/product_cat?post=3642"},{"taxonomy":"product_tag","embeddable":true,"href":"https:\/\/galaxybicycle.com\/pl\/wp-json\/wp\/v2\/product_tag?post=3642"}],"curies":[{"name":"wp","href":"https:\/\/api.w.org\/{rel}","templated":true}]}}