{"id":3238,"date":"2025-09-02T05:57:14","date_gmt":"2025-09-02T05:57:14","guid":{"rendered":"https:\/\/galaxybicycle.com\/?post_type=product&#038;p=3238"},"modified":"2025-11-12T05:16:31","modified_gmt":"2025-11-12T05:16:31","slug":"galaxy-f230e-ebike","status":"publish","type":"product","link":"https:\/\/galaxybicycle.com\/pl\/product\/galaxy-f230e-ebike\/","title":{"rendered":"Sk\u0142adany rower elektryczny Velopro F230E | Silnik 500 W, akumulator 48 V, grube opony 20\u2033"},"content":{"rendered":"<p><strong>Sk\u0142adany rower elektryczny Velopro F230E<\/strong> jest idealnym towarzyszem jazdy do dojazd\u00f3w do pracy, rekreacji lub przyg\u00f3d w terenie. Wyposa\u017cony w wysokowydajny <strong>Silnik 48 V 500 W<\/strong> i d\u0142ugotrwa\u0142y <strong>Akumulator EVE 48 V 10,4 Ah<\/strong>Ten rower elektryczny osi\u0105ga pr\u0119dko\u015b\u0107 do <strong>32 km\/h (regulowana do 45 km\/h)<\/strong> oferuj\u0105c jednocze\u015bnie szereg <strong>40-50 KM<\/strong> na jednym \u0142adowaniu.<\/p>\n<p>Jego <strong>Grube opony CST 20\u00d73\"<\/strong> zapewniaj\u0105 doskona\u0142\u0105 przyczepno\u015b\u0107 i stabilno\u015b\u0107 w r\u00f3\u017cnych warunkach terenowych, podczas gdy <strong>Rama ze stopu aluminium 6061<\/strong> zapewnia zar\u00f3wno wytrzyma\u0142o\u015b\u0107, jak i lekko\u015b\u0107. Z <strong>7-biegowa przerzutka Shimano<\/strong>, <strong>mechaniczne hamulce tarczowe<\/strong>oraz <strong>widelec przedniego zawieszenia<\/strong>F230E zapewnia p\u0142ynn\u0105, bezpieczn\u0105 i przyjemn\u0105 jazd\u0119 za ka\u017cdym razem.<\/p>\n<p>Ten sk\u0142adany rower elektryczny jest \u0142atwy w przechowywaniu i transporcie, dzi\u0119ki czemu jest idealny dla rowerzyst\u00f3w mieszkaj\u0105cych w miastach, mieszkaniach lub tych, kt\u00f3rzy lubi\u0105 podr\u00f3\u017cowa\u0107 na rowerze. Zaprojektowany z praktycznymi dodatkami, takimi jak <strong>przednie i tylne \u015bwiat\u0142a<\/strong>, <strong>klakson elektroniczny<\/strong>, <strong>baga\u017cnik tylny<\/strong>oraz <strong>przednie i tylne b\u0142otniki<\/strong>Jest zbudowany tak, aby sprosta\u0107 codziennym potrzebom zwi\u0105zanym z dojazdami do pracy i sp\u0119dzaniem czasu na \u015bwie\u017cym powietrzu.<\/p>\n<p>Niezale\u017cnie od tego, czy doje\u017cd\u017casz do pracy, je\u017adzisz po mie\u015bcie, czy odkrywasz szlaki <strong>Velopro F230E<\/strong> \u0142\u0105czy wydajno\u015b\u0107, wygod\u0119 i styl w jednym pot\u0119\u017cnym sk\u0142adanym rowerze elektrycznym.<\/p>\n<h2>Specyfikacje<\/h2>\n<table border=\"1\" cellspacing=\"0\" cellpadding=\"8\">\n<tbody>\n<tr>\n<th>Kategoria<\/th>\n<th>Specyfikacja<\/th>\n<th>Szczeg\u00f3\u0142y<\/th>\n<\/tr>\n<tr>\n<td>Bateria<\/td>\n<td>48V 10.4Ah<\/td>\n<td>40 kom\u00f3rek EVE<\/td>\n<\/tr>\n<tr>\n<td>Silnik<\/td>\n<td>500W<\/td>\n<td>Silnik o wysokiej pr\u0119dko\u015bci<\/td>\n<\/tr>\n<tr>\n<td>Pr\u0119dko\u015b\u0107 maksymalna<\/td>\n<td>32KM\/H<\/td>\n<td>Regulacja do 45 km\/h<\/td>\n<\/tr>\n<tr>\n<td>Zasi\u0119g<\/td>\n<td>40-50 KM<\/td>\n<td>Za op\u0142at\u0105<\/td>\n<\/tr>\n<tr>\n<td>PAS<\/td>\n<td>5 tryb\u00f3w<\/td>\n<td>Wspomaganie peda\u0142u<\/td>\n<\/tr>\n<tr>\n<td>\u0141adowarka<\/td>\n<td>54,6 V 2 A<\/td>\n<td>5.2H Czas \u0142adowania<\/td>\n<\/tr>\n<tr>\n<td>Wy\u015bwietlacz<\/td>\n<td>LCD<\/td>\n<td>Wielofunkcyjny<\/td>\n<\/tr>\n<tr>\n<td>\u015awiat\u0142a<\/td>\n<td>Prz\u00f3d i ty\u0142<\/td>\n<td>W zestawie<\/td>\n<\/tr>\n<tr>\n<td>Rama<\/td>\n<td>Stop aluminium 6061<\/td>\n<td>Trwa\u0142y i lekki<\/td>\n<\/tr>\n<tr>\n<td>Ko\u0142a<\/td>\n<td>Opony CST 20\u00d73\"<\/td>\n<td>Gotowo\u015b\u0107 do jazdy w terenie<\/td>\n<\/tr>\n<tr>\n<td>Waga<\/td>\n<td>31KGS<\/td>\n<td>Brutto: 40,8 KG<\/td>\n<\/tr>\n<tr>\n<td>\u0141adunek<\/td>\n<td>150KGS<\/td>\n<td>Maksymalna pojemno\u015b\u0107<\/td>\n<\/tr>\n<tr>\n<td>Zdolno\u015b\u0107 pokonywania wzniesie\u0144<\/td>\n<td>15\u00b0<\/td>\n<td>Wsparcie podczas wspinaczki g\u00f3rskiej<\/td>\n<\/tr>\n<tr>\n<td>Przek\u0142adnie<\/td>\n<td>Shimano 7-Speed<\/td>\n<td>P\u0142ynna zmiana bieg\u00f3w<\/td>\n<\/tr>\n<tr>\n<td>Hamulce<\/td>\n<td>Mechaniczne hamulce tarczowe<\/td>\n<td>Prz\u00f3d i ty\u0142<\/td>\n<\/tr>\n<tr>\n<td>Widelec<\/td>\n<td>Widelec zawieszenia<\/td>\n<td>Absorpcja wstrz\u0105s\u00f3w<\/td>\n<\/tr>\n<tr>\n<td>Dodatkowe funkcje<\/td>\n<td>Sk\u0142adany, tylny baga\u017cnik, klakson, b\u0142otniki<\/td>\n<td>Praktyczny i wygodny<\/td>\n<\/tr>\n<tr>\n<td>Wodoodporny<\/td>\n<td>IP54<\/td>\n<td>Odporno\u015b\u0107 na warunki atmosferyczne<\/td>\n<\/tr>\n<tr>\n<td>Wysoko\u015b\u0107 je\u017ad\u017aca<\/td>\n<td>155-190cm<\/td>\n<td>Zalecany zakres<\/td>\n<\/tr>\n<tr>\n<td>Rozmiar opakowania<\/td>\n<td>95*41*75cm<\/td>\n<td>Pasuje do 180 sztuk \/ 40HQ<\/td>\n<\/tr>\n<\/tbody>\n<\/table>","protected":false},"excerpt":{"rendered":"<p>Velopro F230E to pot\u0119\u017cny sk\u0142adany rower elektryczny zaprojektowany z my\u015bl\u0105 o przygodzie i wygodzie. Dzi\u0119ki silnikowi o mocy 500 W, akumulatorowi 48 V i wytrzyma\u0142ym oponom CST 20\u00d73\" zapewnia pr\u0119dko\u015b\u0107, komfort i zasi\u0119g zar\u00f3wno podczas jazdy po mie\u015bcie, jak i eksploracji na \u015bwie\u017cym powietrzu. Sk\u0142adany, przeno\u015bny i bogaty w funkcje - ten e-rower jest stworzony dla nowoczesnych rowerzyst\u00f3w.<\/p>","protected":false},"featured_media":4125,"comment_status":"open","ping_status":"closed","template":"","meta":[],"product_brand":[],"product_cat":[38],"product_tag":[],"class_list":{"0":"post-3238","1":"product","2":"type-product","3":"status-publish","4":"has-post-thumbnail","6":"product_cat-velopro-electric-bikes","8":"first","9":"instock","10":"shipping-taxable","11":"purchasable","12":"product-type-simple"},"_links":{"self":[{"href":"https:\/\/galaxybicycle.com\/pl\/wp-json\/wp\/v2\/product\/3238","targetHints":{"allow":["GET"]}}],"collection":[{"href":"https:\/\/galaxybicycle.com\/pl\/wp-json\/wp\/v2\/product"}],"about":[{"href":"https:\/\/galaxybicycle.com\/pl\/wp-json\/wp\/v2\/types\/product"}],"replies":[{"embeddable":true,"href":"https:\/\/galaxybicycle.com\/pl\/wp-json\/wp\/v2\/comments?post=3238"}],"wp:featuredmedia":[{"embeddable":true,"href":"https:\/\/galaxybicycle.com\/pl\/wp-json\/wp\/v2\/media\/4125"}],"wp:attachment":[{"href":"https:\/\/galaxybicycle.com\/pl\/wp-json\/wp\/v2\/media?parent=3238"}],"wp:term":[{"taxonomy":"product_brand","embeddable":true,"href":"https:\/\/galaxybicycle.com\/pl\/wp-json\/wp\/v2\/product_brand?post=3238"},{"taxonomy":"product_cat","embeddable":true,"href":"https:\/\/galaxybicycle.com\/pl\/wp-json\/wp\/v2\/product_cat?post=3238"},{"taxonomy":"product_tag","embeddable":true,"href":"https:\/\/galaxybicycle.com\/pl\/wp-json\/wp\/v2\/product_tag?post=3238"}],"curies":[{"name":"wp","href":"https:\/\/api.w.org\/{rel}","templated":true}]}}