{"id":3236,"date":"2025-09-02T05:56:26","date_gmt":"2025-09-02T05:56:26","guid":{"rendered":"https:\/\/galaxybicycle.com\/?post_type=product&#038;p=3236"},"modified":"2025-11-12T03:12:21","modified_gmt":"2025-11-12T03:12:21","slug":"galaxy-f350e-ebike","status":"publish","type":"product","link":"https:\/\/galaxybicycle.com\/pl\/product\/galaxy-f350e-ebike\/","title":{"rendered":"Velopro F350E Sk\u0142adany rower elektryczny z grubymi oponami | Silnik 750 W, akumulator 48 V20 Ah, zasi\u0119g 100 km"},"content":{"rendered":"<p>Spotkanie <strong>Velopro F350E Sk\u0142adany rower elektryczny Fat Tire<\/strong> - idealna r\u00f3wnowaga mi\u0119dzy wytrzyma\u0142o\u015bci\u0105, wydajno\u015bci\u0105 i wygod\u0105. Zaprojektowany dla rowerzyst\u00f3w, kt\u00f3rzy chc\u0105 wi\u0119kszej mocy i zasi\u0119gu, ten rower elektryczny jest wyposa\u017cony w <strong>Akumulator EVE 48V20AH<\/strong> oraz <strong>Szybki silnik o mocy 750 W<\/strong>zapewniaj\u0105c pr\u0119dko\u015b\u0107 do 32 km\/h i zasi\u0119g jazdy wynosz\u0105cy <strong>80-100 KM<\/strong> na jednym \u0142adowaniu.<\/p>\n<p>Niezale\u017cnie od tego, czy doje\u017cd\u017casz do pracy, odkrywasz szlaki przyrodnicze, czy cieszysz si\u0119 weekendow\u0105 przeja\u017cd\u017ck\u0105, F350E dostosowuje si\u0119 do Twoich potrzeb. Jego <strong>sk\u0142adana rama ze stopu aluminium<\/strong> u\u0142atwia transport i przechowywanie, podczas gdy <strong>Grube opony CST 20\u00d74\"<\/strong> zapewniaj\u0105 doskona\u0142\u0105 przyczepno\u015b\u0107 i stabilno\u015b\u0107 na piasku, \u015bniegu, \u017cwirze lub ulicach miasta.<\/p>\n<p>Komfort jest wbudowany w ka\u017cdy szczeg\u00f3\u0142, z <strong>widelec przedniego zawieszenia<\/strong>ergonomiczne aluminiowe peda\u0142y, mechaniczne hamulce tarczowe i <strong>7-biegowa przek\u0142adnia Shimano<\/strong> dla p\u0142ynnej i kontrolowanej jazdy. Rower zawiera r\u00f3wnie\u017c <strong>przednie i tylne \u015bwiat\u0142a, b\u0142otniki, tylny baga\u017cnik i kosze<\/strong> - zapewniaj\u0105c wszystko, czego potrzebujesz od razu po wyj\u0119ciu z pude\u0142ka.<\/p>\n<p>Niezale\u017cnie od tego, czy doje\u017cd\u017casz do pracy w mie\u015bcie, czy jeste\u015b weekendowym poszukiwaczem przyg\u00f3d, Velopro F350E sprawia, \u017ce ka\u017cda podr\u00f3\u017c jest przyjemna, wydajna i niezawodna.<\/p>\n<h2>Kluczowe cechy<\/h2>\n<ul>\n<li><strong>Silnik o du\u017cej mocy:<\/strong> Silnik 48V 750W do bezwysi\u0142kowej jazdy w ka\u017cdym terenie.<\/li>\n<li><strong>Bateria o du\u017cym zasi\u0119gu:<\/strong> Akumulator EVE 48V20AH o zasi\u0119gu do 100 km.<\/li>\n<li><strong>Sk\u0142adana rama:<\/strong> Kompaktowa konstrukcja ze stopu aluminium u\u0142atwia transport i przechowywanie.<\/li>\n<li><strong>Grube opony:<\/strong> Opony CST 20\u00d74\" zapewniaj\u0105 stabilno\u015b\u0107 na piasku, \u015bniegu i \u017cwirze.<\/li>\n<li><strong>Shimano 7-Speed:<\/strong> P\u0142ynna zmiana bieg\u00f3w w zr\u00f3\u017cnicowanych warunkach jazdy.<\/li>\n<li><strong>Komfort i bezpiecze\u0144stwo:<\/strong> Przednie zawieszenie, mechaniczne hamulce tarczowe, przednie\/tylne \u015bwiat\u0142a i wodoodporno\u015b\u0107 IP54.<\/li>\n<li><strong>W pe\u0142ni wyposa\u017cony:<\/strong> Zawiera tylny baga\u017cnik, koszyki, b\u0142otniki i dzwonek do praktycznego codziennego u\u017cytku.<\/li>\n<\/ul>\n<h2>Specyfikacje<\/h2>\n<table border=\"1\" cellspacing=\"0\" cellpadding=\"6\">\n<tbody>\n<tr>\n<th>Kategoria<\/th>\n<th>Specyfikacje<\/th>\n<th>Szczeg\u00f3\u0142y<\/th>\n<\/tr>\n<tr>\n<td>Bateria<\/td>\n<td>48V20AH (marka EVE)<\/td>\n<td>Zasi\u0119g do 100 km<\/td>\n<\/tr>\n<tr>\n<td>Silnik<\/td>\n<td>750W High Speed<\/td>\n<td>Pr\u0119dko\u015b\u0107 maksymalna 32 km\/h<\/td>\n<\/tr>\n<tr>\n<td>Tryby jazdy<\/td>\n<td>5 poziom\u00f3w PAS<\/td>\n<td>Pomoc dostosowana do indywidualnych potrzeb<\/td>\n<\/tr>\n<tr>\n<td>\u0141adowanie<\/td>\n<td>\u0141adowarka 54,6 V 3 A<\/td>\n<td>Oko\u0142o 6,8 godziny<\/td>\n<\/tr>\n<tr>\n<td>Wy\u015bwietlacz<\/td>\n<td>LCD<\/td>\n<td>Informacje o pr\u0119dko\u015bci, akumulatorze i PAS<\/td>\n<\/tr>\n<tr>\n<td>Rama<\/td>\n<td>Stop aluminium 6061<\/td>\n<td>Trwa\u0142y i sk\u0142adany<\/td>\n<\/tr>\n<tr>\n<td>Rozmiar ko\u0142a<\/td>\n<td>20*4\"<\/td>\n<td>Opony CST Fat<\/td>\n<\/tr>\n<tr>\n<td>Hamulce<\/td>\n<td>Dysk mechaniczny<\/td>\n<td>Prz\u00f3d i ty\u0142<\/td>\n<\/tr>\n<tr>\n<td>Transmisja<\/td>\n<td>Shimano 7 Speed<\/td>\n<td>P\u0142ynna zmiana bieg\u00f3w<\/td>\n<\/tr>\n<tr>\n<td>Widelec<\/td>\n<td>Widelec zawieszenia<\/td>\n<td>Poch\u0142anianie wstrz\u0105s\u00f3w<\/td>\n<\/tr>\n<tr>\n<td>\u0141adunek<\/td>\n<td>150KGS<\/td>\n<td>Du\u017ca no\u015bno\u015b\u0107<\/td>\n<\/tr>\n<tr>\n<td>Akcesoria<\/td>\n<td>Baga\u017cnik, kosze, b\u0142otniki<\/td>\n<td>W zestawie<\/td>\n<\/tr>\n<tr>\n<td>Wodoodporny<\/td>\n<td>IP54<\/td>\n<td>Odporno\u015b\u0107 na kurz i zachlapania<\/td>\n<\/tr>\n<tr>\n<td>Sk\u0142adany<\/td>\n<td>Tak<\/td>\n<td>Kompaktowe przechowywanie<\/td>\n<\/tr>\n<tr>\n<td>Waga<\/td>\n<td>31 kg (netto)<\/td>\n<td>40,8 kg (brutto)<\/td>\n<\/tr>\n<tr>\n<td>Wysoko\u015b\u0107 je\u017ad\u017aca<\/td>\n<td>155-190cm<\/td>\n<td>Uniwersalne dopasowanie<\/td>\n<\/tr>\n<tr>\n<td>Ilo\u015b\u0107 pojemnik\u00f3w<\/td>\n<td>40HQ<\/td>\n<td>180 PCS<\/td>\n<\/tr>\n<\/tbody>\n<\/table>","protected":false},"excerpt":{"rendered":"<p>Velopro F350E to pot\u0119\u017cny sk\u0142adany rower elektryczny z grubymi oponami, stworzony z my\u015bl\u0105 o przygodach i dojazdach do pracy w mie\u015bcie. Dzi\u0119ki silnikowi o mocy 750 W, akumulatorowi 48 V20 Ah o du\u017cym zasi\u0119gu, 7-biegowej przek\u0142adni Shimano i przedniemu zawieszeniu zapewnia komfort, niezawodno\u015b\u0107 i zabaw\u0119 w ka\u017cdym terenie.<\/p>","protected":false},"featured_media":4107,"comment_status":"open","ping_status":"closed","template":"","meta":[],"product_brand":[],"product_cat":[38],"product_tag":[],"class_list":{"0":"post-3236","1":"product","2":"type-product","3":"status-publish","4":"has-post-thumbnail","6":"product_cat-velopro-electric-bikes","8":"first","9":"instock","10":"shipping-taxable","11":"purchasable","12":"product-type-simple"},"_links":{"self":[{"href":"https:\/\/galaxybicycle.com\/pl\/wp-json\/wp\/v2\/product\/3236","targetHints":{"allow":["GET"]}}],"collection":[{"href":"https:\/\/galaxybicycle.com\/pl\/wp-json\/wp\/v2\/product"}],"about":[{"href":"https:\/\/galaxybicycle.com\/pl\/wp-json\/wp\/v2\/types\/product"}],"replies":[{"embeddable":true,"href":"https:\/\/galaxybicycle.com\/pl\/wp-json\/wp\/v2\/comments?post=3236"}],"wp:featuredmedia":[{"embeddable":true,"href":"https:\/\/galaxybicycle.com\/pl\/wp-json\/wp\/v2\/media\/4107"}],"wp:attachment":[{"href":"https:\/\/galaxybicycle.com\/pl\/wp-json\/wp\/v2\/media?parent=3236"}],"wp:term":[{"taxonomy":"product_brand","embeddable":true,"href":"https:\/\/galaxybicycle.com\/pl\/wp-json\/wp\/v2\/product_brand?post=3236"},{"taxonomy":"product_cat","embeddable":true,"href":"https:\/\/galaxybicycle.com\/pl\/wp-json\/wp\/v2\/product_cat?post=3236"},{"taxonomy":"product_tag","embeddable":true,"href":"https:\/\/galaxybicycle.com\/pl\/wp-json\/wp\/v2\/product_tag?post=3236"}],"curies":[{"name":"wp","href":"https:\/\/api.w.org\/{rel}","templated":true}]}}