{"id":3233,"date":"2025-09-02T05:55:34","date_gmt":"2025-09-02T05:55:34","guid":{"rendered":"https:\/\/galaxybicycle.com\/?post_type=product&#038;p=3233"},"modified":"2025-09-04T14:36:13","modified_gmt":"2025-09-04T14:36:13","slug":"galaxy-f750e-ebike","status":"publish","type":"product","link":"https:\/\/galaxybicycle.com\/pl\/product\/galaxy-f750e-ebike\/","title":{"rendered":"Velopro F750E Rower elektryczny | 500W silnik o \u015brednim nap\u0119dzie, podw\u00f3jny akumulator, 20\u2033 sk\u0142adany rower elektryczny Fat Tire"},"content":{"rendered":"<p><strong>Velopro F750E<\/strong> jest przeznaczony dla rowerzyst\u00f3w, kt\u00f3rzy chc\u0105 roweru elektrycznego, kt\u00f3ry jest zar\u00f3wno praktyczny, jak i ekscytuj\u0105cy. Z mocnym <strong>Rama ze stopu 6061<\/strong> oraz <strong>W pe\u0142ni aluminiowy widelec amortyzowany<\/strong>Jest gotowy do jazdy zar\u00f3wno po g\u0142adkich miejskich drogach, jak i wyboistych szlakach. Wn\u0119trze <strong>7-biegowa przek\u0142adnia Shimano<\/strong> u\u0142atwia pokonywanie wzniesie\u0144, podczas gdy <strong>Hydrauliczne hamulce tarczowe Zoom<\/strong> zapewniaj\u0105 pewn\u0105 si\u0142\u0119 hamowania w ka\u017cdych warunkach pogodowych.<\/p>\n<p>Ten rower elektryczny z grubymi oponami jest wyposa\u017cony w <strong>Opony 20\u2033x4.0\u2033 CST<\/strong> kt\u00f3re trzymaj\u0105 si\u0119 drogi i amortyzuj\u0105 ka\u017cd\u0105 jazd\u0119. Opona <strong>Wy\u015bwietlacz LCD<\/strong> sprawia, \u017ce dane dotycz\u0105ce jazdy s\u0105 zawsze widoczne, podczas gdy <strong>Podw\u00f3jne akumulatory 48 V 10,4 Ah<\/strong> Zapewniaj\u0105 wi\u0119kszy zasi\u0119g, dzi\u0119ki czemu mo\u017cesz jecha\u0107 dalej bez obaw. Dzi\u0119ki sk\u0142adanym rozmiarom F750E jest praktyczny w przechowywaniu i \u0142atwy w transporcie.<\/p>\n<p>Niezale\u017cnie od tego, czy doje\u017cd\u017casz do pracy, odkrywasz nowe szlaki, czy po prostu cieszysz si\u0119 weekendowymi przeja\u017cd\u017ckami. <strong>Velopro F750E<\/strong> zapewnia zabaw\u0119, niezawodno\u015b\u0107 i nowoczesn\u0105 technologi\u0119 rower\u00f3w elektrycznych w jednym eleganckim opakowaniu.<\/p>\n<h2>Dlaczego warto wybra\u0107 Velopro F750E?<\/h2>\n<ul>\n<li><strong>Wydajny silnik o mocy 500 W z nap\u0119dem po\u015brednim<\/strong> dla p\u0142ynnego przyspieszania i pokonywania wzniesie\u0144.<\/li>\n<li><strong>Podw\u00f3jne akumulatory 48 V<\/strong> na d\u0142u\u017csze przeja\u017cd\u017cki bez obaw o zasi\u0119g.<\/li>\n<li><strong>20-calowe grube opony CST<\/strong> zapewniaj\u0105 stabilno\u015b\u0107 i komfort w ka\u017cdym terenie.<\/li>\n<li><strong>Hydrauliczne hamulce tarczowe Zoom<\/strong> zapewniaj\u0105 pewn\u0105 si\u0142\u0119 hamowania.<\/li>\n<li><strong>7-biegowy system Shimano<\/strong> do wszechstronnej jazdy po p\u0142askim i po wzg\u00f3rzach.<\/li>\n<li><strong>Wy\u015bwietlacz LCD<\/strong> do monitorowania pr\u0119dko\u015bci, dystansu i \u017cywotno\u015bci baterii.<\/li>\n<li><strong>Rozmiar po z\u0142o\u017ceniu<\/strong> dla \u0142atwego transportu i przechowywania.<\/li>\n<\/ul>\n<h2>Specyfikacje<\/h2>\n<table border=\"1\" cellspacing=\"0\" cellpadding=\"8\">\n<tbody>\n<tr>\n<th>Cecha<\/th>\n<th>Szczeg\u00f3\u0142y<\/th>\n<\/tr>\n<tr>\n<td>Rama<\/td>\n<td>20\u2033 Alloy, 6061#<\/td>\n<\/tr>\n<tr>\n<td>Widelec<\/td>\n<td>Widelec z pe\u0142nym zawieszeniem ze stopu aluminium 20\u2033<\/td>\n<\/tr>\n<tr>\n<td>Przerzutka<\/td>\n<td>Shimano 7 pr\u0119dko\u015bci<\/td>\n<\/tr>\n<tr>\n<td>Hamulce<\/td>\n<td>Hydrauliczne hamulce tarczowe Zoom<\/td>\n<\/tr>\n<tr>\n<td>Opony<\/td>\n<td>Opony CST 20\u2033 x 4.0\u2033 Fat Tyres<\/td>\n<\/tr>\n<tr>\n<td>Wy\u015bwietlacz<\/td>\n<td>Wy\u015bwietlacz LCD<\/td>\n<\/tr>\n<tr>\n<td>Silnik<\/td>\n<td>Silnik 48V 500W z nap\u0119dem po\u015brednim<\/td>\n<\/tr>\n<tr>\n<td>Bateria<\/td>\n<td>Podw\u00f3jne baterie litowe 48V 10.4Ah<\/td>\n<\/tr>\n<tr>\n<td>Waga netto<\/td>\n<td>31 kg<\/td>\n<\/tr>\n<tr>\n<td>Waga brutto<\/td>\n<td>40,8 kg<\/td>\n<\/tr>\n<tr>\n<td>Rozmiar pude\u0142ka<\/td>\n<td>106 \u00d7 49 \u00d7 82 cm<\/td>\n<\/tr>\n<tr>\n<td>40HQ \u0141adowanie<\/td>\n<td>180 szt.<\/td>\n<\/tr>\n<\/tbody>\n<\/table>","protected":false},"excerpt":{"rendered":"<p>Odkryj Velopro F750E - mocny, kompaktowy i zabawny e-rower typu fat-tire zaprojektowany z my\u015bl\u0105 o przygodach i je\u017adzie po mie\u015bcie. Dzi\u0119ki silnikowi o \u015bredniej mocy 500 W, dw\u00f3m akumulatorom 48 V i 20-calowym grubym oponom CST, ten sk\u0142adany e-rower zapewnia p\u0142ynn\u0105 jazd\u0119, niezawodn\u0105 si\u0142\u0119 hamowania i niezr\u00f3wnan\u0105 wydajno\u015b\u0107. Idealny dla rowerzyst\u00f3w, kt\u00f3rzy chc\u0105 komfortu, stylu i du\u017cego zasi\u0119gu.<\/p>","protected":false},"featured_media":3234,"comment_status":"open","ping_status":"closed","template":"","meta":[],"product_brand":[],"product_cat":[38],"product_tag":[],"class_list":{"0":"post-3233","1":"product","2":"type-product","3":"status-publish","4":"has-post-thumbnail","6":"product_cat-velopro-electric-bikes","8":"first","9":"instock","10":"shipping-taxable","11":"purchasable","12":"product-type-simple"},"_links":{"self":[{"href":"https:\/\/galaxybicycle.com\/pl\/wp-json\/wp\/v2\/product\/3233","targetHints":{"allow":["GET"]}}],"collection":[{"href":"https:\/\/galaxybicycle.com\/pl\/wp-json\/wp\/v2\/product"}],"about":[{"href":"https:\/\/galaxybicycle.com\/pl\/wp-json\/wp\/v2\/types\/product"}],"replies":[{"embeddable":true,"href":"https:\/\/galaxybicycle.com\/pl\/wp-json\/wp\/v2\/comments?post=3233"}],"wp:featuredmedia":[{"embeddable":true,"href":"https:\/\/galaxybicycle.com\/pl\/wp-json\/wp\/v2\/media\/3234"}],"wp:attachment":[{"href":"https:\/\/galaxybicycle.com\/pl\/wp-json\/wp\/v2\/media?parent=3233"}],"wp:term":[{"taxonomy":"product_brand","embeddable":true,"href":"https:\/\/galaxybicycle.com\/pl\/wp-json\/wp\/v2\/product_brand?post=3233"},{"taxonomy":"product_cat","embeddable":true,"href":"https:\/\/galaxybicycle.com\/pl\/wp-json\/wp\/v2\/product_cat?post=3233"},{"taxonomy":"product_tag","embeddable":true,"href":"https:\/\/galaxybicycle.com\/pl\/wp-json\/wp\/v2\/product_tag?post=3233"}],"curies":[{"name":"wp","href":"https:\/\/api.w.org\/{rel}","templated":true}]}}