{"id":3228,"date":"2025-09-02T05:52:01","date_gmt":"2025-09-02T05:52:01","guid":{"rendered":"https:\/\/galaxybicycle.com\/?post_type=product&#038;p=3228"},"modified":"2025-11-12T05:13:06","modified_gmt":"2025-11-12T05:13:06","slug":"galaxy-m830e-ebike","status":"publish","type":"product","link":"https:\/\/galaxybicycle.com\/pl\/product\/galaxy-m830e-ebike\/","title":{"rendered":"Rower elektryczny Velopro M830E Fat Tire | Silnik 750 W 48V20AH Rower elektryczny o du\u017cym zasi\u0119gu"},"content":{"rendered":"<p>Przenie\u015b swoje wra\u017cenia z jazdy na wy\u017cszy poziom dzi\u0119ki <strong>Rower elektryczny Velopro M830E Fat Tire<\/strong>. Zbudowany z my\u015bl\u0105 o wszechstronno\u015bci, ten e-rower \u0142\u0105czy nowoczesn\u0105 technologi\u0119 z wytrzyma\u0142\u0105 konstrukcj\u0105, aby zapewni\u0107 niezawodn\u0105 wydajno\u015b\u0107 na drogach, szlakach, piasku lub \u015bniegu. Akumulator DMEGC 48V20AH zapewnia imponuj\u0105cy zasi\u0119g wynosz\u0105cy <strong>80-120 KM<\/strong>a szybki silnik o mocy 750 W zapewnia p\u0142ynne przyspieszenie i pr\u0119dko\u015b\u0107 maksymaln\u0105 wynosz\u0105c\u0105 <strong>32KM\/H<\/strong>. Niezale\u017cnie od tego, czy doje\u017cd\u017casz do pracy, zwiedzasz okolic\u0119, czy cieszysz si\u0119 weekendowymi przygodami, M830E zosta\u0142 zaprojektowany tak, aby ka\u017cda jazda by\u0142a \u0142atwa i przyjemna.<\/p>\n<p>Wyposa\u017cony w <strong>7-biegowa przek\u0142adnia Shimano<\/strong>Dzi\u0119ki mechanicznym hamulcom tarczowym i amortyzowanemu przedniemu widelcowi model Velopro M830E zapewnia precyzyjn\u0105 kontrol\u0119, doskona\u0142\u0105 si\u0142\u0119 hamowania i komfortow\u0105 jazd\u0119 nawet w wyboistym terenie. Szeroki <strong>Grube opony CST 26\u00d74,0\u2033<\/strong> zapewniaj\u0105 stabilno\u015b\u0107 i przyczepno\u015b\u0107, dzi\u0119ki czemu idealnie nadaj\u0105 si\u0119 do jazdy w ka\u017cdych warunkach pogodowych i w ka\u017cdym terenie. Zaprojektowany ze stopu aluminium dla trwa\u0142o\u015bci i wodoodporno\u015bci IP54, ten rower jest zbudowany z my\u015bl\u0105 o trwa\u0142o\u015bci. Dzi\u0119ki konfigurowalnym kolorom i eleganckiemu wzornictwu, Velopro M830E to co\u015b wi\u0119cej ni\u017c tylko rower elektryczny - to najlepszy towarzysz na \u015bwie\u017cym powietrzu.<\/p>\n<h3>Dlaczego warto wybra\u0107 Velopro M830E?<\/h3>\n<ul>\n<li><strong>Moc dalekiego zasi\u0119gu<\/strong> - Akumulator 48V20AH zapewnia do 120 km na jednym \u0142adowaniu.<\/li>\n<li><strong>Wysokowydajny silnik<\/strong> - Silnik o mocy 750 W zapewnia p\u0142ynn\u0105 jazd\u0119 i mocne przyspieszenie.<\/li>\n<li><strong>Wytrzyma\u0142e, grube opony<\/strong> - Opony CST 26\u00d74,0\u2033 z \u0142atwo\u015bci\u0105 radz\u0105 sobie z piaskiem, \u015bniegiem, b\u0142otem i miejskimi drogami.<\/li>\n<li><strong>7-biegowa przek\u0142adnia Shimano<\/strong> - P\u0142ynna zmiana bieg\u00f3w w ka\u017cdym terenie.<\/li>\n<li><strong>Bezpieczna i komfortowa jazda<\/strong> - W zestawie widelec amortyzowany, mechaniczne hamulce tarczowe i wy\u015bwietlacz LCD.<\/li>\n<li><strong>Wytrzyma\u0142a konstrukcja<\/strong> - Lekka rama ze stopu aluminium 6061 o wodoodporno\u015bci IP54.<\/li>\n<li><strong>Indywidualny projekt<\/strong> - Dost\u0119pne opcje kolorystyczne dopasowane do stylu u\u017cytkownika.<\/li>\n<\/ul>\n<h3>Specyfikacje<\/h3>\n<table border=\"1\" cellspacing=\"0\" cellpadding=\"6\">\n<tbody>\n<tr>\n<th>Klasyfikacja<\/th>\n<th>Specyfikacje<\/th>\n<th>Parametry<\/th>\n<\/tr>\n<tr>\n<td rowspan=\"10\">Elektronika<\/td>\n<td>Bateria<\/td>\n<td>48V20AH (ogniwa DMEGC)<\/td>\n<\/tr>\n<tr>\n<td>Silnik<\/td>\n<td>Silnik wysokoobrotowy 48V750W<\/td>\n<\/tr>\n<tr>\n<td>Pr\u0119dko\u015b\u0107 maksymalna<\/td>\n<td>32KM\/H<\/td>\n<\/tr>\n<tr>\n<td>Zasi\u0119g<\/td>\n<td>80-120 KM<\/td>\n<\/tr>\n<tr>\n<td>PAS<\/td>\n<td>5 tryb\u00f3w jazdy<\/td>\n<\/tr>\n<tr>\n<td>\u0141adowarka<\/td>\n<td>54,6 V 2 A<\/td>\n<\/tr>\n<tr>\n<td>Czas \u0142adowania<\/td>\n<td>6.8H<\/td>\n<\/tr>\n<tr>\n<td>Przepustnica<\/td>\n<td>Twist Throttle<\/td>\n<\/tr>\n<tr>\n<td>Wy\u015bwietlacz<\/td>\n<td>Wy\u015bwietlacz LCD<\/td>\n<\/tr>\n<tr>\n<td>Czujnik<\/td>\n<td>Czujnik pr\u0119dko\u015bci 12 bieg\u00f3w<\/td>\n<\/tr>\n<tr>\n<td rowspan=\"14\">Standardy<\/td>\n<td>Materia\u0142 ramy<\/td>\n<td>Stop aluminium 6061<\/td>\n<\/tr>\n<tr>\n<td>Rozmiar ko\u0142a<\/td>\n<td>26*4.0\u2033<\/td>\n<\/tr>\n<tr>\n<td>Marka opon<\/td>\n<td>CST<\/td>\n<\/tr>\n<tr>\n<td>Waga netto<\/td>\n<td>27,5 KG<\/td>\n<\/tr>\n<tr>\n<td>Waga brutto<\/td>\n<td>34,6 KG<\/td>\n<\/tr>\n<tr>\n<td>\u0141adowno\u015b\u0107<\/td>\n<td>150KGS<\/td>\n<\/tr>\n<tr>\n<td>Zdolno\u015b\u0107 pokonywania wzniesie\u0144<\/td>\n<td>15\u00b0<\/td>\n<\/tr>\n<tr>\n<td>Hamulce<\/td>\n<td>Mechaniczne hamulce tarczowe (prz\u00f3d i ty\u0142)<\/td>\n<\/tr>\n<tr>\n<td>Widelec przedni<\/td>\n<td>Widelec zawieszenia<\/td>\n<\/tr>\n<tr>\n<td>Shifter<\/td>\n<td>Shimano 7 Speed<\/td>\n<\/tr>\n<tr>\n<td>Peda\u0142y<\/td>\n<td>Peda\u0142y ze stopu aluminium<\/td>\n<\/tr>\n<tr>\n<td>Temperatura<\/td>\n<td>-10~45\u2103<\/td>\n<\/tr>\n<tr>\n<td>Poziom wodoodporno\u015bci<\/td>\n<td>IP54<\/td>\n<\/tr>\n<tr>\n<td>Dzwonek\/klakson<\/td>\n<td>Dzwonek mechaniczny<\/td>\n<\/tr>\n<tr>\n<td rowspan=\"3\">Rozmiar<\/td>\n<td>Wysoko\u015b\u0107 je\u017ad\u017aca<\/td>\n<td>155-190cm<\/td>\n<\/tr>\n<tr>\n<td>Rozmiar opakowania<\/td>\n<td>110*47*57cm<\/td>\n<\/tr>\n<tr>\n<td>Ilo\u015b\u0107 dla pojemnika 1*40HQ<\/td>\n<td>150 SZTUK<\/td>\n<\/tr>\n<\/tbody>\n<\/table>","protected":false},"excerpt":{"rendered":"<p>Velopro M830E to pot\u0119\u017cny rower elektryczny z grubymi oponami przeznaczony zar\u00f3wno dla poszukiwaczy przyg\u00f3d, jak i codziennych rowerzyst\u00f3w. Dzi\u0119ki mocnemu, szybkiemu silnikowi 750 W, wytrzyma\u0142emu akumulatorowi 48 V20 Ah i 7-biegowej przerzutce Shimano, ten rower elektryczny oferuje idealne po\u0142\u0105czenie si\u0142y, komfortu i wytrzyma\u0142o\u015bci w ka\u017cdym terenie.<\/p>","protected":false},"featured_media":4123,"comment_status":"open","ping_status":"closed","template":"","meta":[],"product_brand":[],"product_cat":[38],"product_tag":[],"class_list":{"0":"post-3228","1":"product","2":"type-product","3":"status-publish","4":"has-post-thumbnail","6":"product_cat-velopro-electric-bikes","8":"first","9":"instock","10":"shipping-taxable","11":"purchasable","12":"product-type-simple"},"_links":{"self":[{"href":"https:\/\/galaxybicycle.com\/pl\/wp-json\/wp\/v2\/product\/3228","targetHints":{"allow":["GET"]}}],"collection":[{"href":"https:\/\/galaxybicycle.com\/pl\/wp-json\/wp\/v2\/product"}],"about":[{"href":"https:\/\/galaxybicycle.com\/pl\/wp-json\/wp\/v2\/types\/product"}],"replies":[{"embeddable":true,"href":"https:\/\/galaxybicycle.com\/pl\/wp-json\/wp\/v2\/comments?post=3228"}],"wp:featuredmedia":[{"embeddable":true,"href":"https:\/\/galaxybicycle.com\/pl\/wp-json\/wp\/v2\/media\/4123"}],"wp:attachment":[{"href":"https:\/\/galaxybicycle.com\/pl\/wp-json\/wp\/v2\/media?parent=3228"}],"wp:term":[{"taxonomy":"product_brand","embeddable":true,"href":"https:\/\/galaxybicycle.com\/pl\/wp-json\/wp\/v2\/product_brand?post=3228"},{"taxonomy":"product_cat","embeddable":true,"href":"https:\/\/galaxybicycle.com\/pl\/wp-json\/wp\/v2\/product_cat?post=3228"},{"taxonomy":"product_tag","embeddable":true,"href":"https:\/\/galaxybicycle.com\/pl\/wp-json\/wp\/v2\/product_tag?post=3228"}],"curies":[{"name":"wp","href":"https:\/\/api.w.org\/{rel}","templated":true}]}}