{"id":3226,"date":"2025-09-02T05:50:26","date_gmt":"2025-09-02T05:50:26","guid":{"rendered":"https:\/\/galaxybicycle.com\/?post_type=product&#038;p=3226"},"modified":"2025-11-12T05:18:45","modified_gmt":"2025-11-12T05:18:45","slug":"galaxy-m850e-ebike","status":"publish","type":"product","link":"https:\/\/galaxybicycle.com\/pl\/product\/galaxy-m850e-ebike\/","title":{"rendered":"Velopro M850E Rower elektryczny | 36V 250W nap\u0119d \u015bredni | Rower elektryczny doje\u017cd\u017caj\u0105cy do pracy na du\u017ce odleg\u0142o\u015bci"},"content":{"rendered":"<p>Do\u015bwiadcz p\u0142ynnej i przyjaznej dla \u015brodowiska jazdy na rowerze <strong>Rower elektryczny Velopro M850E<\/strong>. Zaprojektowany z lekk\u0105 ram\u0105 ze stopu aluminium, hydraulicznymi hamulcami tarczowymi i 9-biegow\u0105 przek\u0142adni\u0105 Shimano, zapewnia pe\u0142n\u0105 kontrol\u0119 i stabilno\u015b\u0107 na miejskich drogach i wiejskich szlakach.<\/p>\n<p>Akumulator 36V*16Ah w po\u0142\u0105czeniu z silnikiem ANANDA 250W o \u015brednim nap\u0119dzie zapewnia sta\u0142\u0105 moc nawet dla <strong>60-80 KM<\/strong> na jednym \u0142adowaniu, a wy\u015bwietlacz LCD informuje o pr\u0119dko\u015bci, dystansie i poziomie na\u0142adowania baterii. Dzi\u0119ki 5 trybom wspomagania peda\u0142owania, przedniemu zawieszeniu i wygodnym oponom CST, ten rower elektryczny zapewnia p\u0142ynn\u0105 jazd\u0119 zar\u00f3wno osobom doje\u017cd\u017caj\u0105cym do pracy, jak i rekreacyjnym.<\/p>\n<p>Velopro M850E jest r\u00f3wnie\u017c wyposa\u017cony w przednie i tylne \u015bwiat\u0142a, b\u0142otniki i tylny baga\u017cnik, dzi\u0119ki czemu jest praktyczny w codziennym u\u017cytkowaniu w ka\u017cdych warunkach pogodowych. Zbudowany, aby wspiera\u0107 kierowc\u00f3w z <strong>155 cm do 190 cm<\/strong> to niezawodny wyb\u00f3r dla \u015bwiadomych ekologicznie os\u00f3b doje\u017cd\u017caj\u0105cych do pracy w mie\u015bcie i entuzjast\u00f3w outdooru.<\/p>\n<h2>Specyfikacje<\/h2>\n<table border=\"1\" cellspacing=\"0\" cellpadding=\"6\">\n<tbody>\n<tr>\n<th>Kategoria<\/th>\n<th>Specyfikacja<\/th>\n<th>Szczeg\u00f3\u0142y<\/th>\n<\/tr>\n<tr>\n<td>Bateria<\/td>\n<td>36V*16AH<\/td>\n<td>Trwa\u0142a, wymienna konstrukcja<\/td>\n<\/tr>\n<tr>\n<td>Silnik<\/td>\n<td>Mid-Drive ANANDA 36V*250W<\/td>\n<td>Mocny, wydajny uk\u0142ad nap\u0119dowy<\/td>\n<\/tr>\n<tr>\n<td>Pr\u0119dko\u015b\u0107 maksymalna<\/td>\n<td>25KM\/H<\/td>\n<td>Ograniczenie pr\u0119dko\u015bci zgodne z normami UE<\/td>\n<\/tr>\n<tr>\n<td>Zasi\u0119g<\/td>\n<td>60-80 KM<\/td>\n<td>Idealny do dojazd\u00f3w do pracy i jazdy rekreacyjnej<\/td>\n<\/tr>\n<tr>\n<td>Tryby jazdy<\/td>\n<td>5 tryb\u00f3w PAS<\/td>\n<td>Regulowane wspomaganie peda\u0142owania<\/td>\n<\/tr>\n<tr>\n<td>\u0141adowanie<\/td>\n<td>42V 2A | 8H<\/td>\n<td>Wydajny system \u0142adowania<\/td>\n<\/tr>\n<tr>\n<td>Hamulce<\/td>\n<td>Tarcza hydrauliczna TEKTRO<\/td>\n<td>Du\u017ca si\u0142a hamowania<\/td>\n<\/tr>\n<tr>\n<td>Shifter<\/td>\n<td>Shimano 9 Speed<\/td>\n<td>P\u0142ynne zmiany bieg\u00f3w<\/td>\n<\/tr>\n<tr>\n<td>Ko\u0142a<\/td>\n<td>27,5\u2033 x 2,25\u2033 Opony CST<\/td>\n<td>Trwa\u0142a i wygodna jazda<\/td>\n<\/tr>\n<tr>\n<td>Rama<\/td>\n<td>Stop aluminium 6061<\/td>\n<td>Lekki i wytrzyma\u0142y<\/td>\n<\/tr>\n<tr>\n<td>Waga<\/td>\n<td>Netto: 28 kg | Brutto: 35 KG<\/td>\n<td>Mocna, ale \u0142atwa w obs\u0142udze konstrukcja<\/td>\n<\/tr>\n<tr>\n<td>\u0141adowno\u015b\u0107<\/td>\n<td>150 KG<\/td>\n<td>Wytrzymuje wi\u0119ksze obci\u0105\u017cenia<\/td>\n<\/tr>\n<tr>\n<td>Dodatkowe funkcje<\/td>\n<td>Tylny baga\u017cnik, b\u0142otniki, dzwonek<\/td>\n<td>Gotowy do dojazd\u00f3w do pracy i za\u0142atwiania spraw<\/td>\n<\/tr>\n<tr>\n<td>Poziom wodoodporno\u015bci<\/td>\n<td>IP54<\/td>\n<td>Odporno\u015b\u0107 na zachlapania i lekki deszcz<\/td>\n<\/tr>\n<\/tbody>\n<\/table>\n<h2>Dlaczego warto wybra\u0107 Velopro M850E?<\/h2>\n<ul>\n<li>Mocny i wydajny <strong>Silnik ANANDA z nap\u0119dem po\u015brednim<\/strong> dla p\u0142ynnej jazdy<\/li>\n<li>D\u0142ugotrwa\u0142y <strong>Akumulator 36V 16Ah<\/strong> z zasi\u0119giem do 80 km<\/li>\n<li><strong>Hydrauliczne hamulce tarczowe TEKTRO<\/strong> dla bezpiecznego, precyzyjnego zatrzymania<\/li>\n<li><strong>Shimano 9-biegowy<\/strong> System przek\u0142adni zapewniaj\u0105cy wszechstronno\u015b\u0107<\/li>\n<li>Wyposa\u017cony w <strong>Wy\u015bwietlacz LCD, przednie i tylne \u015bwiat\u0142a oraz tylny baga\u017cnik<\/strong><\/li>\n<li>Wygodny <strong>Opony CST 27,5\"<\/strong> z przednim zawieszeniem do u\u017cytku w mie\u015bcie i na szlaku<\/li>\n<li>Wytrzyma\u0142a rama ze stopu aluminium o no\u015bno\u015bci 150 kg<\/li>\n<li>Mo\u017cliwo\u015b\u0107 dostosowania kolor\u00f3w do w\u0142asnego stylu<\/li>\n<\/ul>\n<p><em>Model Velopro M850E jest przeznaczony dla rowerzyst\u00f3w, kt\u00f3rzy chc\u0105 niezawodnego, przyjaznego dla \u015brodowiska i stylowego roweru elektrycznego do codziennych dojazd\u00f3w do pracy i weekendowych eksploracji.<\/em><\/p>","protected":false},"excerpt":{"rendered":"<p>Velopro M850E to stylowy i mocny rower elektryczny do dojazd\u00f3w do pracy, stworzony dla rowerzyst\u00f3w wymagaj\u0105cych komfortu, wydajno\u015bci i niezawodno\u015bci. Dzi\u0119ki silnikowi ANANDA 250 W o \u015brednim nap\u0119dzie, akumulatorowi 36 V 16 Ah i zasi\u0119gowi do 80 km, ten rower elektryczny jest idealny do codziennych dojazd\u00f3w do pracy, weekendowych przeja\u017cd\u017cek i d\u0142ugodystansowych przyg\u00f3d.<\/p>","protected":false},"featured_media":4126,"comment_status":"open","ping_status":"closed","template":"","meta":[],"product_brand":[],"product_cat":[15,38],"product_tag":[],"class_list":{"0":"post-3226","1":"product","2":"type-product","3":"status-publish","4":"has-post-thumbnail","6":"product_cat-galaxybicycle","7":"product_cat-velopro-electric-bikes","9":"first","10":"instock","11":"shipping-taxable","12":"purchasable","13":"product-type-simple"},"_links":{"self":[{"href":"https:\/\/galaxybicycle.com\/pl\/wp-json\/wp\/v2\/product\/3226","targetHints":{"allow":["GET"]}}],"collection":[{"href":"https:\/\/galaxybicycle.com\/pl\/wp-json\/wp\/v2\/product"}],"about":[{"href":"https:\/\/galaxybicycle.com\/pl\/wp-json\/wp\/v2\/types\/product"}],"replies":[{"embeddable":true,"href":"https:\/\/galaxybicycle.com\/pl\/wp-json\/wp\/v2\/comments?post=3226"}],"wp:featuredmedia":[{"embeddable":true,"href":"https:\/\/galaxybicycle.com\/pl\/wp-json\/wp\/v2\/media\/4126"}],"wp:attachment":[{"href":"https:\/\/galaxybicycle.com\/pl\/wp-json\/wp\/v2\/media?parent=3226"}],"wp:term":[{"taxonomy":"product_brand","embeddable":true,"href":"https:\/\/galaxybicycle.com\/pl\/wp-json\/wp\/v2\/product_brand?post=3226"},{"taxonomy":"product_cat","embeddable":true,"href":"https:\/\/galaxybicycle.com\/pl\/wp-json\/wp\/v2\/product_cat?post=3226"},{"taxonomy":"product_tag","embeddable":true,"href":"https:\/\/galaxybicycle.com\/pl\/wp-json\/wp\/v2\/product_tag?post=3226"}],"curies":[{"name":"wp","href":"https:\/\/api.w.org\/{rel}","templated":true}]}}