{"id":3222,"date":"2025-09-02T05:48:42","date_gmt":"2025-09-02T05:48:42","guid":{"rendered":"https:\/\/galaxybicycle.com\/?post_type=product&#038;p=3222"},"modified":"2025-09-03T09:20:53","modified_gmt":"2025-09-03T09:20:53","slug":"galayx-c030e-ebike","status":"publish","type":"product","link":"https:\/\/galaxybicycle.com\/pl\/product\/galayx-c030e-ebike\/","title":{"rendered":"Velopro C030E Rower elektryczny | 36V 350W Miejski i podmiejski rower elektryczny z 7-biegow\u0105 przek\u0142adni\u0105 Shimano"},"content":{"rendered":"<p><strong>Rower elektryczny Velopro C030E<\/strong> jest idealny dla rowerzyst\u00f3w poszukuj\u0105cych komfortu, wydajno\u015bci i ekologicznych podr\u00f3\u017cy. Niezale\u017cnie od tego, czy doje\u017cd\u017casz do pracy, je\u017adzisz po mie\u015bcie, czy odkrywasz malownicze trasy, ten rower elektryczny jest w stanie poradzi\u0107 sobie ze wszystkim. Szybki silnik 36 V zapewnia p\u0142ynne przyspieszenie, a akumulator 36V10.4AH DMEGC zapewnia zasi\u0119g do 40-50 km na jednym \u0142adowaniu.<\/p>\n<p>Z <strong>7-biegowa przek\u0142adnia Shimano<\/strong>Dzi\u0119ki przedniemu zawieszeniu i mechanicznym hamulcom tarczowym, Velopro C030E zapewnia niezawodn\u0105 kontrol\u0119 i bezpieczn\u0105 jazd\u0119. Wy\u015bwietlacz LCD informuje o pr\u0119dko\u015bci, poziomie na\u0142adowania akumulatora i trybie jazdy, a wbudowane przednie i tylne \u015bwiat\u0142a poprawiaj\u0105 widoczno\u015b\u0107 podczas nocnych przeja\u017cd\u017cek. Zaprojektowany z mocn\u0105 ram\u0105 ze stopu aluminium 6061, rower ten mo\u017ce wytrzyma\u0107 obci\u0105\u017cenie do 150 kg, dzi\u0119ki czemu jest trwa\u0142y i nadaje si\u0119 do d\u0142ugotrwa\u0142ego u\u017cytkowania.<\/p>\n<p>Niezale\u017cnie od tego, czy codziennie doje\u017cd\u017casz do pracy, czy je\u017adzisz rekreacyjnie, Velopro C030E \u0142\u0105czy w sobie <em>Praktyczny design, nowoczesna technologia i komfort<\/em>-Wszystko w jednym stylowym opakowaniu.<\/p>\n<h3>Dlaczego warto wybra\u0107 Velopro C030E?<\/h3>\n<ul>\n<li>Ekologiczny transport z maksymalnie <strong>Zasi\u0119g 50 km<\/strong> za op\u0142at\u0105<\/li>\n<li>Pot\u0119\u017cny <strong>Silnik 350 W<\/strong> dla p\u0142ynnej i stabilnej jazdy<\/li>\n<li><strong>7-biegowa przek\u0142adnia Shimano<\/strong> dla elastyczno\u015bci na r\u00f3\u017cnych terenach<\/li>\n<li>Przednie zawieszenie i <strong>mechaniczne hamulce tarczowe<\/strong> dla bezpiecze\u0144stwa i komfortu<\/li>\n<li>Wy\u015bwietlacz LCD z danymi jazdy w czasie rzeczywistym<\/li>\n<li>Trwa\u0142o\u015b\u0107 <strong>Rama ze stopu aluminium 6061<\/strong> o ud\u017awigu 150 kg<\/li>\n<li>Wyposa\u017cony w <strong>przednie i tylne \u015bwiat\u0142a, b\u0142otniki i tylny baga\u017cnik<\/strong><\/li>\n<li>Odpowiedni dla rowerzyst\u00f3w o wzro\u015bcie od <strong>125-195 cm<\/strong><\/li>\n<\/ul>\n<h3>Specyfikacje<\/h3>\n<table border=\"1\" cellspacing=\"0\" cellpadding=\"6\">\n<tbody>\n<tr>\n<th>Kategoria<\/th>\n<th>Specyfikacje<\/th>\n<\/tr>\n<tr>\n<td>Bateria<\/td>\n<td>36V 10.4AH (ogniwa DMEGC)<\/td>\n<\/tr>\n<tr>\n<td>Silnik<\/td>\n<td>Silnik wysokoobrotowy 36 V 350 W<\/td>\n<\/tr>\n<tr>\n<td>Pr\u0119dko\u015b\u0107 maksymalna<\/td>\n<td>25 KM\/H<\/td>\n<\/tr>\n<tr>\n<td>Zasi\u0119g<\/td>\n<td>40-50 KM<\/td>\n<\/tr>\n<tr>\n<td>PAS<\/td>\n<td>3 tryby jazdy<\/td>\n<\/tr>\n<tr>\n<td>\u0141adowarka<\/td>\n<td>42V 2A<\/td>\n<\/tr>\n<tr>\n<td>Czas \u0142adowania<\/td>\n<td>5,2 godziny<\/td>\n<\/tr>\n<tr>\n<td>Wy\u015bwietlacz<\/td>\n<td>Wy\u015bwietlacz LCD<\/td>\n<\/tr>\n<tr>\n<td>\u015awiat\u0142a<\/td>\n<td>\u015awiat\u0142a przednie i tylne<\/td>\n<\/tr>\n<tr>\n<td>Rama<\/td>\n<td>Stop aluminium 6061<\/td>\n<\/tr>\n<tr>\n<td>Rozmiar ko\u0142a<\/td>\n<td>26\u2033 x 1.75\u2033<\/td>\n<\/tr>\n<tr>\n<td>Marka opon<\/td>\n<td>CST<\/td>\n<\/tr>\n<tr>\n<td>Waga netto\/brutto<\/td>\n<td>27 KG \/ 33 KG<\/td>\n<\/tr>\n<tr>\n<td>\u0141adowno\u015b\u0107<\/td>\n<td>150 KG<\/td>\n<\/tr>\n<tr>\n<td>Zdolno\u015b\u0107 pokonywania wzniesie\u0144<\/td>\n<td>15\u00b0<\/td>\n<\/tr>\n<tr>\n<td>System przek\u0142adni<\/td>\n<td>Shimano 7-Speed (ko\u0142o zamachowe 14-28T)<\/td>\n<\/tr>\n<tr>\n<td>\u0141a\u0144cuch<\/td>\n<td>1\/2\u2033 x 3\/8\u2033 x 116L<\/td>\n<\/tr>\n<tr>\n<td>Mechanizm korbowy<\/td>\n<td>38T x 170L<\/td>\n<\/tr>\n<tr>\n<td>Hamulce<\/td>\n<td>Mechaniczne hamulce tarczowe (prz\u00f3d i ty\u0142)<\/td>\n<\/tr>\n<tr>\n<td>Widelec przedni<\/td>\n<td>Widelec zawieszenia<\/td>\n<\/tr>\n<tr>\n<td>Peda\u0142y<\/td>\n<td>Plastikowe peda\u0142y<\/td>\n<\/tr>\n<tr>\n<td>B\u0142otniki<\/td>\n<td>Prz\u00f3d i ty\u0142<\/td>\n<\/tr>\n<tr>\n<td>Dzwonek\/klakson<\/td>\n<td>Dzwonek mechaniczny<\/td>\n<\/tr>\n<tr>\n<td>Tylny baga\u017cnik<\/td>\n<td>Tak<\/td>\n<\/tr>\n<tr>\n<td>Poziom wodoodporno\u015bci<\/td>\n<td>IP54<\/td>\n<\/tr>\n<tr>\n<td>Temperatura pracy<\/td>\n<td>-10\u00b0C ~ 45\u00b0C<\/td>\n<\/tr>\n<tr>\n<td>Wysoko\u015b\u0107 je\u017ad\u017aca<\/td>\n<td>125-195 cm<\/td>\n<\/tr>\n<tr>\n<td>Rozmiar opakowania<\/td>\n<td>146 x 21 x 77 cm<\/td>\n<\/tr>\n<tr>\n<td>Pojemno\u015b\u0107 pojemnika<\/td>\n<td>240 zestaw\u00f3w \/ 40'HQ, 96 zestaw\u00f3w \/ 20'FT<\/td>\n<\/tr>\n<\/tbody>\n<\/table>","protected":false},"excerpt":{"rendered":"<p>Velopro C030E to niezawodny, stylowy i przyjazny dla pocz\u0105tkuj\u0105cych rower elektryczny przeznaczony do codziennych dojazd\u00f3w do pracy i weekendowych przeja\u017cd\u017cek. Dzi\u0119ki silnikowi 36V350W, trwa\u0142emu akumulatorowi 36V10.4AH DMEGC, 7-biegowej przek\u0142adni Shimano i wytrzyma\u0142ej ramie ze stopu aluminium, ten rower elektryczny zosta\u0142 zbudowany tak, aby jazda by\u0142a p\u0142ynniejsza, szybsza i przyjemniejsza.<\/p>","protected":false},"featured_media":3223,"comment_status":"open","ping_status":"closed","template":"","meta":[],"product_brand":[],"product_cat":[15],"product_tag":[],"class_list":{"0":"post-3222","1":"product","2":"type-product","3":"status-publish","4":"has-post-thumbnail","6":"product_cat-galaxybicycle","8":"first","9":"instock","10":"shipping-taxable","11":"product-type-simple"},"_links":{"self":[{"href":"https:\/\/galaxybicycle.com\/pl\/wp-json\/wp\/v2\/product\/3222","targetHints":{"allow":["GET"]}}],"collection":[{"href":"https:\/\/galaxybicycle.com\/pl\/wp-json\/wp\/v2\/product"}],"about":[{"href":"https:\/\/galaxybicycle.com\/pl\/wp-json\/wp\/v2\/types\/product"}],"replies":[{"embeddable":true,"href":"https:\/\/galaxybicycle.com\/pl\/wp-json\/wp\/v2\/comments?post=3222"}],"wp:featuredmedia":[{"embeddable":true,"href":"https:\/\/galaxybicycle.com\/pl\/wp-json\/wp\/v2\/media\/3223"}],"wp:attachment":[{"href":"https:\/\/galaxybicycle.com\/pl\/wp-json\/wp\/v2\/media?parent=3222"}],"wp:term":[{"taxonomy":"product_brand","embeddable":true,"href":"https:\/\/galaxybicycle.com\/pl\/wp-json\/wp\/v2\/product_brand?post=3222"},{"taxonomy":"product_cat","embeddable":true,"href":"https:\/\/galaxybicycle.com\/pl\/wp-json\/wp\/v2\/product_cat?post=3222"},{"taxonomy":"product_tag","embeddable":true,"href":"https:\/\/galaxybicycle.com\/pl\/wp-json\/wp\/v2\/product_tag?post=3222"}],"curies":[{"name":"wp","href":"https:\/\/api.w.org\/{rel}","templated":true}]}}