{"id":3218,"date":"2025-09-02T05:40:07","date_gmt":"2025-09-02T05:40:07","guid":{"rendered":"https:\/\/galaxybicycle.com\/?post_type=product&#038;p=3218"},"modified":"2025-11-12T05:10:03","modified_gmt":"2025-11-12T05:10:03","slug":"r700e-2","status":"publish","type":"product","link":"https:\/\/galaxybicycle.com\/pl\/product\/r700e-2\/","title":{"rendered":"Velopro R700E Rower elektryczny | 36V 250W Lekki miejski rower elektryczny z wy\u015bwietlaczem LCD"},"content":{"rendered":"<p><strong>Rower elektryczny Velopro R700E<\/strong> \u0142\u0105czy w sobie nowoczesny design, niezawodne osi\u0105gi i przyjazne dla u\u017cytkownika funkcje, dzi\u0119ki kt\u00f3rym dojazdy do pracy i jazda rekreacyjna nie wymagaj\u0105 wysi\u0142ku. Zbudowany z lekkiej ramy ze stopu aluminium 6061, ten rower elektryczny jest mocny, a jednocze\u015bnie \u0142atwy w obs\u0142udze. Silnik 36 V 250 W w tylnej pia\u015bcie zapewnia sta\u0142\u0105 moc, a akumulator 36 V 10,4 Ah w rurze podsiod\u0142owej zapewnia zasi\u0119g do 40-50 km na jednym \u0142adowaniu.<\/p>\n<p>Wyposa\u017cony w <strong>7-biegowe przerzutki Shimano<\/strong>Rowerzy\u015bci mog\u0105 p\u0142ynnie prze\u0142\u0105cza\u0107 biegi podczas podjazd\u00f3w lub jazdy po p\u0142askiej drodze. Prze\u0142o\u017cenie <strong>Hydrauliczne hamulce tarczowe ZOOM<\/strong> zapewniaj\u0105 doskona\u0142\u0105 si\u0142\u0119 hamowania, zapewniaj\u0105c bezpiecze\u0144stwo w ka\u017cdych warunkach. Rower jest r\u00f3wnie\u017c wyposa\u017cony w przednie i tylne \u015bwiat\u0142a, wy\u015bwietlacz LCD i mechaniczny dzwonek dla wi\u0119kszego bezpiecze\u0144stwa i wygody. Dzi\u0119ki beznarz\u0119dziowemu monta\u017cowi i kompatybilno\u015bci z rowerzystami o wzro\u015bcie 155-190 cm, R700E zosta\u0142 zaprojektowany z my\u015bl\u0105 o dost\u0119pno\u015bci i praktyczno\u015bci.<\/p>\n<p>Niezale\u017cnie od tego, czy doje\u017cd\u017casz do pracy, je\u017adzisz dla kondycji, czy lubisz weekendowe wycieczki po mie\u015bcie. <strong>Velopro R700E<\/strong> to idealne po\u0142\u0105czenie wydajno\u015bci, komfortu i stylu. Ergonomiczna konstrukcja, konfigurowalne opcje kolorystyczne i trwa\u0142e opony Chaoyang sprawiaj\u0105, \u017ce jest to zaufany wyb\u00f3r dla rowerzyst\u00f3w na wszystkich poziomach zaawansowania.<\/p>\n<h2>Specyfikacje:<\/h2>\n<table border=\"1\" cellspacing=\"0\" cellpadding=\"6\">\n<tbody>\n<tr>\n<th>Klasyfikacja<\/th>\n<th>Specyfikacje<\/th>\n<th>Parametry<\/th>\n<\/tr>\n<tr>\n<td rowspan=\"10\">Elektronika<\/td>\n<td>Bateria<\/td>\n<td>Akumulator na rur\u0119 podsiod\u0142ow\u0105 36 V 10,4 Ah<\/td>\n<\/tr>\n<tr>\n<td>Silnik<\/td>\n<td>Szybki silnik tylny 36 V 250 W<\/td>\n<\/tr>\n<tr>\n<td>Pr\u0119dko\u015b\u0107 maksymalna<\/td>\n<td>25KM\/H<\/td>\n<\/tr>\n<tr>\n<td>Zasi\u0119g<\/td>\n<td>40-50 KM<\/td>\n<\/tr>\n<tr>\n<td>PAS<\/td>\n<td>5 tryb\u00f3w jazdy<\/td>\n<\/tr>\n<tr>\n<td>\u0141adowarka<\/td>\n<td>42V 2A<\/td>\n<\/tr>\n<tr>\n<td>Czas \u0142adowania<\/td>\n<td>5,2 godziny<\/td>\n<\/tr>\n<tr>\n<td>Przepustnica<\/td>\n<td>Brak przepustnicy<\/td>\n<\/tr>\n<tr>\n<td>Wy\u015bwietlacz<\/td>\n<td>Wy\u015bwietlacz LCD<\/td>\n<\/tr>\n<tr>\n<td>\u015awiat\u0142a<\/td>\n<td>\u015awiat\u0142a przednie i tylne<\/td>\n<\/tr>\n<tr>\n<td rowspan=\"14\">Standardy<\/td>\n<td>Materia\u0142 ramy<\/td>\n<td>Stop aluminium 6061<\/td>\n<\/tr>\n<tr>\n<td>Rozmiar ko\u0142a<\/td>\n<td>700*40C<\/td>\n<\/tr>\n<tr>\n<td>Marka opon<\/td>\n<td>Chaoyang<\/td>\n<\/tr>\n<tr>\n<td>Waga netto<\/td>\n<td>20KGS<\/td>\n<\/tr>\n<tr>\n<td>Waga brutto<\/td>\n<td>27KGS<\/td>\n<\/tr>\n<tr>\n<td>\u0141adowno\u015b\u0107<\/td>\n<td>150KGS<\/td>\n<\/tr>\n<tr>\n<td>Zdolno\u015b\u0107 pokonywania wzniesie\u0144<\/td>\n<td>15\u00b0<\/td>\n<\/tr>\n<tr>\n<td>Monta\u017c<\/td>\n<td>Beznarz\u0119dziowy, narz\u0119dzia w zestawie<\/td>\n<\/tr>\n<tr>\n<td>Hamulce<\/td>\n<td>Hydrauliczny hamulec tarczowy ZOOM<\/td>\n<\/tr>\n<tr>\n<td>Widelec przedni<\/td>\n<td>Widelec bez zawieszenia<\/td>\n<\/tr>\n<tr>\n<td>Shifter<\/td>\n<td>Shimano 7 pr\u0119dko\u015bci<\/td>\n<\/tr>\n<tr>\n<td>Poziom wodoodporno\u015bci<\/td>\n<td>IP54<\/td>\n<\/tr>\n<tr>\n<td>Temperatura<\/td>\n<td>-10\u2103 do 45\u2103<\/td>\n<\/tr>\n<tr>\n<td>Bell<\/td>\n<td>Dzwonek mechaniczny<\/td>\n<\/tr>\n<\/tbody>\n<\/table>\n<p><strong>Idealny do codziennych dojazd\u00f3w do pracy i przeja\u017cd\u017cek rekreacyjnych, Velopro R700E jest niezawodnym towarzyszem miejskich przyg\u00f3d.<\/strong><\/p>","protected":false},"excerpt":{"rendered":"<p>Velopro R700E to elegancki i wydajny miejski rower elektryczny przeznaczony dla codziennych u\u017cytkownik\u00f3w. Nap\u0119dzany szybkim silnikiem tylnym 36V 250W z akumulatorem 36V 10.4Ah na rurze podsiod\u0142owej, oferuje do 50 km zasi\u0119gu, 7-biegow\u0105 przek\u0142adni\u0119 Shimano, hydrauliczne hamulce tarczowe i wy\u015bwietlacz LCD zapewniaj\u0105cy p\u0142ynn\u0105 i bezpieczn\u0105 jazd\u0119 po mie\u015bcie.<\/p>","protected":false},"featured_media":4121,"comment_status":"open","ping_status":"closed","template":"","meta":[],"product_brand":[],"product_cat":[15],"product_tag":[],"class_list":{"0":"post-3218","1":"product","2":"type-product","3":"status-publish","4":"has-post-thumbnail","6":"product_cat-galaxybicycle","8":"first","9":"instock","10":"shipping-taxable","11":"product-type-simple"},"_links":{"self":[{"href":"https:\/\/galaxybicycle.com\/pl\/wp-json\/wp\/v2\/product\/3218","targetHints":{"allow":["GET"]}}],"collection":[{"href":"https:\/\/galaxybicycle.com\/pl\/wp-json\/wp\/v2\/product"}],"about":[{"href":"https:\/\/galaxybicycle.com\/pl\/wp-json\/wp\/v2\/types\/product"}],"replies":[{"embeddable":true,"href":"https:\/\/galaxybicycle.com\/pl\/wp-json\/wp\/v2\/comments?post=3218"}],"wp:featuredmedia":[{"embeddable":true,"href":"https:\/\/galaxybicycle.com\/pl\/wp-json\/wp\/v2\/media\/4121"}],"wp:attachment":[{"href":"https:\/\/galaxybicycle.com\/pl\/wp-json\/wp\/v2\/media?parent=3218"}],"wp:term":[{"taxonomy":"product_brand","embeddable":true,"href":"https:\/\/galaxybicycle.com\/pl\/wp-json\/wp\/v2\/product_brand?post=3218"},{"taxonomy":"product_cat","embeddable":true,"href":"https:\/\/galaxybicycle.com\/pl\/wp-json\/wp\/v2\/product_cat?post=3218"},{"taxonomy":"product_tag","embeddable":true,"href":"https:\/\/galaxybicycle.com\/pl\/wp-json\/wp\/v2\/product_tag?post=3218"}],"curies":[{"name":"wp","href":"https:\/\/api.w.org\/{rel}","templated":true}]}}